{"id":4197,"date":"2023-03-02T13:59:21","date_gmt":"2023-03-02T13:59:21","guid":{"rendered":"https:\/\/nautipescas.pt\/?post_type=product&#038;p=4197"},"modified":"2023-05-22T14:12:00","modified_gmt":"2023-05-22T14:12:00","slug":"binoculo-steiner-navigator-7x50","status":"publish","type":"product","link":"https:\/\/nautipescas.pt\/fr\/produto\/binoculo-steiner-navigator-7x50\/","title":{"rendered":"BINOCULO STEINER NAVIGATOR 7X50"},"content":{"rendered":"<p>Fabricante: Steiner<\/p>\n<p>O Navigator 7&#215;50 \u00e9 um bin\u00f3culo mar\u00edtimo da Steiner, com amplia\u00e7\u00e3o de 7x e objetivas com 50 mm de di\u00e2metro, robusto e com a melhor tecnologia de \u00f3tica, ideal para o auxiliar a navegar em seguran\u00e7a nas condi\u00e7\u00f5es mar\u00edtimas mais adversas.<\/p>\n<p><strong>ESPECIFICA\u00c7\u00d5ES<\/strong><\/p>\n<ul>\n<li>Di\u00e2metro das lentes: 50 mm<\/li>\n<li>Amplifica\u00e7\u00e3o: 7x<\/li>\n<li>Peso: 536g<\/li>\n<li>Largura: 168 mm<\/li>\n<li>Altura: 108 mm<\/li>\n<li>Profundidade: 58 mm<\/li>\n<li>Pupila de Sa\u00edda: 4.3 mm<\/li>\n<li>Luminosidade: 18.4<\/li>\n<li>Fator Twilight: 14.5<\/li>\n<li>Campo de vis\u00e3o a 1000m: 123m<\/li>\n<li>Dist\u00e2ncia XP: 17.4 mm<\/li>\n<li>Alcance de dioptrias: +\/- 5<\/li>\n<li>Alcance interocular: 56-74 mm<\/li>\n<li>Sistema de focagem: Steiner-Auto-Focus<\/li>\n<li>\u00d3ticas de Elevado Desempenho: High-Contrast<\/li>\n<li>Estanquicidade: \u00e0 prova de \u00e1gua at\u00e9 5 metros<\/li>\n<li>Sistema de Enchimento de Nitrog\u00e9nio: tecnologia 2-way-valve<\/li>\n<li>Temperatura: -20\u00baC a +70\u00baC<\/li>\n<li>Oculares: cil\u00edndricas suaves<\/li>\n<li>Revestimento em Borracha: NBR-Longlife<\/li>\n<li>Correia de transporte: Neopreno<\/li>\n<li>Fixa\u00e7\u00e3o da correia: ClicLoc<\/li>\n<li>Tampa de objetiva: Sim<\/li>\n<li>Prote\u00e7\u00e3o para chuva: Sim<\/li>\n<li>Bolsa de transporte: Sim<\/li>\n<li>Garantia: 10 anos<\/li>\n<\/ul>\n","protected":false},"excerpt":{"rendered":"<p>Fabricante: Steiner O Navigator 7&#215;50 \u00e9 um bin\u00f3culo mar\u00edtimo da Steiner, com amplia\u00e7\u00e3o de 7x e objetivas com 50 mm de di\u00e2metro, robusto e com a melhor tecnologia de \u00f3tica, ideal para o auxiliar a navegar em seguran\u00e7a nas condi\u00e7\u00f5es mar\u00edtimas mais adversas. ESPECIFICA\u00c7\u00d5ES Di\u00e2metro das lentes: 50 mm Amplifica\u00e7\u00e3o: 7x Peso: 536g Largura: 168 &hellip; <\/p>\n<p class=\"more-link-wrap\"><a href=\"https:\/\/nautipescas.pt\/fr\/produto\/binoculo-steiner-navigator-7x50\/\" class=\"more-link\"><span>Read More<span class=\"screen-reader-text\"> \u00ab\u00a0BINOCULO STEINER NAVIGATOR 7X50\u00a0\u00bb<\/span><\/span><\/a><\/p>\n","protected":false},"featured_media":4198,"template":"","meta":{"inline_featured_image":false},"product_cat":[154],"product_tag":[],"marcas":[],"class_list":["post-4197","product","type-product","status-publish","has-post-thumbnail","hentry","product_cat-nautica"],"acf":[],"yoast_head":"<!-- This site is optimized with the Yoast SEO plugin v19.2 - https:\/\/yoast.com\/wordpress\/plugins\/seo\/ -->\n<title>BINOCULO STEINER NAVIGATOR 7X50 - Nautipescas<\/title>\n<meta name=\"robots\" content=\"index, follow, max-snippet:-1, max-image-preview:large, max-video-preview:-1\" \/>\n<link rel=\"canonical\" href=\"https:\/\/nautipescas.pt\/produto\/binoculo-steiner-navigator-7x50\/\" \/>\n<meta property=\"og:locale\" content=\"fr_FR\" \/>\n<meta property=\"og:type\" content=\"article\" \/>\n<meta property=\"og:title\" content=\"BINOCULO STEINER NAVIGATOR 7X50 - Nautipescas\" \/>\n<meta property=\"og:description\" content=\"Fabricante: Steiner O Navigator 7&#215;50 \u00e9 um bin\u00f3culo mar\u00edtimo da Steiner, com amplia\u00e7\u00e3o de 7x e objetivas com 50 mm de di\u00e2metro, robusto e com a melhor tecnologia de \u00f3tica, ideal para o auxiliar a navegar em seguran\u00e7a nas condi\u00e7\u00f5es mar\u00edtimas mais adversas. ESPECIFICA\u00c7\u00d5ES Di\u00e2metro das lentes: 50 mm Amplifica\u00e7\u00e3o: 7x Peso: 536g Largura: 168 &hellip; Read More &quot;BINOCULO STEINER NAVIGATOR 7X50&quot;\" \/>\n<meta property=\"og:url\" content=\"https:\/\/nautipescas.pt\/produto\/binoculo-steiner-navigator-7x50\/\" \/>\n<meta property=\"og:site_name\" content=\"Nautipescas\" \/>\n<meta property=\"article:modified_time\" content=\"2023-05-22T14:12:00+00:00\" \/>\n<meta property=\"og:image\" content=\"https:\/\/nautipescas.pt\/wp-content\/uploads\/2023\/03\/navigator_7x50_2_min_1.jpg\" \/>\n\t<meta property=\"og:image:width\" content=\"800\" \/>\n\t<meta property=\"og:image:height\" content=\"600\" \/>\n\t<meta property=\"og:image:type\" content=\"image\/jpeg\" \/>\n<meta name=\"author\" content=\"Paulo Chaves\" \/>\n<meta name=\"twitter:card\" content=\"summary_large_image\" \/>\n<meta name=\"twitter:label1\" content=\"Dur\u00e9e de lecture estim\u00e9e\" \/>\n\t<meta name=\"twitter:data1\" content=\"1 minute\" \/>\n<script type=\"application\/ld+json\" class=\"yoast-schema-graph\">{\"@context\":\"https:\/\/schema.org\",\"@graph\":[{\"@type\":\"WebSite\",\"@id\":\"https:\/\/nautipescas.pt\/#website\",\"url\":\"https:\/\/nautipescas.pt\/\",\"name\":\"Nautipescas\",\"description\":\"\",\"potentialAction\":[{\"@type\":\"SearchAction\",\"target\":{\"@type\":\"EntryPoint\",\"urlTemplate\":\"https:\/\/nautipescas.pt\/?s={search_term_string}\"},\"query-input\":\"required name=search_term_string\"}],\"inLanguage\":\"fr-FR\"},{\"@type\":\"ImageObject\",\"inLanguage\":\"fr-FR\",\"@id\":\"https:\/\/nautipescas.pt\/produto\/binoculo-steiner-navigator-7x50\/#primaryimage\",\"url\":\"https:\/\/nautipescas.pt\/wp-content\/uploads\/2023\/03\/navigator_7x50_2_min_1.jpg\",\"contentUrl\":\"https:\/\/nautipescas.pt\/wp-content\/uploads\/2023\/03\/navigator_7x50_2_min_1.jpg\",\"width\":800,\"height\":600},{\"@type\":\"WebPage\",\"@id\":\"https:\/\/nautipescas.pt\/produto\/binoculo-steiner-navigator-7x50\/#webpage\",\"url\":\"https:\/\/nautipescas.pt\/produto\/binoculo-steiner-navigator-7x50\/\",\"name\":\"BINOCULO STEINER NAVIGATOR 7X50 - Nautipescas\",\"isPartOf\":{\"@id\":\"https:\/\/nautipescas.pt\/#website\"},\"primaryImageOfPage\":{\"@id\":\"https:\/\/nautipescas.pt\/produto\/binoculo-steiner-navigator-7x50\/#primaryimage\"},\"datePublished\":\"2023-03-02T13:59:21+00:00\",\"dateModified\":\"2023-05-22T14:12:00+00:00\",\"breadcrumb\":{\"@id\":\"https:\/\/nautipescas.pt\/produto\/binoculo-steiner-navigator-7x50\/#breadcrumb\"},\"inLanguage\":\"fr-FR\",\"potentialAction\":[{\"@type\":\"ReadAction\",\"target\":[\"https:\/\/nautipescas.pt\/produto\/binoculo-steiner-navigator-7x50\/\"]}]},{\"@type\":\"BreadcrumbList\",\"@id\":\"https:\/\/nautipescas.pt\/produto\/binoculo-steiner-navigator-7x50\/#breadcrumb\",\"itemListElement\":[{\"@type\":\"ListItem\",\"position\":1,\"name\":\"In\u00edcio\",\"item\":\"https:\/\/nautipescas.pt\/fr\/\"},{\"@type\":\"ListItem\",\"position\":2,\"name\":\"Boutique\",\"item\":\"https:\/\/nautipescas.pt\/fr\/boutique-magasin-de-peche-a-proximite\/\"},{\"@type\":\"ListItem\",\"position\":3,\"name\":\"BINOCULO STEINER NAVIGATOR 7X50\"}]}]}<\/script>\n<!-- \/ Yoast SEO plugin. -->","yoast_head_json":{"title":"BINOCULO STEINER NAVIGATOR 7X50 - Nautipescas","robots":{"index":"index","follow":"follow","max-snippet":"max-snippet:-1","max-image-preview":"max-image-preview:large","max-video-preview":"max-video-preview:-1"},"canonical":"https:\/\/nautipescas.pt\/produto\/binoculo-steiner-navigator-7x50\/","og_locale":"fr_FR","og_type":"article","og_title":"BINOCULO STEINER NAVIGATOR 7X50 - Nautipescas","og_description":"Fabricante: Steiner O Navigator 7&#215;50 \u00e9 um bin\u00f3culo mar\u00edtimo da Steiner, com amplia\u00e7\u00e3o de 7x e objetivas com 50 mm de di\u00e2metro, robusto e com a melhor tecnologia de \u00f3tica, ideal para o auxiliar a navegar em seguran\u00e7a nas condi\u00e7\u00f5es mar\u00edtimas mais adversas. ESPECIFICA\u00c7\u00d5ES Di\u00e2metro das lentes: 50 mm Amplifica\u00e7\u00e3o: 7x Peso: 536g Largura: 168 &hellip; Read More \"BINOCULO STEINER NAVIGATOR 7X50\"","og_url":"https:\/\/nautipescas.pt\/produto\/binoculo-steiner-navigator-7x50\/","og_site_name":"Nautipescas","article_modified_time":"2023-05-22T14:12:00+00:00","og_image":[{"width":800,"height":600,"url":"https:\/\/nautipescas.pt\/wp-content\/uploads\/2023\/03\/navigator_7x50_2_min_1.jpg","type":"image\/jpeg"}],"author":"Paulo Chaves","twitter_card":"summary_large_image","twitter_misc":{"Dur\u00e9e de lecture estim\u00e9e":"1 minute"},"schema":{"@context":"https:\/\/schema.org","@graph":[{"@type":"WebSite","@id":"https:\/\/nautipescas.pt\/#website","url":"https:\/\/nautipescas.pt\/","name":"Nautipescas","description":"","potentialAction":[{"@type":"SearchAction","target":{"@type":"EntryPoint","urlTemplate":"https:\/\/nautipescas.pt\/?s={search_term_string}"},"query-input":"required name=search_term_string"}],"inLanguage":"fr-FR"},{"@type":"ImageObject","inLanguage":"fr-FR","@id":"https:\/\/nautipescas.pt\/produto\/binoculo-steiner-navigator-7x50\/#primaryimage","url":"https:\/\/nautipescas.pt\/wp-content\/uploads\/2023\/03\/navigator_7x50_2_min_1.jpg","contentUrl":"https:\/\/nautipescas.pt\/wp-content\/uploads\/2023\/03\/navigator_7x50_2_min_1.jpg","width":800,"height":600},{"@type":"WebPage","@id":"https:\/\/nautipescas.pt\/produto\/binoculo-steiner-navigator-7x50\/#webpage","url":"https:\/\/nautipescas.pt\/produto\/binoculo-steiner-navigator-7x50\/","name":"BINOCULO STEINER NAVIGATOR 7X50 - Nautipescas","isPartOf":{"@id":"https:\/\/nautipescas.pt\/#website"},"primaryImageOfPage":{"@id":"https:\/\/nautipescas.pt\/produto\/binoculo-steiner-navigator-7x50\/#primaryimage"},"datePublished":"2023-03-02T13:59:21+00:00","dateModified":"2023-05-22T14:12:00+00:00","breadcrumb":{"@id":"https:\/\/nautipescas.pt\/produto\/binoculo-steiner-navigator-7x50\/#breadcrumb"},"inLanguage":"fr-FR","potentialAction":[{"@type":"ReadAction","target":["https:\/\/nautipescas.pt\/produto\/binoculo-steiner-navigator-7x50\/"]}]},{"@type":"BreadcrumbList","@id":"https:\/\/nautipescas.pt\/produto\/binoculo-steiner-navigator-7x50\/#breadcrumb","itemListElement":[{"@type":"ListItem","position":1,"name":"In\u00edcio","item":"https:\/\/nautipescas.pt\/fr\/"},{"@type":"ListItem","position":2,"name":"Boutique","item":"https:\/\/nautipescas.pt\/fr\/boutique-magasin-de-peche-a-proximite\/"},{"@type":"ListItem","position":3,"name":"BINOCULO STEINER NAVIGATOR 7X50"}]}]}},"_links":{"self":[{"href":"https:\/\/nautipescas.pt\/fr\/wp-json\/wp\/v2\/product\/4197","targetHints":{"allow":["GET"]}}],"collection":[{"href":"https:\/\/nautipescas.pt\/fr\/wp-json\/wp\/v2\/product"}],"about":[{"href":"https:\/\/nautipescas.pt\/fr\/wp-json\/wp\/v2\/types\/product"}],"wp:featuredmedia":[{"embeddable":true,"href":"https:\/\/nautipescas.pt\/fr\/wp-json\/wp\/v2\/media\/4198"}],"wp:attachment":[{"href":"https:\/\/nautipescas.pt\/fr\/wp-json\/wp\/v2\/media?parent=4197"}],"wp:term":[{"taxonomy":"product_cat","embeddable":true,"href":"https:\/\/nautipescas.pt\/fr\/wp-json\/wp\/v2\/product_cat?post=4197"},{"taxonomy":"product_tag","embeddable":true,"href":"https:\/\/nautipescas.pt\/fr\/wp-json\/wp\/v2\/product_tag?post=4197"},{"taxonomy":"marcas","embeddable":true,"href":"https:\/\/nautipescas.pt\/fr\/wp-json\/wp\/v2\/marcas?post=4197"}],"curies":[{"name":"wp","href":"https:\/\/api.w.org\/{rel}","templated":true}]}}