{"id":4215,"date":"2023-03-02T14:11:36","date_gmt":"2023-03-02T14:11:36","guid":{"rendered":"https:\/\/nautipescas.pt\/?post_type=product&#038;p=4215"},"modified":"2024-06-14T13:59:24","modified_gmt":"2024-06-14T13:59:24","slug":"radio-kicker-control-km-media-center","status":"publish","type":"product","link":"https:\/\/nautipescas.pt\/fr\/produto\/radio-kicker-control-km-media-center\/","title":{"rendered":"RADIO KICKER CONTROL KM MEDIA CENTER"},"content":{"rendered":"<p>RADIO KICKER CONTROL KM MEDIA CENTER<\/p>\n<p><span id=\"page669R_mcid15\" class=\"markedContent\"><span dir=\"ltr\" role=\"presentation\">Especialmente concebido para uso mar\u00edtimo e no exterior. Display LCD anti-reflexo.<\/span><\/span><span id=\"page669R_mcid16\" class=\"markedContent\"><br role=\"presentation\" \/><span dir=\"ltr\" role=\"presentation\">Equipado com sintonizador AM\/FM, bot\u00f5es grandes e iluminados.<\/span><\/span><span id=\"page669R_mcid17\" class=\"markedContent\"><br role=\"presentation\" \/><span dir=\"ltr\" role=\"presentation\">Bluetooth\u00ae integrado emparelha-se facilmente com o seu dispositivo para streaming de m\u00fasica<\/span><\/span><span id=\"page669R_mcid18\" class=\"markedContent\"><br role=\"presentation\" \/><span dir=\"ltr\" role=\"presentation\">sem fios, com alcance at\u00e9 9 metros. E as entradas USB auxiliares CRCA permitem reproduzir<\/span><\/span><span id=\"page669R_mcid19\" class=\"markedContent\"><br role=\"presentation\" \/><span dir=\"ltr\" role=\"presentation\">virtualmente qualquer fonte que voc\u00ea quiser.<\/span><\/span><span id=\"page669R_mcid20\" class=\"markedContent\"><br role=\"presentation\" \/><span dir=\"ltr\" role=\"presentation\">Amplificador incorporado de 72Watts fornece at\u00e9 20 watts por canal em quatro canais.<\/span><\/span><span id=\"page669R_mcid21\" class=\"markedContent\"><br role=\"presentation\" \/><span dir=\"ltr\" role=\"presentation\">Sa\u00edda RCA para conectar amplificadores mar\u00edtimos KICKER.<\/span><\/span><span id=\"page669R_mcid22\" class=\"markedContent\"><br role=\"presentation\" \/><span dir=\"ltr\" role=\"presentation\">Equalizador configuravel e op\u00e7\u00f5es pr\u00e9-definidas para os v\u00e1rios tipos de m\u00fasica.<\/span><\/span><\/p>\n","protected":false},"excerpt":{"rendered":"<p>RADIO KICKER CONTROL KM MEDIA CENTER Especialmente concebido para uso mar\u00edtimo e no exterior. Display LCD anti-reflexo.Equipado com sintonizador AM\/FM, bot\u00f5es grandes e iluminados.Bluetooth\u00ae integrado emparelha-se facilmente com o seu dispositivo para streaming de m\u00fasicasem fios, com alcance at\u00e9 9 metros. E as entradas USB auxiliares CRCA permitem reproduzirvirtualmente qualquer fonte que voc\u00ea quiser.Amplificador incorporado &hellip; <\/p>\n<p class=\"more-link-wrap\"><a href=\"https:\/\/nautipescas.pt\/fr\/produto\/radio-kicker-control-km-media-center\/\" class=\"more-link\"><span>Read More<span class=\"screen-reader-text\"> \u00ab\u00a0RADIO KICKER CONTROL KM MEDIA CENTER\u00a0\u00bb<\/span><\/span><\/a><\/p>\n","protected":false},"featured_media":4216,"template":"","meta":{"inline_featured_image":false},"product_cat":[518],"product_tag":[],"marcas":[],"class_list":["post-4215","product","type-product","status-publish","has-post-thumbnail","hentry","product_cat-sistemas-de-som"],"acf":[],"yoast_head":"<!-- This site is optimized with the Yoast SEO plugin v19.2 - https:\/\/yoast.com\/wordpress\/plugins\/seo\/ -->\n<title>RADIO KICKER CONTROL KM MEDIA CENTER - Nautipescas<\/title>\n<meta name=\"robots\" content=\"index, follow, max-snippet:-1, max-image-preview:large, max-video-preview:-1\" \/>\n<link rel=\"canonical\" href=\"https:\/\/nautipescas.pt\/produto\/radio-kicker-control-km-media-center\/\" \/>\n<meta property=\"og:locale\" content=\"fr_FR\" \/>\n<meta property=\"og:type\" content=\"article\" \/>\n<meta property=\"og:title\" content=\"RADIO KICKER CONTROL KM MEDIA CENTER - Nautipescas\" \/>\n<meta property=\"og:description\" content=\"RADIO KICKER CONTROL KM MEDIA CENTER Especialmente concebido para uso mar\u00edtimo e no exterior. Display LCD anti-reflexo.Equipado com sintonizador AM\/FM, bot\u00f5es grandes e iluminados.Bluetooth\u00ae integrado emparelha-se facilmente com o seu dispositivo para streaming de m\u00fasicasem fios, com alcance at\u00e9 9 metros. E as entradas USB auxiliares CRCA permitem reproduzirvirtualmente qualquer fonte que voc\u00ea quiser.Amplificador incorporado &hellip; Read More &quot;RADIO KICKER CONTROL KM MEDIA CENTER&quot;\" \/>\n<meta property=\"og:url\" content=\"https:\/\/nautipescas.pt\/produto\/radio-kicker-control-km-media-center\/\" \/>\n<meta property=\"og:site_name\" content=\"Nautipescas\" \/>\n<meta property=\"article:modified_time\" content=\"2024-06-14T13:59:24+00:00\" \/>\n<meta property=\"og:image\" content=\"https:\/\/nautipescas.pt\/wp-content\/uploads\/2023\/03\/480x360-front.jpg\" \/>\n\t<meta property=\"og:image:width\" content=\"480\" \/>\n\t<meta property=\"og:image:height\" content=\"360\" \/>\n\t<meta property=\"og:image:type\" content=\"image\/jpeg\" \/>\n<meta name=\"author\" content=\"Paulo Chaves\" \/>\n<meta name=\"twitter:card\" content=\"summary_large_image\" \/>\n<script type=\"application\/ld+json\" class=\"yoast-schema-graph\">{\"@context\":\"https:\/\/schema.org\",\"@graph\":[{\"@type\":\"WebSite\",\"@id\":\"https:\/\/nautipescas.pt\/#website\",\"url\":\"https:\/\/nautipescas.pt\/\",\"name\":\"Nautipescas\",\"description\":\"\",\"potentialAction\":[{\"@type\":\"SearchAction\",\"target\":{\"@type\":\"EntryPoint\",\"urlTemplate\":\"https:\/\/nautipescas.pt\/?s={search_term_string}\"},\"query-input\":\"required name=search_term_string\"}],\"inLanguage\":\"fr-FR\"},{\"@type\":\"ImageObject\",\"inLanguage\":\"fr-FR\",\"@id\":\"https:\/\/nautipescas.pt\/produto\/radio-kicker-control-km-media-center\/#primaryimage\",\"url\":\"https:\/\/nautipescas.pt\/wp-content\/uploads\/2023\/03\/480x360-front.jpg\",\"contentUrl\":\"https:\/\/nautipescas.pt\/wp-content\/uploads\/2023\/03\/480x360-front.jpg\",\"width\":480,\"height\":360},{\"@type\":\"WebPage\",\"@id\":\"https:\/\/nautipescas.pt\/produto\/radio-kicker-control-km-media-center\/#webpage\",\"url\":\"https:\/\/nautipescas.pt\/produto\/radio-kicker-control-km-media-center\/\",\"name\":\"RADIO KICKER CONTROL KM MEDIA CENTER - Nautipescas\",\"isPartOf\":{\"@id\":\"https:\/\/nautipescas.pt\/#website\"},\"primaryImageOfPage\":{\"@id\":\"https:\/\/nautipescas.pt\/produto\/radio-kicker-control-km-media-center\/#primaryimage\"},\"datePublished\":\"2023-03-02T14:11:36+00:00\",\"dateModified\":\"2024-06-14T13:59:24+00:00\",\"breadcrumb\":{\"@id\":\"https:\/\/nautipescas.pt\/produto\/radio-kicker-control-km-media-center\/#breadcrumb\"},\"inLanguage\":\"fr-FR\",\"potentialAction\":[{\"@type\":\"ReadAction\",\"target\":[\"https:\/\/nautipescas.pt\/produto\/radio-kicker-control-km-media-center\/\"]}]},{\"@type\":\"BreadcrumbList\",\"@id\":\"https:\/\/nautipescas.pt\/produto\/radio-kicker-control-km-media-center\/#breadcrumb\",\"itemListElement\":[{\"@type\":\"ListItem\",\"position\":1,\"name\":\"In\u00edcio\",\"item\":\"https:\/\/nautipescas.pt\/fr\/\"},{\"@type\":\"ListItem\",\"position\":2,\"name\":\"Boutique\",\"item\":\"https:\/\/nautipescas.pt\/fr\/boutique-magasin-de-peche-a-proximite\/\"},{\"@type\":\"ListItem\",\"position\":3,\"name\":\"RADIO KICKER CONTROL KM MEDIA CENTER\"}]}]}<\/script>\n<!-- \/ Yoast SEO plugin. -->","yoast_head_json":{"title":"RADIO KICKER CONTROL KM MEDIA CENTER - Nautipescas","robots":{"index":"index","follow":"follow","max-snippet":"max-snippet:-1","max-image-preview":"max-image-preview:large","max-video-preview":"max-video-preview:-1"},"canonical":"https:\/\/nautipescas.pt\/produto\/radio-kicker-control-km-media-center\/","og_locale":"fr_FR","og_type":"article","og_title":"RADIO KICKER CONTROL KM MEDIA CENTER - Nautipescas","og_description":"RADIO KICKER CONTROL KM MEDIA CENTER Especialmente concebido para uso mar\u00edtimo e no exterior. Display LCD anti-reflexo.Equipado com sintonizador AM\/FM, bot\u00f5es grandes e iluminados.Bluetooth\u00ae integrado emparelha-se facilmente com o seu dispositivo para streaming de m\u00fasicasem fios, com alcance at\u00e9 9 metros. E as entradas USB auxiliares CRCA permitem reproduzirvirtualmente qualquer fonte que voc\u00ea quiser.Amplificador incorporado &hellip; Read More \"RADIO KICKER CONTROL KM MEDIA CENTER\"","og_url":"https:\/\/nautipescas.pt\/produto\/radio-kicker-control-km-media-center\/","og_site_name":"Nautipescas","article_modified_time":"2024-06-14T13:59:24+00:00","og_image":[{"width":480,"height":360,"url":"https:\/\/nautipescas.pt\/wp-content\/uploads\/2023\/03\/480x360-front.jpg","type":"image\/jpeg"}],"author":"Paulo Chaves","twitter_card":"summary_large_image","schema":{"@context":"https:\/\/schema.org","@graph":[{"@type":"WebSite","@id":"https:\/\/nautipescas.pt\/#website","url":"https:\/\/nautipescas.pt\/","name":"Nautipescas","description":"","potentialAction":[{"@type":"SearchAction","target":{"@type":"EntryPoint","urlTemplate":"https:\/\/nautipescas.pt\/?s={search_term_string}"},"query-input":"required name=search_term_string"}],"inLanguage":"fr-FR"},{"@type":"ImageObject","inLanguage":"fr-FR","@id":"https:\/\/nautipescas.pt\/produto\/radio-kicker-control-km-media-center\/#primaryimage","url":"https:\/\/nautipescas.pt\/wp-content\/uploads\/2023\/03\/480x360-front.jpg","contentUrl":"https:\/\/nautipescas.pt\/wp-content\/uploads\/2023\/03\/480x360-front.jpg","width":480,"height":360},{"@type":"WebPage","@id":"https:\/\/nautipescas.pt\/produto\/radio-kicker-control-km-media-center\/#webpage","url":"https:\/\/nautipescas.pt\/produto\/radio-kicker-control-km-media-center\/","name":"RADIO KICKER CONTROL KM MEDIA CENTER - Nautipescas","isPartOf":{"@id":"https:\/\/nautipescas.pt\/#website"},"primaryImageOfPage":{"@id":"https:\/\/nautipescas.pt\/produto\/radio-kicker-control-km-media-center\/#primaryimage"},"datePublished":"2023-03-02T14:11:36+00:00","dateModified":"2024-06-14T13:59:24+00:00","breadcrumb":{"@id":"https:\/\/nautipescas.pt\/produto\/radio-kicker-control-km-media-center\/#breadcrumb"},"inLanguage":"fr-FR","potentialAction":[{"@type":"ReadAction","target":["https:\/\/nautipescas.pt\/produto\/radio-kicker-control-km-media-center\/"]}]},{"@type":"BreadcrumbList","@id":"https:\/\/nautipescas.pt\/produto\/radio-kicker-control-km-media-center\/#breadcrumb","itemListElement":[{"@type":"ListItem","position":1,"name":"In\u00edcio","item":"https:\/\/nautipescas.pt\/fr\/"},{"@type":"ListItem","position":2,"name":"Boutique","item":"https:\/\/nautipescas.pt\/fr\/boutique-magasin-de-peche-a-proximite\/"},{"@type":"ListItem","position":3,"name":"RADIO KICKER CONTROL KM MEDIA CENTER"}]}]}},"_links":{"self":[{"href":"https:\/\/nautipescas.pt\/fr\/wp-json\/wp\/v2\/product\/4215","targetHints":{"allow":["GET"]}}],"collection":[{"href":"https:\/\/nautipescas.pt\/fr\/wp-json\/wp\/v2\/product"}],"about":[{"href":"https:\/\/nautipescas.pt\/fr\/wp-json\/wp\/v2\/types\/product"}],"wp:featuredmedia":[{"embeddable":true,"href":"https:\/\/nautipescas.pt\/fr\/wp-json\/wp\/v2\/media\/4216"}],"wp:attachment":[{"href":"https:\/\/nautipescas.pt\/fr\/wp-json\/wp\/v2\/media?parent=4215"}],"wp:term":[{"taxonomy":"product_cat","embeddable":true,"href":"https:\/\/nautipescas.pt\/fr\/wp-json\/wp\/v2\/product_cat?post=4215"},{"taxonomy":"product_tag","embeddable":true,"href":"https:\/\/nautipescas.pt\/fr\/wp-json\/wp\/v2\/product_tag?post=4215"},{"taxonomy":"marcas","embeddable":true,"href":"https:\/\/nautipescas.pt\/fr\/wp-json\/wp\/v2\/marcas?post=4215"}],"curies":[{"name":"wp","href":"https:\/\/api.w.org\/{rel}","templated":true}]}}