{"id":4559,"date":"2023-03-04T10:19:33","date_gmt":"2023-03-04T10:19:33","guid":{"rendered":"https:\/\/nautipescas.pt\/?post_type=product&#038;p=4559"},"modified":"2025-10-16T16:41:21","modified_gmt":"2025-10-16T16:41:21","slug":"carreto-vega-bandit-70","status":"publish","type":"product","link":"https:\/\/nautipescas.pt\/fr\/produto\/carreto-vega-bandit-70\/","title":{"rendered":"CARRETO VEGA BANDIT 70"},"content":{"rendered":"<p>O carreto Vega Bandit foi criado a pensar nos pescadores que procuravam um carreto robusto, potente, com uma polival\u00eancia de pescas a um um excelente pre\u00e7o.<br \/>\nO tamanho 70 \u00e9 um carreto ideal para a pesca vertical embarcada, trolling, b\u00f3ia em altura, corrico, jigging, fundo ligeiro.<br \/>\nFicha T\u00e9cnica<br \/>\nRatio 4.3:1<br \/>\nRolamentos: 5<br \/>\nDrag 15kg<br \/>\nCapacidade linha: 0,40mm\/300mt<br \/>\nBobine extra: 1 (0,40mm\/300mt)<br \/>\nPeso: 600gr<\/p>\n<p>&nbsp;<\/p>\n","protected":false},"excerpt":{"rendered":"<p>O carreto Vega Bandit foi criado a pensar nos pescadores que procuravam um carreto robusto, potente, com uma polival\u00eancia de pescas a um um excelente pre\u00e7o. O tamanho 70 \u00e9 um carreto ideal para a pesca vertical embarcada, trolling, b\u00f3ia em altura, corrico, jigging, fundo ligeiro. Ficha T\u00e9cnica Ratio 4.3:1 Rolamentos: 5 Drag 15kg Capacidade &hellip; <\/p>\n<p class=\"more-link-wrap\"><a href=\"https:\/\/nautipescas.pt\/fr\/produto\/carreto-vega-bandit-70\/\" class=\"more-link\"><span>Read More<span class=\"screen-reader-text\"> \u00ab\u00a0CARRETO VEGA BANDIT 70\u00a0\u00bb<\/span><\/span><\/a><\/p>\n","protected":false},"featured_media":4560,"template":"","meta":{"inline_featured_image":false},"product_cat":[195,168,148],"product_tag":[],"marcas":[151],"class_list":["post-4559","product","type-product","status-publish","has-post-thumbnail","hentry","product_cat-carretos","product_cat-carretos-spinning","product_cat-pesca","marcas-vega"],"acf":[],"yoast_head":"<!-- This site is optimized with the Yoast SEO plugin v19.2 - https:\/\/yoast.com\/wordpress\/plugins\/seo\/ -->\n<title>CARRETO VEGA BANDIT 70 - Nautipescas<\/title>\n<meta name=\"robots\" content=\"index, follow, max-snippet:-1, max-image-preview:large, max-video-preview:-1\" \/>\n<link rel=\"canonical\" href=\"https:\/\/nautipescas.pt\/produto\/carreto-vega-bandit-70\/\" \/>\n<meta property=\"og:locale\" content=\"fr_FR\" \/>\n<meta property=\"og:type\" content=\"article\" \/>\n<meta property=\"og:title\" content=\"CARRETO VEGA BANDIT 70 - Nautipescas\" \/>\n<meta property=\"og:description\" content=\"O carreto Vega Bandit foi criado a pensar nos pescadores que procuravam um carreto robusto, potente, com uma polival\u00eancia de pescas a um um excelente pre\u00e7o. O tamanho 70 \u00e9 um carreto ideal para a pesca vertical embarcada, trolling, b\u00f3ia em altura, corrico, jigging, fundo ligeiro. Ficha T\u00e9cnica Ratio 4.3:1 Rolamentos: 5 Drag 15kg Capacidade &hellip; Read More &quot;CARRETO VEGA BANDIT 70&quot;\" \/>\n<meta property=\"og:url\" content=\"https:\/\/nautipescas.pt\/produto\/carreto-vega-bandit-70\/\" \/>\n<meta property=\"og:site_name\" content=\"Nautipescas\" \/>\n<meta property=\"article:modified_time\" content=\"2025-10-16T16:41:21+00:00\" \/>\n<meta property=\"og:image\" content=\"https:\/\/nautipescas.pt\/wp-content\/uploads\/2023\/03\/BANDIT-70-1.jpg\" \/>\n\t<meta property=\"og:image:width\" content=\"1270\" \/>\n\t<meta property=\"og:image:height\" content=\"1270\" \/>\n\t<meta property=\"og:image:type\" content=\"image\/jpeg\" \/>\n<meta name=\"author\" content=\"Paulo Chaves\" \/>\n<meta name=\"twitter:card\" content=\"summary_large_image\" \/>\n<meta name=\"twitter:label1\" content=\"Dur\u00e9e de lecture estim\u00e9e\" \/>\n\t<meta name=\"twitter:data1\" content=\"1 minute\" \/>\n<script type=\"application\/ld+json\" class=\"yoast-schema-graph\">{\"@context\":\"https:\/\/schema.org\",\"@graph\":[{\"@type\":\"WebSite\",\"@id\":\"https:\/\/nautipescas.pt\/#website\",\"url\":\"https:\/\/nautipescas.pt\/\",\"name\":\"Nautipescas\",\"description\":\"\",\"potentialAction\":[{\"@type\":\"SearchAction\",\"target\":{\"@type\":\"EntryPoint\",\"urlTemplate\":\"https:\/\/nautipescas.pt\/?s={search_term_string}\"},\"query-input\":\"required name=search_term_string\"}],\"inLanguage\":\"fr-FR\"},{\"@type\":\"ImageObject\",\"inLanguage\":\"fr-FR\",\"@id\":\"https:\/\/nautipescas.pt\/produto\/carreto-vega-bandit-70\/#primaryimage\",\"url\":\"https:\/\/nautipescas.pt\/wp-content\/uploads\/2023\/03\/BANDIT-70-1.jpg\",\"contentUrl\":\"https:\/\/nautipescas.pt\/wp-content\/uploads\/2023\/03\/BANDIT-70-1.jpg\",\"width\":1270,\"height\":1270},{\"@type\":\"WebPage\",\"@id\":\"https:\/\/nautipescas.pt\/produto\/carreto-vega-bandit-70\/#webpage\",\"url\":\"https:\/\/nautipescas.pt\/produto\/carreto-vega-bandit-70\/\",\"name\":\"CARRETO VEGA BANDIT 70 - Nautipescas\",\"isPartOf\":{\"@id\":\"https:\/\/nautipescas.pt\/#website\"},\"primaryImageOfPage\":{\"@id\":\"https:\/\/nautipescas.pt\/produto\/carreto-vega-bandit-70\/#primaryimage\"},\"datePublished\":\"2023-03-04T10:19:33+00:00\",\"dateModified\":\"2025-10-16T16:41:21+00:00\",\"breadcrumb\":{\"@id\":\"https:\/\/nautipescas.pt\/produto\/carreto-vega-bandit-70\/#breadcrumb\"},\"inLanguage\":\"fr-FR\",\"potentialAction\":[{\"@type\":\"ReadAction\",\"target\":[\"https:\/\/nautipescas.pt\/produto\/carreto-vega-bandit-70\/\"]}]},{\"@type\":\"BreadcrumbList\",\"@id\":\"https:\/\/nautipescas.pt\/produto\/carreto-vega-bandit-70\/#breadcrumb\",\"itemListElement\":[{\"@type\":\"ListItem\",\"position\":1,\"name\":\"In\u00edcio\",\"item\":\"https:\/\/nautipescas.pt\/fr\/\"},{\"@type\":\"ListItem\",\"position\":2,\"name\":\"Boutique\",\"item\":\"https:\/\/nautipescas.pt\/fr\/boutique-magasin-de-peche-a-proximite\/\"},{\"@type\":\"ListItem\",\"position\":3,\"name\":\"CARRETO VEGA BANDIT 70\"}]}]}<\/script>\n<!-- \/ Yoast SEO plugin. -->","yoast_head_json":{"title":"CARRETO VEGA BANDIT 70 - Nautipescas","robots":{"index":"index","follow":"follow","max-snippet":"max-snippet:-1","max-image-preview":"max-image-preview:large","max-video-preview":"max-video-preview:-1"},"canonical":"https:\/\/nautipescas.pt\/produto\/carreto-vega-bandit-70\/","og_locale":"fr_FR","og_type":"article","og_title":"CARRETO VEGA BANDIT 70 - Nautipescas","og_description":"O carreto Vega Bandit foi criado a pensar nos pescadores que procuravam um carreto robusto, potente, com uma polival\u00eancia de pescas a um um excelente pre\u00e7o. O tamanho 70 \u00e9 um carreto ideal para a pesca vertical embarcada, trolling, b\u00f3ia em altura, corrico, jigging, fundo ligeiro. Ficha T\u00e9cnica Ratio 4.3:1 Rolamentos: 5 Drag 15kg Capacidade &hellip; Read More \"CARRETO VEGA BANDIT 70\"","og_url":"https:\/\/nautipescas.pt\/produto\/carreto-vega-bandit-70\/","og_site_name":"Nautipescas","article_modified_time":"2025-10-16T16:41:21+00:00","og_image":[{"width":1270,"height":1270,"url":"https:\/\/nautipescas.pt\/wp-content\/uploads\/2023\/03\/BANDIT-70-1.jpg","type":"image\/jpeg"}],"author":"Paulo Chaves","twitter_card":"summary_large_image","twitter_misc":{"Dur\u00e9e de lecture estim\u00e9e":"1 minute"},"schema":{"@context":"https:\/\/schema.org","@graph":[{"@type":"WebSite","@id":"https:\/\/nautipescas.pt\/#website","url":"https:\/\/nautipescas.pt\/","name":"Nautipescas","description":"","potentialAction":[{"@type":"SearchAction","target":{"@type":"EntryPoint","urlTemplate":"https:\/\/nautipescas.pt\/?s={search_term_string}"},"query-input":"required name=search_term_string"}],"inLanguage":"fr-FR"},{"@type":"ImageObject","inLanguage":"fr-FR","@id":"https:\/\/nautipescas.pt\/produto\/carreto-vega-bandit-70\/#primaryimage","url":"https:\/\/nautipescas.pt\/wp-content\/uploads\/2023\/03\/BANDIT-70-1.jpg","contentUrl":"https:\/\/nautipescas.pt\/wp-content\/uploads\/2023\/03\/BANDIT-70-1.jpg","width":1270,"height":1270},{"@type":"WebPage","@id":"https:\/\/nautipescas.pt\/produto\/carreto-vega-bandit-70\/#webpage","url":"https:\/\/nautipescas.pt\/produto\/carreto-vega-bandit-70\/","name":"CARRETO VEGA BANDIT 70 - Nautipescas","isPartOf":{"@id":"https:\/\/nautipescas.pt\/#website"},"primaryImageOfPage":{"@id":"https:\/\/nautipescas.pt\/produto\/carreto-vega-bandit-70\/#primaryimage"},"datePublished":"2023-03-04T10:19:33+00:00","dateModified":"2025-10-16T16:41:21+00:00","breadcrumb":{"@id":"https:\/\/nautipescas.pt\/produto\/carreto-vega-bandit-70\/#breadcrumb"},"inLanguage":"fr-FR","potentialAction":[{"@type":"ReadAction","target":["https:\/\/nautipescas.pt\/produto\/carreto-vega-bandit-70\/"]}]},{"@type":"BreadcrumbList","@id":"https:\/\/nautipescas.pt\/produto\/carreto-vega-bandit-70\/#breadcrumb","itemListElement":[{"@type":"ListItem","position":1,"name":"In\u00edcio","item":"https:\/\/nautipescas.pt\/fr\/"},{"@type":"ListItem","position":2,"name":"Boutique","item":"https:\/\/nautipescas.pt\/fr\/boutique-magasin-de-peche-a-proximite\/"},{"@type":"ListItem","position":3,"name":"CARRETO VEGA BANDIT 70"}]}]}},"_links":{"self":[{"href":"https:\/\/nautipescas.pt\/fr\/wp-json\/wp\/v2\/product\/4559","targetHints":{"allow":["GET"]}}],"collection":[{"href":"https:\/\/nautipescas.pt\/fr\/wp-json\/wp\/v2\/product"}],"about":[{"href":"https:\/\/nautipescas.pt\/fr\/wp-json\/wp\/v2\/types\/product"}],"wp:featuredmedia":[{"embeddable":true,"href":"https:\/\/nautipescas.pt\/fr\/wp-json\/wp\/v2\/media\/4560"}],"wp:attachment":[{"href":"https:\/\/nautipescas.pt\/fr\/wp-json\/wp\/v2\/media?parent=4559"}],"wp:term":[{"taxonomy":"product_cat","embeddable":true,"href":"https:\/\/nautipescas.pt\/fr\/wp-json\/wp\/v2\/product_cat?post=4559"},{"taxonomy":"product_tag","embeddable":true,"href":"https:\/\/nautipescas.pt\/fr\/wp-json\/wp\/v2\/product_tag?post=4559"},{"taxonomy":"marcas","embeddable":true,"href":"https:\/\/nautipescas.pt\/fr\/wp-json\/wp\/v2\/marcas?post=4559"}],"curies":[{"name":"wp","href":"https:\/\/api.w.org\/{rel}","templated":true}]}}