{"id":4945,"date":"2023-03-07T15:59:38","date_gmt":"2023-03-07T15:59:38","guid":{"rendered":"https:\/\/nautipescas.pt\/?post_type=product&#038;p=4945"},"modified":"2024-02-21T11:40:12","modified_gmt":"2024-02-21T11:40:12","slug":"carregador-de-baterias-12-24v-2-saidas-promarine-prosport-12-dual-pfc","status":"publish","type":"product","link":"https:\/\/nautipescas.pt\/fr\/produto\/carregador-de-baterias-12-24v-2-saidas-promarine-prosport-12-dual-pfc\/","title":{"rendered":"CARREGADOR DE BATERIAS 12\/24V 2 SAIDAS PROMARINE PROSPORT 12 DUAL PFC"},"content":{"rendered":"<h1>ProSportHD 12 \u2013 Carregador de Baterias \u00e0 prova de \u00e1gua 12\/24V | 12 A, 2 Sa\u00eddas de bateria<\/h1>\n<p><strong>CARACTERISTICAS<\/strong><\/p>\n<p><strong>Tecnologia Digital ProMar:<\/strong> microprocessador e software controlados por tecnologia de carga para uma carga precisa e r\u00e1pida.<\/p>\n<p><strong>Tecnologia \u201cDistributed-On-Demand\u201d:<\/strong> 100% dos amperes de carga dispon\u00edveis s\u00e3o utilizados ao se distribu\u00edrem os amperes n\u00e3o utilizados a qualquer uma ou combina\u00e7\u00e3o das baterias, conforme necess\u00e1rio.<\/p>\n<p><strong>Design Heavy Duty de superf\u00edcie tripla dissipadora de calor:<\/strong> a face superior, inferior e traseira possui um design de dissipa\u00e7\u00e3o de calor para um arrefecimento \u00f3timo, enquanto oferecem uma corrente constante de carga nos seus dois modos.<\/p>\n<p><strong>Display de LED expandido com Indicado de Estado de Carga:<\/strong> um indicador ao estilo de indicador de n\u00edvel de combust\u00edvel mostra o estado de carga. Quatro barras com indicador de barra de estado multi etapa (em LED). Modo de Carga Multi Etapa, Verifica\u00e7\u00e3o de Sistema OK, estado Individual de Bateria e indica\u00e7\u00e3o do Tipo de Bateria.<\/p>\n<p><strong>Design Leve:<\/strong> at\u00e9 40% mais leve, comparado com carregador repleto de ep\u00f3xi<\/p>\n<p><strong>Modo de Poupan\u00e7a de Energia de Auto Manuten\u00e7\u00e3o:<\/strong> monitoriza e mant\u00e9m automaticamente baterias apenas quando necess\u00e1rio manter um estado completo de carga. Isto reduz significativamente o consumo de energia.<\/p>\n<p><strong>Carga Digital Completamente Autom\u00e1tica de 5 etapas:<\/strong> 5 etapas: analisa, carrega, condi\u00e7\u00f5es, mant\u00e9m automaticamente e recondiciona a bateria uma vez por m\u00eas durante per\u00edodos de armazenamento. Carrega completamente e estende a vida da bateria.<\/p>\n<p><strong>Qualidade e Seguran\u00e7a Integradas:<\/strong> fus\u00edveis duais \u00e0 prova de \u00e1gua; prote\u00e7\u00e3o contra polaridade inversa, sobre aquecimento, sobretens\u00e3o e igni\u00e7\u00e3o. Certifica\u00e7\u00e3o UL 1236; CEC e DOE; FCC Classe B<\/p>\n<p><strong>Instala\u00e7\u00e3o e Opera\u00e7\u00e3o Simples:<\/strong> pr\u00e9-conectado com cabos AC e DC 6\u2019<\/p>\n<p><strong>Tipos de Baterias suportadas:<\/strong> \u00c1cido-Chumbo Grupo 24-31, AGM e Gel<\/p>\n<p><strong>Garantia de 3 anos<\/strong><\/p>\n<p><strong>ESPECIFICA\u00c7\u00d5ES<\/strong><\/p>\n<ul>\n<li>Tens\u00e3o DC: 12\/24<\/li>\n<li>Amperagem: 12<\/li>\n<li>N\u00famero de baterias: 2<\/li>\n<li>Dimens\u00f5es: 20,06 x 28,70 x 7,36 cm<\/li>\n<li>Peso: 2,902 kg<\/li>\n<li>AC In: 100-240V AC 50\/60Hz<\/li>\n<li>Ficha AC: IEC c14<\/li>\n<\/ul>\n","protected":false},"excerpt":{"rendered":"<p>ProSportHD 12 \u2013 Carregador de Baterias \u00e0 prova de \u00e1gua 12\/24V | 12 A, 2 Sa\u00eddas de bateria CARACTERISTICAS Tecnologia Digital ProMar: microprocessador e software controlados por tecnologia de carga para uma carga precisa e r\u00e1pida. Tecnologia \u201cDistributed-On-Demand\u201d: 100% dos amperes de carga dispon\u00edveis s\u00e3o utilizados ao se distribu\u00edrem os amperes n\u00e3o utilizados a qualquer &hellip; <\/p>\n<p class=\"more-link-wrap\"><a href=\"https:\/\/nautipescas.pt\/fr\/produto\/carregador-de-baterias-12-24v-2-saidas-promarine-prosport-12-dual-pfc\/\" class=\"more-link\"><span>Read More<span class=\"screen-reader-text\"> \u00ab\u00a0CARREGADOR DE BATERIAS 12\/24V 2 SAIDAS PROMARINE PROSPORT 12 DUAL PFC\u00a0\u00bb<\/span><\/span><\/a><\/p>\n","protected":false},"featured_media":4946,"template":"","meta":{"inline_featured_image":false},"product_cat":[154],"product_tag":[],"marcas":[],"class_list":["post-4945","product","type-product","status-publish","has-post-thumbnail","hentry","product_cat-nautica"],"acf":[],"yoast_head":"<!-- This site is optimized with the Yoast SEO plugin v19.2 - https:\/\/yoast.com\/wordpress\/plugins\/seo\/ -->\n<title>CARREGADOR DE BATERIAS 12\/24V 2 SAIDAS PROMARINE PROSPORT 12 DUAL PFC - Nautipescas<\/title>\n<meta name=\"robots\" content=\"index, follow, max-snippet:-1, max-image-preview:large, max-video-preview:-1\" \/>\n<link rel=\"canonical\" href=\"https:\/\/nautipescas.pt\/produto\/carregador-de-baterias-12-24v-2-saidas-promarine-prosport-12-dual-pfc\/\" \/>\n<meta property=\"og:locale\" content=\"fr_FR\" \/>\n<meta property=\"og:type\" content=\"article\" \/>\n<meta property=\"og:title\" content=\"CARREGADOR DE BATERIAS 12\/24V 2 SAIDAS PROMARINE PROSPORT 12 DUAL PFC - Nautipescas\" \/>\n<meta property=\"og:description\" content=\"ProSportHD 12 \u2013 Carregador de Baterias \u00e0 prova de \u00e1gua 12\/24V | 12 A, 2 Sa\u00eddas de bateria CARACTERISTICAS Tecnologia Digital ProMar: microprocessador e software controlados por tecnologia de carga para uma carga precisa e r\u00e1pida. Tecnologia \u201cDistributed-On-Demand\u201d: 100% dos amperes de carga dispon\u00edveis s\u00e3o utilizados ao se distribu\u00edrem os amperes n\u00e3o utilizados a qualquer &hellip; Read More &quot;CARREGADOR DE BATERIAS 12\/24V 2 SAIDAS PROMARINE PROSPORT 12 DUAL PFC&quot;\" \/>\n<meta property=\"og:url\" content=\"https:\/\/nautipescas.pt\/produto\/carregador-de-baterias-12-24v-2-saidas-promarine-prosport-12-dual-pfc\/\" \/>\n<meta property=\"og:site_name\" content=\"Nautipescas\" \/>\n<meta property=\"article:modified_time\" content=\"2024-02-21T11:40:12+00:00\" \/>\n<meta property=\"og:image\" content=\"https:\/\/nautipescas.pt\/wp-content\/uploads\/2023\/03\/index1-3.jpg\" \/>\n\t<meta property=\"og:image:width\" content=\"259\" \/>\n\t<meta property=\"og:image:height\" content=\"194\" \/>\n\t<meta property=\"og:image:type\" content=\"image\/jpeg\" \/>\n<meta name=\"author\" content=\"Paulo Chaves\" \/>\n<meta name=\"twitter:card\" content=\"summary_large_image\" \/>\n<meta name=\"twitter:label1\" content=\"Dur\u00e9e de lecture estim\u00e9e\" \/>\n\t<meta name=\"twitter:data1\" content=\"2 minutes\" \/>\n<script type=\"application\/ld+json\" class=\"yoast-schema-graph\">{\"@context\":\"https:\/\/schema.org\",\"@graph\":[{\"@type\":\"WebSite\",\"@id\":\"https:\/\/nautipescas.pt\/#website\",\"url\":\"https:\/\/nautipescas.pt\/\",\"name\":\"Nautipescas\",\"description\":\"\",\"potentialAction\":[{\"@type\":\"SearchAction\",\"target\":{\"@type\":\"EntryPoint\",\"urlTemplate\":\"https:\/\/nautipescas.pt\/?s={search_term_string}\"},\"query-input\":\"required name=search_term_string\"}],\"inLanguage\":\"fr-FR\"},{\"@type\":\"ImageObject\",\"inLanguage\":\"fr-FR\",\"@id\":\"https:\/\/nautipescas.pt\/produto\/carregador-de-baterias-12-24v-2-saidas-promarine-prosport-12-dual-pfc\/#primaryimage\",\"url\":\"https:\/\/nautipescas.pt\/wp-content\/uploads\/2023\/03\/index1-3.jpg\",\"contentUrl\":\"https:\/\/nautipescas.pt\/wp-content\/uploads\/2023\/03\/index1-3.jpg\",\"width\":259,\"height\":194},{\"@type\":\"WebPage\",\"@id\":\"https:\/\/nautipescas.pt\/produto\/carregador-de-baterias-12-24v-2-saidas-promarine-prosport-12-dual-pfc\/#webpage\",\"url\":\"https:\/\/nautipescas.pt\/produto\/carregador-de-baterias-12-24v-2-saidas-promarine-prosport-12-dual-pfc\/\",\"name\":\"CARREGADOR DE BATERIAS 12\/24V 2 SAIDAS PROMARINE PROSPORT 12 DUAL PFC - Nautipescas\",\"isPartOf\":{\"@id\":\"https:\/\/nautipescas.pt\/#website\"},\"primaryImageOfPage\":{\"@id\":\"https:\/\/nautipescas.pt\/produto\/carregador-de-baterias-12-24v-2-saidas-promarine-prosport-12-dual-pfc\/#primaryimage\"},\"datePublished\":\"2023-03-07T15:59:38+00:00\",\"dateModified\":\"2024-02-21T11:40:12+00:00\",\"breadcrumb\":{\"@id\":\"https:\/\/nautipescas.pt\/produto\/carregador-de-baterias-12-24v-2-saidas-promarine-prosport-12-dual-pfc\/#breadcrumb\"},\"inLanguage\":\"fr-FR\",\"potentialAction\":[{\"@type\":\"ReadAction\",\"target\":[\"https:\/\/nautipescas.pt\/produto\/carregador-de-baterias-12-24v-2-saidas-promarine-prosport-12-dual-pfc\/\"]}]},{\"@type\":\"BreadcrumbList\",\"@id\":\"https:\/\/nautipescas.pt\/produto\/carregador-de-baterias-12-24v-2-saidas-promarine-prosport-12-dual-pfc\/#breadcrumb\",\"itemListElement\":[{\"@type\":\"ListItem\",\"position\":1,\"name\":\"In\u00edcio\",\"item\":\"https:\/\/nautipescas.pt\/fr\/\"},{\"@type\":\"ListItem\",\"position\":2,\"name\":\"Boutique\",\"item\":\"https:\/\/nautipescas.pt\/fr\/boutique-magasin-de-peche-a-proximite\/\"},{\"@type\":\"ListItem\",\"position\":3,\"name\":\"CARREGADOR DE BATERIAS 12\/24V 2 SAIDAS PROMARINE PROSPORT 12 DUAL PFC\"}]}]}<\/script>\n<!-- \/ Yoast SEO plugin. -->","yoast_head_json":{"title":"CARREGADOR DE BATERIAS 12\/24V 2 SAIDAS PROMARINE PROSPORT 12 DUAL PFC - Nautipescas","robots":{"index":"index","follow":"follow","max-snippet":"max-snippet:-1","max-image-preview":"max-image-preview:large","max-video-preview":"max-video-preview:-1"},"canonical":"https:\/\/nautipescas.pt\/produto\/carregador-de-baterias-12-24v-2-saidas-promarine-prosport-12-dual-pfc\/","og_locale":"fr_FR","og_type":"article","og_title":"CARREGADOR DE BATERIAS 12\/24V 2 SAIDAS PROMARINE PROSPORT 12 DUAL PFC - Nautipescas","og_description":"ProSportHD 12 \u2013 Carregador de Baterias \u00e0 prova de \u00e1gua 12\/24V | 12 A, 2 Sa\u00eddas de bateria CARACTERISTICAS Tecnologia Digital ProMar: microprocessador e software controlados por tecnologia de carga para uma carga precisa e r\u00e1pida. Tecnologia \u201cDistributed-On-Demand\u201d: 100% dos amperes de carga dispon\u00edveis s\u00e3o utilizados ao se distribu\u00edrem os amperes n\u00e3o utilizados a qualquer &hellip; Read More \"CARREGADOR DE BATERIAS 12\/24V 2 SAIDAS PROMARINE PROSPORT 12 DUAL PFC\"","og_url":"https:\/\/nautipescas.pt\/produto\/carregador-de-baterias-12-24v-2-saidas-promarine-prosport-12-dual-pfc\/","og_site_name":"Nautipescas","article_modified_time":"2024-02-21T11:40:12+00:00","og_image":[{"width":259,"height":194,"url":"https:\/\/nautipescas.pt\/wp-content\/uploads\/2023\/03\/index1-3.jpg","type":"image\/jpeg"}],"author":"Paulo Chaves","twitter_card":"summary_large_image","twitter_misc":{"Dur\u00e9e de lecture estim\u00e9e":"2 minutes"},"schema":{"@context":"https:\/\/schema.org","@graph":[{"@type":"WebSite","@id":"https:\/\/nautipescas.pt\/#website","url":"https:\/\/nautipescas.pt\/","name":"Nautipescas","description":"","potentialAction":[{"@type":"SearchAction","target":{"@type":"EntryPoint","urlTemplate":"https:\/\/nautipescas.pt\/?s={search_term_string}"},"query-input":"required name=search_term_string"}],"inLanguage":"fr-FR"},{"@type":"ImageObject","inLanguage":"fr-FR","@id":"https:\/\/nautipescas.pt\/produto\/carregador-de-baterias-12-24v-2-saidas-promarine-prosport-12-dual-pfc\/#primaryimage","url":"https:\/\/nautipescas.pt\/wp-content\/uploads\/2023\/03\/index1-3.jpg","contentUrl":"https:\/\/nautipescas.pt\/wp-content\/uploads\/2023\/03\/index1-3.jpg","width":259,"height":194},{"@type":"WebPage","@id":"https:\/\/nautipescas.pt\/produto\/carregador-de-baterias-12-24v-2-saidas-promarine-prosport-12-dual-pfc\/#webpage","url":"https:\/\/nautipescas.pt\/produto\/carregador-de-baterias-12-24v-2-saidas-promarine-prosport-12-dual-pfc\/","name":"CARREGADOR DE BATERIAS 12\/24V 2 SAIDAS PROMARINE PROSPORT 12 DUAL PFC - Nautipescas","isPartOf":{"@id":"https:\/\/nautipescas.pt\/#website"},"primaryImageOfPage":{"@id":"https:\/\/nautipescas.pt\/produto\/carregador-de-baterias-12-24v-2-saidas-promarine-prosport-12-dual-pfc\/#primaryimage"},"datePublished":"2023-03-07T15:59:38+00:00","dateModified":"2024-02-21T11:40:12+00:00","breadcrumb":{"@id":"https:\/\/nautipescas.pt\/produto\/carregador-de-baterias-12-24v-2-saidas-promarine-prosport-12-dual-pfc\/#breadcrumb"},"inLanguage":"fr-FR","potentialAction":[{"@type":"ReadAction","target":["https:\/\/nautipescas.pt\/produto\/carregador-de-baterias-12-24v-2-saidas-promarine-prosport-12-dual-pfc\/"]}]},{"@type":"BreadcrumbList","@id":"https:\/\/nautipescas.pt\/produto\/carregador-de-baterias-12-24v-2-saidas-promarine-prosport-12-dual-pfc\/#breadcrumb","itemListElement":[{"@type":"ListItem","position":1,"name":"In\u00edcio","item":"https:\/\/nautipescas.pt\/fr\/"},{"@type":"ListItem","position":2,"name":"Boutique","item":"https:\/\/nautipescas.pt\/fr\/boutique-magasin-de-peche-a-proximite\/"},{"@type":"ListItem","position":3,"name":"CARREGADOR DE BATERIAS 12\/24V 2 SAIDAS PROMARINE PROSPORT 12 DUAL PFC"}]}]}},"_links":{"self":[{"href":"https:\/\/nautipescas.pt\/fr\/wp-json\/wp\/v2\/product\/4945","targetHints":{"allow":["GET"]}}],"collection":[{"href":"https:\/\/nautipescas.pt\/fr\/wp-json\/wp\/v2\/product"}],"about":[{"href":"https:\/\/nautipescas.pt\/fr\/wp-json\/wp\/v2\/types\/product"}],"wp:featuredmedia":[{"embeddable":true,"href":"https:\/\/nautipescas.pt\/fr\/wp-json\/wp\/v2\/media\/4946"}],"wp:attachment":[{"href":"https:\/\/nautipescas.pt\/fr\/wp-json\/wp\/v2\/media?parent=4945"}],"wp:term":[{"taxonomy":"product_cat","embeddable":true,"href":"https:\/\/nautipescas.pt\/fr\/wp-json\/wp\/v2\/product_cat?post=4945"},{"taxonomy":"product_tag","embeddable":true,"href":"https:\/\/nautipescas.pt\/fr\/wp-json\/wp\/v2\/product_tag?post=4945"},{"taxonomy":"marcas","embeddable":true,"href":"https:\/\/nautipescas.pt\/fr\/wp-json\/wp\/v2\/marcas?post=4945"}],"curies":[{"name":"wp","href":"https:\/\/api.w.org\/{rel}","templated":true}]}}