{"id":5158,"date":"2023-03-07T18:34:03","date_gmt":"2023-03-07T18:34:03","guid":{"rendered":"https:\/\/nautipescas.pt\/?post_type=product&#038;p=5158"},"modified":"2024-06-14T13:55:52","modified_gmt":"2024-06-14T13:55:52","slug":"carreto-barros-drago-sw-5000","status":"publish","type":"product","link":"https:\/\/nautipescas.pt\/fr\/produto\/carreto-barros-drago-sw-5000\/","title":{"rendered":"CARRETO BARROS DRAGO SW 5000"},"content":{"rendered":"<ul>\n<li>Corpo e rotor em alum\u00ednio r\u00edgido<\/li>\n<li>Veio principal e veio da manivela em a\u00e7o inox<\/li>\n<li>Veio da roda de croa em a\u00e7o inox<\/li>\n<li>Bobine e manivela em alum\u00ednio<\/li>\n<li>Punho de combate EVA em bola<\/li>\n<li>Rod\u00edzio anti-tors\u00e3o<\/li>\n<li>Anti-reverse imediato<\/li>\n<li>Embraiagem de 20Kg (mod 4000 e 5000)<\/li>\n<li>Embraiagem de 25Kg (mod 7000)<\/li>\n<li>Embraiagem micro ajust\u00e1vel<\/li>\n<li>Embraiagem com discos em carbono<\/li>\n<li>7+1 rolamentos em a\u00e7o inox<\/li>\n<li>Retentores no veio, rotor e bot\u00e3o da bobine<\/li>\n<li>2 rolamentos na bobine<\/li>\n<li>Roda de croa h\u00edbrida<\/li>\n<li>Asa de cesto com bloqueador<\/li>\n<li>Peso: 525g<\/li>\n<li>Recupera\u00e7\u00e3o: 5.3:1<\/li>\n<li>Rolamentos: 7+1<\/li>\n<li>Linha: 210m de 0.35<\/li>\n<\/ul>\n","protected":false},"excerpt":{"rendered":"<p>Corpo e rotor em alum\u00ednio r\u00edgido Veio principal e veio da manivela em a\u00e7o inox Veio da roda de croa em a\u00e7o inox Bobine e manivela em alum\u00ednio Punho de combate EVA em bola Rod\u00edzio anti-tors\u00e3o Anti-reverse imediato Embraiagem de 20Kg (mod 4000 e 5000) Embraiagem de 25Kg (mod 7000) Embraiagem micro ajust\u00e1vel Embraiagem com &hellip; <\/p>\n<p class=\"more-link-wrap\"><a href=\"https:\/\/nautipescas.pt\/fr\/produto\/carreto-barros-drago-sw-5000\/\" class=\"more-link\"><span>Read More<span class=\"screen-reader-text\"> \u00ab\u00a0CARRETO BARROS DRAGO SW 5000\u00a0\u00bb<\/span><\/span><\/a><\/p>\n","protected":false},"featured_media":5159,"template":"","meta":{"inline_featured_image":false},"product_cat":[195,168,148],"product_tag":[],"marcas":[248],"class_list":["post-5158","product","type-product","status-publish","has-post-thumbnail","hentry","product_cat-carretos","product_cat-carretos-spinning","product_cat-pesca","marcas-barros-canas-carretos-fios"],"acf":[],"yoast_head":"<!-- This site is optimized with the Yoast SEO plugin v19.2 - https:\/\/yoast.com\/wordpress\/plugins\/seo\/ -->\n<title>CARRETO BARROS DRAGO SW 5000 - Nautipescas<\/title>\n<meta name=\"robots\" content=\"index, follow, max-snippet:-1, max-image-preview:large, max-video-preview:-1\" \/>\n<link rel=\"canonical\" href=\"https:\/\/nautipescas.pt\/produto\/carreto-barros-drago-sw-5000\/\" \/>\n<meta property=\"og:locale\" content=\"fr_FR\" \/>\n<meta property=\"og:type\" content=\"article\" \/>\n<meta property=\"og:title\" content=\"CARRETO BARROS DRAGO SW 5000 - Nautipescas\" \/>\n<meta property=\"og:description\" content=\"Corpo e rotor em alum\u00ednio r\u00edgido Veio principal e veio da manivela em a\u00e7o inox Veio da roda de croa em a\u00e7o inox Bobine e manivela em alum\u00ednio Punho de combate EVA em bola Rod\u00edzio anti-tors\u00e3o Anti-reverse imediato Embraiagem de 20Kg (mod 4000 e 5000) Embraiagem de 25Kg (mod 7000) Embraiagem micro ajust\u00e1vel Embraiagem com &hellip; Read More &quot;CARRETO BARROS DRAGO SW 5000&quot;\" \/>\n<meta property=\"og:url\" content=\"https:\/\/nautipescas.pt\/produto\/carreto-barros-drago-sw-5000\/\" \/>\n<meta property=\"og:site_name\" content=\"Nautipescas\" \/>\n<meta property=\"article:modified_time\" content=\"2024-06-14T13:55:52+00:00\" \/>\n<meta property=\"og:image\" content=\"https:\/\/nautipescas.pt\/wp-content\/uploads\/2023\/03\/500_375_drago-7000.jpg\" \/>\n\t<meta property=\"og:image:width\" content=\"500\" \/>\n\t<meta property=\"og:image:height\" content=\"375\" \/>\n\t<meta property=\"og:image:type\" content=\"image\/jpeg\" \/>\n<meta name=\"author\" content=\"Paulo Chaves\" \/>\n<meta name=\"twitter:card\" content=\"summary_large_image\" \/>\n<script type=\"application\/ld+json\" class=\"yoast-schema-graph\">{\"@context\":\"https:\/\/schema.org\",\"@graph\":[{\"@type\":\"WebSite\",\"@id\":\"https:\/\/nautipescas.pt\/#website\",\"url\":\"https:\/\/nautipescas.pt\/\",\"name\":\"Nautipescas\",\"description\":\"\",\"potentialAction\":[{\"@type\":\"SearchAction\",\"target\":{\"@type\":\"EntryPoint\",\"urlTemplate\":\"https:\/\/nautipescas.pt\/?s={search_term_string}\"},\"query-input\":\"required name=search_term_string\"}],\"inLanguage\":\"fr-FR\"},{\"@type\":\"ImageObject\",\"inLanguage\":\"fr-FR\",\"@id\":\"https:\/\/nautipescas.pt\/produto\/carreto-barros-drago-sw-5000\/#primaryimage\",\"url\":\"https:\/\/nautipescas.pt\/wp-content\/uploads\/2023\/03\/500_375_drago-7000.jpg\",\"contentUrl\":\"https:\/\/nautipescas.pt\/wp-content\/uploads\/2023\/03\/500_375_drago-7000.jpg\",\"width\":500,\"height\":375},{\"@type\":\"WebPage\",\"@id\":\"https:\/\/nautipescas.pt\/produto\/carreto-barros-drago-sw-5000\/#webpage\",\"url\":\"https:\/\/nautipescas.pt\/produto\/carreto-barros-drago-sw-5000\/\",\"name\":\"CARRETO BARROS DRAGO SW 5000 - Nautipescas\",\"isPartOf\":{\"@id\":\"https:\/\/nautipescas.pt\/#website\"},\"primaryImageOfPage\":{\"@id\":\"https:\/\/nautipescas.pt\/produto\/carreto-barros-drago-sw-5000\/#primaryimage\"},\"datePublished\":\"2023-03-07T18:34:03+00:00\",\"dateModified\":\"2024-06-14T13:55:52+00:00\",\"breadcrumb\":{\"@id\":\"https:\/\/nautipescas.pt\/produto\/carreto-barros-drago-sw-5000\/#breadcrumb\"},\"inLanguage\":\"fr-FR\",\"potentialAction\":[{\"@type\":\"ReadAction\",\"target\":[\"https:\/\/nautipescas.pt\/produto\/carreto-barros-drago-sw-5000\/\"]}]},{\"@type\":\"BreadcrumbList\",\"@id\":\"https:\/\/nautipescas.pt\/produto\/carreto-barros-drago-sw-5000\/#breadcrumb\",\"itemListElement\":[{\"@type\":\"ListItem\",\"position\":1,\"name\":\"In\u00edcio\",\"item\":\"https:\/\/nautipescas.pt\/fr\/\"},{\"@type\":\"ListItem\",\"position\":2,\"name\":\"Boutique\",\"item\":\"https:\/\/nautipescas.pt\/fr\/boutique-magasin-de-peche-a-proximite\/\"},{\"@type\":\"ListItem\",\"position\":3,\"name\":\"CARRETO BARROS DRAGO SW 5000\"}]}]}<\/script>\n<!-- \/ Yoast SEO plugin. -->","yoast_head_json":{"title":"CARRETO BARROS DRAGO SW 5000 - Nautipescas","robots":{"index":"index","follow":"follow","max-snippet":"max-snippet:-1","max-image-preview":"max-image-preview:large","max-video-preview":"max-video-preview:-1"},"canonical":"https:\/\/nautipescas.pt\/produto\/carreto-barros-drago-sw-5000\/","og_locale":"fr_FR","og_type":"article","og_title":"CARRETO BARROS DRAGO SW 5000 - Nautipescas","og_description":"Corpo e rotor em alum\u00ednio r\u00edgido Veio principal e veio da manivela em a\u00e7o inox Veio da roda de croa em a\u00e7o inox Bobine e manivela em alum\u00ednio Punho de combate EVA em bola Rod\u00edzio anti-tors\u00e3o Anti-reverse imediato Embraiagem de 20Kg (mod 4000 e 5000) Embraiagem de 25Kg (mod 7000) Embraiagem micro ajust\u00e1vel Embraiagem com &hellip; Read More \"CARRETO BARROS DRAGO SW 5000\"","og_url":"https:\/\/nautipescas.pt\/produto\/carreto-barros-drago-sw-5000\/","og_site_name":"Nautipescas","article_modified_time":"2024-06-14T13:55:52+00:00","og_image":[{"width":500,"height":375,"url":"https:\/\/nautipescas.pt\/wp-content\/uploads\/2023\/03\/500_375_drago-7000.jpg","type":"image\/jpeg"}],"author":"Paulo Chaves","twitter_card":"summary_large_image","schema":{"@context":"https:\/\/schema.org","@graph":[{"@type":"WebSite","@id":"https:\/\/nautipescas.pt\/#website","url":"https:\/\/nautipescas.pt\/","name":"Nautipescas","description":"","potentialAction":[{"@type":"SearchAction","target":{"@type":"EntryPoint","urlTemplate":"https:\/\/nautipescas.pt\/?s={search_term_string}"},"query-input":"required name=search_term_string"}],"inLanguage":"fr-FR"},{"@type":"ImageObject","inLanguage":"fr-FR","@id":"https:\/\/nautipescas.pt\/produto\/carreto-barros-drago-sw-5000\/#primaryimage","url":"https:\/\/nautipescas.pt\/wp-content\/uploads\/2023\/03\/500_375_drago-7000.jpg","contentUrl":"https:\/\/nautipescas.pt\/wp-content\/uploads\/2023\/03\/500_375_drago-7000.jpg","width":500,"height":375},{"@type":"WebPage","@id":"https:\/\/nautipescas.pt\/produto\/carreto-barros-drago-sw-5000\/#webpage","url":"https:\/\/nautipescas.pt\/produto\/carreto-barros-drago-sw-5000\/","name":"CARRETO BARROS DRAGO SW 5000 - Nautipescas","isPartOf":{"@id":"https:\/\/nautipescas.pt\/#website"},"primaryImageOfPage":{"@id":"https:\/\/nautipescas.pt\/produto\/carreto-barros-drago-sw-5000\/#primaryimage"},"datePublished":"2023-03-07T18:34:03+00:00","dateModified":"2024-06-14T13:55:52+00:00","breadcrumb":{"@id":"https:\/\/nautipescas.pt\/produto\/carreto-barros-drago-sw-5000\/#breadcrumb"},"inLanguage":"fr-FR","potentialAction":[{"@type":"ReadAction","target":["https:\/\/nautipescas.pt\/produto\/carreto-barros-drago-sw-5000\/"]}]},{"@type":"BreadcrumbList","@id":"https:\/\/nautipescas.pt\/produto\/carreto-barros-drago-sw-5000\/#breadcrumb","itemListElement":[{"@type":"ListItem","position":1,"name":"In\u00edcio","item":"https:\/\/nautipescas.pt\/fr\/"},{"@type":"ListItem","position":2,"name":"Boutique","item":"https:\/\/nautipescas.pt\/fr\/boutique-magasin-de-peche-a-proximite\/"},{"@type":"ListItem","position":3,"name":"CARRETO BARROS DRAGO SW 5000"}]}]}},"_links":{"self":[{"href":"https:\/\/nautipescas.pt\/fr\/wp-json\/wp\/v2\/product\/5158","targetHints":{"allow":["GET"]}}],"collection":[{"href":"https:\/\/nautipescas.pt\/fr\/wp-json\/wp\/v2\/product"}],"about":[{"href":"https:\/\/nautipescas.pt\/fr\/wp-json\/wp\/v2\/types\/product"}],"wp:featuredmedia":[{"embeddable":true,"href":"https:\/\/nautipescas.pt\/fr\/wp-json\/wp\/v2\/media\/5159"}],"wp:attachment":[{"href":"https:\/\/nautipescas.pt\/fr\/wp-json\/wp\/v2\/media?parent=5158"}],"wp:term":[{"taxonomy":"product_cat","embeddable":true,"href":"https:\/\/nautipescas.pt\/fr\/wp-json\/wp\/v2\/product_cat?post=5158"},{"taxonomy":"product_tag","embeddable":true,"href":"https:\/\/nautipescas.pt\/fr\/wp-json\/wp\/v2\/product_tag?post=5158"},{"taxonomy":"marcas","embeddable":true,"href":"https:\/\/nautipescas.pt\/fr\/wp-json\/wp\/v2\/marcas?post=5158"}],"curies":[{"name":"wp","href":"https:\/\/api.w.org\/{rel}","templated":true}]}}