{"id":5185,"date":"2023-03-07T18:56:30","date_gmt":"2023-03-07T18:56:30","guid":{"rendered":"https:\/\/nautipescas.pt\/?post_type=product&#038;p=5185"},"modified":"2023-03-07T18:58:22","modified_gmt":"2023-03-07T18:58:22","slug":"fio-flomax-tekline-150mt","status":"publish","type":"product","link":"https:\/\/nautipescas.pt\/fr\/produto\/fio-flomax-tekline-150mt\/","title":{"rendered":"FIO FLOMAX TEKLINE 150MT"},"content":{"rendered":"<div class=\"span9\">\n<div class=\"tmp-content-area\">\n<div class=\"productdetails-view productdetails\">\n<div class=\"product-description\">\n<p><span class=\"title\">Descri\u00e7\u00e3o<\/span>Linha monofilamento indicada para pesca: b\u00f3ia, embarcada, spinning<\/p>\n<p>A TEKLINE \u00e9 uma nano pol\u00edmero que muitos pescadores tornaram um best-seller sem r\u00edval. As suas propriedades s\u00e3o de tal maneira extraordin\u00e1rias que muitos dos pescadores a tornam indispens\u00e1vel no seu estojo de pesca. A TEKLINE foi pensada objectivamente para ser usada na montagem com anz\u00f3is; a sua invisibilidade devida \u00e0 mistura de flurorocabon na sua composi\u00e7\u00e3o e resist\u00eancia s\u00e3o a cereja no topo do bolo. A sua alta invisibilidade, o seu baixo n\u00edvel de mem\u00f3ria e a sua alta resist\u00eancia \u00e0 abras\u00e3o tornar\u00e3o a TEKLINE a linha mais desejada. Tanto em \u00e1gua salgada como em \u00e1gua doce, a sua qualidade \u00e9 inalter\u00e1vel.<\/p>\n<p>Embalagem com 1 bobine de 150 Mt<\/p>\n<p>&nbsp;<\/p>\n<p>&nbsp;<\/p>\n<p>&nbsp;<\/p>\n<div class=\"moduletable\">\n<h3><\/h3>\n<div class=\"vmgroup\">\n<div class=\"clear\"><\/div>\n<\/div>\n<\/div>\n<p>&nbsp;<\/p>\n<\/div>\n<\/div>\n<\/div>\n<\/div>\n","protected":false},"excerpt":{"rendered":"<p>Descri\u00e7\u00e3oLinha monofilamento indicada para pesca: b\u00f3ia, embarcada, spinning A TEKLINE \u00e9 uma nano pol\u00edmero que muitos pescadores tornaram um best-seller sem r\u00edval. As suas propriedades s\u00e3o de tal maneira extraordin\u00e1rias que muitos dos pescadores a tornam indispens\u00e1vel no seu estojo de pesca. A TEKLINE foi pensada objectivamente para ser usada na montagem com anz\u00f3is; a &hellip; <\/p>\n<p class=\"more-link-wrap\"><a href=\"https:\/\/nautipescas.pt\/fr\/produto\/fio-flomax-tekline-150mt\/\" class=\"more-link\"><span>Read More<span class=\"screen-reader-text\"> \u00ab\u00a0FIO FLOMAX TEKLINE 150MT\u00a0\u00bb<\/span><\/span><\/a><\/p>\n","protected":false},"featured_media":5194,"template":"","meta":{"inline_featured_image":false},"product_cat":[227,148],"product_tag":[],"marcas":[],"class_list":["post-5185","product","type-product","status-publish","has-post-thumbnail","hentry","product_cat-fios-de-nylon","product_cat-pesca"],"acf":[],"yoast_head":"<!-- This site is optimized with the Yoast SEO plugin v19.2 - https:\/\/yoast.com\/wordpress\/plugins\/seo\/ -->\n<title>FIO FLOMAX TEKLINE 150MT - Nautipescas<\/title>\n<meta name=\"robots\" content=\"index, follow, max-snippet:-1, max-image-preview:large, max-video-preview:-1\" \/>\n<link rel=\"canonical\" href=\"https:\/\/nautipescas.pt\/produto\/fio-flomax-tekline-150mt\/\" \/>\n<meta property=\"og:locale\" content=\"fr_FR\" \/>\n<meta property=\"og:type\" content=\"article\" \/>\n<meta property=\"og:title\" content=\"FIO FLOMAX TEKLINE 150MT - Nautipescas\" \/>\n<meta property=\"og:description\" content=\"Descri\u00e7\u00e3oLinha monofilamento indicada para pesca: b\u00f3ia, embarcada, spinning A TEKLINE \u00e9 uma nano pol\u00edmero que muitos pescadores tornaram um best-seller sem r\u00edval. As suas propriedades s\u00e3o de tal maneira extraordin\u00e1rias que muitos dos pescadores a tornam indispens\u00e1vel no seu estojo de pesca. A TEKLINE foi pensada objectivamente para ser usada na montagem com anz\u00f3is; a &hellip; Read More &quot;FIO FLOMAX TEKLINE 150MT&quot;\" \/>\n<meta property=\"og:url\" content=\"https:\/\/nautipescas.pt\/produto\/fio-flomax-tekline-150mt\/\" \/>\n<meta property=\"og:site_name\" content=\"Nautipescas\" \/>\n<meta property=\"article:modified_time\" content=\"2023-03-07T18:58:22+00:00\" \/>\n<meta property=\"og:image\" content=\"https:\/\/nautipescas.pt\/wp-content\/uploads\/2023\/03\/linha-flomax-tekline.png\" \/>\n\t<meta property=\"og:image:width\" content=\"395\" \/>\n\t<meta property=\"og:image:height\" content=\"357\" \/>\n\t<meta property=\"og:image:type\" content=\"image\/png\" \/>\n<meta name=\"author\" content=\"Paulo Chaves\" \/>\n<meta name=\"twitter:card\" content=\"summary_large_image\" \/>\n<meta name=\"twitter:label1\" content=\"Dur\u00e9e de lecture estim\u00e9e\" \/>\n\t<meta name=\"twitter:data1\" content=\"1 minute\" \/>\n<script type=\"application\/ld+json\" class=\"yoast-schema-graph\">{\"@context\":\"https:\/\/schema.org\",\"@graph\":[{\"@type\":\"WebSite\",\"@id\":\"https:\/\/nautipescas.pt\/#website\",\"url\":\"https:\/\/nautipescas.pt\/\",\"name\":\"Nautipescas\",\"description\":\"\",\"potentialAction\":[{\"@type\":\"SearchAction\",\"target\":{\"@type\":\"EntryPoint\",\"urlTemplate\":\"https:\/\/nautipescas.pt\/?s={search_term_string}\"},\"query-input\":\"required name=search_term_string\"}],\"inLanguage\":\"fr-FR\"},{\"@type\":\"ImageObject\",\"inLanguage\":\"fr-FR\",\"@id\":\"https:\/\/nautipescas.pt\/produto\/fio-flomax-tekline-150mt\/#primaryimage\",\"url\":\"https:\/\/nautipescas.pt\/wp-content\/uploads\/2023\/03\/linha-flomax-tekline.png\",\"contentUrl\":\"https:\/\/nautipescas.pt\/wp-content\/uploads\/2023\/03\/linha-flomax-tekline.png\",\"width\":395,\"height\":357},{\"@type\":\"WebPage\",\"@id\":\"https:\/\/nautipescas.pt\/produto\/fio-flomax-tekline-150mt\/#webpage\",\"url\":\"https:\/\/nautipescas.pt\/produto\/fio-flomax-tekline-150mt\/\",\"name\":\"FIO FLOMAX TEKLINE 150MT - Nautipescas\",\"isPartOf\":{\"@id\":\"https:\/\/nautipescas.pt\/#website\"},\"primaryImageOfPage\":{\"@id\":\"https:\/\/nautipescas.pt\/produto\/fio-flomax-tekline-150mt\/#primaryimage\"},\"datePublished\":\"2023-03-07T18:56:30+00:00\",\"dateModified\":\"2023-03-07T18:58:22+00:00\",\"breadcrumb\":{\"@id\":\"https:\/\/nautipescas.pt\/produto\/fio-flomax-tekline-150mt\/#breadcrumb\"},\"inLanguage\":\"fr-FR\",\"potentialAction\":[{\"@type\":\"ReadAction\",\"target\":[\"https:\/\/nautipescas.pt\/produto\/fio-flomax-tekline-150mt\/\"]}]},{\"@type\":\"BreadcrumbList\",\"@id\":\"https:\/\/nautipescas.pt\/produto\/fio-flomax-tekline-150mt\/#breadcrumb\",\"itemListElement\":[{\"@type\":\"ListItem\",\"position\":1,\"name\":\"In\u00edcio\",\"item\":\"https:\/\/nautipescas.pt\/fr\/\"},{\"@type\":\"ListItem\",\"position\":2,\"name\":\"Boutique\",\"item\":\"https:\/\/nautipescas.pt\/fr\/boutique-magasin-de-peche-a-proximite\/\"},{\"@type\":\"ListItem\",\"position\":3,\"name\":\"FIO FLOMAX TEKLINE 150MT\"}]}]}<\/script>\n<!-- \/ Yoast SEO plugin. -->","yoast_head_json":{"title":"FIO FLOMAX TEKLINE 150MT - Nautipescas","robots":{"index":"index","follow":"follow","max-snippet":"max-snippet:-1","max-image-preview":"max-image-preview:large","max-video-preview":"max-video-preview:-1"},"canonical":"https:\/\/nautipescas.pt\/produto\/fio-flomax-tekline-150mt\/","og_locale":"fr_FR","og_type":"article","og_title":"FIO FLOMAX TEKLINE 150MT - Nautipescas","og_description":"Descri\u00e7\u00e3oLinha monofilamento indicada para pesca: b\u00f3ia, embarcada, spinning A TEKLINE \u00e9 uma nano pol\u00edmero que muitos pescadores tornaram um best-seller sem r\u00edval. As suas propriedades s\u00e3o de tal maneira extraordin\u00e1rias que muitos dos pescadores a tornam indispens\u00e1vel no seu estojo de pesca. A TEKLINE foi pensada objectivamente para ser usada na montagem com anz\u00f3is; a &hellip; Read More \"FIO FLOMAX TEKLINE 150MT\"","og_url":"https:\/\/nautipescas.pt\/produto\/fio-flomax-tekline-150mt\/","og_site_name":"Nautipescas","article_modified_time":"2023-03-07T18:58:22+00:00","og_image":[{"width":395,"height":357,"url":"https:\/\/nautipescas.pt\/wp-content\/uploads\/2023\/03\/linha-flomax-tekline.png","type":"image\/png"}],"author":"Paulo Chaves","twitter_card":"summary_large_image","twitter_misc":{"Dur\u00e9e de lecture estim\u00e9e":"1 minute"},"schema":{"@context":"https:\/\/schema.org","@graph":[{"@type":"WebSite","@id":"https:\/\/nautipescas.pt\/#website","url":"https:\/\/nautipescas.pt\/","name":"Nautipescas","description":"","potentialAction":[{"@type":"SearchAction","target":{"@type":"EntryPoint","urlTemplate":"https:\/\/nautipescas.pt\/?s={search_term_string}"},"query-input":"required name=search_term_string"}],"inLanguage":"fr-FR"},{"@type":"ImageObject","inLanguage":"fr-FR","@id":"https:\/\/nautipescas.pt\/produto\/fio-flomax-tekline-150mt\/#primaryimage","url":"https:\/\/nautipescas.pt\/wp-content\/uploads\/2023\/03\/linha-flomax-tekline.png","contentUrl":"https:\/\/nautipescas.pt\/wp-content\/uploads\/2023\/03\/linha-flomax-tekline.png","width":395,"height":357},{"@type":"WebPage","@id":"https:\/\/nautipescas.pt\/produto\/fio-flomax-tekline-150mt\/#webpage","url":"https:\/\/nautipescas.pt\/produto\/fio-flomax-tekline-150mt\/","name":"FIO FLOMAX TEKLINE 150MT - Nautipescas","isPartOf":{"@id":"https:\/\/nautipescas.pt\/#website"},"primaryImageOfPage":{"@id":"https:\/\/nautipescas.pt\/produto\/fio-flomax-tekline-150mt\/#primaryimage"},"datePublished":"2023-03-07T18:56:30+00:00","dateModified":"2023-03-07T18:58:22+00:00","breadcrumb":{"@id":"https:\/\/nautipescas.pt\/produto\/fio-flomax-tekline-150mt\/#breadcrumb"},"inLanguage":"fr-FR","potentialAction":[{"@type":"ReadAction","target":["https:\/\/nautipescas.pt\/produto\/fio-flomax-tekline-150mt\/"]}]},{"@type":"BreadcrumbList","@id":"https:\/\/nautipescas.pt\/produto\/fio-flomax-tekline-150mt\/#breadcrumb","itemListElement":[{"@type":"ListItem","position":1,"name":"In\u00edcio","item":"https:\/\/nautipescas.pt\/fr\/"},{"@type":"ListItem","position":2,"name":"Boutique","item":"https:\/\/nautipescas.pt\/fr\/boutique-magasin-de-peche-a-proximite\/"},{"@type":"ListItem","position":3,"name":"FIO FLOMAX TEKLINE 150MT"}]}]}},"_links":{"self":[{"href":"https:\/\/nautipescas.pt\/fr\/wp-json\/wp\/v2\/product\/5185","targetHints":{"allow":["GET"]}}],"collection":[{"href":"https:\/\/nautipescas.pt\/fr\/wp-json\/wp\/v2\/product"}],"about":[{"href":"https:\/\/nautipescas.pt\/fr\/wp-json\/wp\/v2\/types\/product"}],"wp:featuredmedia":[{"embeddable":true,"href":"https:\/\/nautipescas.pt\/fr\/wp-json\/wp\/v2\/media\/5194"}],"wp:attachment":[{"href":"https:\/\/nautipescas.pt\/fr\/wp-json\/wp\/v2\/media?parent=5185"}],"wp:term":[{"taxonomy":"product_cat","embeddable":true,"href":"https:\/\/nautipescas.pt\/fr\/wp-json\/wp\/v2\/product_cat?post=5185"},{"taxonomy":"product_tag","embeddable":true,"href":"https:\/\/nautipescas.pt\/fr\/wp-json\/wp\/v2\/product_tag?post=5185"},{"taxonomy":"marcas","embeddable":true,"href":"https:\/\/nautipescas.pt\/fr\/wp-json\/wp\/v2\/marcas?post=5185"}],"curies":[{"name":"wp","href":"https:\/\/api.w.org\/{rel}","templated":true}]}}