{"id":5313,"date":"2023-03-08T12:41:11","date_gmt":"2023-03-08T12:41:11","guid":{"rendered":"https:\/\/nautipescas.pt\/?post_type=product&#038;p=5313"},"modified":"2023-12-27T15:28:58","modified_gmt":"2023-12-27T15:28:58","slug":"carreto-hart-kombat-js-6500","status":"publish","type":"product","link":"https:\/\/nautipescas.pt\/fr\/produto\/carreto-hart-kombat-js-6500\/","title":{"rendered":"CARRETO HART KOMBAT JS 6500"},"content":{"rendered":"<p>Carreto de ultima tecnologia poderoso e leve especial para spinning e jigging extremos.<br \/>\nCorpo de alum\u00ednio selado, rotor de alum\u00ednio com design ergon\u00f4mico e al\u00e7a forjada.<br \/>\nEixo principal e eixo da coroa em a\u00e7o inoxid\u00e1vel.<br \/>\nEngrenagens interiores fabricadas em bronze marinho.<br \/>\nEixo principal refor\u00e7ado para evitar a tor\u00e7\u00e3o na a\u00e7\u00e3o de combate.<br \/>\nBobina personalizada com multiperfora\u00e7\u00f5es.<br \/>\nAl\u00e7a mecanizada em alum\u00ednio e bot\u00e3o de combate ergon\u00f4mico em EVA.<br \/>\nPick-up extra grosso com guia de fio sobredimensionado integrado.<br \/>\n10 rolamentos: 9 bolas em inoxid\u00e1vel e 1 de anti-retro infinito cont\u00ednuo.<br \/>\nFreio imperme\u00e1vel com 10 discos de carbono lubrificados e a\u00e7o inoxid\u00e1vel poderoso e preciso:<br \/>\n20 kg nos 3500, 25 kg nos 5000 e 30 kg no 6500.<\/p>\n<p>Ficha T\u00e9cnica:<br \/>\nModelo: Kombat JS 6500<br \/>\nTamanho:6500<br \/>\nRatio: 4,7,1<br \/>\nCapacidade: 0,40mm-540m \/ 0,45 mm-410m \/ 0,50mm-350m<br \/>\nEnrolamento: 101cm<br \/>\nDrag: 30kg<br \/>\nRolamentos: 9+1<br \/>\nPeso: 598g<\/p>\n","protected":false},"excerpt":{"rendered":"<p>Carreto de ultima tecnologia poderoso e leve especial para spinning e jigging extremos. Corpo de alum\u00ednio selado, rotor de alum\u00ednio com design ergon\u00f4mico e al\u00e7a forjada. Eixo principal e eixo da coroa em a\u00e7o inoxid\u00e1vel. Engrenagens interiores fabricadas em bronze marinho. Eixo principal refor\u00e7ado para evitar a tor\u00e7\u00e3o na a\u00e7\u00e3o de combate. Bobina personalizada com &hellip; <\/p>\n<p class=\"more-link-wrap\"><a href=\"https:\/\/nautipescas.pt\/fr\/produto\/carreto-hart-kombat-js-6500\/\" class=\"more-link\"><span>Read More<span class=\"screen-reader-text\"> \u00ab\u00a0CARRETO HART KOMBAT JS 6500\u00a0\u00bb<\/span><\/span><\/a><\/p>\n","protected":false},"featured_media":5318,"template":"","meta":{"inline_featured_image":false},"product_cat":[195,168,148],"product_tag":[],"marcas":[133],"class_list":["post-5313","product","type-product","status-publish","has-post-thumbnail","hentry","product_cat-carretos","product_cat-carretos-spinning","product_cat-pesca","marcas-hart"],"acf":[],"yoast_head":"<!-- This site is optimized with the Yoast SEO plugin v19.2 - https:\/\/yoast.com\/wordpress\/plugins\/seo\/ -->\n<title>CARRETO HART KOMBAT JS 6500 - Nautipescas<\/title>\n<meta name=\"robots\" content=\"index, follow, max-snippet:-1, max-image-preview:large, max-video-preview:-1\" \/>\n<link rel=\"canonical\" href=\"https:\/\/nautipescas.pt\/produto\/carreto-hart-kombat-js-6500\/\" \/>\n<meta property=\"og:locale\" content=\"fr_FR\" \/>\n<meta property=\"og:type\" content=\"article\" \/>\n<meta property=\"og:title\" content=\"CARRETO HART KOMBAT JS 6500 - Nautipescas\" \/>\n<meta property=\"og:description\" content=\"Carreto de ultima tecnologia poderoso e leve especial para spinning e jigging extremos. Corpo de alum\u00ednio selado, rotor de alum\u00ednio com design ergon\u00f4mico e al\u00e7a forjada. Eixo principal e eixo da coroa em a\u00e7o inoxid\u00e1vel. Engrenagens interiores fabricadas em bronze marinho. Eixo principal refor\u00e7ado para evitar a tor\u00e7\u00e3o na a\u00e7\u00e3o de combate. Bobina personalizada com &hellip; Read More &quot;CARRETO HART KOMBAT JS 6500&quot;\" \/>\n<meta property=\"og:url\" content=\"https:\/\/nautipescas.pt\/produto\/carreto-hart-kombat-js-6500\/\" \/>\n<meta property=\"og:site_name\" content=\"Nautipescas\" \/>\n<meta property=\"article:modified_time\" content=\"2023-12-27T15:28:58+00:00\" \/>\n<meta property=\"og:image\" content=\"https:\/\/nautipescas.pt\/wp-content\/uploads\/2023\/03\/carretel-hart-kombat-js-6500-9-1bb.jpg\" \/>\n\t<meta property=\"og:image:width\" content=\"1000\" \/>\n\t<meta property=\"og:image:height\" content=\"1000\" \/>\n\t<meta property=\"og:image:type\" content=\"image\/jpeg\" \/>\n<meta name=\"author\" content=\"Paulo Chaves\" \/>\n<meta name=\"twitter:card\" content=\"summary_large_image\" \/>\n<meta name=\"twitter:label1\" content=\"Dur\u00e9e de lecture estim\u00e9e\" \/>\n\t<meta name=\"twitter:data1\" content=\"1 minute\" \/>\n<script type=\"application\/ld+json\" class=\"yoast-schema-graph\">{\"@context\":\"https:\/\/schema.org\",\"@graph\":[{\"@type\":\"WebSite\",\"@id\":\"https:\/\/nautipescas.pt\/#website\",\"url\":\"https:\/\/nautipescas.pt\/\",\"name\":\"Nautipescas\",\"description\":\"\",\"potentialAction\":[{\"@type\":\"SearchAction\",\"target\":{\"@type\":\"EntryPoint\",\"urlTemplate\":\"https:\/\/nautipescas.pt\/?s={search_term_string}\"},\"query-input\":\"required name=search_term_string\"}],\"inLanguage\":\"fr-FR\"},{\"@type\":\"ImageObject\",\"inLanguage\":\"fr-FR\",\"@id\":\"https:\/\/nautipescas.pt\/produto\/carreto-hart-kombat-js-6500\/#primaryimage\",\"url\":\"https:\/\/nautipescas.pt\/wp-content\/uploads\/2023\/03\/carretel-hart-kombat-js-6500-9-1bb.jpg\",\"contentUrl\":\"https:\/\/nautipescas.pt\/wp-content\/uploads\/2023\/03\/carretel-hart-kombat-js-6500-9-1bb.jpg\",\"width\":1000,\"height\":1000},{\"@type\":\"WebPage\",\"@id\":\"https:\/\/nautipescas.pt\/produto\/carreto-hart-kombat-js-6500\/#webpage\",\"url\":\"https:\/\/nautipescas.pt\/produto\/carreto-hart-kombat-js-6500\/\",\"name\":\"CARRETO HART KOMBAT JS 6500 - Nautipescas\",\"isPartOf\":{\"@id\":\"https:\/\/nautipescas.pt\/#website\"},\"primaryImageOfPage\":{\"@id\":\"https:\/\/nautipescas.pt\/produto\/carreto-hart-kombat-js-6500\/#primaryimage\"},\"datePublished\":\"2023-03-08T12:41:11+00:00\",\"dateModified\":\"2023-12-27T15:28:58+00:00\",\"breadcrumb\":{\"@id\":\"https:\/\/nautipescas.pt\/produto\/carreto-hart-kombat-js-6500\/#breadcrumb\"},\"inLanguage\":\"fr-FR\",\"potentialAction\":[{\"@type\":\"ReadAction\",\"target\":[\"https:\/\/nautipescas.pt\/produto\/carreto-hart-kombat-js-6500\/\"]}]},{\"@type\":\"BreadcrumbList\",\"@id\":\"https:\/\/nautipescas.pt\/produto\/carreto-hart-kombat-js-6500\/#breadcrumb\",\"itemListElement\":[{\"@type\":\"ListItem\",\"position\":1,\"name\":\"In\u00edcio\",\"item\":\"https:\/\/nautipescas.pt\/fr\/\"},{\"@type\":\"ListItem\",\"position\":2,\"name\":\"Boutique\",\"item\":\"https:\/\/nautipescas.pt\/fr\/boutique-magasin-de-peche-a-proximite\/\"},{\"@type\":\"ListItem\",\"position\":3,\"name\":\"CARRETO HART KOMBAT JS 6500\"}]}]}<\/script>\n<!-- \/ Yoast SEO plugin. -->","yoast_head_json":{"title":"CARRETO HART KOMBAT JS 6500 - Nautipescas","robots":{"index":"index","follow":"follow","max-snippet":"max-snippet:-1","max-image-preview":"max-image-preview:large","max-video-preview":"max-video-preview:-1"},"canonical":"https:\/\/nautipescas.pt\/produto\/carreto-hart-kombat-js-6500\/","og_locale":"fr_FR","og_type":"article","og_title":"CARRETO HART KOMBAT JS 6500 - Nautipescas","og_description":"Carreto de ultima tecnologia poderoso e leve especial para spinning e jigging extremos. Corpo de alum\u00ednio selado, rotor de alum\u00ednio com design ergon\u00f4mico e al\u00e7a forjada. Eixo principal e eixo da coroa em a\u00e7o inoxid\u00e1vel. Engrenagens interiores fabricadas em bronze marinho. Eixo principal refor\u00e7ado para evitar a tor\u00e7\u00e3o na a\u00e7\u00e3o de combate. Bobina personalizada com &hellip; Read More \"CARRETO HART KOMBAT JS 6500\"","og_url":"https:\/\/nautipescas.pt\/produto\/carreto-hart-kombat-js-6500\/","og_site_name":"Nautipescas","article_modified_time":"2023-12-27T15:28:58+00:00","og_image":[{"width":1000,"height":1000,"url":"https:\/\/nautipescas.pt\/wp-content\/uploads\/2023\/03\/carretel-hart-kombat-js-6500-9-1bb.jpg","type":"image\/jpeg"}],"author":"Paulo Chaves","twitter_card":"summary_large_image","twitter_misc":{"Dur\u00e9e de lecture estim\u00e9e":"1 minute"},"schema":{"@context":"https:\/\/schema.org","@graph":[{"@type":"WebSite","@id":"https:\/\/nautipescas.pt\/#website","url":"https:\/\/nautipescas.pt\/","name":"Nautipescas","description":"","potentialAction":[{"@type":"SearchAction","target":{"@type":"EntryPoint","urlTemplate":"https:\/\/nautipescas.pt\/?s={search_term_string}"},"query-input":"required name=search_term_string"}],"inLanguage":"fr-FR"},{"@type":"ImageObject","inLanguage":"fr-FR","@id":"https:\/\/nautipescas.pt\/produto\/carreto-hart-kombat-js-6500\/#primaryimage","url":"https:\/\/nautipescas.pt\/wp-content\/uploads\/2023\/03\/carretel-hart-kombat-js-6500-9-1bb.jpg","contentUrl":"https:\/\/nautipescas.pt\/wp-content\/uploads\/2023\/03\/carretel-hart-kombat-js-6500-9-1bb.jpg","width":1000,"height":1000},{"@type":"WebPage","@id":"https:\/\/nautipescas.pt\/produto\/carreto-hart-kombat-js-6500\/#webpage","url":"https:\/\/nautipescas.pt\/produto\/carreto-hart-kombat-js-6500\/","name":"CARRETO HART KOMBAT JS 6500 - Nautipescas","isPartOf":{"@id":"https:\/\/nautipescas.pt\/#website"},"primaryImageOfPage":{"@id":"https:\/\/nautipescas.pt\/produto\/carreto-hart-kombat-js-6500\/#primaryimage"},"datePublished":"2023-03-08T12:41:11+00:00","dateModified":"2023-12-27T15:28:58+00:00","breadcrumb":{"@id":"https:\/\/nautipescas.pt\/produto\/carreto-hart-kombat-js-6500\/#breadcrumb"},"inLanguage":"fr-FR","potentialAction":[{"@type":"ReadAction","target":["https:\/\/nautipescas.pt\/produto\/carreto-hart-kombat-js-6500\/"]}]},{"@type":"BreadcrumbList","@id":"https:\/\/nautipescas.pt\/produto\/carreto-hart-kombat-js-6500\/#breadcrumb","itemListElement":[{"@type":"ListItem","position":1,"name":"In\u00edcio","item":"https:\/\/nautipescas.pt\/fr\/"},{"@type":"ListItem","position":2,"name":"Boutique","item":"https:\/\/nautipescas.pt\/fr\/boutique-magasin-de-peche-a-proximite\/"},{"@type":"ListItem","position":3,"name":"CARRETO HART KOMBAT JS 6500"}]}]}},"_links":{"self":[{"href":"https:\/\/nautipescas.pt\/fr\/wp-json\/wp\/v2\/product\/5313","targetHints":{"allow":["GET"]}}],"collection":[{"href":"https:\/\/nautipescas.pt\/fr\/wp-json\/wp\/v2\/product"}],"about":[{"href":"https:\/\/nautipescas.pt\/fr\/wp-json\/wp\/v2\/types\/product"}],"wp:featuredmedia":[{"embeddable":true,"href":"https:\/\/nautipescas.pt\/fr\/wp-json\/wp\/v2\/media\/5318"}],"wp:attachment":[{"href":"https:\/\/nautipescas.pt\/fr\/wp-json\/wp\/v2\/media?parent=5313"}],"wp:term":[{"taxonomy":"product_cat","embeddable":true,"href":"https:\/\/nautipescas.pt\/fr\/wp-json\/wp\/v2\/product_cat?post=5313"},{"taxonomy":"product_tag","embeddable":true,"href":"https:\/\/nautipescas.pt\/fr\/wp-json\/wp\/v2\/product_tag?post=5313"},{"taxonomy":"marcas","embeddable":true,"href":"https:\/\/nautipescas.pt\/fr\/wp-json\/wp\/v2\/marcas?post=5313"}],"curies":[{"name":"wp","href":"https:\/\/api.w.org\/{rel}","templated":true}]}}