{"id":5462,"date":"2023-03-08T15:57:47","date_gmt":"2023-03-08T15:57:47","guid":{"rendered":"https:\/\/nautipescas.pt\/?post_type=product&#038;p=5462"},"modified":"2023-03-08T15:57:47","modified_gmt":"2023-03-08T15:57:47","slug":"cana-vega-maxius-boat-300","status":"publish","type":"product","link":"https:\/\/nautipescas.pt\/fr\/produto\/cana-vega-maxius-boat-300\/","title":{"rendered":"CANA VEGA MAXIUS BOAT 300"},"content":{"rendered":"<p>Constru\u00edda em High Resistance Carbon, com refor\u00e7o nas uni\u00f5es e com ponteiras muito sens\u00edveis. Dispon\u00edvel nos tamanhos cl\u00e1ssicos 2.70m e 3.00m com a\u00e7\u00e3o 80\/250gr.<\/p>\n<h4 class=\"section-title\">Detalhes do produto<\/h4>\n<div class=\"section-content\">\n<div id=\"product-details\" class=\"clearfix\" data-product=\"{&quot;id_shop_default&quot;:&quot;1&quot;,&quot;id_manufacturer&quot;:&quot;79&quot;,&quot;id_supplier&quot;:&quot;0&quot;,&quot;reference&quot;:&quot;&quot;,&quot;is_virtual&quot;:&quot;0&quot;,&quot;delivery_in_stock&quot;:&quot;&quot;,&quot;delivery_out_stock&quot;:&quot;&quot;,&quot;id_category_default&quot;:&quot;213&quot;,&quot;on_sale&quot;:&quot;0&quot;,&quot;online_only&quot;:&quot;0&quot;,&quot;ecotax&quot;:0,&quot;minimal_quantity&quot;:&quot;1&quot;,&quot;low_stock_threshold&quot;:null,&quot;low_stock_alert&quot;:&quot;0&quot;,&quot;price&quot;:&quot;46,00\\u00a0\\u20ac&quot;,&quot;unity&quot;:&quot;&quot;,&quot;unit_price_ratio&quot;:&quot;0.000000&quot;,&quot;additional_shipping_cost&quot;:&quot;0.000000&quot;,&quot;customizable&quot;:&quot;0&quot;,&quot;text_fields&quot;:&quot;0&quot;,&quot;uploadable_files&quot;:&quot;0&quot;,&quot;redirect_type&quot;:&quot;301-category&quot;,&quot;id_type_redirected&quot;:&quot;0&quot;,&quot;available_for_order&quot;:&quot;1&quot;,&quot;available_date&quot;:&quot;0000-00-00&quot;,&quot;show_condition&quot;:&quot;0&quot;,&quot;condition&quot;:&quot;new&quot;,&quot;show_price&quot;:&quot;1&quot;,&quot;indexed&quot;:&quot;1&quot;,&quot;visibility&quot;:&quot;both&quot;,&quot;cache_default_attribute&quot;:&quot;0&quot;,&quot;advanced_stock_management&quot;:&quot;0&quot;,&quot;date_add&quot;:&quot;2021-10-22 16:54:17&quot;,&quot;date_upd&quot;:&quot;2021-10-22 16:56:50&quot;,&quot;pack_stock_type&quot;:&quot;3&quot;,&quot;meta_description&quot;:&quot;Constru\\u00edda em High Resistance Carbon, com refor\\u00e7o nas uni\\u00f5es e com ponteiras muito sens\\u00edveis. Dispon\\u00edvel nos tamanhos cl\\u00e1ssicos 2.70m e 3.00m com a\\u00e7\\u00e3o 80\\\/250gr.&quot;,&quot;meta_keywords&quot;:&quot;Pesca embarcada Vega Cana Vega Maxius Boat 3.00m&quot;,&quot;meta_title&quot;:&quot;Cana Vega Maxius Boat 3.00m&quot;,&quot;link_rewrite&quot;:&quot;pesca-embarcada-vega-cana-vega-maxius-boat-300m&quot;,&quot;name&quot;:&quot;Cana Vega Maxius Boat 3.00m&quot;,&quot;description&quot;:&quot;&quot;,&quot;description_short&quot;:&quot;&lt;p&gt;Constru\\u00edda em High Resistance Carbon, com refor\\u00e7o nas uni\\u00f5es e com ponteiras muito sens\\u00edveis. Dispon\\u00edvel nos tamanhos cl\\u00e1ssicos 2.70m e 3.00m com a\\u00e7\\u00e3o 80\\\/250gr.&lt;\\\/p&gt;&quot;,&quot;available_now&quot;:&quot;&quot;,&quot;available_later&quot;:&quot;&quot;,&quot;id&quot;:1018,&quot;id_product&quot;:1018,&quot;out_of_stock&quot;:2,&quot;new&quot;:0,&quot;id_product_attribute&quot;:&quot;0&quot;,&quot;quantity_wanted&quot;:1,&quot;extraContent&quot;:[],&quot;allow_oosp&quot;:true,&quot;category&quot;:&quot;pesca-embarcada&quot;,&quot;category_name&quot;:&quot;Pesca embarcada&quot;,&quot;link&quot;:&quot;https:\\\/\\\/zimbromotor.pt\\\/pesca-embarcada\\\/1018-pesca-embarcada-vega-cana-vega-maxius-boat-300m.html&quot;,&quot;attribute_price&quot;:0,&quot;price_tax_exc&quot;:37.398374,&quot;price_without_reduction&quot;:46,&quot;reduction&quot;:0,&quot;specific_prices&quot;:[],&quot;quantity&quot;:5,&quot;quantity_all_versions&quot;:5,&quot;id_image&quot;:&quot;pt-default&quot;,&quot;features&quot;:[{&quot;name&quot;:&quot;Peso&quot;,&quot;value&quot;:&quot;345g&quot;,&quot;id_feature&quot;:&quot;4&quot;,&quot;position&quot;:&quot;1&quot;},{&quot;name&quot;:&quot;Material&quot;,&quot;value&quot;:&quot;Carbono&quot;,&quot;id_feature&quot;:&quot;8&quot;,&quot;position&quot;:&quot;5&quot;},{&quot;name&quot;:&quot;Passadores&quot;,&quot;value&quot;:&quot;SIC&quot;,&quot;id_feature&quot;:&quot;11&quot;,&quot;position&quot;:&quot;8&quot;},{&quot;name&quot;:&quot;A\\u00e7\\u00e3o&quot;,&quot;value&quot;:&quot;80-250g&quot;,&quot;id_feature&quot;:&quot;12&quot;,&quot;position&quot;:&quot;9&quot;},{&quot;name&quot;:&quot;Comprimento&quot;,&quot;value&quot;:&quot;3.00m&quot;,&quot;id_feature&quot;:&quot;13&quot;,&quot;position&quot;:&quot;10&quot;},{&quot;name&quot;:&quot;Sec\\u00e7\\u00f5es&quot;,&quot;value&quot;:&quot;2 + 2 ponteiras&quot;,&quot;id_feature&quot;:&quot;14&quot;,&quot;position&quot;:&quot;11&quot;},{&quot;name&quot;:&quot;Fechado&quot;,&quot;value&quot;:&quot;157cm&quot;,&quot;id_feature&quot;:&quot;15&quot;,&quot;position&quot;:&quot;12&quot;}],&quot;attachments&quot;:[],&quot;virtual&quot;:0,&quot;pack&quot;:0,&quot;packItems&quot;:[],&quot;nopackprice&quot;:0,&quot;customization_required&quot;:false,&quot;rate&quot;:23,&quot;tax_name&quot;:&quot;IVA PT 23%&quot;,&quot;ecotax_rate&quot;:0,&quot;unit_price&quot;:&quot;&quot;,&quot;customizations&quot;:{&quot;fields&quot;:[]},&quot;id_customization&quot;:0,&quot;is_customizable&quot;:false,&quot;show_quantities&quot;:false,&quot;quantity_label&quot;:&quot;Produtos&quot;,&quot;quantity_discounts&quot;:[],&quot;customer_group_discount&quot;:0,&quot;images&quot;:[{&quot;bySize&quot;:{&quot;small_default&quot;:{&quot;url&quot;:&quot;https:\\\/\\\/zimbromotor.pt\\\/1499-small_default\\\/pesca-embarcada-vega-cana-vega-maxius-boat-300m.jpg&quot;,&quot;width&quot;:98,&quot;height&quot;:127},&quot;cart_default&quot;:{&quot;url&quot;:&quot;https:\\\/\\\/zimbromotor.pt\\\/1499-cart_default\\\/pesca-embarcada-vega-cana-vega-maxius-boat-300m.jpg&quot;,&quot;width&quot;:125,&quot;height&quot;:162},&quot;home_default&quot;:{&quot;url&quot;:&quot;https:\\\/\\\/zimbromotor.pt\\\/1499-home_default\\\/pesca-embarcada-vega-cana-vega-maxius-boat-300m.jpg&quot;,&quot;width&quot;:236,&quot;height&quot;:305},&quot;large_default&quot;:{&quot;url&quot;:&quot;https:\\\/\\\/zimbromotor.pt\\\/1499-large_default\\\/pesca-embarcada-vega-cana-vega-maxius-boat-300m.jpg&quot;,&quot;width&quot;:381,&quot;height&quot;:492},&quot;medium_default&quot;:{&quot;url&quot;:&quot;https:\\\/\\\/zimbromotor.pt\\\/1499-medium_default\\\/pesca-embarcada-vega-cana-vega-maxius-boat-300m.jpg&quot;,&quot;width&quot;:452,&quot;height&quot;:584},&quot;thickbox_default&quot;:{&quot;url&quot;:&quot;https:\\\/\\\/zimbromotor.pt\\\/1499-thickbox_default\\\/pesca-embarcada-vega-cana-vega-maxius-boat-300m.jpg&quot;,&quot;width&quot;:1100,&quot;height&quot;:1422}},&quot;small&quot;:{&quot;url&quot;:&quot;https:\\\/\\\/zimbromotor.pt\\\/1499-small_default\\\/pesca-embarcada-vega-cana-vega-maxius-boat-300m.jpg&quot;,&quot;width&quot;:98,&quot;height&quot;:127},&quot;medium&quot;:{&quot;url&quot;:&quot;https:\\\/\\\/zimbromotor.pt\\\/1499-large_default\\\/pesca-embarcada-vega-cana-vega-maxius-boat-300m.jpg&quot;,&quot;width&quot;:381,&quot;height&quot;:492},&quot;large&quot;:{&quot;url&quot;:&quot;https:\\\/\\\/zimbromotor.pt\\\/1499-thickbox_default\\\/pesca-embarcada-vega-cana-vega-maxius-boat-300m.jpg&quot;,&quot;width&quot;:1100,&quot;height&quot;:1422},&quot;legend&quot;:&quot;&quot;,&quot;id_image&quot;:&quot;1499&quot;,&quot;cover&quot;:&quot;1&quot;,&quot;position&quot;:&quot;1&quot;,&quot;associatedVariants&quot;:[]},{&quot;bySize&quot;:{&quot;small_default&quot;:{&quot;url&quot;:&quot;https:\\\/\\\/zimbromotor.pt\\\/1500-small_default\\\/pesca-embarcada-vega-cana-vega-maxius-boat-300m.jpg&quot;,&quot;width&quot;:98,&quot;height&quot;:127},&quot;cart_default&quot;:{&quot;url&quot;:&quot;https:\\\/\\\/zimbromotor.pt\\\/1500-cart_default\\\/pesca-embarcada-vega-cana-vega-maxius-boat-300m.jpg&quot;,&quot;width&quot;:125,&quot;height&quot;:162},&quot;home_default&quot;:{&quot;url&quot;:&quot;https:\\\/\\\/zimbromotor.pt\\\/1500-home_default\\\/pesca-embarcada-vega-cana-vega-maxius-boat-300m.jpg&quot;,&quot;width&quot;:236,&quot;height&quot;:305},&quot;large_default&quot;:{&quot;url&quot;:&quot;https:\\\/\\\/zimbromotor.pt\\\/1500-large_default\\\/pesca-embarcada-vega-cana-vega-maxius-boat-300m.jpg&quot;,&quot;width&quot;:381,&quot;height&quot;:492},&quot;medium_default&quot;:{&quot;url&quot;:&quot;https:\\\/\\\/zimbromotor.pt\\\/1500-medium_default\\\/pesca-embarcada-vega-cana-vega-maxius-boat-300m.jpg&quot;,&quot;width&quot;:452,&quot;height&quot;:584},&quot;thickbox_default&quot;:{&quot;url&quot;:&quot;https:\\\/\\\/zimbromotor.pt\\\/1500-thickbox_default\\\/pesca-embarcada-vega-cana-vega-maxius-boat-300m.jpg&quot;,&quot;width&quot;:1100,&quot;height&quot;:1422}},&quot;small&quot;:{&quot;url&quot;:&quot;https:\\\/\\\/zimbromotor.pt\\\/1500-small_default\\\/pesca-embarcada-vega-cana-vega-maxius-boat-300m.jpg&quot;,&quot;width&quot;:98,&quot;height&quot;:127},&quot;medium&quot;:{&quot;url&quot;:&quot;https:\\\/\\\/zimbromotor.pt\\\/1500-large_default\\\/pesca-embarcada-vega-cana-vega-maxius-boat-300m.jpg&quot;,&quot;width&quot;:381,&quot;height&quot;:492},&quot;large&quot;:{&quot;url&quot;:&quot;https:\\\/\\\/zimbromotor.pt\\\/1500-thickbox_default\\\/pesca-embarcada-vega-cana-vega-maxius-boat-300m.jpg&quot;,&quot;width&quot;:1100,&quot;height&quot;:1422},&quot;legend&quot;:&quot;&quot;,&quot;id_image&quot;:&quot;1500&quot;,&quot;cover&quot;:null,&quot;position&quot;:&quot;2&quot;,&quot;associatedVariants&quot;:[]}],&quot;cover&quot;:{&quot;bySize&quot;:{&quot;small_default&quot;:{&quot;url&quot;:&quot;https:\\\/\\\/zimbromotor.pt\\\/1499-small_default\\\/pesca-embarcada-vega-cana-vega-maxius-boat-300m.jpg&quot;,&quot;width&quot;:98,&quot;height&quot;:127},&quot;cart_default&quot;:{&quot;url&quot;:&quot;https:\\\/\\\/zimbromotor.pt\\\/1499-cart_default\\\/pesca-embarcada-vega-cana-vega-maxius-boat-300m.jpg&quot;,&quot;width&quot;:125,&quot;height&quot;:162},&quot;home_default&quot;:{&quot;url&quot;:&quot;https:\\\/\\\/zimbromotor.pt\\\/1499-home_default\\\/pesca-embarcada-vega-cana-vega-maxius-boat-300m.jpg&quot;,&quot;width&quot;:236,&quot;height&quot;:305},&quot;large_default&quot;:{&quot;url&quot;:&quot;https:\\\/\\\/zimbromotor.pt\\\/1499-large_default\\\/pesca-embarcada-vega-cana-vega-maxius-boat-300m.jpg&quot;,&quot;width&quot;:381,&quot;height&quot;:492},&quot;medium_default&quot;:{&quot;url&quot;:&quot;https:\\\/\\\/zimbromotor.pt\\\/1499-medium_default\\\/pesca-embarcada-vega-cana-vega-maxius-boat-300m.jpg&quot;,&quot;width&quot;:452,&quot;height&quot;:584},&quot;thickbox_default&quot;:{&quot;url&quot;:&quot;https:\\\/\\\/zimbromotor.pt\\\/1499-thickbox_default\\\/pesca-embarcada-vega-cana-vega-maxius-boat-300m.jpg&quot;,&quot;width&quot;:1100,&quot;height&quot;:1422}},&quot;small&quot;:{&quot;url&quot;:&quot;https:\\\/\\\/zimbromotor.pt\\\/1499-small_default\\\/pesca-embarcada-vega-cana-vega-maxius-boat-300m.jpg&quot;,&quot;width&quot;:98,&quot;height&quot;:127},&quot;medium&quot;:{&quot;url&quot;:&quot;https:\\\/\\\/zimbromotor.pt\\\/1499-large_default\\\/pesca-embarcada-vega-cana-vega-maxius-boat-300m.jpg&quot;,&quot;width&quot;:381,&quot;height&quot;:492},&quot;large&quot;:{&quot;url&quot;:&quot;https:\\\/\\\/zimbromotor.pt\\\/1499-thickbox_default\\\/pesca-embarcada-vega-cana-vega-maxius-boat-300m.jpg&quot;,&quot;width&quot;:1100,&quot;height&quot;:1422},&quot;legend&quot;:&quot;&quot;,&quot;id_image&quot;:&quot;1499&quot;,&quot;cover&quot;:&quot;1&quot;,&quot;position&quot;:&quot;1&quot;,&quot;associatedVariants&quot;:[]},&quot;has_discount&quot;:false,&quot;discount_type&quot;:null,&quot;discount_percentage&quot;:null,&quot;discount_percentage_absolute&quot;:null,&quot;discount_amount&quot;:null,&quot;discount_amount_to_display&quot;:null,&quot;price_amount&quot;:46,&quot;unit_price_full&quot;:&quot;&quot;,&quot;show_availability&quot;:false,&quot;availability_message&quot;:null,&quot;availability_date&quot;:null,&quot;availability&quot;:null}\">\n<section class=\"product-features\">\n<dl class=\"data-sheet\">\n<dt class=\"name\">Peso<\/dt>\n<dd class=\"value\">345g<\/dd>\n<dt class=\"name\">Material<\/dt>\n<dd class=\"value\">Carbono<\/dd>\n<dt class=\"name\">Passadores<\/dt>\n<dd class=\"value\">SIC<\/dd>\n<dt class=\"name\">A\u00e7\u00e3o<\/dt>\n<dd class=\"value\">80-250g<\/dd>\n<dt class=\"name\">Comprimento<\/dt>\n<dd class=\"value\">3.00m<\/dd>\n<dt class=\"name\">Sec\u00e7\u00f5es<\/dt>\n<dd class=\"value\">2 + 2 ponteiras<\/dd>\n<dt class=\"name\">Fechado<\/dt>\n<dd class=\"value\">157cm<\/dd>\n<\/dl>\n<\/section>\n<\/div>\n<\/div>\n","protected":false},"excerpt":{"rendered":"<p>Constru\u00edda em High Resistance Carbon, com refor\u00e7o nas uni\u00f5es e com ponteiras muito sens\u00edveis. Dispon\u00edvel nos tamanhos cl\u00e1ssicos 2.70m e 3.00m com a\u00e7\u00e3o 80\/250gr. Detalhes do produto Peso 345g Material Carbono Passadores SIC A\u00e7\u00e3o 80-250g Comprimento 3.00m Sec\u00e7\u00f5es 2 + 2 ponteiras Fechado 157cm<\/p>\n","protected":false},"featured_media":5463,"template":"","meta":{"inline_featured_image":false},"product_cat":[171,231,148],"product_tag":[],"marcas":[151],"class_list":["post-5462","product","type-product","status-publish","has-post-thumbnail","hentry","product_cat-canas","product_cat-canas-trolling","product_cat-pesca","marcas-vega"],"acf":[],"yoast_head":"<!-- This site is optimized with the Yoast SEO plugin v19.2 - https:\/\/yoast.com\/wordpress\/plugins\/seo\/ -->\n<title>CANA VEGA MAXIUS BOAT 300 - Nautipescas<\/title>\n<meta name=\"robots\" content=\"index, follow, max-snippet:-1, max-image-preview:large, max-video-preview:-1\" \/>\n<link rel=\"canonical\" href=\"https:\/\/nautipescas.pt\/produto\/cana-vega-maxius-boat-300\/\" \/>\n<meta property=\"og:locale\" content=\"fr_FR\" \/>\n<meta property=\"og:type\" content=\"article\" \/>\n<meta property=\"og:title\" content=\"CANA VEGA MAXIUS BOAT 300 - Nautipescas\" \/>\n<meta property=\"og:description\" content=\"Constru\u00edda em High Resistance Carbon, com refor\u00e7o nas uni\u00f5es e com ponteiras muito sens\u00edveis. Dispon\u00edvel nos tamanhos cl\u00e1ssicos 2.70m e 3.00m com a\u00e7\u00e3o 80\/250gr. Detalhes do produto Peso 345g Material Carbono Passadores SIC A\u00e7\u00e3o 80-250g Comprimento 3.00m Sec\u00e7\u00f5es 2 + 2 ponteiras Fechado 157cm\" \/>\n<meta property=\"og:url\" content=\"https:\/\/nautipescas.pt\/produto\/cana-vega-maxius-boat-300\/\" \/>\n<meta property=\"og:site_name\" content=\"Nautipescas\" \/>\n<meta property=\"og:image\" content=\"https:\/\/nautipescas.pt\/wp-content\/uploads\/2023\/03\/maxius-boat.jpg\" \/>\n\t<meta property=\"og:image:width\" content=\"2500\" \/>\n\t<meta property=\"og:image:height\" content=\"1313\" \/>\n\t<meta property=\"og:image:type\" content=\"image\/jpeg\" \/>\n<meta name=\"author\" content=\"Paulo Chaves\" \/>\n<meta name=\"twitter:card\" content=\"summary_large_image\" \/>\n<meta name=\"twitter:label1\" content=\"Dur\u00e9e de lecture estim\u00e9e\" \/>\n\t<meta name=\"twitter:data1\" content=\"1 minute\" \/>\n<script type=\"application\/ld+json\" class=\"yoast-schema-graph\">{\"@context\":\"https:\/\/schema.org\",\"@graph\":[{\"@type\":\"WebSite\",\"@id\":\"https:\/\/nautipescas.pt\/#website\",\"url\":\"https:\/\/nautipescas.pt\/\",\"name\":\"Nautipescas\",\"description\":\"\",\"potentialAction\":[{\"@type\":\"SearchAction\",\"target\":{\"@type\":\"EntryPoint\",\"urlTemplate\":\"https:\/\/nautipescas.pt\/?s={search_term_string}\"},\"query-input\":\"required name=search_term_string\"}],\"inLanguage\":\"fr-FR\"},{\"@type\":\"ImageObject\",\"inLanguage\":\"fr-FR\",\"@id\":\"https:\/\/nautipescas.pt\/produto\/cana-vega-maxius-boat-300\/#primaryimage\",\"url\":\"https:\/\/nautipescas.pt\/wp-content\/uploads\/2023\/03\/maxius-boat.jpg\",\"contentUrl\":\"https:\/\/nautipescas.pt\/wp-content\/uploads\/2023\/03\/maxius-boat.jpg\",\"width\":2500,\"height\":1313},{\"@type\":\"WebPage\",\"@id\":\"https:\/\/nautipescas.pt\/produto\/cana-vega-maxius-boat-300\/#webpage\",\"url\":\"https:\/\/nautipescas.pt\/produto\/cana-vega-maxius-boat-300\/\",\"name\":\"CANA VEGA MAXIUS BOAT 300 - Nautipescas\",\"isPartOf\":{\"@id\":\"https:\/\/nautipescas.pt\/#website\"},\"primaryImageOfPage\":{\"@id\":\"https:\/\/nautipescas.pt\/produto\/cana-vega-maxius-boat-300\/#primaryimage\"},\"datePublished\":\"2023-03-08T15:57:47+00:00\",\"dateModified\":\"2023-03-08T15:57:47+00:00\",\"breadcrumb\":{\"@id\":\"https:\/\/nautipescas.pt\/produto\/cana-vega-maxius-boat-300\/#breadcrumb\"},\"inLanguage\":\"fr-FR\",\"potentialAction\":[{\"@type\":\"ReadAction\",\"target\":[\"https:\/\/nautipescas.pt\/produto\/cana-vega-maxius-boat-300\/\"]}]},{\"@type\":\"BreadcrumbList\",\"@id\":\"https:\/\/nautipescas.pt\/produto\/cana-vega-maxius-boat-300\/#breadcrumb\",\"itemListElement\":[{\"@type\":\"ListItem\",\"position\":1,\"name\":\"In\u00edcio\",\"item\":\"https:\/\/nautipescas.pt\/fr\/\"},{\"@type\":\"ListItem\",\"position\":2,\"name\":\"Boutique\",\"item\":\"https:\/\/nautipescas.pt\/fr\/boutique-magasin-de-peche-a-proximite\/\"},{\"@type\":\"ListItem\",\"position\":3,\"name\":\"CANA VEGA MAXIUS BOAT 300\"}]}]}<\/script>\n<!-- \/ Yoast SEO plugin. -->","yoast_head_json":{"title":"CANA VEGA MAXIUS BOAT 300 - Nautipescas","robots":{"index":"index","follow":"follow","max-snippet":"max-snippet:-1","max-image-preview":"max-image-preview:large","max-video-preview":"max-video-preview:-1"},"canonical":"https:\/\/nautipescas.pt\/produto\/cana-vega-maxius-boat-300\/","og_locale":"fr_FR","og_type":"article","og_title":"CANA VEGA MAXIUS BOAT 300 - Nautipescas","og_description":"Constru\u00edda em High Resistance Carbon, com refor\u00e7o nas uni\u00f5es e com ponteiras muito sens\u00edveis. Dispon\u00edvel nos tamanhos cl\u00e1ssicos 2.70m e 3.00m com a\u00e7\u00e3o 80\/250gr. Detalhes do produto Peso 345g Material Carbono Passadores SIC A\u00e7\u00e3o 80-250g Comprimento 3.00m Sec\u00e7\u00f5es 2 + 2 ponteiras Fechado 157cm","og_url":"https:\/\/nautipescas.pt\/produto\/cana-vega-maxius-boat-300\/","og_site_name":"Nautipescas","og_image":[{"width":2500,"height":1313,"url":"https:\/\/nautipescas.pt\/wp-content\/uploads\/2023\/03\/maxius-boat.jpg","type":"image\/jpeg"}],"author":"Paulo Chaves","twitter_card":"summary_large_image","twitter_misc":{"Dur\u00e9e de lecture estim\u00e9e":"1 minute"},"schema":{"@context":"https:\/\/schema.org","@graph":[{"@type":"WebSite","@id":"https:\/\/nautipescas.pt\/#website","url":"https:\/\/nautipescas.pt\/","name":"Nautipescas","description":"","potentialAction":[{"@type":"SearchAction","target":{"@type":"EntryPoint","urlTemplate":"https:\/\/nautipescas.pt\/?s={search_term_string}"},"query-input":"required name=search_term_string"}],"inLanguage":"fr-FR"},{"@type":"ImageObject","inLanguage":"fr-FR","@id":"https:\/\/nautipescas.pt\/produto\/cana-vega-maxius-boat-300\/#primaryimage","url":"https:\/\/nautipescas.pt\/wp-content\/uploads\/2023\/03\/maxius-boat.jpg","contentUrl":"https:\/\/nautipescas.pt\/wp-content\/uploads\/2023\/03\/maxius-boat.jpg","width":2500,"height":1313},{"@type":"WebPage","@id":"https:\/\/nautipescas.pt\/produto\/cana-vega-maxius-boat-300\/#webpage","url":"https:\/\/nautipescas.pt\/produto\/cana-vega-maxius-boat-300\/","name":"CANA VEGA MAXIUS BOAT 300 - Nautipescas","isPartOf":{"@id":"https:\/\/nautipescas.pt\/#website"},"primaryImageOfPage":{"@id":"https:\/\/nautipescas.pt\/produto\/cana-vega-maxius-boat-300\/#primaryimage"},"datePublished":"2023-03-08T15:57:47+00:00","dateModified":"2023-03-08T15:57:47+00:00","breadcrumb":{"@id":"https:\/\/nautipescas.pt\/produto\/cana-vega-maxius-boat-300\/#breadcrumb"},"inLanguage":"fr-FR","potentialAction":[{"@type":"ReadAction","target":["https:\/\/nautipescas.pt\/produto\/cana-vega-maxius-boat-300\/"]}]},{"@type":"BreadcrumbList","@id":"https:\/\/nautipescas.pt\/produto\/cana-vega-maxius-boat-300\/#breadcrumb","itemListElement":[{"@type":"ListItem","position":1,"name":"In\u00edcio","item":"https:\/\/nautipescas.pt\/fr\/"},{"@type":"ListItem","position":2,"name":"Boutique","item":"https:\/\/nautipescas.pt\/fr\/boutique-magasin-de-peche-a-proximite\/"},{"@type":"ListItem","position":3,"name":"CANA VEGA MAXIUS BOAT 300"}]}]}},"_links":{"self":[{"href":"https:\/\/nautipescas.pt\/fr\/wp-json\/wp\/v2\/product\/5462","targetHints":{"allow":["GET"]}}],"collection":[{"href":"https:\/\/nautipescas.pt\/fr\/wp-json\/wp\/v2\/product"}],"about":[{"href":"https:\/\/nautipescas.pt\/fr\/wp-json\/wp\/v2\/types\/product"}],"wp:featuredmedia":[{"embeddable":true,"href":"https:\/\/nautipescas.pt\/fr\/wp-json\/wp\/v2\/media\/5463"}],"wp:attachment":[{"href":"https:\/\/nautipescas.pt\/fr\/wp-json\/wp\/v2\/media?parent=5462"}],"wp:term":[{"taxonomy":"product_cat","embeddable":true,"href":"https:\/\/nautipescas.pt\/fr\/wp-json\/wp\/v2\/product_cat?post=5462"},{"taxonomy":"product_tag","embeddable":true,"href":"https:\/\/nautipescas.pt\/fr\/wp-json\/wp\/v2\/product_tag?post=5462"},{"taxonomy":"marcas","embeddable":true,"href":"https:\/\/nautipescas.pt\/fr\/wp-json\/wp\/v2\/marcas?post=5462"}],"curies":[{"name":"wp","href":"https:\/\/api.w.org\/{rel}","templated":true}]}}