{"id":5503,"date":"2023-03-08T17:05:59","date_gmt":"2023-03-08T17:05:59","guid":{"rendered":"https:\/\/nautipescas.pt\/?post_type=product&#038;p=5503"},"modified":"2023-08-10T13:12:53","modified_gmt":"2023-08-10T13:12:53","slug":"cana-daiwa-saltiga-deep-55","status":"publish","type":"product","link":"https:\/\/nautipescas.pt\/fr\/produto\/cana-daiwa-saltiga-deep-55\/","title":{"rendered":"CANA DAIWA SALTIGA DEEP 55"},"content":{"rendered":"<p>Com sua pot\u00eancia de 60 lb e faixa de peso de 100 \/ 300g, esta vara cobre a grande maioria da pesca jig em qualquer lugar do mundo. Seu 77% de carbono \u00e9 refor\u00e7ado com tecidos 3DX e garante um conforto not\u00e1vel no jigging. A sua reserva de marcha permite-lhe enfrentar grandes peixes. Pot\u00eancia de frenagem recomendada de 5 a 9 kg (m\u00e1x. 20 kg). Carreto de tamanho adequado 4500 a 8000.<\/p>\n<h4 class=\"title\">Tecnologias<\/h4>\n<div class=\"row xcondensed\">\n<div class=\"col-1_4 sm-1_5 md-1_4 lg-1_6 xl-1_8\"><a class=\"open-techno-modal\" title=\"3DX\" href=\"https:\/\/www.daiwa.pt\/tecnologias\/canas\/3dx-2?ajax=1\" data-slug=\"3dx-2\"> <img decoding=\"async\" src=\"https:\/\/www.daiwa.pt\/uploads\/2016\/10\/3dx_100x60.jpg\" alt=\"\" width=\"100\" height=\"60\" \/> <\/a><\/div>\n<div class=\"col-1_4 sm-1_5 md-1_4 lg-1_6 xl-1_8\"><a class=\"open-techno-modal\" title=\"X45\" href=\"https:\/\/www.daiwa.pt\/tecnologias\/canas\/x45-2?ajax=1\" data-slug=\"x45-2\"> <img decoding=\"async\" src=\"https:\/\/www.daiwa.pt\/uploads\/2016\/10\/x45_100x60.jpg\" alt=\"\" width=\"100\" height=\"60\" \/> <\/a><\/div>\n<div class=\"col-1_4 sm-1_5 md-1_4 lg-1_6 xl-1_8\"><a class=\"open-techno-modal\" title=\"Nanoplus\" href=\"https:\/\/www.daiwa.pt\/tecnologias\/canas\/nanoplus?ajax=1\" data-slug=\"nanoplus\"> <img decoding=\"async\" src=\"https:\/\/www.daiwa.pt\/uploads\/2016\/10\/nanoplus_100x60.jpg\" alt=\"\" width=\"100\" height=\"60\" \/> <\/a><\/div>\n<div class=\"col-1_4 sm-1_5 md-1_4 lg-1_6 xl-1_8\"><a class=\"open-techno-modal\" title=\"HVF\" href=\"https:\/\/www.daiwa.pt\/tecnologias\/canas\/hvf-2?ajax=1\" data-slug=\"hvf-2\"> <img decoding=\"async\" src=\"https:\/\/www.daiwa.pt\/uploads\/2016\/10\/hvf_100x60.jpg\" alt=\"\" width=\"100\" height=\"60\" \/> <\/a><\/div>\n<div class=\"col-1_4 sm-1_5 md-1_4 lg-1_6 xl-1_8\"><a class=\"open-techno-modal\" title=\"V-JOINT\" href=\"https:\/\/www.daiwa.pt\/tecnologias\/canas\/v-joint-2?ajax=1\" data-slug=\"v-joint-2\"> <img decoding=\"async\" src=\"https:\/\/www.daiwa.pt\/uploads\/2016\/10\/v-joint_100x60.jpg\" alt=\"\" width=\"100\" height=\"60\" \/> <\/a><\/div>\n<div class=\"col-1_4 sm-1_5 md-1_4 lg-1_6 xl-1_8\"><a class=\"open-techno-modal\" title=\"MICRO PITCH\" href=\"https:\/\/www.daiwa.pt\/tecnologias\/canas\/micro-pitch-2?ajax=1\" data-slug=\"micro-pitch-2\"> <img decoding=\"async\" src=\"https:\/\/www.daiwa.pt\/uploads\/2016\/10\/micro-pitch_100x60.jpg\" alt=\"\" width=\"100\" height=\"60\" \/> <\/a><\/div>\n<div class=\"col-1_4 sm-1_5 md-1_4 lg-1_6 xl-1_8\"><a class=\"open-techno-modal\" title=\"Passadores FUJI TITANIUM\" href=\"https:\/\/www.daiwa.pt\/tecnologias\/canas\/passadores-fuji-titanium-2?ajax=1\" data-slug=\"passadores-fuji-titanium-2\"> <img decoding=\"async\" src=\"https:\/\/www.daiwa.pt\/uploads\/2016\/10\/anneaux-fuji-titanium_100x60.jpg\" alt=\"\" width=\"100\" height=\"60\" \/> <\/a><\/div>\n<div class=\"col-1_4 sm-1_5 md-1_4 lg-1_6 xl-1_8\"><a class=\"open-techno-modal\" title=\"Passadores FUJI K\" href=\"https:\/\/www.daiwa.pt\/tecnologias\/canas\/passadores-fuji-k-2?ajax=1\" data-slug=\"passadores-fuji-k-2\"> <img decoding=\"async\" src=\"https:\/\/www.daiwa.pt\/uploads\/2016\/10\/anneaux-fuji-k_100x60.jpg\" alt=\"\" width=\"100\" height=\"60\" \/> <\/a><\/div>\n<div>\n<table class=\"table bordered js-pswp-gallery\">\n<tbody>\n<tr>\n<td>Deep 55<\/td>\n<td>1,65m<\/td>\n<td>1<\/td>\n<td>165cm<\/td>\n<td>399g<\/td>\n<td>6<\/td>\n<td>100-300g &#8211; 60 lb<\/td>\n<td><\/td>\n<\/tr>\n<\/tbody>\n<\/table>\n<\/div>\n<\/div>\n","protected":false},"excerpt":{"rendered":"<p>Com sua pot\u00eancia de 60 lb e faixa de peso de 100 \/ 300g, esta vara cobre a grande maioria da pesca jig em qualquer lugar do mundo. Seu 77% de carbono \u00e9 refor\u00e7ado com tecidos 3DX e garante um conforto not\u00e1vel no jigging. A sua reserva de marcha permite-lhe enfrentar grandes peixes. Pot\u00eancia de &hellip; <\/p>\n<p class=\"more-link-wrap\"><a href=\"https:\/\/nautipescas.pt\/fr\/produto\/cana-daiwa-saltiga-deep-55\/\" class=\"more-link\"><span>Read More<span class=\"screen-reader-text\"> \u00ab\u00a0CANA DAIWA SALTIGA DEEP 55\u00a0\u00bb<\/span><\/span><\/a><\/p>\n","protected":false},"featured_media":5504,"template":"","meta":{"inline_featured_image":false},"product_cat":[171,232,148],"product_tag":[],"marcas":[131],"class_list":["post-5503","product","type-product","status-publish","has-post-thumbnail","hentry","product_cat-canas","product_cat-canas-zagaia","product_cat-pesca","marcas-daiwa"],"acf":[],"yoast_head":"<!-- This site is optimized with the Yoast SEO plugin v19.2 - https:\/\/yoast.com\/wordpress\/plugins\/seo\/ -->\n<title>CANA DAIWA SALTIGA DEEP 55 - Nautipescas<\/title>\n<meta name=\"robots\" content=\"index, follow, max-snippet:-1, max-image-preview:large, max-video-preview:-1\" \/>\n<link rel=\"canonical\" href=\"https:\/\/nautipescas.pt\/produto\/cana-daiwa-saltiga-deep-55\/\" \/>\n<meta property=\"og:locale\" content=\"fr_FR\" \/>\n<meta property=\"og:type\" content=\"article\" \/>\n<meta property=\"og:title\" content=\"CANA DAIWA SALTIGA DEEP 55 - Nautipescas\" \/>\n<meta property=\"og:description\" content=\"Com sua pot\u00eancia de 60 lb e faixa de peso de 100 \/ 300g, esta vara cobre a grande maioria da pesca jig em qualquer lugar do mundo. Seu 77% de carbono \u00e9 refor\u00e7ado com tecidos 3DX e garante um conforto not\u00e1vel no jigging. A sua reserva de marcha permite-lhe enfrentar grandes peixes. Pot\u00eancia de &hellip; Read More &quot;CANA DAIWA SALTIGA DEEP 55&quot;\" \/>\n<meta property=\"og:url\" content=\"https:\/\/nautipescas.pt\/produto\/cana-daiwa-saltiga-deep-55\/\" \/>\n<meta property=\"og:site_name\" content=\"Nautipescas\" \/>\n<meta property=\"article:modified_time\" content=\"2023-08-10T13:12:53+00:00\" \/>\n<meta property=\"og:image\" content=\"https:\/\/nautipescas.pt\/wp-content\/uploads\/2023\/03\/saltiga-scaled.jpg\" \/>\n\t<meta property=\"og:image:width\" content=\"1280\" \/>\n\t<meta property=\"og:image:height\" content=\"2560\" \/>\n\t<meta property=\"og:image:type\" content=\"image\/jpeg\" \/>\n<meta name=\"author\" content=\"Paulo Chaves\" \/>\n<meta name=\"twitter:card\" content=\"summary_large_image\" \/>\n<meta name=\"twitter:label1\" content=\"Dur\u00e9e de lecture estim\u00e9e\" \/>\n\t<meta name=\"twitter:data1\" content=\"3 minutes\" \/>\n<script type=\"application\/ld+json\" class=\"yoast-schema-graph\">{\"@context\":\"https:\/\/schema.org\",\"@graph\":[{\"@type\":\"WebSite\",\"@id\":\"https:\/\/nautipescas.pt\/#website\",\"url\":\"https:\/\/nautipescas.pt\/\",\"name\":\"Nautipescas\",\"description\":\"\",\"potentialAction\":[{\"@type\":\"SearchAction\",\"target\":{\"@type\":\"EntryPoint\",\"urlTemplate\":\"https:\/\/nautipescas.pt\/?s={search_term_string}\"},\"query-input\":\"required name=search_term_string\"}],\"inLanguage\":\"fr-FR\"},{\"@type\":\"ImageObject\",\"inLanguage\":\"fr-FR\",\"@id\":\"https:\/\/nautipescas.pt\/produto\/cana-daiwa-saltiga-deep-55\/#primaryimage\",\"url\":\"https:\/\/nautipescas.pt\/wp-content\/uploads\/2023\/03\/saltiga-scaled.jpg\",\"contentUrl\":\"https:\/\/nautipescas.pt\/wp-content\/uploads\/2023\/03\/saltiga-scaled.jpg\",\"width\":1280,\"height\":2560},{\"@type\":\"WebPage\",\"@id\":\"https:\/\/nautipescas.pt\/produto\/cana-daiwa-saltiga-deep-55\/#webpage\",\"url\":\"https:\/\/nautipescas.pt\/produto\/cana-daiwa-saltiga-deep-55\/\",\"name\":\"CANA DAIWA SALTIGA DEEP 55 - Nautipescas\",\"isPartOf\":{\"@id\":\"https:\/\/nautipescas.pt\/#website\"},\"primaryImageOfPage\":{\"@id\":\"https:\/\/nautipescas.pt\/produto\/cana-daiwa-saltiga-deep-55\/#primaryimage\"},\"datePublished\":\"2023-03-08T17:05:59+00:00\",\"dateModified\":\"2023-08-10T13:12:53+00:00\",\"breadcrumb\":{\"@id\":\"https:\/\/nautipescas.pt\/produto\/cana-daiwa-saltiga-deep-55\/#breadcrumb\"},\"inLanguage\":\"fr-FR\",\"potentialAction\":[{\"@type\":\"ReadAction\",\"target\":[\"https:\/\/nautipescas.pt\/produto\/cana-daiwa-saltiga-deep-55\/\"]}]},{\"@type\":\"BreadcrumbList\",\"@id\":\"https:\/\/nautipescas.pt\/produto\/cana-daiwa-saltiga-deep-55\/#breadcrumb\",\"itemListElement\":[{\"@type\":\"ListItem\",\"position\":1,\"name\":\"In\u00edcio\",\"item\":\"https:\/\/nautipescas.pt\/fr\/\"},{\"@type\":\"ListItem\",\"position\":2,\"name\":\"Boutique\",\"item\":\"https:\/\/nautipescas.pt\/fr\/boutique-magasin-de-peche-a-proximite\/\"},{\"@type\":\"ListItem\",\"position\":3,\"name\":\"CANA DAIWA SALTIGA DEEP 55\"}]}]}<\/script>\n<!-- \/ Yoast SEO plugin. -->","yoast_head_json":{"title":"CANA DAIWA SALTIGA DEEP 55 - Nautipescas","robots":{"index":"index","follow":"follow","max-snippet":"max-snippet:-1","max-image-preview":"max-image-preview:large","max-video-preview":"max-video-preview:-1"},"canonical":"https:\/\/nautipescas.pt\/produto\/cana-daiwa-saltiga-deep-55\/","og_locale":"fr_FR","og_type":"article","og_title":"CANA DAIWA SALTIGA DEEP 55 - Nautipescas","og_description":"Com sua pot\u00eancia de 60 lb e faixa de peso de 100 \/ 300g, esta vara cobre a grande maioria da pesca jig em qualquer lugar do mundo. Seu 77% de carbono \u00e9 refor\u00e7ado com tecidos 3DX e garante um conforto not\u00e1vel no jigging. A sua reserva de marcha permite-lhe enfrentar grandes peixes. Pot\u00eancia de &hellip; Read More \"CANA DAIWA SALTIGA DEEP 55\"","og_url":"https:\/\/nautipescas.pt\/produto\/cana-daiwa-saltiga-deep-55\/","og_site_name":"Nautipescas","article_modified_time":"2023-08-10T13:12:53+00:00","og_image":[{"width":1280,"height":2560,"url":"https:\/\/nautipescas.pt\/wp-content\/uploads\/2023\/03\/saltiga-scaled.jpg","type":"image\/jpeg"}],"author":"Paulo Chaves","twitter_card":"summary_large_image","twitter_misc":{"Dur\u00e9e de lecture estim\u00e9e":"3 minutes"},"schema":{"@context":"https:\/\/schema.org","@graph":[{"@type":"WebSite","@id":"https:\/\/nautipescas.pt\/#website","url":"https:\/\/nautipescas.pt\/","name":"Nautipescas","description":"","potentialAction":[{"@type":"SearchAction","target":{"@type":"EntryPoint","urlTemplate":"https:\/\/nautipescas.pt\/?s={search_term_string}"},"query-input":"required name=search_term_string"}],"inLanguage":"fr-FR"},{"@type":"ImageObject","inLanguage":"fr-FR","@id":"https:\/\/nautipescas.pt\/produto\/cana-daiwa-saltiga-deep-55\/#primaryimage","url":"https:\/\/nautipescas.pt\/wp-content\/uploads\/2023\/03\/saltiga-scaled.jpg","contentUrl":"https:\/\/nautipescas.pt\/wp-content\/uploads\/2023\/03\/saltiga-scaled.jpg","width":1280,"height":2560},{"@type":"WebPage","@id":"https:\/\/nautipescas.pt\/produto\/cana-daiwa-saltiga-deep-55\/#webpage","url":"https:\/\/nautipescas.pt\/produto\/cana-daiwa-saltiga-deep-55\/","name":"CANA DAIWA SALTIGA DEEP 55 - Nautipescas","isPartOf":{"@id":"https:\/\/nautipescas.pt\/#website"},"primaryImageOfPage":{"@id":"https:\/\/nautipescas.pt\/produto\/cana-daiwa-saltiga-deep-55\/#primaryimage"},"datePublished":"2023-03-08T17:05:59+00:00","dateModified":"2023-08-10T13:12:53+00:00","breadcrumb":{"@id":"https:\/\/nautipescas.pt\/produto\/cana-daiwa-saltiga-deep-55\/#breadcrumb"},"inLanguage":"fr-FR","potentialAction":[{"@type":"ReadAction","target":["https:\/\/nautipescas.pt\/produto\/cana-daiwa-saltiga-deep-55\/"]}]},{"@type":"BreadcrumbList","@id":"https:\/\/nautipescas.pt\/produto\/cana-daiwa-saltiga-deep-55\/#breadcrumb","itemListElement":[{"@type":"ListItem","position":1,"name":"In\u00edcio","item":"https:\/\/nautipescas.pt\/fr\/"},{"@type":"ListItem","position":2,"name":"Boutique","item":"https:\/\/nautipescas.pt\/fr\/boutique-magasin-de-peche-a-proximite\/"},{"@type":"ListItem","position":3,"name":"CANA DAIWA SALTIGA DEEP 55"}]}]}},"_links":{"self":[{"href":"https:\/\/nautipescas.pt\/fr\/wp-json\/wp\/v2\/product\/5503","targetHints":{"allow":["GET"]}}],"collection":[{"href":"https:\/\/nautipescas.pt\/fr\/wp-json\/wp\/v2\/product"}],"about":[{"href":"https:\/\/nautipescas.pt\/fr\/wp-json\/wp\/v2\/types\/product"}],"wp:featuredmedia":[{"embeddable":true,"href":"https:\/\/nautipescas.pt\/fr\/wp-json\/wp\/v2\/media\/5504"}],"wp:attachment":[{"href":"https:\/\/nautipescas.pt\/fr\/wp-json\/wp\/v2\/media?parent=5503"}],"wp:term":[{"taxonomy":"product_cat","embeddable":true,"href":"https:\/\/nautipescas.pt\/fr\/wp-json\/wp\/v2\/product_cat?post=5503"},{"taxonomy":"product_tag","embeddable":true,"href":"https:\/\/nautipescas.pt\/fr\/wp-json\/wp\/v2\/product_tag?post=5503"},{"taxonomy":"marcas","embeddable":true,"href":"https:\/\/nautipescas.pt\/fr\/wp-json\/wp\/v2\/marcas?post=5503"}],"curies":[{"name":"wp","href":"https:\/\/api.w.org\/{rel}","templated":true}]}}