{"id":5785,"date":"2023-03-10T12:30:17","date_gmt":"2023-03-10T12:30:17","guid":{"rendered":"https:\/\/nautipescas.pt\/?post_type=product&#038;p=5785"},"modified":"2025-03-28T14:52:06","modified_gmt":"2025-03-28T14:52:06","slug":"amostra-west-lab-chiku-170-32gr-cor-wft","status":"publish","type":"product","link":"https:\/\/nautipescas.pt\/fr\/produto\/amostra-west-lab-chiku-170-32gr-cor-wft\/","title":{"rendered":"AMOSTRA WEST LAB CHIKU 170\/32GR COR WFT"},"content":{"rendered":"<p>Amostra extremamente eficaz para pescar robalos e outros predadores \u00e0 superf\u00edcie ou em suspending. A aerodin\u00e2mica aliada aos \u00eambolos interiores e um peso de 32g, proporcionam grandes lan\u00e7amentos. A pintura UV em todas as cores da s\u00e9rie, fazem desta amostra um isco fatal, principalmente na pesca ao amanhecer, entardecer e durante a noite. Equipadas com anz\u00f3is triplos ST-41, para melhor resist\u00eancia e penetra\u00e7\u00e3o.<\/p>\n","protected":false},"excerpt":{"rendered":"<p>Amostra extremamente eficaz para pescar robalos e outros predadores \u00e0 superf\u00edcie ou em suspending. A aerodin\u00e2mica aliada aos \u00eambolos interiores e um peso de 32g, proporcionam grandes lan\u00e7amentos. A pintura UV em todas as cores da s\u00e9rie, fazem desta amostra um isco fatal, principalmente na pesca ao amanhecer, entardecer e durante a noite. Equipadas com &hellip; <\/p>\n<p class=\"more-link-wrap\"><a href=\"https:\/\/nautipescas.pt\/fr\/produto\/amostra-west-lab-chiku-170-32gr-cor-wft\/\" class=\"more-link\"><span>Read More<span class=\"screen-reader-text\"> \u00ab\u00a0AMOSTRA WEST LAB CHIKU 170\/32GR COR WFT\u00a0\u00bb<\/span><\/span><\/a><\/p>\n","protected":false},"featured_media":5786,"template":"","meta":{"inline_featured_image":false},"product_cat":[229,148],"product_tag":[],"marcas":[],"class_list":["post-5785","product","type-product","status-publish","has-post-thumbnail","hentry","product_cat-amostras-rigidas","product_cat-pesca"],"acf":[],"yoast_head":"<!-- This site is optimized with the Yoast SEO plugin v19.2 - https:\/\/yoast.com\/wordpress\/plugins\/seo\/ -->\n<title>AMOSTRA WEST LAB CHIKU 170\/32GR COR WFT - Nautipescas<\/title>\n<meta name=\"robots\" content=\"index, follow, max-snippet:-1, max-image-preview:large, max-video-preview:-1\" \/>\n<link rel=\"canonical\" href=\"https:\/\/nautipescas.pt\/produto\/amostra-west-lab-chiku-170-32gr-cor-wft\/\" \/>\n<meta property=\"og:locale\" content=\"fr_FR\" \/>\n<meta property=\"og:type\" content=\"article\" \/>\n<meta property=\"og:title\" content=\"AMOSTRA WEST LAB CHIKU 170\/32GR COR WFT - Nautipescas\" \/>\n<meta property=\"og:description\" content=\"Amostra extremamente eficaz para pescar robalos e outros predadores \u00e0 superf\u00edcie ou em suspending. A aerodin\u00e2mica aliada aos \u00eambolos interiores e um peso de 32g, proporcionam grandes lan\u00e7amentos. A pintura UV em todas as cores da s\u00e9rie, fazem desta amostra um isco fatal, principalmente na pesca ao amanhecer, entardecer e durante a noite. Equipadas com &hellip; Read More &quot;AMOSTRA WEST LAB CHIKU 170\/32GR COR WFT&quot;\" \/>\n<meta property=\"og:url\" content=\"https:\/\/nautipescas.pt\/produto\/amostra-west-lab-chiku-170-32gr-cor-wft\/\" \/>\n<meta property=\"og:site_name\" content=\"Nautipescas\" \/>\n<meta property=\"article:modified_time\" content=\"2025-03-28T14:52:06+00:00\" \/>\n<meta property=\"og:image\" content=\"https:\/\/nautipescas.pt\/wp-content\/uploads\/2023\/03\/chiku-rdh.jpg\" \/>\n\t<meta property=\"og:image:width\" content=\"800\" \/>\n\t<meta property=\"og:image:height\" content=\"600\" \/>\n\t<meta property=\"og:image:type\" content=\"image\/jpeg\" \/>\n<meta name=\"author\" content=\"Paulo Chaves\" \/>\n<meta name=\"twitter:card\" content=\"summary_large_image\" \/>\n<script type=\"application\/ld+json\" class=\"yoast-schema-graph\">{\"@context\":\"https:\/\/schema.org\",\"@graph\":[{\"@type\":\"WebSite\",\"@id\":\"https:\/\/nautipescas.pt\/#website\",\"url\":\"https:\/\/nautipescas.pt\/\",\"name\":\"Nautipescas\",\"description\":\"\",\"potentialAction\":[{\"@type\":\"SearchAction\",\"target\":{\"@type\":\"EntryPoint\",\"urlTemplate\":\"https:\/\/nautipescas.pt\/?s={search_term_string}\"},\"query-input\":\"required name=search_term_string\"}],\"inLanguage\":\"fr-FR\"},{\"@type\":\"ImageObject\",\"inLanguage\":\"fr-FR\",\"@id\":\"https:\/\/nautipescas.pt\/produto\/amostra-west-lab-chiku-170-32gr-cor-wft\/#primaryimage\",\"url\":\"https:\/\/nautipescas.pt\/wp-content\/uploads\/2023\/03\/chiku-rdh.jpg\",\"contentUrl\":\"https:\/\/nautipescas.pt\/wp-content\/uploads\/2023\/03\/chiku-rdh.jpg\",\"width\":800,\"height\":600},{\"@type\":\"WebPage\",\"@id\":\"https:\/\/nautipescas.pt\/produto\/amostra-west-lab-chiku-170-32gr-cor-wft\/#webpage\",\"url\":\"https:\/\/nautipescas.pt\/produto\/amostra-west-lab-chiku-170-32gr-cor-wft\/\",\"name\":\"AMOSTRA WEST LAB CHIKU 170\/32GR COR WFT - Nautipescas\",\"isPartOf\":{\"@id\":\"https:\/\/nautipescas.pt\/#website\"},\"primaryImageOfPage\":{\"@id\":\"https:\/\/nautipescas.pt\/produto\/amostra-west-lab-chiku-170-32gr-cor-wft\/#primaryimage\"},\"datePublished\":\"2023-03-10T12:30:17+00:00\",\"dateModified\":\"2025-03-28T14:52:06+00:00\",\"breadcrumb\":{\"@id\":\"https:\/\/nautipescas.pt\/produto\/amostra-west-lab-chiku-170-32gr-cor-wft\/#breadcrumb\"},\"inLanguage\":\"fr-FR\",\"potentialAction\":[{\"@type\":\"ReadAction\",\"target\":[\"https:\/\/nautipescas.pt\/produto\/amostra-west-lab-chiku-170-32gr-cor-wft\/\"]}]},{\"@type\":\"BreadcrumbList\",\"@id\":\"https:\/\/nautipescas.pt\/produto\/amostra-west-lab-chiku-170-32gr-cor-wft\/#breadcrumb\",\"itemListElement\":[{\"@type\":\"ListItem\",\"position\":1,\"name\":\"In\u00edcio\",\"item\":\"https:\/\/nautipescas.pt\/fr\/\"},{\"@type\":\"ListItem\",\"position\":2,\"name\":\"Boutique\",\"item\":\"https:\/\/nautipescas.pt\/fr\/boutique-magasin-de-peche-a-proximite\/\"},{\"@type\":\"ListItem\",\"position\":3,\"name\":\"AMOSTRA WEST LAB CHIKU 170\/32GR COR WFT\"}]}]}<\/script>\n<!-- \/ Yoast SEO plugin. -->","yoast_head_json":{"title":"AMOSTRA WEST LAB CHIKU 170\/32GR COR WFT - Nautipescas","robots":{"index":"index","follow":"follow","max-snippet":"max-snippet:-1","max-image-preview":"max-image-preview:large","max-video-preview":"max-video-preview:-1"},"canonical":"https:\/\/nautipescas.pt\/produto\/amostra-west-lab-chiku-170-32gr-cor-wft\/","og_locale":"fr_FR","og_type":"article","og_title":"AMOSTRA WEST LAB CHIKU 170\/32GR COR WFT - Nautipescas","og_description":"Amostra extremamente eficaz para pescar robalos e outros predadores \u00e0 superf\u00edcie ou em suspending. A aerodin\u00e2mica aliada aos \u00eambolos interiores e um peso de 32g, proporcionam grandes lan\u00e7amentos. A pintura UV em todas as cores da s\u00e9rie, fazem desta amostra um isco fatal, principalmente na pesca ao amanhecer, entardecer e durante a noite. Equipadas com &hellip; Read More \"AMOSTRA WEST LAB CHIKU 170\/32GR COR WFT\"","og_url":"https:\/\/nautipescas.pt\/produto\/amostra-west-lab-chiku-170-32gr-cor-wft\/","og_site_name":"Nautipescas","article_modified_time":"2025-03-28T14:52:06+00:00","og_image":[{"width":800,"height":600,"url":"https:\/\/nautipescas.pt\/wp-content\/uploads\/2023\/03\/chiku-rdh.jpg","type":"image\/jpeg"}],"author":"Paulo Chaves","twitter_card":"summary_large_image","schema":{"@context":"https:\/\/schema.org","@graph":[{"@type":"WebSite","@id":"https:\/\/nautipescas.pt\/#website","url":"https:\/\/nautipescas.pt\/","name":"Nautipescas","description":"","potentialAction":[{"@type":"SearchAction","target":{"@type":"EntryPoint","urlTemplate":"https:\/\/nautipescas.pt\/?s={search_term_string}"},"query-input":"required name=search_term_string"}],"inLanguage":"fr-FR"},{"@type":"ImageObject","inLanguage":"fr-FR","@id":"https:\/\/nautipescas.pt\/produto\/amostra-west-lab-chiku-170-32gr-cor-wft\/#primaryimage","url":"https:\/\/nautipescas.pt\/wp-content\/uploads\/2023\/03\/chiku-rdh.jpg","contentUrl":"https:\/\/nautipescas.pt\/wp-content\/uploads\/2023\/03\/chiku-rdh.jpg","width":800,"height":600},{"@type":"WebPage","@id":"https:\/\/nautipescas.pt\/produto\/amostra-west-lab-chiku-170-32gr-cor-wft\/#webpage","url":"https:\/\/nautipescas.pt\/produto\/amostra-west-lab-chiku-170-32gr-cor-wft\/","name":"AMOSTRA WEST LAB CHIKU 170\/32GR COR WFT - Nautipescas","isPartOf":{"@id":"https:\/\/nautipescas.pt\/#website"},"primaryImageOfPage":{"@id":"https:\/\/nautipescas.pt\/produto\/amostra-west-lab-chiku-170-32gr-cor-wft\/#primaryimage"},"datePublished":"2023-03-10T12:30:17+00:00","dateModified":"2025-03-28T14:52:06+00:00","breadcrumb":{"@id":"https:\/\/nautipescas.pt\/produto\/amostra-west-lab-chiku-170-32gr-cor-wft\/#breadcrumb"},"inLanguage":"fr-FR","potentialAction":[{"@type":"ReadAction","target":["https:\/\/nautipescas.pt\/produto\/amostra-west-lab-chiku-170-32gr-cor-wft\/"]}]},{"@type":"BreadcrumbList","@id":"https:\/\/nautipescas.pt\/produto\/amostra-west-lab-chiku-170-32gr-cor-wft\/#breadcrumb","itemListElement":[{"@type":"ListItem","position":1,"name":"In\u00edcio","item":"https:\/\/nautipescas.pt\/fr\/"},{"@type":"ListItem","position":2,"name":"Boutique","item":"https:\/\/nautipescas.pt\/fr\/boutique-magasin-de-peche-a-proximite\/"},{"@type":"ListItem","position":3,"name":"AMOSTRA WEST LAB CHIKU 170\/32GR COR WFT"}]}]}},"_links":{"self":[{"href":"https:\/\/nautipescas.pt\/fr\/wp-json\/wp\/v2\/product\/5785","targetHints":{"allow":["GET"]}}],"collection":[{"href":"https:\/\/nautipescas.pt\/fr\/wp-json\/wp\/v2\/product"}],"about":[{"href":"https:\/\/nautipescas.pt\/fr\/wp-json\/wp\/v2\/types\/product"}],"wp:featuredmedia":[{"embeddable":true,"href":"https:\/\/nautipescas.pt\/fr\/wp-json\/wp\/v2\/media\/5786"}],"wp:attachment":[{"href":"https:\/\/nautipescas.pt\/fr\/wp-json\/wp\/v2\/media?parent=5785"}],"wp:term":[{"taxonomy":"product_cat","embeddable":true,"href":"https:\/\/nautipescas.pt\/fr\/wp-json\/wp\/v2\/product_cat?post=5785"},{"taxonomy":"product_tag","embeddable":true,"href":"https:\/\/nautipescas.pt\/fr\/wp-json\/wp\/v2\/product_tag?post=5785"},{"taxonomy":"marcas","embeddable":true,"href":"https:\/\/nautipescas.pt\/fr\/wp-json\/wp\/v2\/marcas?post=5785"}],"curies":[{"name":"wp","href":"https:\/\/api.w.org\/{rel}","templated":true}]}}