{"id":5815,"date":"2023-03-10T14:52:32","date_gmt":"2023-03-10T14:52:32","guid":{"rendered":"https:\/\/nautipescas.pt\/?post_type=product&#038;p=5815"},"modified":"2023-03-10T14:52:32","modified_gmt":"2023-03-10T14:52:32","slug":"amostra-rapala-x-rap-mag15-12cm-yft","status":"publish","type":"product","link":"https:\/\/nautipescas.pt\/fr\/produto\/amostra-rapala-x-rap-mag15-12cm-yft\/","title":{"rendered":"AMOSTRA RAPALA X-RAP MAG15-12CM YFT"},"content":{"rendered":"<p>O modo de mergulho de precis\u00e3o leva o X-Rap\u00ae Magnum \u00e0 profundidade sem ajuda. N\u00e3o h\u00e1 nada que atrapalhe a a\u00e7\u00e3o. Cada mergulho na sua profundidade pr\u00e9-definida &#8211; o XRMAG10 a 10 p\u00e9s, o XRMAG15 a 15 p\u00e9s, etc. Trabalha at\u00e9 13 n\u00f3s para o maior peixe do mundo.<\/p>\n<p>Tipo: Afundante<\/p>\n","protected":false},"excerpt":{"rendered":"<p>O modo de mergulho de precis\u00e3o leva o X-Rap\u00ae Magnum \u00e0 profundidade sem ajuda. N\u00e3o h\u00e1 nada que atrapalhe a a\u00e7\u00e3o. Cada mergulho na sua profundidade pr\u00e9-definida &#8211; o XRMAG10 a 10 p\u00e9s, o XRMAG15 a 15 p\u00e9s, etc. Trabalha at\u00e9 13 n\u00f3s para o maior peixe do mundo. Tipo: Afundante<\/p>\n","protected":false},"featured_media":5824,"template":"","meta":{"inline_featured_image":false},"product_cat":[229,148],"product_tag":[],"marcas":[150],"class_list":["post-5815","product","type-product","status-publish","has-post-thumbnail","hentry","product_cat-amostras-rigidas","product_cat-pesca","marcas-rapala"],"acf":[],"yoast_head":"<!-- This site is optimized with the Yoast SEO plugin v19.2 - https:\/\/yoast.com\/wordpress\/plugins\/seo\/ -->\n<title>AMOSTRA RAPALA X-RAP MAG15-12CM YFT - Nautipescas<\/title>\n<meta name=\"robots\" content=\"index, follow, max-snippet:-1, max-image-preview:large, max-video-preview:-1\" \/>\n<link rel=\"canonical\" href=\"https:\/\/nautipescas.pt\/produto\/amostra-rapala-x-rap-mag15-12cm-yft\/\" \/>\n<meta property=\"og:locale\" content=\"fr_FR\" \/>\n<meta property=\"og:type\" content=\"article\" \/>\n<meta property=\"og:title\" content=\"AMOSTRA RAPALA X-RAP MAG15-12CM YFT - Nautipescas\" \/>\n<meta property=\"og:description\" content=\"O modo de mergulho de precis\u00e3o leva o X-Rap\u00ae Magnum \u00e0 profundidade sem ajuda. N\u00e3o h\u00e1 nada que atrapalhe a a\u00e7\u00e3o. Cada mergulho na sua profundidade pr\u00e9-definida &#8211; o XRMAG10 a 10 p\u00e9s, o XRMAG15 a 15 p\u00e9s, etc. Trabalha at\u00e9 13 n\u00f3s para o maior peixe do mundo. Tipo: Afundante\" \/>\n<meta property=\"og:url\" content=\"https:\/\/nautipescas.pt\/produto\/amostra-rapala-x-rap-mag15-12cm-yft\/\" \/>\n<meta property=\"og:site_name\" content=\"Nautipescas\" \/>\n<meta property=\"og:image\" content=\"https:\/\/nautipescas.pt\/wp-content\/uploads\/2023\/03\/X-RAP-RAPALA-SERIES.jpg\" \/>\n\t<meta property=\"og:image:width\" content=\"833\" \/>\n\t<meta property=\"og:image:height\" content=\"709\" \/>\n\t<meta property=\"og:image:type\" content=\"image\/jpeg\" \/>\n<meta name=\"author\" content=\"Paulo Chaves\" \/>\n<meta name=\"twitter:card\" content=\"summary_large_image\" \/>\n<meta name=\"twitter:label1\" content=\"Dur\u00e9e de lecture estim\u00e9e\" \/>\n\t<meta name=\"twitter:data1\" content=\"1 minute\" \/>\n<script type=\"application\/ld+json\" class=\"yoast-schema-graph\">{\"@context\":\"https:\/\/schema.org\",\"@graph\":[{\"@type\":\"WebSite\",\"@id\":\"https:\/\/nautipescas.pt\/#website\",\"url\":\"https:\/\/nautipescas.pt\/\",\"name\":\"Nautipescas\",\"description\":\"\",\"potentialAction\":[{\"@type\":\"SearchAction\",\"target\":{\"@type\":\"EntryPoint\",\"urlTemplate\":\"https:\/\/nautipescas.pt\/?s={search_term_string}\"},\"query-input\":\"required name=search_term_string\"}],\"inLanguage\":\"fr-FR\"},{\"@type\":\"ImageObject\",\"inLanguage\":\"fr-FR\",\"@id\":\"https:\/\/nautipescas.pt\/produto\/amostra-rapala-x-rap-mag15-12cm-yft\/#primaryimage\",\"url\":\"https:\/\/nautipescas.pt\/wp-content\/uploads\/2023\/03\/X-RAP-RAPALA-SERIES.jpg\",\"contentUrl\":\"https:\/\/nautipescas.pt\/wp-content\/uploads\/2023\/03\/X-RAP-RAPALA-SERIES.jpg\",\"width\":833,\"height\":709},{\"@type\":\"WebPage\",\"@id\":\"https:\/\/nautipescas.pt\/produto\/amostra-rapala-x-rap-mag15-12cm-yft\/#webpage\",\"url\":\"https:\/\/nautipescas.pt\/produto\/amostra-rapala-x-rap-mag15-12cm-yft\/\",\"name\":\"AMOSTRA RAPALA X-RAP MAG15-12CM YFT - Nautipescas\",\"isPartOf\":{\"@id\":\"https:\/\/nautipescas.pt\/#website\"},\"primaryImageOfPage\":{\"@id\":\"https:\/\/nautipescas.pt\/produto\/amostra-rapala-x-rap-mag15-12cm-yft\/#primaryimage\"},\"datePublished\":\"2023-03-10T14:52:32+00:00\",\"dateModified\":\"2023-03-10T14:52:32+00:00\",\"breadcrumb\":{\"@id\":\"https:\/\/nautipescas.pt\/produto\/amostra-rapala-x-rap-mag15-12cm-yft\/#breadcrumb\"},\"inLanguage\":\"fr-FR\",\"potentialAction\":[{\"@type\":\"ReadAction\",\"target\":[\"https:\/\/nautipescas.pt\/produto\/amostra-rapala-x-rap-mag15-12cm-yft\/\"]}]},{\"@type\":\"BreadcrumbList\",\"@id\":\"https:\/\/nautipescas.pt\/produto\/amostra-rapala-x-rap-mag15-12cm-yft\/#breadcrumb\",\"itemListElement\":[{\"@type\":\"ListItem\",\"position\":1,\"name\":\"In\u00edcio\",\"item\":\"https:\/\/nautipescas.pt\/fr\/\"},{\"@type\":\"ListItem\",\"position\":2,\"name\":\"Boutique\",\"item\":\"https:\/\/nautipescas.pt\/fr\/boutique-magasin-de-peche-a-proximite\/\"},{\"@type\":\"ListItem\",\"position\":3,\"name\":\"AMOSTRA RAPALA X-RAP MAG15-12CM YFT\"}]}]}<\/script>\n<!-- \/ Yoast SEO plugin. -->","yoast_head_json":{"title":"AMOSTRA RAPALA X-RAP MAG15-12CM YFT - Nautipescas","robots":{"index":"index","follow":"follow","max-snippet":"max-snippet:-1","max-image-preview":"max-image-preview:large","max-video-preview":"max-video-preview:-1"},"canonical":"https:\/\/nautipescas.pt\/produto\/amostra-rapala-x-rap-mag15-12cm-yft\/","og_locale":"fr_FR","og_type":"article","og_title":"AMOSTRA RAPALA X-RAP MAG15-12CM YFT - Nautipescas","og_description":"O modo de mergulho de precis\u00e3o leva o X-Rap\u00ae Magnum \u00e0 profundidade sem ajuda. N\u00e3o h\u00e1 nada que atrapalhe a a\u00e7\u00e3o. Cada mergulho na sua profundidade pr\u00e9-definida &#8211; o XRMAG10 a 10 p\u00e9s, o XRMAG15 a 15 p\u00e9s, etc. Trabalha at\u00e9 13 n\u00f3s para o maior peixe do mundo. Tipo: Afundante","og_url":"https:\/\/nautipescas.pt\/produto\/amostra-rapala-x-rap-mag15-12cm-yft\/","og_site_name":"Nautipescas","og_image":[{"width":833,"height":709,"url":"https:\/\/nautipescas.pt\/wp-content\/uploads\/2023\/03\/X-RAP-RAPALA-SERIES.jpg","type":"image\/jpeg"}],"author":"Paulo Chaves","twitter_card":"summary_large_image","twitter_misc":{"Dur\u00e9e de lecture estim\u00e9e":"1 minute"},"schema":{"@context":"https:\/\/schema.org","@graph":[{"@type":"WebSite","@id":"https:\/\/nautipescas.pt\/#website","url":"https:\/\/nautipescas.pt\/","name":"Nautipescas","description":"","potentialAction":[{"@type":"SearchAction","target":{"@type":"EntryPoint","urlTemplate":"https:\/\/nautipescas.pt\/?s={search_term_string}"},"query-input":"required name=search_term_string"}],"inLanguage":"fr-FR"},{"@type":"ImageObject","inLanguage":"fr-FR","@id":"https:\/\/nautipescas.pt\/produto\/amostra-rapala-x-rap-mag15-12cm-yft\/#primaryimage","url":"https:\/\/nautipescas.pt\/wp-content\/uploads\/2023\/03\/X-RAP-RAPALA-SERIES.jpg","contentUrl":"https:\/\/nautipescas.pt\/wp-content\/uploads\/2023\/03\/X-RAP-RAPALA-SERIES.jpg","width":833,"height":709},{"@type":"WebPage","@id":"https:\/\/nautipescas.pt\/produto\/amostra-rapala-x-rap-mag15-12cm-yft\/#webpage","url":"https:\/\/nautipescas.pt\/produto\/amostra-rapala-x-rap-mag15-12cm-yft\/","name":"AMOSTRA RAPALA X-RAP MAG15-12CM YFT - Nautipescas","isPartOf":{"@id":"https:\/\/nautipescas.pt\/#website"},"primaryImageOfPage":{"@id":"https:\/\/nautipescas.pt\/produto\/amostra-rapala-x-rap-mag15-12cm-yft\/#primaryimage"},"datePublished":"2023-03-10T14:52:32+00:00","dateModified":"2023-03-10T14:52:32+00:00","breadcrumb":{"@id":"https:\/\/nautipescas.pt\/produto\/amostra-rapala-x-rap-mag15-12cm-yft\/#breadcrumb"},"inLanguage":"fr-FR","potentialAction":[{"@type":"ReadAction","target":["https:\/\/nautipescas.pt\/produto\/amostra-rapala-x-rap-mag15-12cm-yft\/"]}]},{"@type":"BreadcrumbList","@id":"https:\/\/nautipescas.pt\/produto\/amostra-rapala-x-rap-mag15-12cm-yft\/#breadcrumb","itemListElement":[{"@type":"ListItem","position":1,"name":"In\u00edcio","item":"https:\/\/nautipescas.pt\/fr\/"},{"@type":"ListItem","position":2,"name":"Boutique","item":"https:\/\/nautipescas.pt\/fr\/boutique-magasin-de-peche-a-proximite\/"},{"@type":"ListItem","position":3,"name":"AMOSTRA RAPALA X-RAP MAG15-12CM YFT"}]}]}},"_links":{"self":[{"href":"https:\/\/nautipescas.pt\/fr\/wp-json\/wp\/v2\/product\/5815","targetHints":{"allow":["GET"]}}],"collection":[{"href":"https:\/\/nautipescas.pt\/fr\/wp-json\/wp\/v2\/product"}],"about":[{"href":"https:\/\/nautipescas.pt\/fr\/wp-json\/wp\/v2\/types\/product"}],"wp:featuredmedia":[{"embeddable":true,"href":"https:\/\/nautipescas.pt\/fr\/wp-json\/wp\/v2\/media\/5824"}],"wp:attachment":[{"href":"https:\/\/nautipescas.pt\/fr\/wp-json\/wp\/v2\/media?parent=5815"}],"wp:term":[{"taxonomy":"product_cat","embeddable":true,"href":"https:\/\/nautipescas.pt\/fr\/wp-json\/wp\/v2\/product_cat?post=5815"},{"taxonomy":"product_tag","embeddable":true,"href":"https:\/\/nautipescas.pt\/fr\/wp-json\/wp\/v2\/product_tag?post=5815"},{"taxonomy":"marcas","embeddable":true,"href":"https:\/\/nautipescas.pt\/fr\/wp-json\/wp\/v2\/marcas?post=5815"}],"curies":[{"name":"wp","href":"https:\/\/api.w.org\/{rel}","templated":true}]}}