{"id":5884,"date":"2023-03-10T15:19:58","date_gmt":"2023-03-10T15:19:58","guid":{"rendered":"https:\/\/nautipescas.pt\/?post_type=product&#038;p=5884"},"modified":"2024-06-08T09:12:00","modified_gmt":"2024-06-08T09:12:00","slug":"amostra-mommotti-190s-34gr","status":"publish","type":"product","link":"https:\/\/nautipescas.pt\/fr\/produto\/amostra-mommotti-190s-34gr\/","title":{"rendered":"AMOSTRA MOMMOTTI 190S 34GR"},"content":{"rendered":"<p>Amostra Seaspin<\/p>\n<p>Amostra para lan\u00e7amento com 34gr<\/p>\n<p>Nata\u00e7\u00e3o super atrativa para os predadores mais comuns como bicudas,anchovas e serras<\/p>\n","protected":false},"excerpt":{"rendered":"<p>Amostra Seaspin Amostra para lan\u00e7amento com 34gr Nata\u00e7\u00e3o super atrativa para os predadores mais comuns como bicudas,anchovas e serras<\/p>\n","protected":false},"featured_media":5892,"template":"","meta":{"inline_featured_image":false},"product_cat":[229,148],"product_tag":[],"marcas":[],"class_list":["post-5884","product","type-product","status-publish","has-post-thumbnail","hentry","product_cat-amostras-rigidas","product_cat-pesca"],"acf":[],"yoast_head":"<!-- This site is optimized with the Yoast SEO plugin v19.2 - https:\/\/yoast.com\/wordpress\/plugins\/seo\/ -->\n<title>AMOSTRA MOMMOTTI 190S 34GR - Nautipescas<\/title>\n<meta name=\"robots\" content=\"index, follow, max-snippet:-1, max-image-preview:large, max-video-preview:-1\" \/>\n<link rel=\"canonical\" href=\"https:\/\/nautipescas.pt\/produto\/amostra-mommotti-190s-34gr\/\" \/>\n<meta property=\"og:locale\" content=\"fr_FR\" \/>\n<meta property=\"og:type\" content=\"article\" \/>\n<meta property=\"og:title\" content=\"AMOSTRA MOMMOTTI 190S 34GR - Nautipescas\" \/>\n<meta property=\"og:description\" content=\"Amostra Seaspin Amostra para lan\u00e7amento com 34gr Nata\u00e7\u00e3o super atrativa para os predadores mais comuns como bicudas,anchovas e serras\" \/>\n<meta property=\"og:url\" content=\"https:\/\/nautipescas.pt\/produto\/amostra-mommotti-190s-34gr\/\" \/>\n<meta property=\"og:site_name\" content=\"Nautipescas\" \/>\n<meta property=\"article:modified_time\" content=\"2024-06-08T09:12:00+00:00\" \/>\n<meta property=\"og:image\" content=\"https:\/\/nautipescas.pt\/wp-content\/uploads\/2023\/03\/seaspin-mommotti-190-800x800_scpGsBZ.jpeg\" \/>\n\t<meta property=\"og:image:width\" content=\"800\" \/>\n\t<meta property=\"og:image:height\" content=\"683\" \/>\n\t<meta property=\"og:image:type\" content=\"image\/jpeg\" \/>\n<meta name=\"author\" content=\"Paulo Chaves\" \/>\n<meta name=\"twitter:card\" content=\"summary_large_image\" \/>\n<meta name=\"twitter:label1\" content=\"Dur\u00e9e de lecture estim\u00e9e\" \/>\n\t<meta name=\"twitter:data1\" content=\"1 minute\" \/>\n<script type=\"application\/ld+json\" class=\"yoast-schema-graph\">{\"@context\":\"https:\/\/schema.org\",\"@graph\":[{\"@type\":\"WebSite\",\"@id\":\"https:\/\/nautipescas.pt\/#website\",\"url\":\"https:\/\/nautipescas.pt\/\",\"name\":\"Nautipescas\",\"description\":\"\",\"potentialAction\":[{\"@type\":\"SearchAction\",\"target\":{\"@type\":\"EntryPoint\",\"urlTemplate\":\"https:\/\/nautipescas.pt\/?s={search_term_string}\"},\"query-input\":\"required name=search_term_string\"}],\"inLanguage\":\"fr-FR\"},{\"@type\":\"ImageObject\",\"inLanguage\":\"fr-FR\",\"@id\":\"https:\/\/nautipescas.pt\/produto\/amostra-mommotti-190s-34gr\/#primaryimage\",\"url\":\"https:\/\/nautipescas.pt\/wp-content\/uploads\/2023\/03\/seaspin-mommotti-190-800x800_scpGsBZ.jpeg\",\"contentUrl\":\"https:\/\/nautipescas.pt\/wp-content\/uploads\/2023\/03\/seaspin-mommotti-190-800x800_scpGsBZ.jpeg\",\"width\":800,\"height\":683},{\"@type\":\"WebPage\",\"@id\":\"https:\/\/nautipescas.pt\/produto\/amostra-mommotti-190s-34gr\/#webpage\",\"url\":\"https:\/\/nautipescas.pt\/produto\/amostra-mommotti-190s-34gr\/\",\"name\":\"AMOSTRA MOMMOTTI 190S 34GR - Nautipescas\",\"isPartOf\":{\"@id\":\"https:\/\/nautipescas.pt\/#website\"},\"primaryImageOfPage\":{\"@id\":\"https:\/\/nautipescas.pt\/produto\/amostra-mommotti-190s-34gr\/#primaryimage\"},\"datePublished\":\"2023-03-10T15:19:58+00:00\",\"dateModified\":\"2024-06-08T09:12:00+00:00\",\"breadcrumb\":{\"@id\":\"https:\/\/nautipescas.pt\/produto\/amostra-mommotti-190s-34gr\/#breadcrumb\"},\"inLanguage\":\"fr-FR\",\"potentialAction\":[{\"@type\":\"ReadAction\",\"target\":[\"https:\/\/nautipescas.pt\/produto\/amostra-mommotti-190s-34gr\/\"]}]},{\"@type\":\"BreadcrumbList\",\"@id\":\"https:\/\/nautipescas.pt\/produto\/amostra-mommotti-190s-34gr\/#breadcrumb\",\"itemListElement\":[{\"@type\":\"ListItem\",\"position\":1,\"name\":\"In\u00edcio\",\"item\":\"https:\/\/nautipescas.pt\/fr\/\"},{\"@type\":\"ListItem\",\"position\":2,\"name\":\"Boutique\",\"item\":\"https:\/\/nautipescas.pt\/fr\/boutique-magasin-de-peche-a-proximite\/\"},{\"@type\":\"ListItem\",\"position\":3,\"name\":\"AMOSTRA MOMMOTTI 190S 34GR\"}]}]}<\/script>\n<!-- \/ Yoast SEO plugin. -->","yoast_head_json":{"title":"AMOSTRA MOMMOTTI 190S 34GR - Nautipescas","robots":{"index":"index","follow":"follow","max-snippet":"max-snippet:-1","max-image-preview":"max-image-preview:large","max-video-preview":"max-video-preview:-1"},"canonical":"https:\/\/nautipescas.pt\/produto\/amostra-mommotti-190s-34gr\/","og_locale":"fr_FR","og_type":"article","og_title":"AMOSTRA MOMMOTTI 190S 34GR - Nautipescas","og_description":"Amostra Seaspin Amostra para lan\u00e7amento com 34gr Nata\u00e7\u00e3o super atrativa para os predadores mais comuns como bicudas,anchovas e serras","og_url":"https:\/\/nautipescas.pt\/produto\/amostra-mommotti-190s-34gr\/","og_site_name":"Nautipescas","article_modified_time":"2024-06-08T09:12:00+00:00","og_image":[{"width":800,"height":683,"url":"https:\/\/nautipescas.pt\/wp-content\/uploads\/2023\/03\/seaspin-mommotti-190-800x800_scpGsBZ.jpeg","type":"image\/jpeg"}],"author":"Paulo Chaves","twitter_card":"summary_large_image","twitter_misc":{"Dur\u00e9e de lecture estim\u00e9e":"1 minute"},"schema":{"@context":"https:\/\/schema.org","@graph":[{"@type":"WebSite","@id":"https:\/\/nautipescas.pt\/#website","url":"https:\/\/nautipescas.pt\/","name":"Nautipescas","description":"","potentialAction":[{"@type":"SearchAction","target":{"@type":"EntryPoint","urlTemplate":"https:\/\/nautipescas.pt\/?s={search_term_string}"},"query-input":"required name=search_term_string"}],"inLanguage":"fr-FR"},{"@type":"ImageObject","inLanguage":"fr-FR","@id":"https:\/\/nautipescas.pt\/produto\/amostra-mommotti-190s-34gr\/#primaryimage","url":"https:\/\/nautipescas.pt\/wp-content\/uploads\/2023\/03\/seaspin-mommotti-190-800x800_scpGsBZ.jpeg","contentUrl":"https:\/\/nautipescas.pt\/wp-content\/uploads\/2023\/03\/seaspin-mommotti-190-800x800_scpGsBZ.jpeg","width":800,"height":683},{"@type":"WebPage","@id":"https:\/\/nautipescas.pt\/produto\/amostra-mommotti-190s-34gr\/#webpage","url":"https:\/\/nautipescas.pt\/produto\/amostra-mommotti-190s-34gr\/","name":"AMOSTRA MOMMOTTI 190S 34GR - Nautipescas","isPartOf":{"@id":"https:\/\/nautipescas.pt\/#website"},"primaryImageOfPage":{"@id":"https:\/\/nautipescas.pt\/produto\/amostra-mommotti-190s-34gr\/#primaryimage"},"datePublished":"2023-03-10T15:19:58+00:00","dateModified":"2024-06-08T09:12:00+00:00","breadcrumb":{"@id":"https:\/\/nautipescas.pt\/produto\/amostra-mommotti-190s-34gr\/#breadcrumb"},"inLanguage":"fr-FR","potentialAction":[{"@type":"ReadAction","target":["https:\/\/nautipescas.pt\/produto\/amostra-mommotti-190s-34gr\/"]}]},{"@type":"BreadcrumbList","@id":"https:\/\/nautipescas.pt\/produto\/amostra-mommotti-190s-34gr\/#breadcrumb","itemListElement":[{"@type":"ListItem","position":1,"name":"In\u00edcio","item":"https:\/\/nautipescas.pt\/fr\/"},{"@type":"ListItem","position":2,"name":"Boutique","item":"https:\/\/nautipescas.pt\/fr\/boutique-magasin-de-peche-a-proximite\/"},{"@type":"ListItem","position":3,"name":"AMOSTRA MOMMOTTI 190S 34GR"}]}]}},"_links":{"self":[{"href":"https:\/\/nautipescas.pt\/fr\/wp-json\/wp\/v2\/product\/5884","targetHints":{"allow":["GET"]}}],"collection":[{"href":"https:\/\/nautipescas.pt\/fr\/wp-json\/wp\/v2\/product"}],"about":[{"href":"https:\/\/nautipescas.pt\/fr\/wp-json\/wp\/v2\/types\/product"}],"wp:featuredmedia":[{"embeddable":true,"href":"https:\/\/nautipescas.pt\/fr\/wp-json\/wp\/v2\/media\/5892"}],"wp:attachment":[{"href":"https:\/\/nautipescas.pt\/fr\/wp-json\/wp\/v2\/media?parent=5884"}],"wp:term":[{"taxonomy":"product_cat","embeddable":true,"href":"https:\/\/nautipescas.pt\/fr\/wp-json\/wp\/v2\/product_cat?post=5884"},{"taxonomy":"product_tag","embeddable":true,"href":"https:\/\/nautipescas.pt\/fr\/wp-json\/wp\/v2\/product_tag?post=5884"},{"taxonomy":"marcas","embeddable":true,"href":"https:\/\/nautipescas.pt\/fr\/wp-json\/wp\/v2\/marcas?post=5884"}],"curies":[{"name":"wp","href":"https:\/\/api.w.org\/{rel}","templated":true}]}}