{"id":6119,"date":"2023-03-11T11:19:30","date_gmt":"2023-03-11T11:19:30","guid":{"rendered":"https:\/\/nautipescas.pt\/?post_type=product&#038;p=6119"},"modified":"2025-05-22T15:48:27","modified_gmt":"2025-05-22T15:48:27","slug":"sonda-koden-cvs-128-8-5tft-lcd","status":"publish","type":"product","link":"https:\/\/nautipescas.pt\/fr\/produto\/sonda-koden-cvs-128-8-5tft-lcd\/","title":{"rendered":"SONDA KODEN CVS 128-8.5&Prime;TFT LCD C\/TRANSDUTOR 1KW"},"content":{"rendered":"<h3>SONDA DIGITAL KODEN CVS-128, 600\/1KW, 8.4\u2033 TFT COR LCD, MAX 1200M<\/h3>\n<p>Tecnologia de processamento de sinal digital avan\u00e7ado da Koden, oferecendo a maior resolu\u00e7\u00e3o em \u00e1guas rasas e alto ganho em \u00e1guas profundas.<br \/>\nCapacidade de armazenar at\u00e9 10 imagens, com um sensor GPS opcional, possibilidade de visualizar a posi\u00e7\u00e3o na imagem armazenada.<br \/>\nSons de \u00e1udio para ser utilizado de notificar a dete\u00e7\u00e3o de peixes.<br \/>\nUma ampla gama de fun\u00e7\u00f5es autom\u00e1ticas tornando a opera\u00e7\u00e3o simples e f\u00e1cil para o utilizador (GAIN, GAMA, SHIFT).<br \/>\nAlto desempenho do ecr\u00e3 LCD permitindo uma boa visibilidade.<br \/>\nAlta visibilidade e desempenho \u00e0 prova de salpicos (IPX5), possibilitando a instala\u00e7\u00e3o no exterior.<br \/>\nO seu projeto de efici\u00eancia energ\u00e9tica consegue obter um baixo consumo de energia.<\/p>\n<ul class=\"keypoints\">\n<li>8.4 \u201d Ecr\u00e3 vis\u00edvel da luz solar<\/li>\n<li>600\/1KW Sa\u00edda<\/li>\n<li>Frequ\u00eancia dupla 50 \/ 200kHz<\/li>\n<li>Filtragem digital \u2013 Para uma imagem mais clara<\/li>\n<li>Exclusivo Sonar-Tone para tons aud\u00edveis de alvos<\/li>\n<li>Armazenamento de imagens \u2013 Armazena at\u00e9 10 imagens<\/li>\n<li>Tamanho do alvo do peixe \u2013 Exibe o tamanho aproximado do peixe<\/li>\n<li>Ganho, Deslocamento e Ganho Autom\u00e1ticos \u2013 Para facilidade de utiliza\u00e7\u00e3o<\/li>\n<li>Fun\u00e7\u00e3o Hot Spot Pesca \u2013 Armazena pontos favoritos<\/li>\n<\/ul>\n<p><b>Fun\u00e7\u00e3o de Filtragem Digital<\/b><br \/>\nO desempenho e a detec\u00e7\u00e3o de peixes s\u00e3o inigual\u00e1veis \u200b\u200bcom o recurso Koden Digital Filtering (KDF). KDF elimina interfer\u00eancias, filtrando o ru\u00eddo para indicar uma imagem clara e detalhada que aumenta os alvos de peixe em \u00e1guas rasas e profundas. Melhorar os alvos do pescado que torna mais f\u00e1cil diferenciar entre cardumes maiores e o fundo do mar, resultando em uma maior captura.<\/p>\n<p><b>High Power, Dual Frequency<\/b><br \/>\nCom a combina\u00e7\u00e3o mais popular de 50kHz e 200kHz, a opera\u00e7\u00e3o de dupla ou \u00fanica frequ\u00eancia pode ser seleccionada para melhor desempenho na varias condi\u00e7\u00f5es do mar.<\/p>\n<p><b>Escolha de varias imagens de visualiza\u00e7\u00e3o do ecr\u00e3<br \/>\n<\/b>Com uma grande variedade de modos de exibi\u00e7\u00e3o. Escolha entre Normal Alto, Zoom Alto, Dual Frequ\u00eancia, Zoom Baixo, Normal Baixo e ecr\u00e3 de navega\u00e7\u00e3o.<\/p>\n<p><b>Fun\u00e7\u00e3o Auto \u00a0\u00a0\u00a0\u00a0\u00a0\u00a0\u00a0\u00a0\u00a0\u00a0\u00a0\u00a0<\/b><br \/>\nO modo Auto seleciona automaticamente o Ganho, Range e Shift. Isso elimina as configura\u00e7\u00f5es manuais para o utilizador trabalhar com confian\u00e7a na pesca.<\/p>\n<p><b>Exclusivo Sonar-Tone<\/b><br \/>\nExclusivo Sonar-Tone Koden identifica o que est\u00e1 sob a embarca\u00e7\u00e3o com diferentes sons de \u00e1udio para peixe e cardumes. Assim n\u00e3o h\u00e1 necessidade de estar olhando sempre para o ecr\u00e3.<\/p>\n<p><b>Tamanho do alvo do peixe<\/b><br \/>\nCom a nova tecnologia digital, a sonda podem exibir o tamanho aproximado dos alvos de peixe no ecr\u00e3 para ajudar a identificar o alvo.<\/p>\n<p><b>Armazenamento de imagens<\/b><br \/>\nArmazenar at\u00e9 10 imagens do ecr\u00e3 por um toque no bot\u00e3o com a memoria interna e assim visualizar mais tarde as imagem guardadas. Este recurso \u00e9 \u00f3timo para saber onde andou anteriormente.<\/p>\n<p><b>Pesca Hot Spots<\/b><br \/>\nQuando interligado a um GPS opcional, Fishing Hot Spot leva de volta para seus pontos de pesca favoritos ou outras posi\u00e7\u00f5es previamente guardadas na mem\u00f3ria.<\/p>\n","protected":false},"excerpt":{"rendered":"<p>SONDA DIGITAL KODEN CVS-128, 600\/1KW, 8.4\u2033 TFT COR LCD, MAX 1200M Tecnologia de processamento de sinal digital avan\u00e7ado da Koden, oferecendo a maior resolu\u00e7\u00e3o em \u00e1guas rasas e alto ganho em \u00e1guas profundas. Capacidade de armazenar at\u00e9 10 imagens, com um sensor GPS opcional, possibilidade de visualizar a posi\u00e7\u00e3o na imagem armazenada. Sons de \u00e1udio &hellip; <\/p>\n<p class=\"more-link-wrap\"><a href=\"https:\/\/nautipescas.pt\/fr\/produto\/sonda-koden-cvs-128-8-5tft-lcd\/\" class=\"more-link\"><span>Read More<span class=\"screen-reader-text\"> \u00ab\u00a0SONDA KODEN CVS 128-8.5&Prime;TFT LCD C\/TRANSDUTOR 1KW\u00a0\u00bb<\/span><\/span><\/a><\/p>\n","protected":false},"featured_media":6120,"template":"","meta":{"inline_featured_image":false},"product_cat":[153,458],"product_tag":[],"marcas":[],"class_list":["post-6119","product","type-product","status-publish","has-post-thumbnail","hentry","product_cat-eletronica-maritima","product_cat-sondas-eletronica-maritima"],"acf":[],"yoast_head":"<!-- This site is optimized with the Yoast SEO plugin v19.2 - https:\/\/yoast.com\/wordpress\/plugins\/seo\/ -->\n<title>SONDA KODEN CVS 128-8.5&quot;TFT LCD C\/TRANSDUTOR 1KW - Nautipescas<\/title>\n<meta name=\"robots\" content=\"index, follow, max-snippet:-1, max-image-preview:large, max-video-preview:-1\" \/>\n<link rel=\"canonical\" href=\"https:\/\/nautipescas.pt\/produto\/sonda-koden-cvs-128-8-5tft-lcd\/\" \/>\n<meta property=\"og:locale\" content=\"fr_FR\" \/>\n<meta property=\"og:type\" content=\"article\" \/>\n<meta property=\"og:title\" content=\"SONDA KODEN CVS 128-8.5&quot;TFT LCD C\/TRANSDUTOR 1KW - Nautipescas\" \/>\n<meta property=\"og:description\" content=\"SONDA DIGITAL KODEN CVS-128, 600\/1KW, 8.4\u2033 TFT COR LCD, MAX 1200M Tecnologia de processamento de sinal digital avan\u00e7ado da Koden, oferecendo a maior resolu\u00e7\u00e3o em \u00e1guas rasas e alto ganho em \u00e1guas profundas. Capacidade de armazenar at\u00e9 10 imagens, com um sensor GPS opcional, possibilidade de visualizar a posi\u00e7\u00e3o na imagem armazenada. Sons de \u00e1udio &hellip; Read More &quot;SONDA KODEN CVS 128-8.5&Prime;TFT LCD C\/TRANSDUTOR 1KW&quot;\" \/>\n<meta property=\"og:url\" content=\"https:\/\/nautipescas.pt\/produto\/sonda-koden-cvs-128-8-5tft-lcd\/\" \/>\n<meta property=\"og:site_name\" content=\"Nautipescas\" \/>\n<meta property=\"article:modified_time\" content=\"2025-05-22T15:48:27+00:00\" \/>\n<meta property=\"og:image\" content=\"https:\/\/nautipescas.pt\/wp-content\/uploads\/2023\/03\/Koden_CVS-128_.jpg\" \/>\n\t<meta property=\"og:image:width\" content=\"800\" \/>\n\t<meta property=\"og:image:height\" content=\"800\" \/>\n\t<meta property=\"og:image:type\" content=\"image\/jpeg\" \/>\n<meta name=\"author\" content=\"Paulo Chaves\" \/>\n<meta name=\"twitter:card\" content=\"summary_large_image\" \/>\n<meta name=\"twitter:label1\" content=\"Dur\u00e9e de lecture estim\u00e9e\" \/>\n\t<meta name=\"twitter:data1\" content=\"3 minutes\" \/>\n<script type=\"application\/ld+json\" class=\"yoast-schema-graph\">{\"@context\":\"https:\/\/schema.org\",\"@graph\":[{\"@type\":\"WebSite\",\"@id\":\"https:\/\/nautipescas.pt\/#website\",\"url\":\"https:\/\/nautipescas.pt\/\",\"name\":\"Nautipescas\",\"description\":\"\",\"potentialAction\":[{\"@type\":\"SearchAction\",\"target\":{\"@type\":\"EntryPoint\",\"urlTemplate\":\"https:\/\/nautipescas.pt\/?s={search_term_string}\"},\"query-input\":\"required name=search_term_string\"}],\"inLanguage\":\"fr-FR\"},{\"@type\":\"ImageObject\",\"inLanguage\":\"fr-FR\",\"@id\":\"https:\/\/nautipescas.pt\/produto\/sonda-koden-cvs-128-8-5tft-lcd\/#primaryimage\",\"url\":\"https:\/\/nautipescas.pt\/wp-content\/uploads\/2023\/03\/Koden_CVS-128_.jpg\",\"contentUrl\":\"https:\/\/nautipescas.pt\/wp-content\/uploads\/2023\/03\/Koden_CVS-128_.jpg\",\"width\":800,\"height\":800},{\"@type\":\"WebPage\",\"@id\":\"https:\/\/nautipescas.pt\/produto\/sonda-koden-cvs-128-8-5tft-lcd\/#webpage\",\"url\":\"https:\/\/nautipescas.pt\/produto\/sonda-koden-cvs-128-8-5tft-lcd\/\",\"name\":\"SONDA KODEN CVS 128-8.5\\\"TFT LCD C\/TRANSDUTOR 1KW - Nautipescas\",\"isPartOf\":{\"@id\":\"https:\/\/nautipescas.pt\/#website\"},\"primaryImageOfPage\":{\"@id\":\"https:\/\/nautipescas.pt\/produto\/sonda-koden-cvs-128-8-5tft-lcd\/#primaryimage\"},\"datePublished\":\"2023-03-11T11:19:30+00:00\",\"dateModified\":\"2025-05-22T15:48:27+00:00\",\"breadcrumb\":{\"@id\":\"https:\/\/nautipescas.pt\/produto\/sonda-koden-cvs-128-8-5tft-lcd\/#breadcrumb\"},\"inLanguage\":\"fr-FR\",\"potentialAction\":[{\"@type\":\"ReadAction\",\"target\":[\"https:\/\/nautipescas.pt\/produto\/sonda-koden-cvs-128-8-5tft-lcd\/\"]}]},{\"@type\":\"BreadcrumbList\",\"@id\":\"https:\/\/nautipescas.pt\/produto\/sonda-koden-cvs-128-8-5tft-lcd\/#breadcrumb\",\"itemListElement\":[{\"@type\":\"ListItem\",\"position\":1,\"name\":\"In\u00edcio\",\"item\":\"https:\/\/nautipescas.pt\/fr\/\"},{\"@type\":\"ListItem\",\"position\":2,\"name\":\"Boutique\",\"item\":\"https:\/\/nautipescas.pt\/fr\/boutique-magasin-de-peche-a-proximite\/\"},{\"@type\":\"ListItem\",\"position\":3,\"name\":\"SONDA KODEN CVS 128-8.5&#8243;TFT LCD C\/TRANSDUTOR 1KW\"}]}]}<\/script>\n<!-- \/ Yoast SEO plugin. -->","yoast_head_json":{"title":"SONDA KODEN CVS 128-8.5\"TFT LCD C\/TRANSDUTOR 1KW - Nautipescas","robots":{"index":"index","follow":"follow","max-snippet":"max-snippet:-1","max-image-preview":"max-image-preview:large","max-video-preview":"max-video-preview:-1"},"canonical":"https:\/\/nautipescas.pt\/produto\/sonda-koden-cvs-128-8-5tft-lcd\/","og_locale":"fr_FR","og_type":"article","og_title":"SONDA KODEN CVS 128-8.5\"TFT LCD C\/TRANSDUTOR 1KW - Nautipescas","og_description":"SONDA DIGITAL KODEN CVS-128, 600\/1KW, 8.4\u2033 TFT COR LCD, MAX 1200M Tecnologia de processamento de sinal digital avan\u00e7ado da Koden, oferecendo a maior resolu\u00e7\u00e3o em \u00e1guas rasas e alto ganho em \u00e1guas profundas. Capacidade de armazenar at\u00e9 10 imagens, com um sensor GPS opcional, possibilidade de visualizar a posi\u00e7\u00e3o na imagem armazenada. Sons de \u00e1udio &hellip; Read More \"SONDA KODEN CVS 128-8.5&Prime;TFT LCD C\/TRANSDUTOR 1KW\"","og_url":"https:\/\/nautipescas.pt\/produto\/sonda-koden-cvs-128-8-5tft-lcd\/","og_site_name":"Nautipescas","article_modified_time":"2025-05-22T15:48:27+00:00","og_image":[{"width":800,"height":800,"url":"https:\/\/nautipescas.pt\/wp-content\/uploads\/2023\/03\/Koden_CVS-128_.jpg","type":"image\/jpeg"}],"author":"Paulo Chaves","twitter_card":"summary_large_image","twitter_misc":{"Dur\u00e9e de lecture estim\u00e9e":"3 minutes"},"schema":{"@context":"https:\/\/schema.org","@graph":[{"@type":"WebSite","@id":"https:\/\/nautipescas.pt\/#website","url":"https:\/\/nautipescas.pt\/","name":"Nautipescas","description":"","potentialAction":[{"@type":"SearchAction","target":{"@type":"EntryPoint","urlTemplate":"https:\/\/nautipescas.pt\/?s={search_term_string}"},"query-input":"required name=search_term_string"}],"inLanguage":"fr-FR"},{"@type":"ImageObject","inLanguage":"fr-FR","@id":"https:\/\/nautipescas.pt\/produto\/sonda-koden-cvs-128-8-5tft-lcd\/#primaryimage","url":"https:\/\/nautipescas.pt\/wp-content\/uploads\/2023\/03\/Koden_CVS-128_.jpg","contentUrl":"https:\/\/nautipescas.pt\/wp-content\/uploads\/2023\/03\/Koden_CVS-128_.jpg","width":800,"height":800},{"@type":"WebPage","@id":"https:\/\/nautipescas.pt\/produto\/sonda-koden-cvs-128-8-5tft-lcd\/#webpage","url":"https:\/\/nautipescas.pt\/produto\/sonda-koden-cvs-128-8-5tft-lcd\/","name":"SONDA KODEN CVS 128-8.5\"TFT LCD C\/TRANSDUTOR 1KW - Nautipescas","isPartOf":{"@id":"https:\/\/nautipescas.pt\/#website"},"primaryImageOfPage":{"@id":"https:\/\/nautipescas.pt\/produto\/sonda-koden-cvs-128-8-5tft-lcd\/#primaryimage"},"datePublished":"2023-03-11T11:19:30+00:00","dateModified":"2025-05-22T15:48:27+00:00","breadcrumb":{"@id":"https:\/\/nautipescas.pt\/produto\/sonda-koden-cvs-128-8-5tft-lcd\/#breadcrumb"},"inLanguage":"fr-FR","potentialAction":[{"@type":"ReadAction","target":["https:\/\/nautipescas.pt\/produto\/sonda-koden-cvs-128-8-5tft-lcd\/"]}]},{"@type":"BreadcrumbList","@id":"https:\/\/nautipescas.pt\/produto\/sonda-koden-cvs-128-8-5tft-lcd\/#breadcrumb","itemListElement":[{"@type":"ListItem","position":1,"name":"In\u00edcio","item":"https:\/\/nautipescas.pt\/fr\/"},{"@type":"ListItem","position":2,"name":"Boutique","item":"https:\/\/nautipescas.pt\/fr\/boutique-magasin-de-peche-a-proximite\/"},{"@type":"ListItem","position":3,"name":"SONDA KODEN CVS 128-8.5&#8243;TFT LCD C\/TRANSDUTOR 1KW"}]}]}},"_links":{"self":[{"href":"https:\/\/nautipescas.pt\/fr\/wp-json\/wp\/v2\/product\/6119","targetHints":{"allow":["GET"]}}],"collection":[{"href":"https:\/\/nautipescas.pt\/fr\/wp-json\/wp\/v2\/product"}],"about":[{"href":"https:\/\/nautipescas.pt\/fr\/wp-json\/wp\/v2\/types\/product"}],"wp:featuredmedia":[{"embeddable":true,"href":"https:\/\/nautipescas.pt\/fr\/wp-json\/wp\/v2\/media\/6120"}],"wp:attachment":[{"href":"https:\/\/nautipescas.pt\/fr\/wp-json\/wp\/v2\/media?parent=6119"}],"wp:term":[{"taxonomy":"product_cat","embeddable":true,"href":"https:\/\/nautipescas.pt\/fr\/wp-json\/wp\/v2\/product_cat?post=6119"},{"taxonomy":"product_tag","embeddable":true,"href":"https:\/\/nautipescas.pt\/fr\/wp-json\/wp\/v2\/product_tag?post=6119"},{"taxonomy":"marcas","embeddable":true,"href":"https:\/\/nautipescas.pt\/fr\/wp-json\/wp\/v2\/marcas?post=6119"}],"curies":[{"name":"wp","href":"https:\/\/api.w.org\/{rel}","templated":true}]}}