{"id":6196,"date":"2023-03-13T13:54:11","date_gmt":"2023-03-13T13:54:11","guid":{"rendered":"https:\/\/nautipescas.pt\/?post_type=product&#038;p=6196"},"modified":"2023-10-03T11:34:23","modified_gmt":"2023-10-03T11:34:23","slug":"transdutor-airmar-bronze-b265-lh","status":"publish","type":"product","link":"https:\/\/nautipescas.pt\/fr\/produto\/transdutor-airmar-bronze-b265-lh\/","title":{"rendered":"TRANSDUTOR AIRMAR BRONZE B265 LH DT 42-65-130-210 KHZ"},"content":{"rendered":"<p>O nosso transdutor passa-casco de 1 kW com o melhor desempenho e montagem tem um bom desempenho em \u00e1guas profundas e fornece detalhes excecionais em colunas de \u00e1gua e em profundidade.<\/p>\n<p>Este transdutor tem uma profundidade de 3000 p\u00e9s (914 m), uma frequ\u00eancia de funcionamento de 42 a 65 kHz e 130 a 210 kHz, uma largura de feixe de 16 a 25 graus e 6 a 10 graus e um \u00e2ngulo de deadrise de 0 a 20 graus.<\/p>\n<p>O kit do transdutor inclui instru\u00e7\u00f5es de instala\u00e7\u00e3o. Siga atentamente as instru\u00e7\u00f5es para evitar danos no barco<\/p>\n<div>\n<h3>Funcionalidades<\/h3>\n<\/div>\n<table>\n<tbody>\n<tr>\n<td>Comprimento do cabo<\/td>\n<td>39 ft.<\/td>\n<\/tr>\n<tr>\n<td>Profundidade\/Velocidade\/Temperatura<\/td>\n<td>Depth and Temperature<\/td>\n<\/tr>\n<tr>\n<td>Pot\u00eancia<\/td>\n<td>1 kW<\/td>\n<\/tr>\n<tr>\n<td>Frequ\u00eancia<\/td>\n<td>CHIRP 42-65 kHz &amp; 130-210 kHz<\/td>\n<\/tr>\n<tr>\n<td>\u00c2ngulos do painel de popa\/deadrise suportados<\/td>\n<td>0\u00b0-20\u00b0 degree deadrise<\/td>\n<\/tr>\n<tr>\n<td>Profundidade m\u00e1xima<\/td>\n<td>3,000 ft.<\/td>\n<\/tr>\n<tr>\n<td>N\u00famero de pinos<\/td>\n<td>9\/12-pin<\/td>\n<\/tr>\n<tr>\n<td>Largura do feixe<\/td>\n<td>16\u00b0-25\u00b0\/6\u00b0-10\u00b0<\/td>\n<\/tr>\n<\/tbody>\n<\/table>\n","protected":false},"excerpt":{"rendered":"<p>O nosso transdutor passa-casco de 1 kW com o melhor desempenho e montagem tem um bom desempenho em \u00e1guas profundas e fornece detalhes excecionais em colunas de \u00e1gua e em profundidade. Este transdutor tem uma profundidade de 3000 p\u00e9s (914 m), uma frequ\u00eancia de funcionamento de 42 a 65 kHz e 130 a 210 kHz, &hellip; <\/p>\n<p class=\"more-link-wrap\"><a href=\"https:\/\/nautipescas.pt\/fr\/produto\/transdutor-airmar-bronze-b265-lh\/\" class=\"more-link\"><span>Read More<span class=\"screen-reader-text\"> \u00ab\u00a0TRANSDUTOR AIRMAR BRONZE B265 LH DT 42-65-130-210 KHZ\u00a0\u00bb<\/span><\/span><\/a><\/p>\n","protected":false},"featured_media":6197,"template":"","meta":{"inline_featured_image":false},"product_cat":[153,458],"product_tag":[],"marcas":[245,242],"class_list":["post-6196","product","type-product","status-publish","has-post-thumbnail","hentry","product_cat-eletronica-maritima","product_cat-sondas-eletronica-maritima","marcas-garmin","marcas-lowrance"],"acf":[],"yoast_head":"<!-- This site is optimized with the Yoast SEO plugin v19.2 - https:\/\/yoast.com\/wordpress\/plugins\/seo\/ -->\n<title>TRANSDUTOR AIRMAR BRONZE B265 LH DT 42-65-130-210 KHZ - Nautipescas<\/title>\n<meta name=\"robots\" content=\"index, follow, max-snippet:-1, max-image-preview:large, max-video-preview:-1\" \/>\n<link rel=\"canonical\" href=\"https:\/\/nautipescas.pt\/produto\/transdutor-airmar-bronze-b265-lh\/\" \/>\n<meta property=\"og:locale\" content=\"fr_FR\" \/>\n<meta property=\"og:type\" content=\"article\" \/>\n<meta property=\"og:title\" content=\"TRANSDUTOR AIRMAR BRONZE B265 LH DT 42-65-130-210 KHZ - Nautipescas\" \/>\n<meta property=\"og:description\" content=\"O nosso transdutor passa-casco de 1 kW com o melhor desempenho e montagem tem um bom desempenho em \u00e1guas profundas e fornece detalhes excecionais em colunas de \u00e1gua e em profundidade. Este transdutor tem uma profundidade de 3000 p\u00e9s (914 m), uma frequ\u00eancia de funcionamento de 42 a 65 kHz e 130 a 210 kHz, &hellip; Read More &quot;TRANSDUTOR AIRMAR BRONZE B265 LH DT 42-65-130-210 KHZ&quot;\" \/>\n<meta property=\"og:url\" content=\"https:\/\/nautipescas.pt\/produto\/transdutor-airmar-bronze-b265-lh\/\" \/>\n<meta property=\"og:site_name\" content=\"Nautipescas\" \/>\n<meta property=\"article:modified_time\" content=\"2023-10-03T11:34:23+00:00\" \/>\n<meta property=\"og:image\" content=\"https:\/\/nautipescas.pt\/wp-content\/uploads\/2023\/03\/cf-lg.webp\" \/>\n\t<meta property=\"og:image:width\" content=\"800\" \/>\n\t<meta property=\"og:image:height\" content=\"800\" \/>\n\t<meta property=\"og:image:type\" content=\"image\/webp\" \/>\n<meta name=\"author\" content=\"Paulo Chaves\" \/>\n<meta name=\"twitter:card\" content=\"summary_large_image\" \/>\n<meta name=\"twitter:label1\" content=\"Dur\u00e9e de lecture estim\u00e9e\" \/>\n\t<meta name=\"twitter:data1\" content=\"1 minute\" \/>\n<script type=\"application\/ld+json\" class=\"yoast-schema-graph\">{\"@context\":\"https:\/\/schema.org\",\"@graph\":[{\"@type\":\"WebSite\",\"@id\":\"https:\/\/nautipescas.pt\/#website\",\"url\":\"https:\/\/nautipescas.pt\/\",\"name\":\"Nautipescas\",\"description\":\"\",\"potentialAction\":[{\"@type\":\"SearchAction\",\"target\":{\"@type\":\"EntryPoint\",\"urlTemplate\":\"https:\/\/nautipescas.pt\/?s={search_term_string}\"},\"query-input\":\"required name=search_term_string\"}],\"inLanguage\":\"fr-FR\"},{\"@type\":\"ImageObject\",\"inLanguage\":\"fr-FR\",\"@id\":\"https:\/\/nautipescas.pt\/produto\/transdutor-airmar-bronze-b265-lh\/#primaryimage\",\"url\":\"https:\/\/nautipescas.pt\/wp-content\/uploads\/2023\/03\/cf-lg.webp\",\"contentUrl\":\"https:\/\/nautipescas.pt\/wp-content\/uploads\/2023\/03\/cf-lg.webp\",\"width\":800,\"height\":800},{\"@type\":\"WebPage\",\"@id\":\"https:\/\/nautipescas.pt\/produto\/transdutor-airmar-bronze-b265-lh\/#webpage\",\"url\":\"https:\/\/nautipescas.pt\/produto\/transdutor-airmar-bronze-b265-lh\/\",\"name\":\"TRANSDUTOR AIRMAR BRONZE B265 LH DT 42-65-130-210 KHZ - Nautipescas\",\"isPartOf\":{\"@id\":\"https:\/\/nautipescas.pt\/#website\"},\"primaryImageOfPage\":{\"@id\":\"https:\/\/nautipescas.pt\/produto\/transdutor-airmar-bronze-b265-lh\/#primaryimage\"},\"datePublished\":\"2023-03-13T13:54:11+00:00\",\"dateModified\":\"2023-10-03T11:34:23+00:00\",\"breadcrumb\":{\"@id\":\"https:\/\/nautipescas.pt\/produto\/transdutor-airmar-bronze-b265-lh\/#breadcrumb\"},\"inLanguage\":\"fr-FR\",\"potentialAction\":[{\"@type\":\"ReadAction\",\"target\":[\"https:\/\/nautipescas.pt\/produto\/transdutor-airmar-bronze-b265-lh\/\"]}]},{\"@type\":\"BreadcrumbList\",\"@id\":\"https:\/\/nautipescas.pt\/produto\/transdutor-airmar-bronze-b265-lh\/#breadcrumb\",\"itemListElement\":[{\"@type\":\"ListItem\",\"position\":1,\"name\":\"In\u00edcio\",\"item\":\"https:\/\/nautipescas.pt\/fr\/\"},{\"@type\":\"ListItem\",\"position\":2,\"name\":\"Boutique\",\"item\":\"https:\/\/nautipescas.pt\/fr\/boutique-magasin-de-peche-a-proximite\/\"},{\"@type\":\"ListItem\",\"position\":3,\"name\":\"TRANSDUTOR AIRMAR BRONZE B265 LH DT 42-65-130-210 KHZ\"}]}]}<\/script>\n<!-- \/ Yoast SEO plugin. -->","yoast_head_json":{"title":"TRANSDUTOR AIRMAR BRONZE B265 LH DT 42-65-130-210 KHZ - Nautipescas","robots":{"index":"index","follow":"follow","max-snippet":"max-snippet:-1","max-image-preview":"max-image-preview:large","max-video-preview":"max-video-preview:-1"},"canonical":"https:\/\/nautipescas.pt\/produto\/transdutor-airmar-bronze-b265-lh\/","og_locale":"fr_FR","og_type":"article","og_title":"TRANSDUTOR AIRMAR BRONZE B265 LH DT 42-65-130-210 KHZ - Nautipescas","og_description":"O nosso transdutor passa-casco de 1 kW com o melhor desempenho e montagem tem um bom desempenho em \u00e1guas profundas e fornece detalhes excecionais em colunas de \u00e1gua e em profundidade. Este transdutor tem uma profundidade de 3000 p\u00e9s (914 m), uma frequ\u00eancia de funcionamento de 42 a 65 kHz e 130 a 210 kHz, &hellip; Read More \"TRANSDUTOR AIRMAR BRONZE B265 LH DT 42-65-130-210 KHZ\"","og_url":"https:\/\/nautipescas.pt\/produto\/transdutor-airmar-bronze-b265-lh\/","og_site_name":"Nautipescas","article_modified_time":"2023-10-03T11:34:23+00:00","og_image":[{"width":800,"height":800,"url":"https:\/\/nautipescas.pt\/wp-content\/uploads\/2023\/03\/cf-lg.webp","type":"image\/webp"}],"author":"Paulo Chaves","twitter_card":"summary_large_image","twitter_misc":{"Dur\u00e9e de lecture estim\u00e9e":"1 minute"},"schema":{"@context":"https:\/\/schema.org","@graph":[{"@type":"WebSite","@id":"https:\/\/nautipescas.pt\/#website","url":"https:\/\/nautipescas.pt\/","name":"Nautipescas","description":"","potentialAction":[{"@type":"SearchAction","target":{"@type":"EntryPoint","urlTemplate":"https:\/\/nautipescas.pt\/?s={search_term_string}"},"query-input":"required name=search_term_string"}],"inLanguage":"fr-FR"},{"@type":"ImageObject","inLanguage":"fr-FR","@id":"https:\/\/nautipescas.pt\/produto\/transdutor-airmar-bronze-b265-lh\/#primaryimage","url":"https:\/\/nautipescas.pt\/wp-content\/uploads\/2023\/03\/cf-lg.webp","contentUrl":"https:\/\/nautipescas.pt\/wp-content\/uploads\/2023\/03\/cf-lg.webp","width":800,"height":800},{"@type":"WebPage","@id":"https:\/\/nautipescas.pt\/produto\/transdutor-airmar-bronze-b265-lh\/#webpage","url":"https:\/\/nautipescas.pt\/produto\/transdutor-airmar-bronze-b265-lh\/","name":"TRANSDUTOR AIRMAR BRONZE B265 LH DT 42-65-130-210 KHZ - Nautipescas","isPartOf":{"@id":"https:\/\/nautipescas.pt\/#website"},"primaryImageOfPage":{"@id":"https:\/\/nautipescas.pt\/produto\/transdutor-airmar-bronze-b265-lh\/#primaryimage"},"datePublished":"2023-03-13T13:54:11+00:00","dateModified":"2023-10-03T11:34:23+00:00","breadcrumb":{"@id":"https:\/\/nautipescas.pt\/produto\/transdutor-airmar-bronze-b265-lh\/#breadcrumb"},"inLanguage":"fr-FR","potentialAction":[{"@type":"ReadAction","target":["https:\/\/nautipescas.pt\/produto\/transdutor-airmar-bronze-b265-lh\/"]}]},{"@type":"BreadcrumbList","@id":"https:\/\/nautipescas.pt\/produto\/transdutor-airmar-bronze-b265-lh\/#breadcrumb","itemListElement":[{"@type":"ListItem","position":1,"name":"In\u00edcio","item":"https:\/\/nautipescas.pt\/fr\/"},{"@type":"ListItem","position":2,"name":"Boutique","item":"https:\/\/nautipescas.pt\/fr\/boutique-magasin-de-peche-a-proximite\/"},{"@type":"ListItem","position":3,"name":"TRANSDUTOR AIRMAR BRONZE B265 LH DT 42-65-130-210 KHZ"}]}]}},"_links":{"self":[{"href":"https:\/\/nautipescas.pt\/fr\/wp-json\/wp\/v2\/product\/6196","targetHints":{"allow":["GET"]}}],"collection":[{"href":"https:\/\/nautipescas.pt\/fr\/wp-json\/wp\/v2\/product"}],"about":[{"href":"https:\/\/nautipescas.pt\/fr\/wp-json\/wp\/v2\/types\/product"}],"wp:featuredmedia":[{"embeddable":true,"href":"https:\/\/nautipescas.pt\/fr\/wp-json\/wp\/v2\/media\/6197"}],"wp:attachment":[{"href":"https:\/\/nautipescas.pt\/fr\/wp-json\/wp\/v2\/media?parent=6196"}],"wp:term":[{"taxonomy":"product_cat","embeddable":true,"href":"https:\/\/nautipescas.pt\/fr\/wp-json\/wp\/v2\/product_cat?post=6196"},{"taxonomy":"product_tag","embeddable":true,"href":"https:\/\/nautipescas.pt\/fr\/wp-json\/wp\/v2\/product_tag?post=6196"},{"taxonomy":"marcas","embeddable":true,"href":"https:\/\/nautipescas.pt\/fr\/wp-json\/wp\/v2\/marcas?post=6196"}],"curies":[{"name":"wp","href":"https:\/\/api.w.org\/{rel}","templated":true}]}}