{"id":6222,"date":"2023-03-13T14:19:15","date_gmt":"2023-03-13T14:19:15","guid":{"rendered":"https:\/\/nautipescas.pt\/?post_type=product&#038;p=6222"},"modified":"2023-03-13T14:19:15","modified_gmt":"2023-03-13T14:19:15","slug":"radio-ic-m804-radiotelefone-de-mf-hf-com-dsc-classe-e-gps-integrado-24v","status":"publish","type":"product","link":"https:\/\/nautipescas.pt\/fr\/produto\/radio-ic-m804-radiotelefone-de-mf-hf-com-dsc-classe-e-gps-integrado-24v\/","title":{"rendered":"RADIO IC-M804 Radiotelefone de MF\/HF com DSC Classe \u201cE\u201d &amp; GPS integrado, 24V"},"content":{"rendered":"<p>O IC-M804 \u00e9 um r\u00e1dio de mar\u00edtimo de MF\/HF SSB com DSC Classe E para comunica\u00e7\u00f5es de longo alcance, para navegadores oce\u00e2nicos e operadores profissionais (n\u00e3o GMDSS) da ICOM. Tendo por base o r\u00e1dio GMDSS Classe A com certifica\u00e7\u00e3o MED &#8211; GM800, o IC-M804 vem carregado de caracter\u00edsticas para manter seguros os utilizadores, incluindo uma interface intuitiva de utilizador, um display LCD TFT a cores, reprodu\u00e7\u00e3o de \u00e1udio, GPS e mais.<\/p>\n<p>O IC-M804 cumpre com as normas Europeias e Internacionais mais recentes e possui certifica\u00e7\u00e3o CE para a Diretiva Europeia de Equipamento de r\u00e1dio. \u00c9 neste momento o \u00fanico r\u00e1dio mar\u00edtimo de MF\/HF com DSC Classe E com certifica\u00e7\u00e3o CE dispon\u00edvel no mercado.<\/p>\n<p><strong>R\u00e1dio MF\/HF SSB com DSC Classe E<\/strong><br \/>\nO IC-M804 cumpre com a regulamenta\u00e7\u00e3o ITU-R M.493-15 de DSC Classe E e baseia-se no r\u00e1dio com certifica\u00e7\u00e3o MED GM800 GMDSS Classe A. O IC-M804 oferece comunica\u00e7\u00f5es de longa dist\u00e2ncia para embarca\u00e7\u00f5es n\u00e3o GMDSS, com caracter\u00edsticas e fun\u00e7\u00f5es quase id\u00eanticas, exceto na Classe DSC. Numa emerg\u00eancia, ao se premir o bot\u00e3o independente de grandes dimens\u00f5es de Emerg\u00eancia, vai poder enviar um sinal digital autom\u00e1tico de Emerg\u00eancia. O sinal de Emerg\u00eancia com coordenadas GNSS solicita aux\u00edlio a outras embarca\u00e7\u00f5es ou esta\u00e7\u00f5es costeiras.<\/p>\n<p><strong>Recetor de DSC integrado<\/strong><br \/>\nO recetor de DSC dedicado monitoriza de forma cont\u00ednua os seis canais de emerg\u00eancia em rota\u00e7\u00e3o. Podem ser armazenados um total de 100 n\u00fameros MMSI (75 individuais e 25 grupo) para chamadas DSC, com nomes ID de 10 caracteres.<\/p>\n<p><strong>Interface de Utilizador Intuitiva<\/strong><br \/>\nA combina\u00e7\u00e3o de um teclado direcional e teclas de fun\u00e7\u00e3o oferece uma opera\u00e7\u00e3o simples. As fun\u00e7\u00f5es mais comuns s\u00e3o atribu\u00eddas \u00e0s teclas de fun\u00e7\u00e3o (na base do display) para um acesso r\u00e1pido. O teclado de dez teclas de grandes dimens\u00f5es permite-lhe facilmente introduzir n\u00fameros de canais, MMSI com nomes ID e muito mais.<\/p>\n<p><strong>Display LCD TFT a cores de 4.3\u201d de amplo \u00e2ngulo de vis\u00e3o<\/strong><br \/>\nUm ecr\u00e3 LCD a cores de alta resolu\u00e7\u00e3o oferece um angulo de vis\u00e3o com quase 180\u00ba e apresenta caracteres e \u00edcones de fun\u00e7\u00e3o de forma clara. O modo noturno garante uma boa leitura no escuro, para uma maior conveni\u00eancia.<\/p>\n<p><strong>Conectividade NMEA 2000, NMEA 0183\/-HS<\/strong><br \/>\nUtilizando a conectividade NMEA2000, o IC-M804 pode trocar informa\u00e7\u00e3o de GNSS, chamadas DSC, informa\u00e7\u00e3o do r\u00e1dio e dados de lista PGN na rede. Dados de posi\u00e7\u00e3o NMEA 0183\/-HS podem tamb\u00e9m ser convertidos em dados NMEA 2000 para outros equipamentos.<\/p>\n<p><strong>Gravador de Voz com mem\u00f3ria de 2 minutos<\/strong><br \/>\nA fun\u00e7\u00e3o de Gravador de Voz grava automaticamente os dois \u00faltimos minutos de \u00e1udio recebido<\/p>\n<p><strong>Preparado para opera\u00e7\u00e3o de Email HF<\/strong><br \/>\nO IC-M804 pode ser programado para memorizar a sua frequ\u00eancia de acesso a email HF, modo e defini\u00e7\u00f5es de filtros nos canais de email e pode ser selecionado com uma simples opera\u00e7\u00e3o. Est\u00e3o dispon\u00edveis at\u00e9 160 canais de frequ\u00eancia de email e terminais de conex\u00e3o a um PC e modem de email.<\/p>\n<p><strong>Cumpre com rigorosos requisitos ambientais<\/strong><br \/>\nO IC-M804 passoou em rigorosos testes ambientais e processos de garantia de qualidade. Foi desenhado para oferecer uma opera\u00e7\u00e3o fi\u00e1vel e durabilidade resistente a corros\u00e3o no exigente ambiente mar\u00edtimo. O controlador possui prote\u00e7\u00e3o IPX7 (submers\u00e3o at\u00e9 1 metro de profundidade, por 30 minutos).<\/p>\n<p>Mais caracter\u00edsticas:<\/p>\n<ul>\n<li>Dispon\u00edvel nas vers\u00f5es de 12V e 24V<\/li>\n<li>Cobertura cont\u00ednua de recetor 0.5-29.999 MHz<\/li>\n<li>Sistema avan\u00e7ado aplicado de amostragem direta de RF<\/li>\n<li>Recetor de GNSS integrado e fornecido com um cabo de antena GNSS de 5 metros<\/li>\n<li>Bot\u00f5es de microfone program\u00e1veis para um acesso r\u00e1pido de fun\u00e7\u00f5es<\/li>\n<\/ul>\n<p><strong>Acess\u00f3rios fornecidos<\/strong><\/p>\n<ul>\n<li>Microfone de m\u00e3o<\/li>\n<li>Cabo de alimenta\u00e7\u00e3o<\/li>\n<li>Antena GNSS<\/li>\n<li>Controlador remoto e cabo de controlo<\/li>\n<li>Placas de montagem para unidade principal<\/li>\n<li>Kit de suporte de montagem para controlador remoto<\/li>\n<\/ul>\n<p><strong>ESPECIFICA\u00c7\u00d5ES<\/strong><\/p>\n<p><strong>GERAIS<\/strong><\/p>\n<ul>\n<li>Vers\u00e3o: 24V<\/li>\n<li>Cobertura de frequ\u00eancia\n<ul>\n<li>Rece\u00e7\u00e3o: 500 kHz\u201329.9999 MHz (cont\u00ednua)<\/li>\n<li>Transmiss\u00e3o: 1.6\u20132.9999, 4.0\u20134.9999, 6.0\u20136.9999 | 8.0\u20138.9999 | 12.0\u201313.9999 | 16.0\u201317.9999 | 18.0\u201319.9999 | 22.0\u201322.9999 | 25.0\u201327.5000 MHz<\/li>\n<li>DSC: 2.1875, 4.2075, 6.3120, 8.4145, 12.5770, 16.8045 MHz<\/li>\n<\/ul>\n<\/li>\n<li>Modo:\n<ul>\n<li>TX\/RX: J3E (USB), J2B (AFSK), F1B (FSK)<\/li>\n<li>RX only: J3E (LSB), A1A (CW), H3E (AM)<\/li>\n<li>DSC: F1B<\/li>\n<\/ul>\n<\/li>\n<li>Imped\u00e2ncia da antena: 50 \u03a9 (n\u00e3o equilibrado)<\/li>\n<li>Temperatura de opera\u00e7\u00e3o: -15\u00baC a 55\u00baC<\/li>\n<li>Estabilidade de Frequ\u00eancia:\n<ul>\n<li>TX\/RX: \u00b110 Hz (below 29.9999 MHz)<\/li>\n<li>DSC: \u00b110 Hz<\/li>\n<\/ul>\n<\/li>\n<li>Requisitos de alimenta\u00e7\u00e3o: 21.6\u201331.2 V (24 V DC) (terra negativo)<\/li>\n<li>Consumo de corrente:\n<ul>\n<li>Rece\u00e7\u00e3o: inferior a 3 A (24V) (pot\u00eancia m\u00e1xima de sa\u00edda)<\/li>\n<li>Transmiss\u00e3o: inferior a\u00a0 20 A (24V) (pot\u00eancia m\u00e1xima de sa\u00edda) (com 1.1 kHz e 1.7 kHz AF \u2013 entrada)<\/li>\n<\/ul>\n<\/li>\n<li>Dimens\u00f5es (proje\u00e7\u00f5es n\u00e3o inclu\u00eddas):\n<ul>\n<li>Unidade principal (LxAxP): 367 x 95 x 260 mm<\/li>\n<li>Controlador (LxP): 114 x 86 mm<\/li>\n<\/ul>\n<\/li>\n<li>Peso:\n<ul>\n<li>Unidade principal: 8.6 kg (aproximado)<\/li>\n<li>Controlador: 760g (aproximado)<\/li>\n<\/ul>\n<\/li>\n<li>Prote\u00e7\u00e3o: IPX7 (submers\u00e3o 1 metro de profundidade por 30 minutos) &#8211; controlador<\/li>\n<\/ul>\n<p><strong>TRANSMISSOR<\/strong><\/p>\n<ul>\n<li>Pot\u00eancia de sa\u00edda (na sa\u00edda do sintonizador):\n<ul>\n<li>1.6\u20133.9999 MHz: 85 W PEP<\/li>\n<li>4.0\u201327.5000 MHz: 125 W PEP<\/li>\n<\/ul>\n<\/li>\n<li>Emiss\u00f5es esp\u00farias: inferior a -50 dB pot\u00eancia de sa\u00edda pico (na pot\u00eancia m\u00e1xima)<\/li>\n<li>Supress\u00e3o: mais de 40 dB pot\u00eancia de sa\u00edda pico (na pot\u00eancia m\u00e1xima)<\/li>\n<li>Supress\u00e3o de bandas indesejadas: mais de 55 dB pot\u00eancia de sa\u00edda pico (em pot\u00eancia m\u00e1xima com 1500 Hz AF input)<\/li>\n<\/ul>\n<p><strong>RECETOR<\/strong><\/p>\n<ul>\n<li>Sensibilidade\n<ul>\n<li>J3E, A1A: 0.5\u20131.5999 MHz, 30 dB\u03bcV emf (20 dB SINAD) | 1.6\u201329.9999 MHz, 8 dB\u03bcV emf (20 dB SINAD)<\/li>\n<li>J2B, F1B: 1.6\u201329.9999 MHz, 0 dB\u03bcV emf (1% error rate)<\/li>\n<li>H3E: 0.5\u20131.5999 MHz, 44 dB\u03bcV emf (20 dB SINAD) | 1.6\u20133.9999 MHz, 24 dB\u03bcV emf (20 dB SINAD)<\/li>\n<\/ul>\n<\/li>\n<li>Sensibilidade DSC: 0 dB\u03bcV emf (1% r\u00e1cio de erro)<\/li>\n<li>Sensibilidade do squelch:\n<ul>\n<li>J3E (at 12.230 MHz), (Threshold), inferior a 26 dB\u03bcV emf | (Tight), inferior a 96 dB\u03bcV emf<\/li>\n<li>H3E (at 1.000 MHz), (Threshold), inferior a 36 dB\u03bcV emf, | (Tight), inferior a 116 dB\u03bcV emf<\/li>\n<\/ul>\n<\/li>\n<li>Pot\u00eancia de sa\u00edda de \u00e1udio: 4.0 W com distor\u00e7\u00e3o de 10% e carga de 4 \u03a9<\/li>\n<li>Amplitude vari\u00e1vel de clareza: \u00b1150 Hz<\/li>\n<\/ul>\n","protected":false},"excerpt":{"rendered":"<p>O IC-M804 \u00e9 um r\u00e1dio de mar\u00edtimo de MF\/HF SSB com DSC Classe E para comunica\u00e7\u00f5es de longo alcance, para navegadores oce\u00e2nicos e operadores profissionais (n\u00e3o GMDSS) da ICOM. Tendo por base o r\u00e1dio GMDSS Classe A com certifica\u00e7\u00e3o MED &#8211; GM800, o IC-M804 vem carregado de caracter\u00edsticas para manter seguros os utilizadores, incluindo uma &hellip; <\/p>\n<p class=\"more-link-wrap\"><a href=\"https:\/\/nautipescas.pt\/fr\/produto\/radio-ic-m804-radiotelefone-de-mf-hf-com-dsc-classe-e-gps-integrado-24v\/\" class=\"more-link\"><span>Read More<span class=\"screen-reader-text\"> \u00ab\u00a0RADIO IC-M804 Radiotelefone de MF\/HF com DSC Classe \u201cE\u201d &amp; GPS integrado, 24V\u00a0\u00bb<\/span><\/span><\/a><\/p>\n","protected":false},"featured_media":6223,"template":"","meta":{"inline_featured_image":false},"product_cat":[153,250],"product_tag":[],"marcas":[],"class_list":["post-6222","product","type-product","status-publish","has-post-thumbnail","hentry","product_cat-eletronica-maritima","product_cat-vhf"],"acf":[],"yoast_head":"<!-- This site is optimized with the Yoast SEO plugin v19.2 - https:\/\/yoast.com\/wordpress\/plugins\/seo\/ -->\n<title>RADIO IC-M804 Radiotelefone de MF\/HF com DSC Classe \u201cE\u201d &amp; GPS integrado, 24V - Nautipescas<\/title>\n<meta name=\"robots\" content=\"index, follow, max-snippet:-1, max-image-preview:large, max-video-preview:-1\" \/>\n<link rel=\"canonical\" href=\"https:\/\/nautipescas.pt\/produto\/radio-ic-m804-radiotelefone-de-mf-hf-com-dsc-classe-e-gps-integrado-24v\/\" \/>\n<meta property=\"og:locale\" content=\"fr_FR\" \/>\n<meta property=\"og:type\" content=\"article\" \/>\n<meta property=\"og:title\" content=\"RADIO IC-M804 Radiotelefone de MF\/HF com DSC Classe \u201cE\u201d &amp; GPS integrado, 24V - Nautipescas\" \/>\n<meta property=\"og:description\" content=\"O IC-M804 \u00e9 um r\u00e1dio de mar\u00edtimo de MF\/HF SSB com DSC Classe E para comunica\u00e7\u00f5es de longo alcance, para navegadores oce\u00e2nicos e operadores profissionais (n\u00e3o GMDSS) da ICOM. Tendo por base o r\u00e1dio GMDSS Classe A com certifica\u00e7\u00e3o MED &#8211; GM800, o IC-M804 vem carregado de caracter\u00edsticas para manter seguros os utilizadores, incluindo uma &hellip; Read More &quot;RADIO IC-M804 Radiotelefone de MF\/HF com DSC Classe \u201cE\u201d &amp; GPS integrado, 24V&quot;\" \/>\n<meta property=\"og:url\" content=\"https:\/\/nautipescas.pt\/produto\/radio-ic-m804-radiotelefone-de-mf-hf-com-dsc-classe-e-gps-integrado-24v\/\" \/>\n<meta property=\"og:site_name\" content=\"Nautipescas\" \/>\n<meta property=\"og:image\" content=\"https:\/\/nautipescas.pt\/wp-content\/uploads\/2023\/03\/ic_m804_1.jpg\" \/>\n\t<meta property=\"og:image:width\" content=\"800\" \/>\n\t<meta property=\"og:image:height\" content=\"600\" \/>\n\t<meta property=\"og:image:type\" content=\"image\/jpeg\" \/>\n<meta name=\"author\" content=\"Paulo Chaves\" \/>\n<meta name=\"twitter:card\" content=\"summary_large_image\" \/>\n<meta name=\"twitter:label1\" content=\"Dur\u00e9e de lecture estim\u00e9e\" \/>\n\t<meta name=\"twitter:data1\" content=\"6 minutes\" \/>\n<script type=\"application\/ld+json\" class=\"yoast-schema-graph\">{\"@context\":\"https:\/\/schema.org\",\"@graph\":[{\"@type\":\"WebSite\",\"@id\":\"https:\/\/nautipescas.pt\/#website\",\"url\":\"https:\/\/nautipescas.pt\/\",\"name\":\"Nautipescas\",\"description\":\"\",\"potentialAction\":[{\"@type\":\"SearchAction\",\"target\":{\"@type\":\"EntryPoint\",\"urlTemplate\":\"https:\/\/nautipescas.pt\/?s={search_term_string}\"},\"query-input\":\"required name=search_term_string\"}],\"inLanguage\":\"fr-FR\"},{\"@type\":\"ImageObject\",\"inLanguage\":\"fr-FR\",\"@id\":\"https:\/\/nautipescas.pt\/produto\/radio-ic-m804-radiotelefone-de-mf-hf-com-dsc-classe-e-gps-integrado-24v\/#primaryimage\",\"url\":\"https:\/\/nautipescas.pt\/wp-content\/uploads\/2023\/03\/ic_m804_1.jpg\",\"contentUrl\":\"https:\/\/nautipescas.pt\/wp-content\/uploads\/2023\/03\/ic_m804_1.jpg\",\"width\":800,\"height\":600},{\"@type\":\"WebPage\",\"@id\":\"https:\/\/nautipescas.pt\/produto\/radio-ic-m804-radiotelefone-de-mf-hf-com-dsc-classe-e-gps-integrado-24v\/#webpage\",\"url\":\"https:\/\/nautipescas.pt\/produto\/radio-ic-m804-radiotelefone-de-mf-hf-com-dsc-classe-e-gps-integrado-24v\/\",\"name\":\"RADIO IC-M804 Radiotelefone de MF\/HF com DSC Classe \u201cE\u201d &amp; GPS integrado, 24V - Nautipescas\",\"isPartOf\":{\"@id\":\"https:\/\/nautipescas.pt\/#website\"},\"primaryImageOfPage\":{\"@id\":\"https:\/\/nautipescas.pt\/produto\/radio-ic-m804-radiotelefone-de-mf-hf-com-dsc-classe-e-gps-integrado-24v\/#primaryimage\"},\"datePublished\":\"2023-03-13T14:19:15+00:00\",\"dateModified\":\"2023-03-13T14:19:15+00:00\",\"breadcrumb\":{\"@id\":\"https:\/\/nautipescas.pt\/produto\/radio-ic-m804-radiotelefone-de-mf-hf-com-dsc-classe-e-gps-integrado-24v\/#breadcrumb\"},\"inLanguage\":\"fr-FR\",\"potentialAction\":[{\"@type\":\"ReadAction\",\"target\":[\"https:\/\/nautipescas.pt\/produto\/radio-ic-m804-radiotelefone-de-mf-hf-com-dsc-classe-e-gps-integrado-24v\/\"]}]},{\"@type\":\"BreadcrumbList\",\"@id\":\"https:\/\/nautipescas.pt\/produto\/radio-ic-m804-radiotelefone-de-mf-hf-com-dsc-classe-e-gps-integrado-24v\/#breadcrumb\",\"itemListElement\":[{\"@type\":\"ListItem\",\"position\":1,\"name\":\"In\u00edcio\",\"item\":\"https:\/\/nautipescas.pt\/fr\/\"},{\"@type\":\"ListItem\",\"position\":2,\"name\":\"Boutique\",\"item\":\"https:\/\/nautipescas.pt\/fr\/boutique-magasin-de-peche-a-proximite\/\"},{\"@type\":\"ListItem\",\"position\":3,\"name\":\"RADIO IC-M804 Radiotelefone de MF\/HF com DSC Classe \u201cE\u201d &amp; GPS integrado, 24V\"}]}]}<\/script>\n<!-- \/ Yoast SEO plugin. -->","yoast_head_json":{"title":"RADIO IC-M804 Radiotelefone de MF\/HF com DSC Classe \u201cE\u201d &amp; GPS integrado, 24V - Nautipescas","robots":{"index":"index","follow":"follow","max-snippet":"max-snippet:-1","max-image-preview":"max-image-preview:large","max-video-preview":"max-video-preview:-1"},"canonical":"https:\/\/nautipescas.pt\/produto\/radio-ic-m804-radiotelefone-de-mf-hf-com-dsc-classe-e-gps-integrado-24v\/","og_locale":"fr_FR","og_type":"article","og_title":"RADIO IC-M804 Radiotelefone de MF\/HF com DSC Classe \u201cE\u201d &amp; GPS integrado, 24V - Nautipescas","og_description":"O IC-M804 \u00e9 um r\u00e1dio de mar\u00edtimo de MF\/HF SSB com DSC Classe E para comunica\u00e7\u00f5es de longo alcance, para navegadores oce\u00e2nicos e operadores profissionais (n\u00e3o GMDSS) da ICOM. Tendo por base o r\u00e1dio GMDSS Classe A com certifica\u00e7\u00e3o MED &#8211; GM800, o IC-M804 vem carregado de caracter\u00edsticas para manter seguros os utilizadores, incluindo uma &hellip; Read More \"RADIO IC-M804 Radiotelefone de MF\/HF com DSC Classe \u201cE\u201d &amp; GPS integrado, 24V\"","og_url":"https:\/\/nautipescas.pt\/produto\/radio-ic-m804-radiotelefone-de-mf-hf-com-dsc-classe-e-gps-integrado-24v\/","og_site_name":"Nautipescas","og_image":[{"width":800,"height":600,"url":"https:\/\/nautipescas.pt\/wp-content\/uploads\/2023\/03\/ic_m804_1.jpg","type":"image\/jpeg"}],"author":"Paulo Chaves","twitter_card":"summary_large_image","twitter_misc":{"Dur\u00e9e de lecture estim\u00e9e":"6 minutes"},"schema":{"@context":"https:\/\/schema.org","@graph":[{"@type":"WebSite","@id":"https:\/\/nautipescas.pt\/#website","url":"https:\/\/nautipescas.pt\/","name":"Nautipescas","description":"","potentialAction":[{"@type":"SearchAction","target":{"@type":"EntryPoint","urlTemplate":"https:\/\/nautipescas.pt\/?s={search_term_string}"},"query-input":"required name=search_term_string"}],"inLanguage":"fr-FR"},{"@type":"ImageObject","inLanguage":"fr-FR","@id":"https:\/\/nautipescas.pt\/produto\/radio-ic-m804-radiotelefone-de-mf-hf-com-dsc-classe-e-gps-integrado-24v\/#primaryimage","url":"https:\/\/nautipescas.pt\/wp-content\/uploads\/2023\/03\/ic_m804_1.jpg","contentUrl":"https:\/\/nautipescas.pt\/wp-content\/uploads\/2023\/03\/ic_m804_1.jpg","width":800,"height":600},{"@type":"WebPage","@id":"https:\/\/nautipescas.pt\/produto\/radio-ic-m804-radiotelefone-de-mf-hf-com-dsc-classe-e-gps-integrado-24v\/#webpage","url":"https:\/\/nautipescas.pt\/produto\/radio-ic-m804-radiotelefone-de-mf-hf-com-dsc-classe-e-gps-integrado-24v\/","name":"RADIO IC-M804 Radiotelefone de MF\/HF com DSC Classe \u201cE\u201d &amp; GPS integrado, 24V - Nautipescas","isPartOf":{"@id":"https:\/\/nautipescas.pt\/#website"},"primaryImageOfPage":{"@id":"https:\/\/nautipescas.pt\/produto\/radio-ic-m804-radiotelefone-de-mf-hf-com-dsc-classe-e-gps-integrado-24v\/#primaryimage"},"datePublished":"2023-03-13T14:19:15+00:00","dateModified":"2023-03-13T14:19:15+00:00","breadcrumb":{"@id":"https:\/\/nautipescas.pt\/produto\/radio-ic-m804-radiotelefone-de-mf-hf-com-dsc-classe-e-gps-integrado-24v\/#breadcrumb"},"inLanguage":"fr-FR","potentialAction":[{"@type":"ReadAction","target":["https:\/\/nautipescas.pt\/produto\/radio-ic-m804-radiotelefone-de-mf-hf-com-dsc-classe-e-gps-integrado-24v\/"]}]},{"@type":"BreadcrumbList","@id":"https:\/\/nautipescas.pt\/produto\/radio-ic-m804-radiotelefone-de-mf-hf-com-dsc-classe-e-gps-integrado-24v\/#breadcrumb","itemListElement":[{"@type":"ListItem","position":1,"name":"In\u00edcio","item":"https:\/\/nautipescas.pt\/fr\/"},{"@type":"ListItem","position":2,"name":"Boutique","item":"https:\/\/nautipescas.pt\/fr\/boutique-magasin-de-peche-a-proximite\/"},{"@type":"ListItem","position":3,"name":"RADIO IC-M804 Radiotelefone de MF\/HF com DSC Classe \u201cE\u201d &amp; GPS integrado, 24V"}]}]}},"_links":{"self":[{"href":"https:\/\/nautipescas.pt\/fr\/wp-json\/wp\/v2\/product\/6222","targetHints":{"allow":["GET"]}}],"collection":[{"href":"https:\/\/nautipescas.pt\/fr\/wp-json\/wp\/v2\/product"}],"about":[{"href":"https:\/\/nautipescas.pt\/fr\/wp-json\/wp\/v2\/types\/product"}],"wp:featuredmedia":[{"embeddable":true,"href":"https:\/\/nautipescas.pt\/fr\/wp-json\/wp\/v2\/media\/6223"}],"wp:attachment":[{"href":"https:\/\/nautipescas.pt\/fr\/wp-json\/wp\/v2\/media?parent=6222"}],"wp:term":[{"taxonomy":"product_cat","embeddable":true,"href":"https:\/\/nautipescas.pt\/fr\/wp-json\/wp\/v2\/product_cat?post=6222"},{"taxonomy":"product_tag","embeddable":true,"href":"https:\/\/nautipescas.pt\/fr\/wp-json\/wp\/v2\/product_tag?post=6222"},{"taxonomy":"marcas","embeddable":true,"href":"https:\/\/nautipescas.pt\/fr\/wp-json\/wp\/v2\/marcas?post=6222"}],"curies":[{"name":"wp","href":"https:\/\/api.w.org\/{rel}","templated":true}]}}