{"id":6403,"date":"2023-03-17T14:41:07","date_gmt":"2023-03-17T14:41:07","guid":{"rendered":"https:\/\/nautipescas.pt\/?post_type=product&#038;p=6403"},"modified":"2025-10-22T10:06:58","modified_gmt":"2025-10-22T10:06:58","slug":"carreto-shimano-tiagra-50-wlrs","status":"publish","type":"product","link":"https:\/\/nautipescas.pt\/fr\/produto\/carreto-shimano-tiagra-50-wlrs\/","title":{"rendered":"CARRETO SHIMANO TIAGRA 50 WLRS"},"content":{"rendered":"<div id=\"tab-description\" class=\"tab-pane active\">\n<h1>Tiagra 50W LRSA<\/h1>\n<h4>Carreto Big Game 50 LB &#8211; TIAGRA o top da Shimano e do Big Game em geral. Corpo em aluminio, a partir de um monobloco maquinado, 2 velocidades de recupera\u00e7\u00e3o. Um carreto preparado para o combate com os maiores peixes.<\/h4>\n<ul class=\"nav nav-tabs\" role=\"tablist\">\n<li class=\"active\"><a role=\"tab\" href=\"https:\/\/www.pescarpermenys.com\/#home\" data-toggle=\"tab\">Descri\u00e7\u00e3o<\/a><\/li>\n<\/ul>\n<div class=\"tab-content\">\n<div id=\"home\" class=\"tab-pane active\">\n<div id=\"productDescription\" class=\"productGeneral biggerText\">Potencia de Drag: 30 kg<br \/>\nRatio: 3.1:1<br \/>\nRatio II:1.3:1<br \/>\nRolamentos: 4<br \/>\nPeso: 2447gr<\/div>\n<\/div>\n<\/div>\n<\/div>\n","protected":false},"excerpt":{"rendered":"<p>Tiagra 50W LRSA Carreto Big Game 50 LB &#8211; TIAGRA o top da Shimano e do Big Game em geral. Corpo em aluminio, a partir de um monobloco maquinado, 2 velocidades de recupera\u00e7\u00e3o. Um carreto preparado para o combate com os maiores peixes. Descri\u00e7\u00e3o Potencia de Drag: 30 kg Ratio: 3.1:1 Ratio II:1.3:1 Rolamentos: 4 &hellip; <\/p>\n<p class=\"more-link-wrap\"><a href=\"https:\/\/nautipescas.pt\/fr\/produto\/carreto-shimano-tiagra-50-wlrs\/\" class=\"more-link\"><span>Read More<span class=\"screen-reader-text\"> \u00ab\u00a0CARRETO SHIMANO TIAGRA 50 WLRS\u00a0\u00bb<\/span><\/span><\/a><\/p>\n","protected":false},"featured_media":6404,"template":"","meta":{"inline_featured_image":false},"product_cat":[203,148],"product_tag":[],"marcas":[132],"class_list":["post-6403","product","type-product","status-publish","has-post-thumbnail","hentry","product_cat-carretos-big-game","product_cat-pesca","marcas-shimano"],"acf":[],"yoast_head":"<!-- This site is optimized with the Yoast SEO plugin v19.2 - https:\/\/yoast.com\/wordpress\/plugins\/seo\/ -->\n<title>CARRETO SHIMANO TIAGRA 50 WLRS - Nautipescas<\/title>\n<meta name=\"robots\" content=\"index, follow, max-snippet:-1, max-image-preview:large, max-video-preview:-1\" \/>\n<link rel=\"canonical\" href=\"https:\/\/nautipescas.pt\/produto\/carreto-shimano-tiagra-50-wlrs\/\" \/>\n<meta property=\"og:locale\" content=\"fr_FR\" \/>\n<meta property=\"og:type\" content=\"article\" \/>\n<meta property=\"og:title\" content=\"CARRETO SHIMANO TIAGRA 50 WLRS - Nautipescas\" \/>\n<meta property=\"og:description\" content=\"Tiagra 50W LRSA Carreto Big Game 50 LB &#8211; TIAGRA o top da Shimano e do Big Game em geral. Corpo em aluminio, a partir de um monobloco maquinado, 2 velocidades de recupera\u00e7\u00e3o. Um carreto preparado para o combate com os maiores peixes. Descri\u00e7\u00e3o Potencia de Drag: 30 kg Ratio: 3.1:1 Ratio II:1.3:1 Rolamentos: 4 &hellip; Read More &quot;CARRETO SHIMANO TIAGRA 50 WLRS&quot;\" \/>\n<meta property=\"og:url\" content=\"https:\/\/nautipescas.pt\/produto\/carreto-shimano-tiagra-50-wlrs\/\" \/>\n<meta property=\"og:site_name\" content=\"Nautipescas\" \/>\n<meta property=\"article:modified_time\" content=\"2025-10-22T10:06:58+00:00\" \/>\n<meta property=\"og:image\" content=\"https:\/\/nautipescas.pt\/wp-content\/uploads\/2023\/03\/carreto-shimano-tiagra-50-wlrs-a.jpg\" \/>\n\t<meta property=\"og:image:width\" content=\"1000\" \/>\n\t<meta property=\"og:image:height\" content=\"1000\" \/>\n\t<meta property=\"og:image:type\" content=\"image\/jpeg\" \/>\n<meta name=\"author\" content=\"Paulo Chaves\" \/>\n<meta name=\"twitter:card\" content=\"summary_large_image\" \/>\n<meta name=\"twitter:label1\" content=\"Dur\u00e9e de lecture estim\u00e9e\" \/>\n\t<meta name=\"twitter:data1\" content=\"1 minute\" \/>\n<script type=\"application\/ld+json\" class=\"yoast-schema-graph\">{\"@context\":\"https:\/\/schema.org\",\"@graph\":[{\"@type\":\"WebSite\",\"@id\":\"https:\/\/nautipescas.pt\/#website\",\"url\":\"https:\/\/nautipescas.pt\/\",\"name\":\"Nautipescas\",\"description\":\"\",\"potentialAction\":[{\"@type\":\"SearchAction\",\"target\":{\"@type\":\"EntryPoint\",\"urlTemplate\":\"https:\/\/nautipescas.pt\/?s={search_term_string}\"},\"query-input\":\"required name=search_term_string\"}],\"inLanguage\":\"fr-FR\"},{\"@type\":\"ImageObject\",\"inLanguage\":\"fr-FR\",\"@id\":\"https:\/\/nautipescas.pt\/produto\/carreto-shimano-tiagra-50-wlrs\/#primaryimage\",\"url\":\"https:\/\/nautipescas.pt\/wp-content\/uploads\/2023\/03\/carreto-shimano-tiagra-50-wlrs-a.jpg\",\"contentUrl\":\"https:\/\/nautipescas.pt\/wp-content\/uploads\/2023\/03\/carreto-shimano-tiagra-50-wlrs-a.jpg\",\"width\":1000,\"height\":1000},{\"@type\":\"WebPage\",\"@id\":\"https:\/\/nautipescas.pt\/produto\/carreto-shimano-tiagra-50-wlrs\/#webpage\",\"url\":\"https:\/\/nautipescas.pt\/produto\/carreto-shimano-tiagra-50-wlrs\/\",\"name\":\"CARRETO SHIMANO TIAGRA 50 WLRS - Nautipescas\",\"isPartOf\":{\"@id\":\"https:\/\/nautipescas.pt\/#website\"},\"primaryImageOfPage\":{\"@id\":\"https:\/\/nautipescas.pt\/produto\/carreto-shimano-tiagra-50-wlrs\/#primaryimage\"},\"datePublished\":\"2023-03-17T14:41:07+00:00\",\"dateModified\":\"2025-10-22T10:06:58+00:00\",\"breadcrumb\":{\"@id\":\"https:\/\/nautipescas.pt\/produto\/carreto-shimano-tiagra-50-wlrs\/#breadcrumb\"},\"inLanguage\":\"fr-FR\",\"potentialAction\":[{\"@type\":\"ReadAction\",\"target\":[\"https:\/\/nautipescas.pt\/produto\/carreto-shimano-tiagra-50-wlrs\/\"]}]},{\"@type\":\"BreadcrumbList\",\"@id\":\"https:\/\/nautipescas.pt\/produto\/carreto-shimano-tiagra-50-wlrs\/#breadcrumb\",\"itemListElement\":[{\"@type\":\"ListItem\",\"position\":1,\"name\":\"In\u00edcio\",\"item\":\"https:\/\/nautipescas.pt\/fr\/\"},{\"@type\":\"ListItem\",\"position\":2,\"name\":\"Boutique\",\"item\":\"https:\/\/nautipescas.pt\/fr\/boutique-magasin-de-peche-a-proximite\/\"},{\"@type\":\"ListItem\",\"position\":3,\"name\":\"CARRETO SHIMANO TIAGRA 50 WLRS\"}]}]}<\/script>\n<!-- \/ Yoast SEO plugin. -->","yoast_head_json":{"title":"CARRETO SHIMANO TIAGRA 50 WLRS - Nautipescas","robots":{"index":"index","follow":"follow","max-snippet":"max-snippet:-1","max-image-preview":"max-image-preview:large","max-video-preview":"max-video-preview:-1"},"canonical":"https:\/\/nautipescas.pt\/produto\/carreto-shimano-tiagra-50-wlrs\/","og_locale":"fr_FR","og_type":"article","og_title":"CARRETO SHIMANO TIAGRA 50 WLRS - Nautipescas","og_description":"Tiagra 50W LRSA Carreto Big Game 50 LB &#8211; TIAGRA o top da Shimano e do Big Game em geral. Corpo em aluminio, a partir de um monobloco maquinado, 2 velocidades de recupera\u00e7\u00e3o. Um carreto preparado para o combate com os maiores peixes. Descri\u00e7\u00e3o Potencia de Drag: 30 kg Ratio: 3.1:1 Ratio II:1.3:1 Rolamentos: 4 &hellip; Read More \"CARRETO SHIMANO TIAGRA 50 WLRS\"","og_url":"https:\/\/nautipescas.pt\/produto\/carreto-shimano-tiagra-50-wlrs\/","og_site_name":"Nautipescas","article_modified_time":"2025-10-22T10:06:58+00:00","og_image":[{"width":1000,"height":1000,"url":"https:\/\/nautipescas.pt\/wp-content\/uploads\/2023\/03\/carreto-shimano-tiagra-50-wlrs-a.jpg","type":"image\/jpeg"}],"author":"Paulo Chaves","twitter_card":"summary_large_image","twitter_misc":{"Dur\u00e9e de lecture estim\u00e9e":"1 minute"},"schema":{"@context":"https:\/\/schema.org","@graph":[{"@type":"WebSite","@id":"https:\/\/nautipescas.pt\/#website","url":"https:\/\/nautipescas.pt\/","name":"Nautipescas","description":"","potentialAction":[{"@type":"SearchAction","target":{"@type":"EntryPoint","urlTemplate":"https:\/\/nautipescas.pt\/?s={search_term_string}"},"query-input":"required name=search_term_string"}],"inLanguage":"fr-FR"},{"@type":"ImageObject","inLanguage":"fr-FR","@id":"https:\/\/nautipescas.pt\/produto\/carreto-shimano-tiagra-50-wlrs\/#primaryimage","url":"https:\/\/nautipescas.pt\/wp-content\/uploads\/2023\/03\/carreto-shimano-tiagra-50-wlrs-a.jpg","contentUrl":"https:\/\/nautipescas.pt\/wp-content\/uploads\/2023\/03\/carreto-shimano-tiagra-50-wlrs-a.jpg","width":1000,"height":1000},{"@type":"WebPage","@id":"https:\/\/nautipescas.pt\/produto\/carreto-shimano-tiagra-50-wlrs\/#webpage","url":"https:\/\/nautipescas.pt\/produto\/carreto-shimano-tiagra-50-wlrs\/","name":"CARRETO SHIMANO TIAGRA 50 WLRS - Nautipescas","isPartOf":{"@id":"https:\/\/nautipescas.pt\/#website"},"primaryImageOfPage":{"@id":"https:\/\/nautipescas.pt\/produto\/carreto-shimano-tiagra-50-wlrs\/#primaryimage"},"datePublished":"2023-03-17T14:41:07+00:00","dateModified":"2025-10-22T10:06:58+00:00","breadcrumb":{"@id":"https:\/\/nautipescas.pt\/produto\/carreto-shimano-tiagra-50-wlrs\/#breadcrumb"},"inLanguage":"fr-FR","potentialAction":[{"@type":"ReadAction","target":["https:\/\/nautipescas.pt\/produto\/carreto-shimano-tiagra-50-wlrs\/"]}]},{"@type":"BreadcrumbList","@id":"https:\/\/nautipescas.pt\/produto\/carreto-shimano-tiagra-50-wlrs\/#breadcrumb","itemListElement":[{"@type":"ListItem","position":1,"name":"In\u00edcio","item":"https:\/\/nautipescas.pt\/fr\/"},{"@type":"ListItem","position":2,"name":"Boutique","item":"https:\/\/nautipescas.pt\/fr\/boutique-magasin-de-peche-a-proximite\/"},{"@type":"ListItem","position":3,"name":"CARRETO SHIMANO TIAGRA 50 WLRS"}]}]}},"_links":{"self":[{"href":"https:\/\/nautipescas.pt\/fr\/wp-json\/wp\/v2\/product\/6403","targetHints":{"allow":["GET"]}}],"collection":[{"href":"https:\/\/nautipescas.pt\/fr\/wp-json\/wp\/v2\/product"}],"about":[{"href":"https:\/\/nautipescas.pt\/fr\/wp-json\/wp\/v2\/types\/product"}],"wp:featuredmedia":[{"embeddable":true,"href":"https:\/\/nautipescas.pt\/fr\/wp-json\/wp\/v2\/media\/6404"}],"wp:attachment":[{"href":"https:\/\/nautipescas.pt\/fr\/wp-json\/wp\/v2\/media?parent=6403"}],"wp:term":[{"taxonomy":"product_cat","embeddable":true,"href":"https:\/\/nautipescas.pt\/fr\/wp-json\/wp\/v2\/product_cat?post=6403"},{"taxonomy":"product_tag","embeddable":true,"href":"https:\/\/nautipescas.pt\/fr\/wp-json\/wp\/v2\/product_tag?post=6403"},{"taxonomy":"marcas","embeddable":true,"href":"https:\/\/nautipescas.pt\/fr\/wp-json\/wp\/v2\/marcas?post=6403"}],"curies":[{"name":"wp","href":"https:\/\/api.w.org\/{rel}","templated":true}]}}