{"id":6493,"date":"2023-03-17T17:35:32","date_gmt":"2023-03-17T17:35:32","guid":{"rendered":"https:\/\/nautipescas.pt\/?post_type=product&#038;p=6493"},"modified":"2026-03-16T16:49:54","modified_gmt":"2026-03-16T16:49:54","slug":"amostra-shimano-silent-assassin-160-f-32gr","status":"publish","type":"product","link":"https:\/\/nautipescas.pt\/fr\/produto\/amostra-shimano-silent-assassin-160-f-32gr\/","title":{"rendered":"AMOSTRA SHIMANO SILENT ASSASSIN 160 F 32GR"},"content":{"rendered":"<div class=\"col-xs-12 no-padding product-title\">DESCRI\u00c7\u00c3O<\/div>\n<div class=\"col-xs-12 no-padding product-description\">Lan\u00e7ar a dist\u00e2ncias com mais de 70m \u00e9 poss\u00edvel com as Silent Assassin gra\u00e7as ao sistema ARC de transfer\u00eancia de pesos.<br \/>\nUm sistema de mola para compensar de forma correcta o lan\u00e7ar e o trabalhar da amostra. Este mecanismo ao lan\u00e7ar posiciona um tubo de a\u00e7o (em vez das tradicionais esferas) na parte inferior fazendo-a voar a longas dist\u00e2ncias, voltando-o a colocar na posi\u00e7\u00e3o inicial quando cai na \u00e1gua e se recupera a amostra. Este sistema \u00e9 de facto o grande respons\u00e1vel pelos longos lan\u00e7amentos que se conseguem com estas amostras.<br \/>\nVoc\u00ea ser\u00e1 capaz de chegar aos peixes a dist\u00e2ncias \u00e1s quais nunca tinha chegado antes.<br \/>\nO som emitido pelo bater do tudo de a\u00e7o na camp\u00e2nula fortalece-a, assim como a ac\u00e7\u00e3o deste mesmo tubo faz com que a amostra mergulhe de cabe\u00e7a quando damos pequenos estic\u00f5es, permitindo at\u00e9, duas profundidades de nata\u00e7\u00e3o, consoante a velocidade a que se recolhe. Este tipo de ac\u00e7\u00e3o simula na perfei\u00e7\u00e3o um peixe ferido e em apuros.<\/div>\n<div>160<br \/>\nComprimento = 16,3 cm<br \/>\nPeso = 32 gr<br \/>\nAc\u00e7\u00e3o = 0,40 m &#8211; 0,80 m de profundidade<\/div>\n","protected":false},"excerpt":{"rendered":"<p>DESCRI\u00c7\u00c3O Lan\u00e7ar a dist\u00e2ncias com mais de 70m \u00e9 poss\u00edvel com as Silent Assassin gra\u00e7as ao sistema ARC de transfer\u00eancia de pesos. Um sistema de mola para compensar de forma correcta o lan\u00e7ar e o trabalhar da amostra. Este mecanismo ao lan\u00e7ar posiciona um tubo de a\u00e7o (em vez das tradicionais esferas) na parte inferior &hellip; <\/p>\n<p class=\"more-link-wrap\"><a href=\"https:\/\/nautipescas.pt\/fr\/produto\/amostra-shimano-silent-assassin-160-f-32gr\/\" class=\"more-link\"><span>Read More<span class=\"screen-reader-text\"> \u00ab\u00a0AMOSTRA SHIMANO SILENT ASSASSIN 160 F 32GR\u00a0\u00bb<\/span><\/span><\/a><\/p>\n","protected":false},"featured_media":6511,"template":"","meta":{"inline_featured_image":false},"product_cat":[229,148],"product_tag":[],"marcas":[132],"class_list":["post-6493","product","type-product","status-publish","has-post-thumbnail","hentry","product_cat-amostras-rigidas","product_cat-pesca","marcas-shimano"],"acf":[],"yoast_head":"<!-- This site is optimized with the Yoast SEO plugin v19.2 - https:\/\/yoast.com\/wordpress\/plugins\/seo\/ -->\n<title>AMOSTRA SHIMANO SILENT ASSASSIN 160 F 32GR - Nautipescas<\/title>\n<meta name=\"robots\" content=\"index, follow, max-snippet:-1, max-image-preview:large, max-video-preview:-1\" \/>\n<link rel=\"canonical\" href=\"https:\/\/nautipescas.pt\/produto\/amostra-shimano-silent-assassin-160-f-32gr\/\" \/>\n<meta property=\"og:locale\" content=\"fr_FR\" \/>\n<meta property=\"og:type\" content=\"article\" \/>\n<meta property=\"og:title\" content=\"AMOSTRA SHIMANO SILENT ASSASSIN 160 F 32GR - Nautipescas\" \/>\n<meta property=\"og:description\" content=\"DESCRI\u00c7\u00c3O Lan\u00e7ar a dist\u00e2ncias com mais de 70m \u00e9 poss\u00edvel com as Silent Assassin gra\u00e7as ao sistema ARC de transfer\u00eancia de pesos. Um sistema de mola para compensar de forma correcta o lan\u00e7ar e o trabalhar da amostra. Este mecanismo ao lan\u00e7ar posiciona um tubo de a\u00e7o (em vez das tradicionais esferas) na parte inferior &hellip; Read More &quot;AMOSTRA SHIMANO SILENT ASSASSIN 160 F 32GR&quot;\" \/>\n<meta property=\"og:url\" content=\"https:\/\/nautipescas.pt\/produto\/amostra-shimano-silent-assassin-160-f-32gr\/\" \/>\n<meta property=\"og:site_name\" content=\"Nautipescas\" \/>\n<meta property=\"article:modified_time\" content=\"2026-03-16T16:49:54+00:00\" \/>\n<meta property=\"og:image\" content=\"https:\/\/nautipescas.pt\/wp-content\/uploads\/2023\/03\/Shimano-Exsence-Silent-Assassin-160F.jpg\" \/>\n\t<meta property=\"og:image:width\" content=\"679\" \/>\n\t<meta property=\"og:image:height\" content=\"367\" \/>\n\t<meta property=\"og:image:type\" content=\"image\/jpeg\" \/>\n<meta name=\"author\" content=\"Paulo Chaves\" \/>\n<meta name=\"twitter:card\" content=\"summary_large_image\" \/>\n<meta name=\"twitter:label1\" content=\"Dur\u00e9e de lecture estim\u00e9e\" \/>\n\t<meta name=\"twitter:data1\" content=\"1 minute\" \/>\n<script type=\"application\/ld+json\" class=\"yoast-schema-graph\">{\"@context\":\"https:\/\/schema.org\",\"@graph\":[{\"@type\":\"WebSite\",\"@id\":\"https:\/\/nautipescas.pt\/#website\",\"url\":\"https:\/\/nautipescas.pt\/\",\"name\":\"Nautipescas\",\"description\":\"\",\"potentialAction\":[{\"@type\":\"SearchAction\",\"target\":{\"@type\":\"EntryPoint\",\"urlTemplate\":\"https:\/\/nautipescas.pt\/?s={search_term_string}\"},\"query-input\":\"required name=search_term_string\"}],\"inLanguage\":\"fr-FR\"},{\"@type\":\"ImageObject\",\"inLanguage\":\"fr-FR\",\"@id\":\"https:\/\/nautipescas.pt\/produto\/amostra-shimano-silent-assassin-160-f-32gr\/#primaryimage\",\"url\":\"https:\/\/nautipescas.pt\/wp-content\/uploads\/2023\/03\/Shimano-Exsence-Silent-Assassin-160F.jpg\",\"contentUrl\":\"https:\/\/nautipescas.pt\/wp-content\/uploads\/2023\/03\/Shimano-Exsence-Silent-Assassin-160F.jpg\",\"width\":679,\"height\":367},{\"@type\":\"WebPage\",\"@id\":\"https:\/\/nautipescas.pt\/produto\/amostra-shimano-silent-assassin-160-f-32gr\/#webpage\",\"url\":\"https:\/\/nautipescas.pt\/produto\/amostra-shimano-silent-assassin-160-f-32gr\/\",\"name\":\"AMOSTRA SHIMANO SILENT ASSASSIN 160 F 32GR - Nautipescas\",\"isPartOf\":{\"@id\":\"https:\/\/nautipescas.pt\/#website\"},\"primaryImageOfPage\":{\"@id\":\"https:\/\/nautipescas.pt\/produto\/amostra-shimano-silent-assassin-160-f-32gr\/#primaryimage\"},\"datePublished\":\"2023-03-17T17:35:32+00:00\",\"dateModified\":\"2026-03-16T16:49:54+00:00\",\"breadcrumb\":{\"@id\":\"https:\/\/nautipescas.pt\/produto\/amostra-shimano-silent-assassin-160-f-32gr\/#breadcrumb\"},\"inLanguage\":\"fr-FR\",\"potentialAction\":[{\"@type\":\"ReadAction\",\"target\":[\"https:\/\/nautipescas.pt\/produto\/amostra-shimano-silent-assassin-160-f-32gr\/\"]}]},{\"@type\":\"BreadcrumbList\",\"@id\":\"https:\/\/nautipescas.pt\/produto\/amostra-shimano-silent-assassin-160-f-32gr\/#breadcrumb\",\"itemListElement\":[{\"@type\":\"ListItem\",\"position\":1,\"name\":\"In\u00edcio\",\"item\":\"https:\/\/nautipescas.pt\/fr\/\"},{\"@type\":\"ListItem\",\"position\":2,\"name\":\"Boutique\",\"item\":\"https:\/\/nautipescas.pt\/fr\/boutique-magasin-de-peche-a-proximite\/\"},{\"@type\":\"ListItem\",\"position\":3,\"name\":\"AMOSTRA SHIMANO SILENT ASSASSIN 160 F 32GR\"}]}]}<\/script>\n<!-- \/ Yoast SEO plugin. -->","yoast_head_json":{"title":"AMOSTRA SHIMANO SILENT ASSASSIN 160 F 32GR - Nautipescas","robots":{"index":"index","follow":"follow","max-snippet":"max-snippet:-1","max-image-preview":"max-image-preview:large","max-video-preview":"max-video-preview:-1"},"canonical":"https:\/\/nautipescas.pt\/produto\/amostra-shimano-silent-assassin-160-f-32gr\/","og_locale":"fr_FR","og_type":"article","og_title":"AMOSTRA SHIMANO SILENT ASSASSIN 160 F 32GR - Nautipescas","og_description":"DESCRI\u00c7\u00c3O Lan\u00e7ar a dist\u00e2ncias com mais de 70m \u00e9 poss\u00edvel com as Silent Assassin gra\u00e7as ao sistema ARC de transfer\u00eancia de pesos. Um sistema de mola para compensar de forma correcta o lan\u00e7ar e o trabalhar da amostra. Este mecanismo ao lan\u00e7ar posiciona um tubo de a\u00e7o (em vez das tradicionais esferas) na parte inferior &hellip; Read More \"AMOSTRA SHIMANO SILENT ASSASSIN 160 F 32GR\"","og_url":"https:\/\/nautipescas.pt\/produto\/amostra-shimano-silent-assassin-160-f-32gr\/","og_site_name":"Nautipescas","article_modified_time":"2026-03-16T16:49:54+00:00","og_image":[{"width":679,"height":367,"url":"https:\/\/nautipescas.pt\/wp-content\/uploads\/2023\/03\/Shimano-Exsence-Silent-Assassin-160F.jpg","type":"image\/jpeg"}],"author":"Paulo Chaves","twitter_card":"summary_large_image","twitter_misc":{"Dur\u00e9e de lecture estim\u00e9e":"1 minute"},"schema":{"@context":"https:\/\/schema.org","@graph":[{"@type":"WebSite","@id":"https:\/\/nautipescas.pt\/#website","url":"https:\/\/nautipescas.pt\/","name":"Nautipescas","description":"","potentialAction":[{"@type":"SearchAction","target":{"@type":"EntryPoint","urlTemplate":"https:\/\/nautipescas.pt\/?s={search_term_string}"},"query-input":"required name=search_term_string"}],"inLanguage":"fr-FR"},{"@type":"ImageObject","inLanguage":"fr-FR","@id":"https:\/\/nautipescas.pt\/produto\/amostra-shimano-silent-assassin-160-f-32gr\/#primaryimage","url":"https:\/\/nautipescas.pt\/wp-content\/uploads\/2023\/03\/Shimano-Exsence-Silent-Assassin-160F.jpg","contentUrl":"https:\/\/nautipescas.pt\/wp-content\/uploads\/2023\/03\/Shimano-Exsence-Silent-Assassin-160F.jpg","width":679,"height":367},{"@type":"WebPage","@id":"https:\/\/nautipescas.pt\/produto\/amostra-shimano-silent-assassin-160-f-32gr\/#webpage","url":"https:\/\/nautipescas.pt\/produto\/amostra-shimano-silent-assassin-160-f-32gr\/","name":"AMOSTRA SHIMANO SILENT ASSASSIN 160 F 32GR - Nautipescas","isPartOf":{"@id":"https:\/\/nautipescas.pt\/#website"},"primaryImageOfPage":{"@id":"https:\/\/nautipescas.pt\/produto\/amostra-shimano-silent-assassin-160-f-32gr\/#primaryimage"},"datePublished":"2023-03-17T17:35:32+00:00","dateModified":"2026-03-16T16:49:54+00:00","breadcrumb":{"@id":"https:\/\/nautipescas.pt\/produto\/amostra-shimano-silent-assassin-160-f-32gr\/#breadcrumb"},"inLanguage":"fr-FR","potentialAction":[{"@type":"ReadAction","target":["https:\/\/nautipescas.pt\/produto\/amostra-shimano-silent-assassin-160-f-32gr\/"]}]},{"@type":"BreadcrumbList","@id":"https:\/\/nautipescas.pt\/produto\/amostra-shimano-silent-assassin-160-f-32gr\/#breadcrumb","itemListElement":[{"@type":"ListItem","position":1,"name":"In\u00edcio","item":"https:\/\/nautipescas.pt\/fr\/"},{"@type":"ListItem","position":2,"name":"Boutique","item":"https:\/\/nautipescas.pt\/fr\/boutique-magasin-de-peche-a-proximite\/"},{"@type":"ListItem","position":3,"name":"AMOSTRA SHIMANO SILENT ASSASSIN 160 F 32GR"}]}]}},"_links":{"self":[{"href":"https:\/\/nautipescas.pt\/fr\/wp-json\/wp\/v2\/product\/6493","targetHints":{"allow":["GET"]}}],"collection":[{"href":"https:\/\/nautipescas.pt\/fr\/wp-json\/wp\/v2\/product"}],"about":[{"href":"https:\/\/nautipescas.pt\/fr\/wp-json\/wp\/v2\/types\/product"}],"wp:featuredmedia":[{"embeddable":true,"href":"https:\/\/nautipescas.pt\/fr\/wp-json\/wp\/v2\/media\/6511"}],"wp:attachment":[{"href":"https:\/\/nautipescas.pt\/fr\/wp-json\/wp\/v2\/media?parent=6493"}],"wp:term":[{"taxonomy":"product_cat","embeddable":true,"href":"https:\/\/nautipescas.pt\/fr\/wp-json\/wp\/v2\/product_cat?post=6493"},{"taxonomy":"product_tag","embeddable":true,"href":"https:\/\/nautipescas.pt\/fr\/wp-json\/wp\/v2\/product_tag?post=6493"},{"taxonomy":"marcas","embeddable":true,"href":"https:\/\/nautipescas.pt\/fr\/wp-json\/wp\/v2\/marcas?post=6493"}],"curies":[{"name":"wp","href":"https:\/\/api.w.org\/{rel}","templated":true}]}}