{"id":6845,"date":"2023-04-22T10:40:48","date_gmt":"2023-04-22T10:40:48","guid":{"rendered":"https:\/\/nautipescas.pt\/?post_type=product&#038;p=6845"},"modified":"2023-04-22T11:57:26","modified_gmt":"2023-04-22T11:57:26","slug":"carreto-okuma-cedros-cj-10000","status":"publish","type":"product","link":"https:\/\/nautipescas.pt\/fr\/produto\/carreto-okuma-cedros-cj-10000\/","title":{"rendered":"CARRETO OKUMA CEDROS CJ-10000"},"content":{"rendered":"<h2 class=\"m_bottom_15 txt_trans\">Carreto de spinning para \u00e1gua salgada Cedros Saltwater<\/h2>\n<p>INSPIRADO PELA FOR\u00c7A E PESO LEVE<\/p>\n<p>Projetados especificamente para uso em \u00e1gua salgada, os carretos Cedros apresentam o design de constru\u00e7\u00e3o r\u00edgido LITECAST\u2122 da Okuma, sistema Dual Force Drag para extrema pot\u00eancia de parada e nosso equipamento patenteado de alta densidade com um revestimento especial resistente \u00e0 corros\u00e3o. Combinado com uma rela\u00e7\u00e3o de engrenagem de alta velocidade e manivela de alum\u00ednio personalizada, ele se transforma em um dos melhores carretos de pesca de \u00e1gua salgada do mercado.<\/p>\n<h4 class=\"v_title\">Features<\/h4>\n<ul class=\"v_list\">\n<li class=\"v_list_element v_circle\">DFD: sistema de freio duplo Dual Force Drag,<\/li>\n<li class=\"v_list_element v_circle\">Ajuste de freio multi-disco para configura\u00e7\u00f5es mais precisas<\/li>\n<li class=\"v_list_element v_circle\">Constru\u00e7\u00e3o em LITECAST\u2122 (Alum\u00ednio e Grafite) r\u00edgida e resistente \u00e0 corros\u00e3o.<\/li>\n<li class=\"v_list_element v_circle\">CRC: processo de revestimento resistente \u00e0 corros\u00e3o<\/li>\n<li class=\"v_list_element v_circle\">6HPB + 1RB, rolamentos de a\u00e7o inoxid\u00e1vel resistentes \u00e0 corros\u00e3o<\/li>\n<li class=\"v_list_element v_circle\">Anti-reverso duplo: com Quick-Set e arruelas<\/li>\n<li class=\"v_list_element v_circle\">Libera\u00e7\u00e3o manual da bobina, para m\u00e1xima confiabilidade.<\/li>\n<li class=\"v_list_element v_circle\">HDGII: engrenagens de alta densidade, resistentes \u00e0 corros\u00e3o<\/li>\n<li class=\"v_list_element v_circle\">Pinh\u00e3o de lat\u00e3o com corte de m\u00e1quina de precis\u00e3o<\/li>\n<li class=\"v_list_element v_circle\">Bobina de alum\u00ednio usinado e anodizado em 2 tons.<\/li>\n<li class=\"v_list_element v_circle\">Manivela de alum\u00ednio, com sistema \u00a0\u00bb aparafusada<\/li>\n<li>\n<h5 class=\"media-heading\">Sistema de freio Dual Force (freio duplo)<\/h5>\n<p>O DFD incorpora ambas as superf\u00edcies do carretel para maximizar a press\u00e3o de frenagem e a efici\u00eancia e suavidade gerais. Montado no topo da bobina e protegida pelo sistema Hydro Block, h\u00e1 um sistema de freio de feltro multidisco que funciona em conjunto com um sistema de freio secund\u00e1rio, que \u00e9 montado sob a bobina. Isso aplica press\u00e3o uniforme em ambas as superf\u00edcies do carretel para estabilidade m\u00e1xima e poder de parada significativamente maior em compara\u00e7\u00e3o com os sistemas tradicionais de freio \u00fanico.<\/li>\n<\/ul>\n","protected":false},"excerpt":{"rendered":"<p>Carreto de spinning para \u00e1gua salgada Cedros Saltwater INSPIRADO PELA FOR\u00c7A E PESO LEVE Projetados especificamente para uso em \u00e1gua salgada, os carretos Cedros apresentam o design de constru\u00e7\u00e3o r\u00edgido LITECAST\u2122 da Okuma, sistema Dual Force Drag para extrema pot\u00eancia de parada e nosso equipamento patenteado de alta densidade com um revestimento especial resistente \u00e0 &hellip; <\/p>\n<p class=\"more-link-wrap\"><a href=\"https:\/\/nautipescas.pt\/fr\/produto\/carreto-okuma-cedros-cj-10000\/\" class=\"more-link\"><span>Read More<span class=\"screen-reader-text\"> \u00ab\u00a0CARRETO OKUMA CEDROS CJ-10000\u00a0\u00bb<\/span><\/span><\/a><\/p>\n","protected":false},"featured_media":6846,"template":"","meta":{"inline_featured_image":false},"product_cat":[168,148],"product_tag":[],"marcas":[249],"class_list":["post-6845","product","type-product","status-publish","has-post-thumbnail","hentry","product_cat-carretos-spinning","product_cat-pesca","marcas-okuma-canas-carretos"],"acf":[],"yoast_head":"<!-- This site is optimized with the Yoast SEO plugin v19.2 - https:\/\/yoast.com\/wordpress\/plugins\/seo\/ -->\n<title>CARRETO OKUMA CEDROS CJ-10000 - Nautipescas<\/title>\n<meta name=\"robots\" content=\"index, follow, max-snippet:-1, max-image-preview:large, max-video-preview:-1\" \/>\n<link rel=\"canonical\" href=\"https:\/\/nautipescas.pt\/produto\/carreto-okuma-cedros-cj-10000\/\" \/>\n<meta property=\"og:locale\" content=\"fr_FR\" \/>\n<meta property=\"og:type\" content=\"article\" \/>\n<meta property=\"og:title\" content=\"CARRETO OKUMA CEDROS CJ-10000 - Nautipescas\" \/>\n<meta property=\"og:description\" content=\"Carreto de spinning para \u00e1gua salgada Cedros Saltwater INSPIRADO PELA FOR\u00c7A E PESO LEVE Projetados especificamente para uso em \u00e1gua salgada, os carretos Cedros apresentam o design de constru\u00e7\u00e3o r\u00edgido LITECAST\u2122 da Okuma, sistema Dual Force Drag para extrema pot\u00eancia de parada e nosso equipamento patenteado de alta densidade com um revestimento especial resistente \u00e0 &hellip; Read More &quot;CARRETO OKUMA CEDROS CJ-10000&quot;\" \/>\n<meta property=\"og:url\" content=\"https:\/\/nautipescas.pt\/produto\/carreto-okuma-cedros-cj-10000\/\" \/>\n<meta property=\"og:site_name\" content=\"Nautipescas\" \/>\n<meta property=\"article:modified_time\" content=\"2023-04-22T11:57:26+00:00\" \/>\n<meta property=\"og:image\" content=\"https:\/\/nautipescas.pt\/wp-content\/uploads\/2023\/04\/CEDROS.png\" \/>\n\t<meta property=\"og:image:width\" content=\"492\" \/>\n\t<meta property=\"og:image:height\" content=\"492\" \/>\n\t<meta property=\"og:image:type\" content=\"image\/png\" \/>\n<meta name=\"author\" content=\"Paulo Chaves\" \/>\n<meta name=\"twitter:card\" content=\"summary_large_image\" \/>\n<meta name=\"twitter:label1\" content=\"Dur\u00e9e de lecture estim\u00e9e\" \/>\n\t<meta name=\"twitter:data1\" content=\"2 minutes\" \/>\n<script type=\"application\/ld+json\" class=\"yoast-schema-graph\">{\"@context\":\"https:\/\/schema.org\",\"@graph\":[{\"@type\":\"WebSite\",\"@id\":\"https:\/\/nautipescas.pt\/#website\",\"url\":\"https:\/\/nautipescas.pt\/\",\"name\":\"Nautipescas\",\"description\":\"\",\"potentialAction\":[{\"@type\":\"SearchAction\",\"target\":{\"@type\":\"EntryPoint\",\"urlTemplate\":\"https:\/\/nautipescas.pt\/?s={search_term_string}\"},\"query-input\":\"required name=search_term_string\"}],\"inLanguage\":\"fr-FR\"},{\"@type\":\"ImageObject\",\"inLanguage\":\"fr-FR\",\"@id\":\"https:\/\/nautipescas.pt\/produto\/carreto-okuma-cedros-cj-10000\/#primaryimage\",\"url\":\"https:\/\/nautipescas.pt\/wp-content\/uploads\/2023\/04\/CEDROS.png\",\"contentUrl\":\"https:\/\/nautipescas.pt\/wp-content\/uploads\/2023\/04\/CEDROS.png\",\"width\":492,\"height\":492},{\"@type\":\"WebPage\",\"@id\":\"https:\/\/nautipescas.pt\/produto\/carreto-okuma-cedros-cj-10000\/#webpage\",\"url\":\"https:\/\/nautipescas.pt\/produto\/carreto-okuma-cedros-cj-10000\/\",\"name\":\"CARRETO OKUMA CEDROS CJ-10000 - Nautipescas\",\"isPartOf\":{\"@id\":\"https:\/\/nautipescas.pt\/#website\"},\"primaryImageOfPage\":{\"@id\":\"https:\/\/nautipescas.pt\/produto\/carreto-okuma-cedros-cj-10000\/#primaryimage\"},\"datePublished\":\"2023-04-22T10:40:48+00:00\",\"dateModified\":\"2023-04-22T11:57:26+00:00\",\"breadcrumb\":{\"@id\":\"https:\/\/nautipescas.pt\/produto\/carreto-okuma-cedros-cj-10000\/#breadcrumb\"},\"inLanguage\":\"fr-FR\",\"potentialAction\":[{\"@type\":\"ReadAction\",\"target\":[\"https:\/\/nautipescas.pt\/produto\/carreto-okuma-cedros-cj-10000\/\"]}]},{\"@type\":\"BreadcrumbList\",\"@id\":\"https:\/\/nautipescas.pt\/produto\/carreto-okuma-cedros-cj-10000\/#breadcrumb\",\"itemListElement\":[{\"@type\":\"ListItem\",\"position\":1,\"name\":\"In\u00edcio\",\"item\":\"https:\/\/nautipescas.pt\/fr\/\"},{\"@type\":\"ListItem\",\"position\":2,\"name\":\"Boutique\",\"item\":\"https:\/\/nautipescas.pt\/fr\/boutique-magasin-de-peche-a-proximite\/\"},{\"@type\":\"ListItem\",\"position\":3,\"name\":\"CARRETO OKUMA CEDROS CJ-10000\"}]}]}<\/script>\n<!-- \/ Yoast SEO plugin. -->","yoast_head_json":{"title":"CARRETO OKUMA CEDROS CJ-10000 - Nautipescas","robots":{"index":"index","follow":"follow","max-snippet":"max-snippet:-1","max-image-preview":"max-image-preview:large","max-video-preview":"max-video-preview:-1"},"canonical":"https:\/\/nautipescas.pt\/produto\/carreto-okuma-cedros-cj-10000\/","og_locale":"fr_FR","og_type":"article","og_title":"CARRETO OKUMA CEDROS CJ-10000 - Nautipescas","og_description":"Carreto de spinning para \u00e1gua salgada Cedros Saltwater INSPIRADO PELA FOR\u00c7A E PESO LEVE Projetados especificamente para uso em \u00e1gua salgada, os carretos Cedros apresentam o design de constru\u00e7\u00e3o r\u00edgido LITECAST\u2122 da Okuma, sistema Dual Force Drag para extrema pot\u00eancia de parada e nosso equipamento patenteado de alta densidade com um revestimento especial resistente \u00e0 &hellip; Read More \"CARRETO OKUMA CEDROS CJ-10000\"","og_url":"https:\/\/nautipescas.pt\/produto\/carreto-okuma-cedros-cj-10000\/","og_site_name":"Nautipescas","article_modified_time":"2023-04-22T11:57:26+00:00","og_image":[{"width":492,"height":492,"url":"https:\/\/nautipescas.pt\/wp-content\/uploads\/2023\/04\/CEDROS.png","type":"image\/png"}],"author":"Paulo Chaves","twitter_card":"summary_large_image","twitter_misc":{"Dur\u00e9e de lecture estim\u00e9e":"2 minutes"},"schema":{"@context":"https:\/\/schema.org","@graph":[{"@type":"WebSite","@id":"https:\/\/nautipescas.pt\/#website","url":"https:\/\/nautipescas.pt\/","name":"Nautipescas","description":"","potentialAction":[{"@type":"SearchAction","target":{"@type":"EntryPoint","urlTemplate":"https:\/\/nautipescas.pt\/?s={search_term_string}"},"query-input":"required name=search_term_string"}],"inLanguage":"fr-FR"},{"@type":"ImageObject","inLanguage":"fr-FR","@id":"https:\/\/nautipescas.pt\/produto\/carreto-okuma-cedros-cj-10000\/#primaryimage","url":"https:\/\/nautipescas.pt\/wp-content\/uploads\/2023\/04\/CEDROS.png","contentUrl":"https:\/\/nautipescas.pt\/wp-content\/uploads\/2023\/04\/CEDROS.png","width":492,"height":492},{"@type":"WebPage","@id":"https:\/\/nautipescas.pt\/produto\/carreto-okuma-cedros-cj-10000\/#webpage","url":"https:\/\/nautipescas.pt\/produto\/carreto-okuma-cedros-cj-10000\/","name":"CARRETO OKUMA CEDROS CJ-10000 - Nautipescas","isPartOf":{"@id":"https:\/\/nautipescas.pt\/#website"},"primaryImageOfPage":{"@id":"https:\/\/nautipescas.pt\/produto\/carreto-okuma-cedros-cj-10000\/#primaryimage"},"datePublished":"2023-04-22T10:40:48+00:00","dateModified":"2023-04-22T11:57:26+00:00","breadcrumb":{"@id":"https:\/\/nautipescas.pt\/produto\/carreto-okuma-cedros-cj-10000\/#breadcrumb"},"inLanguage":"fr-FR","potentialAction":[{"@type":"ReadAction","target":["https:\/\/nautipescas.pt\/produto\/carreto-okuma-cedros-cj-10000\/"]}]},{"@type":"BreadcrumbList","@id":"https:\/\/nautipescas.pt\/produto\/carreto-okuma-cedros-cj-10000\/#breadcrumb","itemListElement":[{"@type":"ListItem","position":1,"name":"In\u00edcio","item":"https:\/\/nautipescas.pt\/fr\/"},{"@type":"ListItem","position":2,"name":"Boutique","item":"https:\/\/nautipescas.pt\/fr\/boutique-magasin-de-peche-a-proximite\/"},{"@type":"ListItem","position":3,"name":"CARRETO OKUMA CEDROS CJ-10000"}]}]}},"_links":{"self":[{"href":"https:\/\/nautipescas.pt\/fr\/wp-json\/wp\/v2\/product\/6845","targetHints":{"allow":["GET"]}}],"collection":[{"href":"https:\/\/nautipescas.pt\/fr\/wp-json\/wp\/v2\/product"}],"about":[{"href":"https:\/\/nautipescas.pt\/fr\/wp-json\/wp\/v2\/types\/product"}],"wp:featuredmedia":[{"embeddable":true,"href":"https:\/\/nautipescas.pt\/fr\/wp-json\/wp\/v2\/media\/6846"}],"wp:attachment":[{"href":"https:\/\/nautipescas.pt\/fr\/wp-json\/wp\/v2\/media?parent=6845"}],"wp:term":[{"taxonomy":"product_cat","embeddable":true,"href":"https:\/\/nautipescas.pt\/fr\/wp-json\/wp\/v2\/product_cat?post=6845"},{"taxonomy":"product_tag","embeddable":true,"href":"https:\/\/nautipescas.pt\/fr\/wp-json\/wp\/v2\/product_tag?post=6845"},{"taxonomy":"marcas","embeddable":true,"href":"https:\/\/nautipescas.pt\/fr\/wp-json\/wp\/v2\/marcas?post=6845"}],"curies":[{"name":"wp","href":"https:\/\/api.w.org\/{rel}","templated":true}]}}