{"id":7142,"date":"2023-09-18T16:50:48","date_gmt":"2023-09-18T16:50:48","guid":{"rendered":"https:\/\/nautipescas.pt\/?post_type=product&#038;p=7142"},"modified":"2026-03-31T13:27:09","modified_gmt":"2026-03-31T13:27:09","slug":"carreto-shimano-saragosa-10000-sw","status":"publish","type":"product","link":"https:\/\/nautipescas.pt\/fr\/produto\/carreto-shimano-saragosa-10000-sw\/","title":{"rendered":"CARRETO SHIMANO SARAGOSA 10000 SW"},"content":{"rendered":"<div id=\"tab-description\" class=\"woocommerce-Tabs-panel woocommerce-Tabs-panel--description panel entry-content wc-tab\" role=\"tabpanel\" aria-labelledby=\"tab-title-description\">\n<h2>Descri\u00e7\u00e3o<\/h2>\n<p>O Saragosa SWA construiu uma reputa\u00e7\u00e3o incr\u00edvel e o modelo 2020 rec\u00e9m-lan\u00e7ado leva para o pr\u00f3ximo n\u00edvel. Repleto de atualiza\u00e7\u00f5es para oferecer grande poder de acionamento e durabilidade incompar\u00e1vel, nenhum outro carreto se compara a este n\u00edvel de pre\u00e7o. A s\u00e9rie Saragosa SWA incorpora tecnologias Shimano de n\u00edvel superior, como X-Protect, X-Ship, Hagane Body e engrenagem Hagane no corpo do carreto. o corpo compacto rec\u00e9m-projetado foi projetado para melhorar o manuseio e o equil\u00edbrio das bobinas. Com base no Stella SWC, o Infinity Drive est\u00e1 inclu\u00eddo e fornece suporte aprimorado da engrenagem do pinh\u00e3o, o que se traduz em maior e mais suave pot\u00eancia de acionamento.<\/p>\n<p>O sistema de resist\u00eancia \u00e0 \u00e1gua X-Protect melhora a durabilidade do carreto e obtem classifica\u00e7\u00e3o IPX8.<\/p>\n<p>Constru\u00eddo para peixes grandes em condi\u00e7\u00f5es extremas, o Saragosa SWA continuar\u00e1 a expandir os limites.<\/p>\n<p><strong>Saragosa 10000 SW<\/strong><br \/>\nRatio: 4.9:1<br \/>\nPeso: 685g<br \/>\nDrag M\u00e1x: 15kg<br \/>\nRolamentos: 5+1<br \/>\nCapacidade: 0.40mm\/300m<br \/>\nRecolha por volta: 102cm<\/p>\n<\/div>\n","protected":false},"excerpt":{"rendered":"<p>Descri\u00e7\u00e3o O Saragosa SWA construiu uma reputa\u00e7\u00e3o incr\u00edvel e o modelo 2020 rec\u00e9m-lan\u00e7ado leva para o pr\u00f3ximo n\u00edvel. Repleto de atualiza\u00e7\u00f5es para oferecer grande poder de acionamento e durabilidade incompar\u00e1vel, nenhum outro carreto se compara a este n\u00edvel de pre\u00e7o. A s\u00e9rie Saragosa SWA incorpora tecnologias Shimano de n\u00edvel superior, como X-Protect, X-Ship, Hagane Body &hellip; <\/p>\n<p class=\"more-link-wrap\"><a href=\"https:\/\/nautipescas.pt\/fr\/produto\/carreto-shimano-saragosa-10000-sw\/\" class=\"more-link\"><span>Read More<span class=\"screen-reader-text\"> \u00ab\u00a0CARRETO SHIMANO SARAGOSA 10000 SW\u00a0\u00bb<\/span><\/span><\/a><\/p>\n","protected":false},"featured_media":7147,"template":"","meta":{"inline_featured_image":false},"product_cat":[195,168,148],"product_tag":[],"marcas":[132],"class_list":["post-7142","product","type-product","status-publish","has-post-thumbnail","hentry","product_cat-carretos","product_cat-carretos-spinning","product_cat-pesca","marcas-shimano"],"acf":[],"yoast_head":"<!-- This site is optimized with the Yoast SEO plugin v19.2 - https:\/\/yoast.com\/wordpress\/plugins\/seo\/ -->\n<title>CARRETO SHIMANO SARAGOSA 10000 SW - Nautipescas<\/title>\n<meta name=\"description\" content=\"Descri\u00e7\u00e3oCom sistema Dyna-Balance anti oscila\u00e7\u00e3o.Sistema de gest\u00e3o de linha Propulsion.Peso: 685gRatio: 4.9:1Rolamentos: 5+1M\u00e1x Drag: 15kgCapacidade(mm\/m): 0,405\/300; 0,47\/210; 0,52\/160\" \/>\n<meta name=\"robots\" content=\"index, follow, max-snippet:-1, max-image-preview:large, max-video-preview:-1\" \/>\n<link rel=\"canonical\" href=\"https:\/\/nautipescas.pt\/produto\/carreto-shimano-saragosa-10000-sw\/\" \/>\n<meta property=\"og:locale\" content=\"fr_FR\" \/>\n<meta property=\"og:type\" content=\"article\" \/>\n<meta property=\"og:title\" content=\"CARRETO SHIMANO SARAGOSA 10000 SW - Nautipescas\" \/>\n<meta property=\"og:description\" content=\"Descri\u00e7\u00e3oCom sistema Dyna-Balance anti oscila\u00e7\u00e3o.Sistema de gest\u00e3o de linha Propulsion.Peso: 685gRatio: 4.9:1Rolamentos: 5+1M\u00e1x Drag: 15kgCapacidade(mm\/m): 0,405\/300; 0,47\/210; 0,52\/160\" \/>\n<meta property=\"og:url\" content=\"https:\/\/nautipescas.pt\/produto\/carreto-shimano-saragosa-10000-sw\/\" \/>\n<meta property=\"og:site_name\" content=\"Nautipescas\" \/>\n<meta property=\"article:modified_time\" content=\"2026-03-31T13:27:09+00:00\" \/>\n<meta property=\"og:image\" content=\"https:\/\/nautipescas.pt\/wp-content\/uploads\/2023\/09\/shimano-saragosa-sw-800x800-2.jpg\" \/>\n\t<meta property=\"og:image:width\" content=\"800\" \/>\n\t<meta property=\"og:image:height\" content=\"800\" \/>\n\t<meta property=\"og:image:type\" content=\"image\/jpeg\" \/>\n<meta name=\"author\" content=\"Paulo Chaves\" \/>\n<meta name=\"twitter:card\" content=\"summary_large_image\" \/>\n<meta name=\"twitter:label1\" content=\"Dur\u00e9e de lecture estim\u00e9e\" \/>\n\t<meta name=\"twitter:data1\" content=\"1 minute\" \/>\n<script type=\"application\/ld+json\" class=\"yoast-schema-graph\">{\"@context\":\"https:\/\/schema.org\",\"@graph\":[{\"@type\":\"WebSite\",\"@id\":\"https:\/\/nautipescas.pt\/#website\",\"url\":\"https:\/\/nautipescas.pt\/\",\"name\":\"Nautipescas\",\"description\":\"\",\"potentialAction\":[{\"@type\":\"SearchAction\",\"target\":{\"@type\":\"EntryPoint\",\"urlTemplate\":\"https:\/\/nautipescas.pt\/?s={search_term_string}\"},\"query-input\":\"required name=search_term_string\"}],\"inLanguage\":\"fr-FR\"},{\"@type\":\"ImageObject\",\"inLanguage\":\"fr-FR\",\"@id\":\"https:\/\/nautipescas.pt\/produto\/carreto-shimano-saragosa-10000-sw\/#primaryimage\",\"url\":\"https:\/\/nautipescas.pt\/wp-content\/uploads\/2023\/09\/shimano-saragosa-sw-800x800-2.jpg\",\"contentUrl\":\"https:\/\/nautipescas.pt\/wp-content\/uploads\/2023\/09\/shimano-saragosa-sw-800x800-2.jpg\",\"width\":800,\"height\":800},{\"@type\":\"WebPage\",\"@id\":\"https:\/\/nautipescas.pt\/produto\/carreto-shimano-saragosa-10000-sw\/#webpage\",\"url\":\"https:\/\/nautipescas.pt\/produto\/carreto-shimano-saragosa-10000-sw\/\",\"name\":\"CARRETO SHIMANO SARAGOSA 10000 SW - Nautipescas\",\"isPartOf\":{\"@id\":\"https:\/\/nautipescas.pt\/#website\"},\"primaryImageOfPage\":{\"@id\":\"https:\/\/nautipescas.pt\/produto\/carreto-shimano-saragosa-10000-sw\/#primaryimage\"},\"datePublished\":\"2023-09-18T16:50:48+00:00\",\"dateModified\":\"2026-03-31T13:27:09+00:00\",\"description\":\"Descri\u00e7\u00e3oCom sistema Dyna-Balance anti oscila\u00e7\u00e3o.Sistema de gest\u00e3o de linha Propulsion.Peso: 685gRatio: 4.9:1Rolamentos: 5+1M\u00e1x Drag: 15kgCapacidade(mm\/m): 0,405\/300; 0,47\/210; 0,52\/160\",\"breadcrumb\":{\"@id\":\"https:\/\/nautipescas.pt\/produto\/carreto-shimano-saragosa-10000-sw\/#breadcrumb\"},\"inLanguage\":\"fr-FR\",\"potentialAction\":[{\"@type\":\"ReadAction\",\"target\":[\"https:\/\/nautipescas.pt\/produto\/carreto-shimano-saragosa-10000-sw\/\"]}]},{\"@type\":\"BreadcrumbList\",\"@id\":\"https:\/\/nautipescas.pt\/produto\/carreto-shimano-saragosa-10000-sw\/#breadcrumb\",\"itemListElement\":[{\"@type\":\"ListItem\",\"position\":1,\"name\":\"In\u00edcio\",\"item\":\"https:\/\/nautipescas.pt\/fr\/\"},{\"@type\":\"ListItem\",\"position\":2,\"name\":\"Boutique\",\"item\":\"https:\/\/nautipescas.pt\/fr\/boutique-magasin-de-peche-a-proximite\/\"},{\"@type\":\"ListItem\",\"position\":3,\"name\":\"CARRETO SHIMANO SARAGOSA 10000 SW\"}]}]}<\/script>\n<!-- \/ Yoast SEO plugin. -->","yoast_head_json":{"title":"CARRETO SHIMANO SARAGOSA 10000 SW - Nautipescas","description":"Descri\u00e7\u00e3oCom sistema Dyna-Balance anti oscila\u00e7\u00e3o.Sistema de gest\u00e3o de linha Propulsion.Peso: 685gRatio: 4.9:1Rolamentos: 5+1M\u00e1x Drag: 15kgCapacidade(mm\/m): 0,405\/300; 0,47\/210; 0,52\/160","robots":{"index":"index","follow":"follow","max-snippet":"max-snippet:-1","max-image-preview":"max-image-preview:large","max-video-preview":"max-video-preview:-1"},"canonical":"https:\/\/nautipescas.pt\/produto\/carreto-shimano-saragosa-10000-sw\/","og_locale":"fr_FR","og_type":"article","og_title":"CARRETO SHIMANO SARAGOSA 10000 SW - Nautipescas","og_description":"Descri\u00e7\u00e3oCom sistema Dyna-Balance anti oscila\u00e7\u00e3o.Sistema de gest\u00e3o de linha Propulsion.Peso: 685gRatio: 4.9:1Rolamentos: 5+1M\u00e1x Drag: 15kgCapacidade(mm\/m): 0,405\/300; 0,47\/210; 0,52\/160","og_url":"https:\/\/nautipescas.pt\/produto\/carreto-shimano-saragosa-10000-sw\/","og_site_name":"Nautipescas","article_modified_time":"2026-03-31T13:27:09+00:00","og_image":[{"width":800,"height":800,"url":"https:\/\/nautipescas.pt\/wp-content\/uploads\/2023\/09\/shimano-saragosa-sw-800x800-2.jpg","type":"image\/jpeg"}],"author":"Paulo Chaves","twitter_card":"summary_large_image","twitter_misc":{"Dur\u00e9e de lecture estim\u00e9e":"1 minute"},"schema":{"@context":"https:\/\/schema.org","@graph":[{"@type":"WebSite","@id":"https:\/\/nautipescas.pt\/#website","url":"https:\/\/nautipescas.pt\/","name":"Nautipescas","description":"","potentialAction":[{"@type":"SearchAction","target":{"@type":"EntryPoint","urlTemplate":"https:\/\/nautipescas.pt\/?s={search_term_string}"},"query-input":"required name=search_term_string"}],"inLanguage":"fr-FR"},{"@type":"ImageObject","inLanguage":"fr-FR","@id":"https:\/\/nautipescas.pt\/produto\/carreto-shimano-saragosa-10000-sw\/#primaryimage","url":"https:\/\/nautipescas.pt\/wp-content\/uploads\/2023\/09\/shimano-saragosa-sw-800x800-2.jpg","contentUrl":"https:\/\/nautipescas.pt\/wp-content\/uploads\/2023\/09\/shimano-saragosa-sw-800x800-2.jpg","width":800,"height":800},{"@type":"WebPage","@id":"https:\/\/nautipescas.pt\/produto\/carreto-shimano-saragosa-10000-sw\/#webpage","url":"https:\/\/nautipescas.pt\/produto\/carreto-shimano-saragosa-10000-sw\/","name":"CARRETO SHIMANO SARAGOSA 10000 SW - Nautipescas","isPartOf":{"@id":"https:\/\/nautipescas.pt\/#website"},"primaryImageOfPage":{"@id":"https:\/\/nautipescas.pt\/produto\/carreto-shimano-saragosa-10000-sw\/#primaryimage"},"datePublished":"2023-09-18T16:50:48+00:00","dateModified":"2026-03-31T13:27:09+00:00","description":"Descri\u00e7\u00e3oCom sistema Dyna-Balance anti oscila\u00e7\u00e3o.Sistema de gest\u00e3o de linha Propulsion.Peso: 685gRatio: 4.9:1Rolamentos: 5+1M\u00e1x Drag: 15kgCapacidade(mm\/m): 0,405\/300; 0,47\/210; 0,52\/160","breadcrumb":{"@id":"https:\/\/nautipescas.pt\/produto\/carreto-shimano-saragosa-10000-sw\/#breadcrumb"},"inLanguage":"fr-FR","potentialAction":[{"@type":"ReadAction","target":["https:\/\/nautipescas.pt\/produto\/carreto-shimano-saragosa-10000-sw\/"]}]},{"@type":"BreadcrumbList","@id":"https:\/\/nautipescas.pt\/produto\/carreto-shimano-saragosa-10000-sw\/#breadcrumb","itemListElement":[{"@type":"ListItem","position":1,"name":"In\u00edcio","item":"https:\/\/nautipescas.pt\/fr\/"},{"@type":"ListItem","position":2,"name":"Boutique","item":"https:\/\/nautipescas.pt\/fr\/boutique-magasin-de-peche-a-proximite\/"},{"@type":"ListItem","position":3,"name":"CARRETO SHIMANO SARAGOSA 10000 SW"}]}]}},"_links":{"self":[{"href":"https:\/\/nautipescas.pt\/fr\/wp-json\/wp\/v2\/product\/7142","targetHints":{"allow":["GET"]}}],"collection":[{"href":"https:\/\/nautipescas.pt\/fr\/wp-json\/wp\/v2\/product"}],"about":[{"href":"https:\/\/nautipescas.pt\/fr\/wp-json\/wp\/v2\/types\/product"}],"wp:featuredmedia":[{"embeddable":true,"href":"https:\/\/nautipescas.pt\/fr\/wp-json\/wp\/v2\/media\/7147"}],"wp:attachment":[{"href":"https:\/\/nautipescas.pt\/fr\/wp-json\/wp\/v2\/media?parent=7142"}],"wp:term":[{"taxonomy":"product_cat","embeddable":true,"href":"https:\/\/nautipescas.pt\/fr\/wp-json\/wp\/v2\/product_cat?post=7142"},{"taxonomy":"product_tag","embeddable":true,"href":"https:\/\/nautipescas.pt\/fr\/wp-json\/wp\/v2\/product_tag?post=7142"},{"taxonomy":"marcas","embeddable":true,"href":"https:\/\/nautipescas.pt\/fr\/wp-json\/wp\/v2\/marcas?post=7142"}],"curies":[{"name":"wp","href":"https:\/\/api.w.org\/{rel}","templated":true}]}}