{"id":7410,"date":"2023-11-11T11:21:13","date_gmt":"2023-11-11T11:21:13","guid":{"rendered":"https:\/\/nautipescas.pt\/?post_type=product&#038;p=7410"},"modified":"2025-02-13T11:05:57","modified_gmt":"2025-02-13T11:05:57","slug":"daiwa-saltiga","status":"publish","type":"product","link":"https:\/\/nautipescas.pt\/fr\/produto\/daiwa-saltiga\/","title":{"rendered":"CARRETO DAIWA SALTIGA 20 20000 H"},"content":{"rendered":"<p>&nbsp;<\/p>\n<p>O incontorn\u00e1vel Saltiga evolui e re\u00fane as mais recentes tecnologias Daiwa ao servi\u00e7o das pescas fortes. A fim de responder \u00e0s necessidades de todos os pescadores, um novo sistema de tamanhos \u00e9 aplicado ao Saltiga 2020, bem como propostos dois tipos de manivelas.<\/p>\n<p>Vida \u00fatil melhorada<\/p>\n<p>O corpo do Saltiga 2020 beneficia das \u00faltimas inova\u00e7\u00f5es da Daiwa: a sua estrutura Monocoque Body numa pe\u00e7a \u00fanica sim\u00e9trica maquinada, fornece ao carreto uma maior robustez. Totalmente constru\u00eddo em alum\u00ednio, a solidez do corpo est\u00e1 aumentada. A roda-de-coroa encapsulada no corpo \u00e9 mais larga (46mm) e mais espe\u00e7a (8,7mm) que na vers\u00e3o precedente do Saltiga (2015), sendo mais leve gra\u00e7as \u00e0 sua composi\u00e7\u00e3o em duralum\u00ednio G1. A fim de limitar a eros\u00e3o, o carreto \u00e9 pintado com 5 camadas sobrepostas: anodiza\u00e7\u00e3o, tinta anti est\u00e1tica, prim\u00e1rio, tinta e verniz. O Air Rotor em alum\u00ednio \u00e9 mais r\u00edgido que o carbono ZAION e mais poderoso, portanto o bra\u00e7o do pick-up \u00e9 mais resistente. De ambos os lados da roda-de-coroa, dois rolamentos MagSealed asseguram fluidez e estanqueidade ao Saltiga. Encontramos \u00f3leo Mag Oil ao n\u00edvel do pinh\u00e3o e no rolete do pick-up.<\/p>\n<p>Para pescas fortes com total serenidade<\/p>\n<p>O sistema de drag ATD (Automatic Tournament Drag) \u00e9 agora composto por 14 elementos contra 6 do Saltiga 2015, o que torna o Saltiga 2020 dez vezes mais poderoso e resistente que seu antecessor. O bot\u00e3o do drag tamb\u00e9m foi redesenhado: ganha em ergonomia gra\u00e7as ao seu aumento de 42%. Como a tampa do bot\u00e3o e o colar do drag (dois componentes internos), o bot\u00e3o do drag \u00e9 em alum\u00ednio. Isso permite a transfer\u00eancia e dissipa\u00e7\u00e3o de calor, o que garante a fluidez e a efici\u00eancia do Saltiga. Para afinar o drag com precis\u00e3o, o som da catraca foi intensificado. Ideal para enfrentar os peixes desportivos, a pega em alum\u00ednio de forma redonda ou oval oferece uma ader\u00eancia poderosa e confort\u00e1vel. Sempre com o objetivo de maximizar o prazer da pesca, o Saltiga 2020 \u00e9 equipado com uma bobina LC-ABS (Long Cast) que assegura uma sa\u00edda de linha de fluido, bem como uma redu\u00e7\u00e3o no risco de cabeleiras. Outro detalhe pr\u00e1tico do Saltiga 2020 est\u00e1 situado no pick-up, cuja abertura e fecho s\u00e3o controlados por um clique que impede que a bobina gire em pleno lan\u00e7amento.<\/p>\n<p>Uma nova escala de tamanhos<\/p>\n<p>Por uma quest\u00e3o de coer\u00eancia com os carretos spinning de pequeno tamanho, a gama dos Saltiga 2020 adota uma nova escala de tamanhos: ao 8000 (correspondente ao tamanho 4500 do Saltiga 2015) ao 20.000 (anteriormente tamanho 8000).<\/p>\n<p>Com esta nova gama, o Saltiga leva ainda mais longe os limites do desempenho, gra\u00e7as \u00e0s altas tecnologias que o equipam. Resta apenas aos pescadores tom\u00e1-lo nas m\u00e3os e baterem os seus recordes.<\/p>\n<p>Drag com tecnologia ATD com discos de carbono e grande sonoridade. Largo bot\u00e3o de drag ergon\u00f3mico em alum\u00ednio.<br \/>\nRolamentos : 12 + 1 sendo 2 MagSealed e 6 CRBB<br \/>\nCorpo Monocoque em alum\u00ednio pintado em 5 camadas e \u00ab\u00a0Air Rotor\u00a0\u00bb em alum\u00ednio<br \/>\nBobina LC-ABS (Long Cast) com duplo l\u00e1bio para uma sa\u00edda de linha fluida<br \/>\nManivela em alum\u00ednio de forma oval (modelos X\/XH) e de forma redonda (modelo P)<br \/>\nAir Bail de uma pe\u00e7a e clique de abertura<br \/>\nRoda-de-coroa maquinada em duralum\u00ednio G1<\/p>\n<p>Tecnologias<br \/>\nPontos fortes<\/p>\n<p>Performance |Durabilidade<br \/>\nPot\u00eancia<\/p>\n<table class=\"table bordered js-pswp-gallery\">\n<tbody>\n<tr>\n<td>Oval<\/td>\n<td>5,8<\/td>\n<td>143cm<\/td>\n<td>890g<\/td>\n<td>300m\/0,52mm<\/td>\n<td>300m\/0,51mm<\/td>\n<td>30kg<\/td>\n<td><\/td>\n<\/tr>\n<\/tbody>\n<\/table>\n","protected":false},"excerpt":{"rendered":"<p>&nbsp; O incontorn\u00e1vel Saltiga evolui e re\u00fane as mais recentes tecnologias Daiwa ao servi\u00e7o das pescas fortes. A fim de responder \u00e0s necessidades de todos os pescadores, um novo sistema de tamanhos \u00e9 aplicado ao Saltiga 2020, bem como propostos dois tipos de manivelas. Vida \u00fatil melhorada O corpo do Saltiga 2020 beneficia das \u00faltimas &hellip; <\/p>\n<p class=\"more-link-wrap\"><a href=\"https:\/\/nautipescas.pt\/fr\/produto\/daiwa-saltiga\/\" class=\"more-link\"><span>Read More<span class=\"screen-reader-text\"> \u00ab\u00a0CARRETO DAIWA SALTIGA 20 20000 H\u00a0\u00bb<\/span><\/span><\/a><\/p>\n","protected":false},"featured_media":7411,"template":"","meta":{"inline_featured_image":false},"product_cat":[195,168,148],"product_tag":[],"marcas":[131],"class_list":["post-7410","product","type-product","status-publish","has-post-thumbnail","hentry","product_cat-carretos","product_cat-carretos-spinning","product_cat-pesca","marcas-daiwa"],"acf":[],"yoast_head":"<!-- This site is optimized with the Yoast SEO plugin v19.2 - https:\/\/yoast.com\/wordpress\/plugins\/seo\/ -->\n<title>CARRETO DAIWA SALTIGA 20 20000 H - Nautipescas<\/title>\n<meta name=\"robots\" content=\"index, follow, max-snippet:-1, max-image-preview:large, max-video-preview:-1\" \/>\n<link rel=\"canonical\" href=\"https:\/\/nautipescas.pt\/produto\/daiwa-saltiga\/\" \/>\n<meta property=\"og:locale\" content=\"fr_FR\" \/>\n<meta property=\"og:type\" content=\"article\" \/>\n<meta property=\"og:title\" content=\"CARRETO DAIWA SALTIGA 20 20000 H - Nautipescas\" \/>\n<meta property=\"og:description\" content=\"&nbsp; O incontorn\u00e1vel Saltiga evolui e re\u00fane as mais recentes tecnologias Daiwa ao servi\u00e7o das pescas fortes. A fim de responder \u00e0s necessidades de todos os pescadores, um novo sistema de tamanhos \u00e9 aplicado ao Saltiga 2020, bem como propostos dois tipos de manivelas. Vida \u00fatil melhorada O corpo do Saltiga 2020 beneficia das \u00faltimas &hellip; Read More &quot;CARRETO DAIWA SALTIGA 20 20000 H&quot;\" \/>\n<meta property=\"og:url\" content=\"https:\/\/nautipescas.pt\/produto\/daiwa-saltiga\/\" \/>\n<meta property=\"og:site_name\" content=\"Nautipescas\" \/>\n<meta property=\"article:modified_time\" content=\"2025-02-13T11:05:57+00:00\" \/>\n<meta property=\"og:image\" content=\"https:\/\/nautipescas.pt\/wp-content\/uploads\/2023\/11\/SG2014000XH-1024x1024.png\" \/>\n\t<meta property=\"og:image:width\" content=\"1024\" \/>\n\t<meta property=\"og:image:height\" content=\"1024\" \/>\n\t<meta property=\"og:image:type\" content=\"image\/png\" \/>\n<meta name=\"author\" content=\"Paulo Chaves\" \/>\n<meta name=\"twitter:card\" content=\"summary_large_image\" \/>\n<meta name=\"twitter:label1\" content=\"Dur\u00e9e de lecture estim\u00e9e\" \/>\n\t<meta name=\"twitter:data1\" content=\"4 minutes\" \/>\n<script type=\"application\/ld+json\" class=\"yoast-schema-graph\">{\"@context\":\"https:\/\/schema.org\",\"@graph\":[{\"@type\":\"WebSite\",\"@id\":\"https:\/\/nautipescas.pt\/#website\",\"url\":\"https:\/\/nautipescas.pt\/\",\"name\":\"Nautipescas\",\"description\":\"\",\"potentialAction\":[{\"@type\":\"SearchAction\",\"target\":{\"@type\":\"EntryPoint\",\"urlTemplate\":\"https:\/\/nautipescas.pt\/?s={search_term_string}\"},\"query-input\":\"required name=search_term_string\"}],\"inLanguage\":\"fr-FR\"},{\"@type\":\"ImageObject\",\"inLanguage\":\"fr-FR\",\"@id\":\"https:\/\/nautipescas.pt\/produto\/daiwa-saltiga\/#primaryimage\",\"url\":\"https:\/\/nautipescas.pt\/wp-content\/uploads\/2023\/11\/SG2014000XH.png\",\"contentUrl\":\"https:\/\/nautipescas.pt\/wp-content\/uploads\/2023\/11\/SG2014000XH.png\",\"width\":1200,\"height\":1200},{\"@type\":\"WebPage\",\"@id\":\"https:\/\/nautipescas.pt\/produto\/daiwa-saltiga\/#webpage\",\"url\":\"https:\/\/nautipescas.pt\/produto\/daiwa-saltiga\/\",\"name\":\"CARRETO DAIWA SALTIGA 20 20000 H - Nautipescas\",\"isPartOf\":{\"@id\":\"https:\/\/nautipescas.pt\/#website\"},\"primaryImageOfPage\":{\"@id\":\"https:\/\/nautipescas.pt\/produto\/daiwa-saltiga\/#primaryimage\"},\"datePublished\":\"2023-11-11T11:21:13+00:00\",\"dateModified\":\"2025-02-13T11:05:57+00:00\",\"breadcrumb\":{\"@id\":\"https:\/\/nautipescas.pt\/produto\/daiwa-saltiga\/#breadcrumb\"},\"inLanguage\":\"fr-FR\",\"potentialAction\":[{\"@type\":\"ReadAction\",\"target\":[\"https:\/\/nautipescas.pt\/produto\/daiwa-saltiga\/\"]}]},{\"@type\":\"BreadcrumbList\",\"@id\":\"https:\/\/nautipescas.pt\/produto\/daiwa-saltiga\/#breadcrumb\",\"itemListElement\":[{\"@type\":\"ListItem\",\"position\":1,\"name\":\"In\u00edcio\",\"item\":\"https:\/\/nautipescas.pt\/fr\/\"},{\"@type\":\"ListItem\",\"position\":2,\"name\":\"Boutique\",\"item\":\"https:\/\/nautipescas.pt\/fr\/boutique-magasin-de-peche-a-proximite\/\"},{\"@type\":\"ListItem\",\"position\":3,\"name\":\"CARRETO DAIWA SALTIGA 20 20000 H\"}]}]}<\/script>\n<!-- \/ Yoast SEO plugin. -->","yoast_head_json":{"title":"CARRETO DAIWA SALTIGA 20 20000 H - Nautipescas","robots":{"index":"index","follow":"follow","max-snippet":"max-snippet:-1","max-image-preview":"max-image-preview:large","max-video-preview":"max-video-preview:-1"},"canonical":"https:\/\/nautipescas.pt\/produto\/daiwa-saltiga\/","og_locale":"fr_FR","og_type":"article","og_title":"CARRETO DAIWA SALTIGA 20 20000 H - Nautipescas","og_description":"&nbsp; O incontorn\u00e1vel Saltiga evolui e re\u00fane as mais recentes tecnologias Daiwa ao servi\u00e7o das pescas fortes. A fim de responder \u00e0s necessidades de todos os pescadores, um novo sistema de tamanhos \u00e9 aplicado ao Saltiga 2020, bem como propostos dois tipos de manivelas. Vida \u00fatil melhorada O corpo do Saltiga 2020 beneficia das \u00faltimas &hellip; Read More \"CARRETO DAIWA SALTIGA 20 20000 H\"","og_url":"https:\/\/nautipescas.pt\/produto\/daiwa-saltiga\/","og_site_name":"Nautipescas","article_modified_time":"2025-02-13T11:05:57+00:00","og_image":[{"width":1024,"height":1024,"url":"https:\/\/nautipescas.pt\/wp-content\/uploads\/2023\/11\/SG2014000XH-1024x1024.png","type":"image\/png"}],"author":"Paulo Chaves","twitter_card":"summary_large_image","twitter_misc":{"Dur\u00e9e de lecture estim\u00e9e":"4 minutes"},"schema":{"@context":"https:\/\/schema.org","@graph":[{"@type":"WebSite","@id":"https:\/\/nautipescas.pt\/#website","url":"https:\/\/nautipescas.pt\/","name":"Nautipescas","description":"","potentialAction":[{"@type":"SearchAction","target":{"@type":"EntryPoint","urlTemplate":"https:\/\/nautipescas.pt\/?s={search_term_string}"},"query-input":"required name=search_term_string"}],"inLanguage":"fr-FR"},{"@type":"ImageObject","inLanguage":"fr-FR","@id":"https:\/\/nautipescas.pt\/produto\/daiwa-saltiga\/#primaryimage","url":"https:\/\/nautipescas.pt\/wp-content\/uploads\/2023\/11\/SG2014000XH.png","contentUrl":"https:\/\/nautipescas.pt\/wp-content\/uploads\/2023\/11\/SG2014000XH.png","width":1200,"height":1200},{"@type":"WebPage","@id":"https:\/\/nautipescas.pt\/produto\/daiwa-saltiga\/#webpage","url":"https:\/\/nautipescas.pt\/produto\/daiwa-saltiga\/","name":"CARRETO DAIWA SALTIGA 20 20000 H - Nautipescas","isPartOf":{"@id":"https:\/\/nautipescas.pt\/#website"},"primaryImageOfPage":{"@id":"https:\/\/nautipescas.pt\/produto\/daiwa-saltiga\/#primaryimage"},"datePublished":"2023-11-11T11:21:13+00:00","dateModified":"2025-02-13T11:05:57+00:00","breadcrumb":{"@id":"https:\/\/nautipescas.pt\/produto\/daiwa-saltiga\/#breadcrumb"},"inLanguage":"fr-FR","potentialAction":[{"@type":"ReadAction","target":["https:\/\/nautipescas.pt\/produto\/daiwa-saltiga\/"]}]},{"@type":"BreadcrumbList","@id":"https:\/\/nautipescas.pt\/produto\/daiwa-saltiga\/#breadcrumb","itemListElement":[{"@type":"ListItem","position":1,"name":"In\u00edcio","item":"https:\/\/nautipescas.pt\/fr\/"},{"@type":"ListItem","position":2,"name":"Boutique","item":"https:\/\/nautipescas.pt\/fr\/boutique-magasin-de-peche-a-proximite\/"},{"@type":"ListItem","position":3,"name":"CARRETO DAIWA SALTIGA 20 20000 H"}]}]}},"_links":{"self":[{"href":"https:\/\/nautipescas.pt\/fr\/wp-json\/wp\/v2\/product\/7410","targetHints":{"allow":["GET"]}}],"collection":[{"href":"https:\/\/nautipescas.pt\/fr\/wp-json\/wp\/v2\/product"}],"about":[{"href":"https:\/\/nautipescas.pt\/fr\/wp-json\/wp\/v2\/types\/product"}],"wp:featuredmedia":[{"embeddable":true,"href":"https:\/\/nautipescas.pt\/fr\/wp-json\/wp\/v2\/media\/7411"}],"wp:attachment":[{"href":"https:\/\/nautipescas.pt\/fr\/wp-json\/wp\/v2\/media?parent=7410"}],"wp:term":[{"taxonomy":"product_cat","embeddable":true,"href":"https:\/\/nautipescas.pt\/fr\/wp-json\/wp\/v2\/product_cat?post=7410"},{"taxonomy":"product_tag","embeddable":true,"href":"https:\/\/nautipescas.pt\/fr\/wp-json\/wp\/v2\/product_tag?post=7410"},{"taxonomy":"marcas","embeddable":true,"href":"https:\/\/nautipescas.pt\/fr\/wp-json\/wp\/v2\/marcas?post=7410"}],"curies":[{"name":"wp","href":"https:\/\/api.w.org\/{rel}","templated":true}]}}