{"id":7525,"date":"2023-11-13T13:44:17","date_gmt":"2023-11-13T13:44:17","guid":{"rendered":"https:\/\/nautipescas.pt\/?post_type=product&#038;p=7525"},"modified":"2025-02-04T18:26:13","modified_gmt":"2025-02-04T18:26:13","slug":"fio-xzoga-leader-taka-sk-50mt","status":"publish","type":"product","link":"https:\/\/nautipescas.pt\/fr\/produto\/fio-xzoga-leader-taka-sk-50mt\/","title":{"rendered":"FIO XZOGA LEADER TAKA-SK 50MT"},"content":{"rendered":"<table class=\"table table-bordered spec-table\" border=\"0\" width=\"409\" cellspacing=\"0\" cellpadding=\"0\">\n<tbody>\n<tr>\n<td height=\"17\">PE 30.0<\/td>\n<td>0.90 mm<\/td>\n<td>100 LB<\/td>\n<td>50M<\/td>\n<\/tr>\n<\/tbody>\n<\/table>\n<p><span lang=\"ES\" data-moz-translations-id=\"0\">\u00a0Xzoga, TakaSK, \u00e9 um monofilamento projetado especificamente para amortecer a aus\u00eancia de elasticidade tran\u00e7ada. Al\u00e9m da suavidade, o l\u00edder de choque de fluoreta\u00e7\u00e3o da Xzoga, TakaSK, oferece grande resist\u00eancia \u00e0 tesquinhez e abras\u00e3o. Gra\u00e7as ao conceito de fabrica\u00e7\u00e3o SS<\/span><span lang=\"ES\" data-moz-translations-id=\"1\"><em data-moz-translations-id=\"2\"><strong data-moz-translations-id=\"3\">,<\/strong><\/em> Xzoga nos apresenta com um baixo de linha fina, mas ao mesmo tempo muito resistente. O L\u00edder de Choque de Fluorine foi enviado com resist\u00eancia ao n\u00f3 e di\u00e2metro exato, de modo a n\u00e3o sofrer enganos ou falsas verdades como \u00e9 frequentemente o caso de outros l\u00edderes de mercado. N\u00e3o \u00e9 um fluorocarbono, mas sua baixa refra\u00e7\u00e3o na \u00e1gua e alta transpar\u00eancia tornam um l\u00edder perfeito para usar como linha de baixo, ou como um passo intermedi\u00e1rio entre a tran\u00e7a e um 100% fluorocarboneto, como eles geralmente n\u00e3o t\u00eam elasticidade. 100% de fabrica\u00e7\u00e3o japonesa.<\/span><\/p>\n","protected":false},"excerpt":{"rendered":"<p>PE 30.0 0.90 mm 100 LB 50M \u00a0Xzoga, TakaSK, \u00e9 um monofilamento projetado especificamente para amortecer a aus\u00eancia de elasticidade tran\u00e7ada. Al\u00e9m da suavidade, o l\u00edder de choque de fluoreta\u00e7\u00e3o da Xzoga, TakaSK, oferece grande resist\u00eancia \u00e0 tesquinhez e abras\u00e3o. Gra\u00e7as ao conceito de fabrica\u00e7\u00e3o SS, Xzoga nos apresenta com um baixo de linha fina, &hellip; <\/p>\n<p class=\"more-link-wrap\"><a href=\"https:\/\/nautipescas.pt\/fr\/produto\/fio-xzoga-leader-taka-sk-50mt\/\" class=\"more-link\"><span>Read More<span class=\"screen-reader-text\"> \u00ab\u00a0FIO XZOGA LEADER TAKA-SK 50MT\u00a0\u00bb<\/span><\/span><\/a><\/p>\n","protected":false},"featured_media":7526,"template":"","meta":{"inline_featured_image":false},"product_cat":[262,227,148],"product_tag":[],"marcas":[241],"class_list":["post-7525","product","type-product","status-publish","has-post-thumbnail","hentry","product_cat-acessorios-big-game","product_cat-fios-de-nylon","product_cat-pesca","marcas-xzoga"],"acf":[],"yoast_head":"<!-- This site is optimized with the Yoast SEO plugin v19.2 - https:\/\/yoast.com\/wordpress\/plugins\/seo\/ -->\n<title>FIO XZOGA LEADER TAKA-SK 50MT - Nautipescas<\/title>\n<meta name=\"robots\" content=\"index, follow, max-snippet:-1, max-image-preview:large, max-video-preview:-1\" \/>\n<link rel=\"canonical\" href=\"https:\/\/nautipescas.pt\/produto\/fio-xzoga-leader-taka-sk-50mt\/\" \/>\n<meta property=\"og:locale\" content=\"fr_FR\" \/>\n<meta property=\"og:type\" content=\"article\" \/>\n<meta property=\"og:title\" content=\"FIO XZOGA LEADER TAKA-SK 50MT - Nautipescas\" \/>\n<meta property=\"og:description\" content=\"PE 30.0 0.90 mm 100 LB 50M \u00a0Xzoga, TakaSK, \u00e9 um monofilamento projetado especificamente para amortecer a aus\u00eancia de elasticidade tran\u00e7ada. Al\u00e9m da suavidade, o l\u00edder de choque de fluoreta\u00e7\u00e3o da Xzoga, TakaSK, oferece grande resist\u00eancia \u00e0 tesquinhez e abras\u00e3o. Gra\u00e7as ao conceito de fabrica\u00e7\u00e3o SS, Xzoga nos apresenta com um baixo de linha fina, &hellip; Read More &quot;FIO XZOGA LEADER TAKA-SK 50MT&quot;\" \/>\n<meta property=\"og:url\" content=\"https:\/\/nautipescas.pt\/produto\/fio-xzoga-leader-taka-sk-50mt\/\" \/>\n<meta property=\"og:site_name\" content=\"Nautipescas\" \/>\n<meta property=\"article:modified_time\" content=\"2025-02-04T18:26:13+00:00\" \/>\n<meta property=\"og:image\" content=\"https:\/\/nautipescas.pt\/wp-content\/uploads\/2023\/11\/Untitled.jpg\" \/>\n\t<meta property=\"og:image:width\" content=\"224\" \/>\n\t<meta property=\"og:image:height\" content=\"224\" \/>\n\t<meta property=\"og:image:type\" content=\"image\/jpeg\" \/>\n<meta name=\"author\" content=\"Paulo Chaves\" \/>\n<meta name=\"twitter:card\" content=\"summary_large_image\" \/>\n<meta name=\"twitter:label1\" content=\"Dur\u00e9e de lecture estim\u00e9e\" \/>\n\t<meta name=\"twitter:data1\" content=\"1 minute\" \/>\n<script type=\"application\/ld+json\" class=\"yoast-schema-graph\">{\"@context\":\"https:\/\/schema.org\",\"@graph\":[{\"@type\":\"WebSite\",\"@id\":\"https:\/\/nautipescas.pt\/#website\",\"url\":\"https:\/\/nautipescas.pt\/\",\"name\":\"Nautipescas\",\"description\":\"\",\"potentialAction\":[{\"@type\":\"SearchAction\",\"target\":{\"@type\":\"EntryPoint\",\"urlTemplate\":\"https:\/\/nautipescas.pt\/?s={search_term_string}\"},\"query-input\":\"required name=search_term_string\"}],\"inLanguage\":\"fr-FR\"},{\"@type\":\"ImageObject\",\"inLanguage\":\"fr-FR\",\"@id\":\"https:\/\/nautipescas.pt\/produto\/fio-xzoga-leader-taka-sk-50mt\/#primaryimage\",\"url\":\"https:\/\/nautipescas.pt\/wp-content\/uploads\/2023\/11\/Untitled.jpg\",\"contentUrl\":\"https:\/\/nautipescas.pt\/wp-content\/uploads\/2023\/11\/Untitled.jpg\",\"width\":224,\"height\":224},{\"@type\":\"WebPage\",\"@id\":\"https:\/\/nautipescas.pt\/produto\/fio-xzoga-leader-taka-sk-50mt\/#webpage\",\"url\":\"https:\/\/nautipescas.pt\/produto\/fio-xzoga-leader-taka-sk-50mt\/\",\"name\":\"FIO XZOGA LEADER TAKA-SK 50MT - Nautipescas\",\"isPartOf\":{\"@id\":\"https:\/\/nautipescas.pt\/#website\"},\"primaryImageOfPage\":{\"@id\":\"https:\/\/nautipescas.pt\/produto\/fio-xzoga-leader-taka-sk-50mt\/#primaryimage\"},\"datePublished\":\"2023-11-13T13:44:17+00:00\",\"dateModified\":\"2025-02-04T18:26:13+00:00\",\"breadcrumb\":{\"@id\":\"https:\/\/nautipescas.pt\/produto\/fio-xzoga-leader-taka-sk-50mt\/#breadcrumb\"},\"inLanguage\":\"fr-FR\",\"potentialAction\":[{\"@type\":\"ReadAction\",\"target\":[\"https:\/\/nautipescas.pt\/produto\/fio-xzoga-leader-taka-sk-50mt\/\"]}]},{\"@type\":\"BreadcrumbList\",\"@id\":\"https:\/\/nautipescas.pt\/produto\/fio-xzoga-leader-taka-sk-50mt\/#breadcrumb\",\"itemListElement\":[{\"@type\":\"ListItem\",\"position\":1,\"name\":\"In\u00edcio\",\"item\":\"https:\/\/nautipescas.pt\/fr\/\"},{\"@type\":\"ListItem\",\"position\":2,\"name\":\"Boutique\",\"item\":\"https:\/\/nautipescas.pt\/fr\/boutique-magasin-de-peche-a-proximite\/\"},{\"@type\":\"ListItem\",\"position\":3,\"name\":\"FIO XZOGA LEADER TAKA-SK 50MT\"}]}]}<\/script>\n<!-- \/ Yoast SEO plugin. -->","yoast_head_json":{"title":"FIO XZOGA LEADER TAKA-SK 50MT - Nautipescas","robots":{"index":"index","follow":"follow","max-snippet":"max-snippet:-1","max-image-preview":"max-image-preview:large","max-video-preview":"max-video-preview:-1"},"canonical":"https:\/\/nautipescas.pt\/produto\/fio-xzoga-leader-taka-sk-50mt\/","og_locale":"fr_FR","og_type":"article","og_title":"FIO XZOGA LEADER TAKA-SK 50MT - Nautipescas","og_description":"PE 30.0 0.90 mm 100 LB 50M \u00a0Xzoga, TakaSK, \u00e9 um monofilamento projetado especificamente para amortecer a aus\u00eancia de elasticidade tran\u00e7ada. Al\u00e9m da suavidade, o l\u00edder de choque de fluoreta\u00e7\u00e3o da Xzoga, TakaSK, oferece grande resist\u00eancia \u00e0 tesquinhez e abras\u00e3o. Gra\u00e7as ao conceito de fabrica\u00e7\u00e3o SS, Xzoga nos apresenta com um baixo de linha fina, &hellip; Read More \"FIO XZOGA LEADER TAKA-SK 50MT\"","og_url":"https:\/\/nautipescas.pt\/produto\/fio-xzoga-leader-taka-sk-50mt\/","og_site_name":"Nautipescas","article_modified_time":"2025-02-04T18:26:13+00:00","og_image":[{"width":224,"height":224,"url":"https:\/\/nautipescas.pt\/wp-content\/uploads\/2023\/11\/Untitled.jpg","type":"image\/jpeg"}],"author":"Paulo Chaves","twitter_card":"summary_large_image","twitter_misc":{"Dur\u00e9e de lecture estim\u00e9e":"1 minute"},"schema":{"@context":"https:\/\/schema.org","@graph":[{"@type":"WebSite","@id":"https:\/\/nautipescas.pt\/#website","url":"https:\/\/nautipescas.pt\/","name":"Nautipescas","description":"","potentialAction":[{"@type":"SearchAction","target":{"@type":"EntryPoint","urlTemplate":"https:\/\/nautipescas.pt\/?s={search_term_string}"},"query-input":"required name=search_term_string"}],"inLanguage":"fr-FR"},{"@type":"ImageObject","inLanguage":"fr-FR","@id":"https:\/\/nautipescas.pt\/produto\/fio-xzoga-leader-taka-sk-50mt\/#primaryimage","url":"https:\/\/nautipescas.pt\/wp-content\/uploads\/2023\/11\/Untitled.jpg","contentUrl":"https:\/\/nautipescas.pt\/wp-content\/uploads\/2023\/11\/Untitled.jpg","width":224,"height":224},{"@type":"WebPage","@id":"https:\/\/nautipescas.pt\/produto\/fio-xzoga-leader-taka-sk-50mt\/#webpage","url":"https:\/\/nautipescas.pt\/produto\/fio-xzoga-leader-taka-sk-50mt\/","name":"FIO XZOGA LEADER TAKA-SK 50MT - Nautipescas","isPartOf":{"@id":"https:\/\/nautipescas.pt\/#website"},"primaryImageOfPage":{"@id":"https:\/\/nautipescas.pt\/produto\/fio-xzoga-leader-taka-sk-50mt\/#primaryimage"},"datePublished":"2023-11-13T13:44:17+00:00","dateModified":"2025-02-04T18:26:13+00:00","breadcrumb":{"@id":"https:\/\/nautipescas.pt\/produto\/fio-xzoga-leader-taka-sk-50mt\/#breadcrumb"},"inLanguage":"fr-FR","potentialAction":[{"@type":"ReadAction","target":["https:\/\/nautipescas.pt\/produto\/fio-xzoga-leader-taka-sk-50mt\/"]}]},{"@type":"BreadcrumbList","@id":"https:\/\/nautipescas.pt\/produto\/fio-xzoga-leader-taka-sk-50mt\/#breadcrumb","itemListElement":[{"@type":"ListItem","position":1,"name":"In\u00edcio","item":"https:\/\/nautipescas.pt\/fr\/"},{"@type":"ListItem","position":2,"name":"Boutique","item":"https:\/\/nautipescas.pt\/fr\/boutique-magasin-de-peche-a-proximite\/"},{"@type":"ListItem","position":3,"name":"FIO XZOGA LEADER TAKA-SK 50MT"}]}]}},"_links":{"self":[{"href":"https:\/\/nautipescas.pt\/fr\/wp-json\/wp\/v2\/product\/7525","targetHints":{"allow":["GET"]}}],"collection":[{"href":"https:\/\/nautipescas.pt\/fr\/wp-json\/wp\/v2\/product"}],"about":[{"href":"https:\/\/nautipescas.pt\/fr\/wp-json\/wp\/v2\/types\/product"}],"wp:featuredmedia":[{"embeddable":true,"href":"https:\/\/nautipescas.pt\/fr\/wp-json\/wp\/v2\/media\/7526"}],"wp:attachment":[{"href":"https:\/\/nautipescas.pt\/fr\/wp-json\/wp\/v2\/media?parent=7525"}],"wp:term":[{"taxonomy":"product_cat","embeddable":true,"href":"https:\/\/nautipescas.pt\/fr\/wp-json\/wp\/v2\/product_cat?post=7525"},{"taxonomy":"product_tag","embeddable":true,"href":"https:\/\/nautipescas.pt\/fr\/wp-json\/wp\/v2\/product_tag?post=7525"},{"taxonomy":"marcas","embeddable":true,"href":"https:\/\/nautipescas.pt\/fr\/wp-json\/wp\/v2\/marcas?post=7525"}],"curies":[{"name":"wp","href":"https:\/\/api.w.org\/{rel}","templated":true}]}}