{"id":7607,"date":"2024-02-21T12:29:32","date_gmt":"2024-02-21T12:29:32","guid":{"rendered":"https:\/\/nautipescas.pt\/?post_type=product&#038;p=7607"},"modified":"2026-03-31T13:28:02","modified_gmt":"2026-03-31T13:28:02","slug":"carreto-electrico-daiwa-leobritz-300-jle","status":"publish","type":"product","link":"https:\/\/nautipescas.pt\/fr\/produto\/carreto-electrico-daiwa-leobritz-300-jle\/","title":{"rendered":"CARRETO ELECTRICO DAIWA LEOBRITZ 300 JLE"},"content":{"rendered":"<p>CARRETO ELECTRICO DAIWA LEOBRITZ 300 JLE<\/p>\n<pre id=\"tw-target-text\" class=\"tw-data-text tw-text-large tw-ta\" dir=\"ltr\" data-placeholder=\"Translation\" aria-label=\"Translated text\" data-ved=\"2ahUKEwiN3NOEr86FAxUmywIHHUVnCxsQ3ewLegQIBRAU\"><span class=\"Y2IQFc\" lang=\"pt\">Este modelo possui a fun\u00e7\u00e3o de jigging program\u00e1vel, capaz de recuperar gabaritos de acordo com uma s\u00e9rie de modelos pr\u00e9-programados com escolha da velocidade de recupera\u00e7\u00e3o do pescador.\r\n\r\nO LEOBRITZ 300JLE pode ser combinado com qualquer uma das suas varas de lan\u00e7amento de iscas.\r\n\r\nMedidor de profundidade digital\r\nConstru\u00e7\u00e3o resistente \u00e0 \u00e1gua salgada\r\n8 rolamentos de esferas (incluindo 4 CRBB\u00ae)\r\nFreio Sternbremse\r\nManopla de manivela EVA redonda\r\nModelo para a m\u00e3o esquerda\r\nFeito no Jap\u00e3o\r\nCabo el\u00e9trico inclu\u00eddo na entrega\r\nCord\u00f5es tran\u00e7ados: 0,20 mm\/700 m; 0,24mm\/400m; 0,28mm\/300m\r\nCord\u00f5es monofilamentos: 0,37 mm\/280 m; 0,40mm\/200m<\/span><\/pre>\n<p>&nbsp;<\/p>\n","protected":false},"excerpt":{"rendered":"<p>CARRETO ELECTRICO DAIWA LEOBRITZ 300 JLE Este modelo possui a fun\u00e7\u00e3o de jigging program\u00e1vel, capaz de recuperar gabaritos de acordo com uma s\u00e9rie de modelos pr\u00e9-programados com escolha da velocidade de recupera\u00e7\u00e3o do pescador. O LEOBRITZ 300JLE pode ser combinado com qualquer uma das suas varas de lan\u00e7amento de iscas. Medidor de profundidade digital Constru\u00e7\u00e3o &hellip; <\/p>\n<p class=\"more-link-wrap\"><a href=\"https:\/\/nautipescas.pt\/fr\/produto\/carreto-electrico-daiwa-leobritz-300-jle\/\" class=\"more-link\"><span>Read More<span class=\"screen-reader-text\"> \u00ab\u00a0CARRETO ELECTRICO DAIWA LEOBRITZ 300 JLE\u00a0\u00bb<\/span><\/span><\/a><\/p>\n","protected":false},"featured_media":7608,"template":"","meta":{"inline_featured_image":false},"product_cat":[195,169,148],"product_tag":[],"marcas":[131],"class_list":["post-7607","product","type-product","status-publish","has-post-thumbnail","hentry","product_cat-carretos","product_cat-carretos-eletricos","product_cat-pesca","marcas-daiwa"],"acf":[],"yoast_head":"<!-- This site is optimized with the Yoast SEO plugin v19.2 - https:\/\/yoast.com\/wordpress\/plugins\/seo\/ -->\n<title>CARRETO ELECTRICO DAIWA LEOBRITZ 300 JLE - Nautipescas<\/title>\n<meta name=\"robots\" content=\"index, follow, max-snippet:-1, max-image-preview:large, max-video-preview:-1\" \/>\n<link rel=\"canonical\" href=\"https:\/\/nautipescas.pt\/produto\/carreto-electrico-daiwa-leobritz-300-jle\/\" \/>\n<meta property=\"og:locale\" content=\"fr_FR\" \/>\n<meta property=\"og:type\" content=\"article\" \/>\n<meta property=\"og:title\" content=\"CARRETO ELECTRICO DAIWA LEOBRITZ 300 JLE - Nautipescas\" \/>\n<meta property=\"og:description\" content=\"CARRETO ELECTRICO DAIWA LEOBRITZ 300 JLE Este modelo possui a fun\u00e7\u00e3o de jigging program\u00e1vel, capaz de recuperar gabaritos de acordo com uma s\u00e9rie de modelos pr\u00e9-programados com escolha da velocidade de recupera\u00e7\u00e3o do pescador. O LEOBRITZ 300JLE pode ser combinado com qualquer uma das suas varas de lan\u00e7amento de iscas. Medidor de profundidade digital Constru\u00e7\u00e3o &hellip; Read More &quot;CARRETO ELECTRICO DAIWA LEOBRITZ 300 JLE&quot;\" \/>\n<meta property=\"og:url\" content=\"https:\/\/nautipescas.pt\/produto\/carreto-electrico-daiwa-leobritz-300-jle\/\" \/>\n<meta property=\"og:site_name\" content=\"Nautipescas\" \/>\n<meta property=\"article:modified_time\" content=\"2026-03-31T13:28:02+00:00\" \/>\n<meta property=\"og:image\" content=\"https:\/\/nautipescas.pt\/wp-content\/uploads\/2024\/02\/Untitled.jpg\" \/>\n\t<meta property=\"og:image:width\" content=\"246\" \/>\n\t<meta property=\"og:image:height\" content=\"205\" \/>\n\t<meta property=\"og:image:type\" content=\"image\/jpeg\" \/>\n<meta name=\"author\" content=\"Paulo Chaves\" \/>\n<meta name=\"twitter:card\" content=\"summary_large_image\" \/>\n<meta name=\"twitter:label1\" content=\"Dur\u00e9e de lecture estim\u00e9e\" \/>\n\t<meta name=\"twitter:data1\" content=\"1 minute\" \/>\n<script type=\"application\/ld+json\" class=\"yoast-schema-graph\">{\"@context\":\"https:\/\/schema.org\",\"@graph\":[{\"@type\":\"WebSite\",\"@id\":\"https:\/\/nautipescas.pt\/#website\",\"url\":\"https:\/\/nautipescas.pt\/\",\"name\":\"Nautipescas\",\"description\":\"\",\"potentialAction\":[{\"@type\":\"SearchAction\",\"target\":{\"@type\":\"EntryPoint\",\"urlTemplate\":\"https:\/\/nautipescas.pt\/?s={search_term_string}\"},\"query-input\":\"required name=search_term_string\"}],\"inLanguage\":\"fr-FR\"},{\"@type\":\"ImageObject\",\"inLanguage\":\"fr-FR\",\"@id\":\"https:\/\/nautipescas.pt\/produto\/carreto-electrico-daiwa-leobritz-300-jle\/#primaryimage\",\"url\":\"https:\/\/nautipescas.pt\/wp-content\/uploads\/2024\/02\/Untitled.jpg\",\"contentUrl\":\"https:\/\/nautipescas.pt\/wp-content\/uploads\/2024\/02\/Untitled.jpg\",\"width\":246,\"height\":205},{\"@type\":\"WebPage\",\"@id\":\"https:\/\/nautipescas.pt\/produto\/carreto-electrico-daiwa-leobritz-300-jle\/#webpage\",\"url\":\"https:\/\/nautipescas.pt\/produto\/carreto-electrico-daiwa-leobritz-300-jle\/\",\"name\":\"CARRETO ELECTRICO DAIWA LEOBRITZ 300 JLE - Nautipescas\",\"isPartOf\":{\"@id\":\"https:\/\/nautipescas.pt\/#website\"},\"primaryImageOfPage\":{\"@id\":\"https:\/\/nautipescas.pt\/produto\/carreto-electrico-daiwa-leobritz-300-jle\/#primaryimage\"},\"datePublished\":\"2024-02-21T12:29:32+00:00\",\"dateModified\":\"2026-03-31T13:28:02+00:00\",\"breadcrumb\":{\"@id\":\"https:\/\/nautipescas.pt\/produto\/carreto-electrico-daiwa-leobritz-300-jle\/#breadcrumb\"},\"inLanguage\":\"fr-FR\",\"potentialAction\":[{\"@type\":\"ReadAction\",\"target\":[\"https:\/\/nautipescas.pt\/produto\/carreto-electrico-daiwa-leobritz-300-jle\/\"]}]},{\"@type\":\"BreadcrumbList\",\"@id\":\"https:\/\/nautipescas.pt\/produto\/carreto-electrico-daiwa-leobritz-300-jle\/#breadcrumb\",\"itemListElement\":[{\"@type\":\"ListItem\",\"position\":1,\"name\":\"In\u00edcio\",\"item\":\"https:\/\/nautipescas.pt\/fr\/\"},{\"@type\":\"ListItem\",\"position\":2,\"name\":\"Boutique\",\"item\":\"https:\/\/nautipescas.pt\/fr\/boutique-magasin-de-peche-a-proximite\/\"},{\"@type\":\"ListItem\",\"position\":3,\"name\":\"CARRETO ELECTRICO DAIWA LEOBRITZ 300 JLE\"}]}]}<\/script>\n<!-- \/ Yoast SEO plugin. -->","yoast_head_json":{"title":"CARRETO ELECTRICO DAIWA LEOBRITZ 300 JLE - Nautipescas","robots":{"index":"index","follow":"follow","max-snippet":"max-snippet:-1","max-image-preview":"max-image-preview:large","max-video-preview":"max-video-preview:-1"},"canonical":"https:\/\/nautipescas.pt\/produto\/carreto-electrico-daiwa-leobritz-300-jle\/","og_locale":"fr_FR","og_type":"article","og_title":"CARRETO ELECTRICO DAIWA LEOBRITZ 300 JLE - Nautipescas","og_description":"CARRETO ELECTRICO DAIWA LEOBRITZ 300 JLE Este modelo possui a fun\u00e7\u00e3o de jigging program\u00e1vel, capaz de recuperar gabaritos de acordo com uma s\u00e9rie de modelos pr\u00e9-programados com escolha da velocidade de recupera\u00e7\u00e3o do pescador. O LEOBRITZ 300JLE pode ser combinado com qualquer uma das suas varas de lan\u00e7amento de iscas. Medidor de profundidade digital Constru\u00e7\u00e3o &hellip; Read More \"CARRETO ELECTRICO DAIWA LEOBRITZ 300 JLE\"","og_url":"https:\/\/nautipescas.pt\/produto\/carreto-electrico-daiwa-leobritz-300-jle\/","og_site_name":"Nautipescas","article_modified_time":"2026-03-31T13:28:02+00:00","og_image":[{"width":246,"height":205,"url":"https:\/\/nautipescas.pt\/wp-content\/uploads\/2024\/02\/Untitled.jpg","type":"image\/jpeg"}],"author":"Paulo Chaves","twitter_card":"summary_large_image","twitter_misc":{"Dur\u00e9e de lecture estim\u00e9e":"1 minute"},"schema":{"@context":"https:\/\/schema.org","@graph":[{"@type":"WebSite","@id":"https:\/\/nautipescas.pt\/#website","url":"https:\/\/nautipescas.pt\/","name":"Nautipescas","description":"","potentialAction":[{"@type":"SearchAction","target":{"@type":"EntryPoint","urlTemplate":"https:\/\/nautipescas.pt\/?s={search_term_string}"},"query-input":"required name=search_term_string"}],"inLanguage":"fr-FR"},{"@type":"ImageObject","inLanguage":"fr-FR","@id":"https:\/\/nautipescas.pt\/produto\/carreto-electrico-daiwa-leobritz-300-jle\/#primaryimage","url":"https:\/\/nautipescas.pt\/wp-content\/uploads\/2024\/02\/Untitled.jpg","contentUrl":"https:\/\/nautipescas.pt\/wp-content\/uploads\/2024\/02\/Untitled.jpg","width":246,"height":205},{"@type":"WebPage","@id":"https:\/\/nautipescas.pt\/produto\/carreto-electrico-daiwa-leobritz-300-jle\/#webpage","url":"https:\/\/nautipescas.pt\/produto\/carreto-electrico-daiwa-leobritz-300-jle\/","name":"CARRETO ELECTRICO DAIWA LEOBRITZ 300 JLE - Nautipescas","isPartOf":{"@id":"https:\/\/nautipescas.pt\/#website"},"primaryImageOfPage":{"@id":"https:\/\/nautipescas.pt\/produto\/carreto-electrico-daiwa-leobritz-300-jle\/#primaryimage"},"datePublished":"2024-02-21T12:29:32+00:00","dateModified":"2026-03-31T13:28:02+00:00","breadcrumb":{"@id":"https:\/\/nautipescas.pt\/produto\/carreto-electrico-daiwa-leobritz-300-jle\/#breadcrumb"},"inLanguage":"fr-FR","potentialAction":[{"@type":"ReadAction","target":["https:\/\/nautipescas.pt\/produto\/carreto-electrico-daiwa-leobritz-300-jle\/"]}]},{"@type":"BreadcrumbList","@id":"https:\/\/nautipescas.pt\/produto\/carreto-electrico-daiwa-leobritz-300-jle\/#breadcrumb","itemListElement":[{"@type":"ListItem","position":1,"name":"In\u00edcio","item":"https:\/\/nautipescas.pt\/fr\/"},{"@type":"ListItem","position":2,"name":"Boutique","item":"https:\/\/nautipescas.pt\/fr\/boutique-magasin-de-peche-a-proximite\/"},{"@type":"ListItem","position":3,"name":"CARRETO ELECTRICO DAIWA LEOBRITZ 300 JLE"}]}]}},"_links":{"self":[{"href":"https:\/\/nautipescas.pt\/fr\/wp-json\/wp\/v2\/product\/7607","targetHints":{"allow":["GET"]}}],"collection":[{"href":"https:\/\/nautipescas.pt\/fr\/wp-json\/wp\/v2\/product"}],"about":[{"href":"https:\/\/nautipescas.pt\/fr\/wp-json\/wp\/v2\/types\/product"}],"wp:featuredmedia":[{"embeddable":true,"href":"https:\/\/nautipescas.pt\/fr\/wp-json\/wp\/v2\/media\/7608"}],"wp:attachment":[{"href":"https:\/\/nautipescas.pt\/fr\/wp-json\/wp\/v2\/media?parent=7607"}],"wp:term":[{"taxonomy":"product_cat","embeddable":true,"href":"https:\/\/nautipescas.pt\/fr\/wp-json\/wp\/v2\/product_cat?post=7607"},{"taxonomy":"product_tag","embeddable":true,"href":"https:\/\/nautipescas.pt\/fr\/wp-json\/wp\/v2\/product_tag?post=7607"},{"taxonomy":"marcas","embeddable":true,"href":"https:\/\/nautipescas.pt\/fr\/wp-json\/wp\/v2\/marcas?post=7607"}],"curies":[{"name":"wp","href":"https:\/\/api.w.org\/{rel}","templated":true}]}}