{"id":7873,"date":"2025-02-03T15:34:42","date_gmt":"2025-02-03T15:34:42","guid":{"rendered":"https:\/\/nautipescas.pt\/?post_type=product&#038;p=7873"},"modified":"2025-02-03T15:39:19","modified_gmt":"2025-02-03T15:39:19","slug":"carreto-shimano-saragosa-sw-a-8000-hg","status":"publish","type":"product","link":"https:\/\/nautipescas.pt\/fr\/produto\/carreto-shimano-saragosa-sw-a-8000-hg\/","title":{"rendered":"CARRETO SHIMANO SARAGOSA SW A 8000 HG"},"content":{"rendered":"<div class=\"tab-content col-sm-9 col-md-9 col-lg-9\">\n<div id=\"product-description-tab-content\" class=\"product-description-tab-content tab-pane active\">\n<div class=\"rte\">\n<p><strong>O Saragosa SWA construiu uma reputa\u00e7\u00e3o incr\u00edvel e o modelo 2020 rec\u00e9m-lan\u00e7ado leva para o pr\u00f3ximo n\u00edvel. Repleto de atualiza\u00e7\u00f5es para oferecer grande poder de acionamento e durabilidade incompar\u00e1vel, nenhum outro carreto se compara a este n\u00edvel de pre\u00e7o. A s\u00e9rie Saragosa SWA incorpora tecnologias Shimano de n\u00edvel superior, como X-Protect, X-Ship, Hagane Body e engrenagem Hagane no corpo do carreto. o corpo compacto rec\u00e9m-projetado foi projetado para melhorar o manuseio e o equil\u00edbrio das bobinas. Com base no Stella SWC, o Infinity Drive est\u00e1 inclu\u00eddo e fornece suporte aprimorado da engrenagem do pinh\u00e3o, o que se traduz em maior e mais suave pot\u00eancia de acionamento. O sistema de resist\u00eancia \u00e0 \u00e1gua X-Protect melhora a durabilidade do rolo da linha para um padr\u00e3o IPX8. Constru\u00eddo para peixes grandes em condi\u00e7\u00f5es extremas, o Saragosa SWA continuar\u00e1 a expandir os limite<\/strong><\/p>\n<\/div>\n<p>Cap. de linha: 0.37mm &#8211; 275mt<\/p>\n<p>Ratio: 5.6:1<\/p>\n<p>Peso: 675g<\/p>\n<p>Rolamentos: 5+1<\/p>\n<p>Drag: 12kg<\/p>\n<div class=\"rte\">\n<div class=\"container module-product_specifications_list\">\n<div class=\"container module-product_specifications_list\">\n<div class=\"row module-product_specifications_list_item\">\n<div class=\"col-xs-12 col-sm-3 col-lg-3\">\n<div class=\"module-product_specifications_list_item_title\">\n<div class=\"container module-product_specifications_list\">\n<div class=\"row module-product_specifications_list_item\">\n<div class=\"col-xs-12 col-sm-3 col-lg-3\">\n<div class=\"module-product_specifications_list_item_title\"><\/div>\n<\/div>\n<div><\/div>\n<\/div>\n<\/div>\n<\/div>\n<\/div>\n<\/div>\n<\/div>\n<\/div>\n<\/div>\n<\/div>\n<\/div>\n","protected":false},"excerpt":{"rendered":"<p>O Saragosa SWA construiu uma reputa\u00e7\u00e3o incr\u00edvel e o modelo 2020 rec\u00e9m-lan\u00e7ado leva para o pr\u00f3ximo n\u00edvel. Repleto de atualiza\u00e7\u00f5es para oferecer grande poder de acionamento e durabilidade incompar\u00e1vel, nenhum outro carreto se compara a este n\u00edvel de pre\u00e7o. A s\u00e9rie Saragosa SWA incorpora tecnologias Shimano de n\u00edvel superior, como X-Protect, X-Ship, Hagane Body e &hellip; <\/p>\n<p class=\"more-link-wrap\"><a href=\"https:\/\/nautipescas.pt\/fr\/produto\/carreto-shimano-saragosa-sw-a-8000-hg\/\" class=\"more-link\"><span>Read More<span class=\"screen-reader-text\"> \u00ab\u00a0CARRETO SHIMANO SARAGOSA SW A 8000 HG\u00a0\u00bb<\/span><\/span><\/a><\/p>\n","protected":false},"featured_media":7874,"template":"","meta":{"inline_featured_image":false},"product_cat":[195,168,148],"product_tag":[],"marcas":[132],"class_list":["post-7873","product","type-product","status-publish","has-post-thumbnail","hentry","product_cat-carretos","product_cat-carretos-spinning","product_cat-pesca","marcas-shimano"],"acf":[],"yoast_head":"<!-- This site is optimized with the Yoast SEO plugin v19.2 - https:\/\/yoast.com\/wordpress\/plugins\/seo\/ -->\n<title>CARRETO SHIMANO SARAGOSA SW A 8000 HG - Nautipescas<\/title>\n<meta name=\"description\" content=\"LINE LAY: AEROWRAP IIBODY MATERIAL: HYBRID (X-SHIELD)BEARINGS: 5+1FAMILY TYPE: HEAVY DUTY SPINNINGEXTRA SPOOL: NOMODELS: 8000SWAHGSPOOL MATERIAL: COLD FORGED ALU (DOUBLE ANODIZED)WATERPROOF DRAG: YESHANDLE: SCREW IN MACHINED ALU SINGLE HANDLE+RUBBER EGG\" \/>\n<meta name=\"robots\" content=\"index, follow, max-snippet:-1, max-image-preview:large, max-video-preview:-1\" \/>\n<link rel=\"canonical\" href=\"https:\/\/nautipescas.pt\/produto\/carreto-shimano-saragosa-sw-a-8000-hg\/\" \/>\n<meta property=\"og:locale\" content=\"fr_FR\" \/>\n<meta property=\"og:type\" content=\"article\" \/>\n<meta property=\"og:title\" content=\"CARRETO SHIMANO SARAGOSA SW A 8000 HG - Nautipescas\" \/>\n<meta property=\"og:description\" content=\"LINE LAY: AEROWRAP IIBODY MATERIAL: HYBRID (X-SHIELD)BEARINGS: 5+1FAMILY TYPE: HEAVY DUTY SPINNINGEXTRA SPOOL: NOMODELS: 8000SWAHGSPOOL MATERIAL: COLD FORGED ALU (DOUBLE ANODIZED)WATERPROOF DRAG: YESHANDLE: SCREW IN MACHINED ALU SINGLE HANDLE+RUBBER EGG\" \/>\n<meta property=\"og:url\" content=\"https:\/\/nautipescas.pt\/produto\/carreto-shimano-saragosa-sw-a-8000-hg\/\" \/>\n<meta property=\"og:site_name\" content=\"Nautipescas\" \/>\n<meta property=\"article:modified_time\" content=\"2025-02-03T15:39:19+00:00\" \/>\n<meta property=\"og:image\" content=\"https:\/\/nautipescas.pt\/wp-content\/uploads\/2025\/02\/carreto-shimano-saragosa-8000-sw-a-hg.png\" \/>\n\t<meta property=\"og:image:width\" content=\"712\" \/>\n\t<meta property=\"og:image:height\" content=\"713\" \/>\n\t<meta property=\"og:image:type\" content=\"image\/png\" \/>\n<meta name=\"author\" content=\"Paulo Chaves\" \/>\n<meta name=\"twitter:card\" content=\"summary_large_image\" \/>\n<meta name=\"twitter:label1\" content=\"Dur\u00e9e de lecture estim\u00e9e\" \/>\n\t<meta name=\"twitter:data1\" content=\"1 minute\" \/>\n<script type=\"application\/ld+json\" class=\"yoast-schema-graph\">{\"@context\":\"https:\/\/schema.org\",\"@graph\":[{\"@type\":\"WebSite\",\"@id\":\"https:\/\/nautipescas.pt\/#website\",\"url\":\"https:\/\/nautipescas.pt\/\",\"name\":\"Nautipescas\",\"description\":\"\",\"potentialAction\":[{\"@type\":\"SearchAction\",\"target\":{\"@type\":\"EntryPoint\",\"urlTemplate\":\"https:\/\/nautipescas.pt\/?s={search_term_string}\"},\"query-input\":\"required name=search_term_string\"}],\"inLanguage\":\"fr-FR\"},{\"@type\":\"ImageObject\",\"inLanguage\":\"fr-FR\",\"@id\":\"https:\/\/nautipescas.pt\/produto\/carreto-shimano-saragosa-sw-a-8000-hg\/#primaryimage\",\"url\":\"https:\/\/nautipescas.pt\/wp-content\/uploads\/2025\/02\/carreto-shimano-saragosa-8000-sw-a-hg.png\",\"contentUrl\":\"https:\/\/nautipescas.pt\/wp-content\/uploads\/2025\/02\/carreto-shimano-saragosa-8000-sw-a-hg.png\",\"width\":712,\"height\":713},{\"@type\":\"WebPage\",\"@id\":\"https:\/\/nautipescas.pt\/produto\/carreto-shimano-saragosa-sw-a-8000-hg\/#webpage\",\"url\":\"https:\/\/nautipescas.pt\/produto\/carreto-shimano-saragosa-sw-a-8000-hg\/\",\"name\":\"CARRETO SHIMANO SARAGOSA SW A 8000 HG - Nautipescas\",\"isPartOf\":{\"@id\":\"https:\/\/nautipescas.pt\/#website\"},\"primaryImageOfPage\":{\"@id\":\"https:\/\/nautipescas.pt\/produto\/carreto-shimano-saragosa-sw-a-8000-hg\/#primaryimage\"},\"datePublished\":\"2025-02-03T15:34:42+00:00\",\"dateModified\":\"2025-02-03T15:39:19+00:00\",\"description\":\"LINE LAY: AEROWRAP IIBODY MATERIAL: HYBRID (X-SHIELD)BEARINGS: 5+1FAMILY TYPE: HEAVY DUTY SPINNINGEXTRA SPOOL: NOMODELS: 8000SWAHGSPOOL MATERIAL: COLD FORGED ALU (DOUBLE ANODIZED)WATERPROOF DRAG: YESHANDLE: SCREW IN MACHINED ALU SINGLE HANDLE+RUBBER EGG\",\"breadcrumb\":{\"@id\":\"https:\/\/nautipescas.pt\/produto\/carreto-shimano-saragosa-sw-a-8000-hg\/#breadcrumb\"},\"inLanguage\":\"fr-FR\",\"potentialAction\":[{\"@type\":\"ReadAction\",\"target\":[\"https:\/\/nautipescas.pt\/produto\/carreto-shimano-saragosa-sw-a-8000-hg\/\"]}]},{\"@type\":\"BreadcrumbList\",\"@id\":\"https:\/\/nautipescas.pt\/produto\/carreto-shimano-saragosa-sw-a-8000-hg\/#breadcrumb\",\"itemListElement\":[{\"@type\":\"ListItem\",\"position\":1,\"name\":\"In\u00edcio\",\"item\":\"https:\/\/nautipescas.pt\/fr\/\"},{\"@type\":\"ListItem\",\"position\":2,\"name\":\"Boutique\",\"item\":\"https:\/\/nautipescas.pt\/fr\/boutique-magasin-de-peche-a-proximite\/\"},{\"@type\":\"ListItem\",\"position\":3,\"name\":\"CARRETO SHIMANO SARAGOSA SW A 8000 HG\"}]}]}<\/script>\n<!-- \/ Yoast SEO plugin. -->","yoast_head_json":{"title":"CARRETO SHIMANO SARAGOSA SW A 8000 HG - Nautipescas","description":"LINE LAY: AEROWRAP IIBODY MATERIAL: HYBRID (X-SHIELD)BEARINGS: 5+1FAMILY TYPE: HEAVY DUTY SPINNINGEXTRA SPOOL: NOMODELS: 8000SWAHGSPOOL MATERIAL: COLD FORGED ALU (DOUBLE ANODIZED)WATERPROOF DRAG: YESHANDLE: SCREW IN MACHINED ALU SINGLE HANDLE+RUBBER EGG","robots":{"index":"index","follow":"follow","max-snippet":"max-snippet:-1","max-image-preview":"max-image-preview:large","max-video-preview":"max-video-preview:-1"},"canonical":"https:\/\/nautipescas.pt\/produto\/carreto-shimano-saragosa-sw-a-8000-hg\/","og_locale":"fr_FR","og_type":"article","og_title":"CARRETO SHIMANO SARAGOSA SW A 8000 HG - Nautipescas","og_description":"LINE LAY: AEROWRAP IIBODY MATERIAL: HYBRID (X-SHIELD)BEARINGS: 5+1FAMILY TYPE: HEAVY DUTY SPINNINGEXTRA SPOOL: NOMODELS: 8000SWAHGSPOOL MATERIAL: COLD FORGED ALU (DOUBLE ANODIZED)WATERPROOF DRAG: YESHANDLE: SCREW IN MACHINED ALU SINGLE HANDLE+RUBBER EGG","og_url":"https:\/\/nautipescas.pt\/produto\/carreto-shimano-saragosa-sw-a-8000-hg\/","og_site_name":"Nautipescas","article_modified_time":"2025-02-03T15:39:19+00:00","og_image":[{"width":712,"height":713,"url":"https:\/\/nautipescas.pt\/wp-content\/uploads\/2025\/02\/carreto-shimano-saragosa-8000-sw-a-hg.png","type":"image\/png"}],"author":"Paulo Chaves","twitter_card":"summary_large_image","twitter_misc":{"Dur\u00e9e de lecture estim\u00e9e":"1 minute"},"schema":{"@context":"https:\/\/schema.org","@graph":[{"@type":"WebSite","@id":"https:\/\/nautipescas.pt\/#website","url":"https:\/\/nautipescas.pt\/","name":"Nautipescas","description":"","potentialAction":[{"@type":"SearchAction","target":{"@type":"EntryPoint","urlTemplate":"https:\/\/nautipescas.pt\/?s={search_term_string}"},"query-input":"required name=search_term_string"}],"inLanguage":"fr-FR"},{"@type":"ImageObject","inLanguage":"fr-FR","@id":"https:\/\/nautipescas.pt\/produto\/carreto-shimano-saragosa-sw-a-8000-hg\/#primaryimage","url":"https:\/\/nautipescas.pt\/wp-content\/uploads\/2025\/02\/carreto-shimano-saragosa-8000-sw-a-hg.png","contentUrl":"https:\/\/nautipescas.pt\/wp-content\/uploads\/2025\/02\/carreto-shimano-saragosa-8000-sw-a-hg.png","width":712,"height":713},{"@type":"WebPage","@id":"https:\/\/nautipescas.pt\/produto\/carreto-shimano-saragosa-sw-a-8000-hg\/#webpage","url":"https:\/\/nautipescas.pt\/produto\/carreto-shimano-saragosa-sw-a-8000-hg\/","name":"CARRETO SHIMANO SARAGOSA SW A 8000 HG - Nautipescas","isPartOf":{"@id":"https:\/\/nautipescas.pt\/#website"},"primaryImageOfPage":{"@id":"https:\/\/nautipescas.pt\/produto\/carreto-shimano-saragosa-sw-a-8000-hg\/#primaryimage"},"datePublished":"2025-02-03T15:34:42+00:00","dateModified":"2025-02-03T15:39:19+00:00","description":"LINE LAY: AEROWRAP IIBODY MATERIAL: HYBRID (X-SHIELD)BEARINGS: 5+1FAMILY TYPE: HEAVY DUTY SPINNINGEXTRA SPOOL: NOMODELS: 8000SWAHGSPOOL MATERIAL: COLD FORGED ALU (DOUBLE ANODIZED)WATERPROOF DRAG: YESHANDLE: SCREW IN MACHINED ALU SINGLE HANDLE+RUBBER EGG","breadcrumb":{"@id":"https:\/\/nautipescas.pt\/produto\/carreto-shimano-saragosa-sw-a-8000-hg\/#breadcrumb"},"inLanguage":"fr-FR","potentialAction":[{"@type":"ReadAction","target":["https:\/\/nautipescas.pt\/produto\/carreto-shimano-saragosa-sw-a-8000-hg\/"]}]},{"@type":"BreadcrumbList","@id":"https:\/\/nautipescas.pt\/produto\/carreto-shimano-saragosa-sw-a-8000-hg\/#breadcrumb","itemListElement":[{"@type":"ListItem","position":1,"name":"In\u00edcio","item":"https:\/\/nautipescas.pt\/fr\/"},{"@type":"ListItem","position":2,"name":"Boutique","item":"https:\/\/nautipescas.pt\/fr\/boutique-magasin-de-peche-a-proximite\/"},{"@type":"ListItem","position":3,"name":"CARRETO SHIMANO SARAGOSA SW A 8000 HG"}]}]}},"_links":{"self":[{"href":"https:\/\/nautipescas.pt\/fr\/wp-json\/wp\/v2\/product\/7873","targetHints":{"allow":["GET"]}}],"collection":[{"href":"https:\/\/nautipescas.pt\/fr\/wp-json\/wp\/v2\/product"}],"about":[{"href":"https:\/\/nautipescas.pt\/fr\/wp-json\/wp\/v2\/types\/product"}],"wp:featuredmedia":[{"embeddable":true,"href":"https:\/\/nautipescas.pt\/fr\/wp-json\/wp\/v2\/media\/7874"}],"wp:attachment":[{"href":"https:\/\/nautipescas.pt\/fr\/wp-json\/wp\/v2\/media?parent=7873"}],"wp:term":[{"taxonomy":"product_cat","embeddable":true,"href":"https:\/\/nautipescas.pt\/fr\/wp-json\/wp\/v2\/product_cat?post=7873"},{"taxonomy":"product_tag","embeddable":true,"href":"https:\/\/nautipescas.pt\/fr\/wp-json\/wp\/v2\/product_tag?post=7873"},{"taxonomy":"marcas","embeddable":true,"href":"https:\/\/nautipescas.pt\/fr\/wp-json\/wp\/v2\/marcas?post=7873"}],"curies":[{"name":"wp","href":"https:\/\/api.w.org\/{rel}","templated":true}]}}