{"id":7891,"date":"2025-02-03T15:52:23","date_gmt":"2025-02-03T15:52:23","guid":{"rendered":"https:\/\/nautipescas.pt\/?post_type=product&#038;p=7891"},"modified":"2026-04-21T13:31:33","modified_gmt":"2026-04-21T13:31:33","slug":"carreto-daiwa-saltiga","status":"publish","type":"product","link":"https:\/\/nautipescas.pt\/fr\/produto\/carreto-daiwa-saltiga\/","title":{"rendered":"CARRETO DAIWA SALTIGA 23 6000H"},"content":{"rendered":"<p>Uma nova gera\u00e7\u00e3o de carretos Saltiga est\u00e1 agora dispon\u00edvel em tamanho pequeno!<\/p>\n<p>Sem d\u00favida o lan\u00e7amento mais esperado na hist\u00f3ria recente da Daiwa, o 23 Saltiga representa o auge dos avan\u00e7os tecnol\u00f3gicos da Daiwa. A fim de responder \u00e0s necessidades de todos os pescadores, os novos tamanhos 4000\/5000 e 6000 s\u00e3o agora propostos. Este carreto especi\u0301fico para as pescas no mar e\u0301 o primeiro a beneficiar da tecnologia AIRDRIVE DESIGN em torno das pec\u0327as chave que sa\u0303o o rotor, a asa-de-cesto, a bobina e o eixo para uma reduc\u0327a\u0303o do peso, um aumento da resiste\u0302ncia, da robustez e da fiabilidade. Uma durac\u0327a\u0303o de vida melhorada, uma leveza desconcertante, uma rotac\u0327a\u0303o e fluidez incri\u0301veis: o Saltiga 23 promete robustez e serenidade. Perfeito para as pescas poderosas do robalo ou do l\u00facio no B\u00e1ltico, a sua leveza torna-o no carreto ideal para as suas sa\u00eddas de pesca costeira ou para as suas viagens ao estrangeiro. Estas novas caracter\u00edsticas do conceito AIRDRIVE DESIGN baseiam-se obviamente na estrutura monocoque MQ, uma pe\u00e7a \u00fanica sim\u00e9trica maquinada dando ao carreto durabilidade acrescida.<br \/>\n.<br \/>\nAIRDRIVE BAIL<br \/>\nTecnologia avan\u00e7ada no \u00e2ngulo do bra\u00e7o do pick-up na entrada da linha no rolete e no aligeiramento da asa-de-cesto, tornada poss\u00edvel pela redu\u00e7\u00e3o do di\u00e2metro da sec\u00e7\u00e3o de &#8211; 33% relativamente aos antigos modelos.<\/p>\n<p>AIRDRIVE SPOOL<br \/>\nNova importante tecnologia da Aidrive Design, uma melhoria da bobina num \u00fanico bloco, design simplificado incluindo uma parte inferior alargada impedindo que a linha se introduza no eixo, um l\u00e1bio que favorece a sa\u00edda da linha limitando o atrito e um ru\u00eddo da catraca redesenhado para aumentar a sonoridade<br \/>\nAIRDRIVE SHAFT<br \/>\nMelhoria do suporte do eixo e do seu funcionamento. A rota\u00e7\u00e3o vertical da manivela \u00e9 convertida pelo pinh\u00e3o em rota\u00e7\u00e3o horizontal para colocar em movimento o eixo num sentido linear frente\/tr\u00e1s. O movimento cl\u00e1ssico desta rota\u00e7\u00e3o linear \u00e9 sem contato direto gra\u00e7as ao eixo que atravessa o pinh\u00e3o. Este \u00faltimo \u00e9 equipado com colares e rolamentos para promover a transmiss\u00e3o do movimento ao rotor pela manivela e aumentar a sensa\u00e7\u00e3o de fluidez e de sil\u00eancio.<\/p>\n<p>Drag com tecnologia ATD<br \/>\nRolamentos : 12 sendo 7 CRBB<br \/>\nCorpo Monocoque em alum\u00ednio e \u00ab\u00a0Air Rotor\u00a0\u00bb em ZAION<br \/>\nTough Digigear<br \/>\nAir Drive Design<\/p>\n<p>Especifica\u00e7\u00f5es T\u00e9cnicas:<br \/>\nSaltiga 23 SW 6000 H<br \/>\nRVP: 101cm<br \/>\nRatio: 5.7:1<br \/>\nPeso: 400g<br \/>\nDrag: 15kg<br \/>\nCapacidade: 0.24mm-300m<br \/>\nRolamentos: 12<\/p>\n","protected":false},"excerpt":{"rendered":"<p>Uma nova gera\u00e7\u00e3o de carretos Saltiga est\u00e1 agora dispon\u00edvel em tamanho pequeno! Sem d\u00favida o lan\u00e7amento mais esperado na hist\u00f3ria recente da Daiwa, o 23 Saltiga representa o auge dos avan\u00e7os tecnol\u00f3gicos da Daiwa. A fim de responder \u00e0s necessidades de todos os pescadores, os novos tamanhos 4000\/5000 e 6000 s\u00e3o agora propostos. Este carreto &hellip; <\/p>\n<p class=\"more-link-wrap\"><a href=\"https:\/\/nautipescas.pt\/fr\/produto\/carreto-daiwa-saltiga\/\" class=\"more-link\"><span>Read More<span class=\"screen-reader-text\"> \u00ab\u00a0CARRETO DAIWA SALTIGA 23 6000H\u00a0\u00bb<\/span><\/span><\/a><\/p>\n","protected":false},"featured_media":7892,"template":"","meta":{"inline_featured_image":false},"product_cat":[168,148],"product_tag":[],"marcas":[131],"class_list":["post-7891","product","type-product","status-publish","has-post-thumbnail","hentry","product_cat-carretos-spinning","product_cat-pesca","marcas-daiwa"],"acf":[],"yoast_head":"<!-- This site is optimized with the Yoast SEO plugin v19.2 - https:\/\/yoast.com\/wordpress\/plugins\/seo\/ -->\n<title>CARRETO DAIWA SALTIGA 23 6000H - Nautipescas<\/title>\n<meta name=\"description\" content=\"Drag com tecnologia ATDRolamentos : 12 sendo 7 CRBBCorpo Monocoque em alum\u00ednio e &quot;Air Rotor&quot; em ZAIONTough DigigearAir Drive DesignEspecifica\u00e7\u00f5es T\u00e9cnicas:Saltiga 23 SW 6000 HRVP: 101cmRatio: 5.7:1Peso: 400gDrag: 15kgCapacidade: 0.24mm-300mRolamentos: 12\" \/>\n<meta name=\"robots\" content=\"index, follow, max-snippet:-1, max-image-preview:large, max-video-preview:-1\" \/>\n<link rel=\"canonical\" href=\"https:\/\/nautipescas.pt\/produto\/carreto-daiwa-saltiga\/\" \/>\n<meta property=\"og:locale\" content=\"fr_FR\" \/>\n<meta property=\"og:type\" content=\"article\" \/>\n<meta property=\"og:title\" content=\"CARRETO DAIWA SALTIGA 23 6000H - Nautipescas\" \/>\n<meta property=\"og:description\" content=\"Drag com tecnologia ATDRolamentos : 12 sendo 7 CRBBCorpo Monocoque em alum\u00ednio e &quot;Air Rotor&quot; em ZAIONTough DigigearAir Drive DesignEspecifica\u00e7\u00f5es T\u00e9cnicas:Saltiga 23 SW 6000 HRVP: 101cmRatio: 5.7:1Peso: 400gDrag: 15kgCapacidade: 0.24mm-300mRolamentos: 12\" \/>\n<meta property=\"og:url\" content=\"https:\/\/nautipescas.pt\/produto\/carreto-daiwa-saltiga\/\" \/>\n<meta property=\"og:site_name\" content=\"Nautipescas\" \/>\n<meta property=\"article:modified_time\" content=\"2026-04-21T13:31:33+00:00\" \/>\n<meta property=\"og:image\" content=\"https:\/\/nautipescas.pt\/wp-content\/uploads\/2025\/02\/carreto-daiwa-saltiga-23-6000-xh.jpg\" \/>\n\t<meta property=\"og:image:width\" content=\"1000\" \/>\n\t<meta property=\"og:image:height\" content=\"1000\" \/>\n\t<meta property=\"og:image:type\" content=\"image\/jpeg\" \/>\n<meta name=\"author\" content=\"Paulo Chaves\" \/>\n<meta name=\"twitter:card\" content=\"summary_large_image\" \/>\n<meta name=\"twitter:label1\" content=\"Dur\u00e9e de lecture estim\u00e9e\" \/>\n\t<meta name=\"twitter:data1\" content=\"2 minutes\" \/>\n<script type=\"application\/ld+json\" class=\"yoast-schema-graph\">{\"@context\":\"https:\/\/schema.org\",\"@graph\":[{\"@type\":\"WebSite\",\"@id\":\"https:\/\/nautipescas.pt\/#website\",\"url\":\"https:\/\/nautipescas.pt\/\",\"name\":\"Nautipescas\",\"description\":\"\",\"potentialAction\":[{\"@type\":\"SearchAction\",\"target\":{\"@type\":\"EntryPoint\",\"urlTemplate\":\"https:\/\/nautipescas.pt\/?s={search_term_string}\"},\"query-input\":\"required name=search_term_string\"}],\"inLanguage\":\"fr-FR\"},{\"@type\":\"ImageObject\",\"inLanguage\":\"fr-FR\",\"@id\":\"https:\/\/nautipescas.pt\/produto\/carreto-daiwa-saltiga\/#primaryimage\",\"url\":\"https:\/\/nautipescas.pt\/wp-content\/uploads\/2025\/02\/carreto-daiwa-saltiga-23-6000-xh.jpg\",\"contentUrl\":\"https:\/\/nautipescas.pt\/wp-content\/uploads\/2025\/02\/carreto-daiwa-saltiga-23-6000-xh.jpg\",\"width\":1000,\"height\":1000},{\"@type\":\"WebPage\",\"@id\":\"https:\/\/nautipescas.pt\/produto\/carreto-daiwa-saltiga\/#webpage\",\"url\":\"https:\/\/nautipescas.pt\/produto\/carreto-daiwa-saltiga\/\",\"name\":\"CARRETO DAIWA SALTIGA 23 6000H - Nautipescas\",\"isPartOf\":{\"@id\":\"https:\/\/nautipescas.pt\/#website\"},\"primaryImageOfPage\":{\"@id\":\"https:\/\/nautipescas.pt\/produto\/carreto-daiwa-saltiga\/#primaryimage\"},\"datePublished\":\"2025-02-03T15:52:23+00:00\",\"dateModified\":\"2026-04-21T13:31:33+00:00\",\"description\":\"Drag com tecnologia ATDRolamentos : 12 sendo 7 CRBBCorpo Monocoque em alum\u00ednio e \\\"Air Rotor\\\" em ZAIONTough DigigearAir Drive DesignEspecifica\u00e7\u00f5es T\u00e9cnicas:Saltiga 23 SW 6000 HRVP: 101cmRatio: 5.7:1Peso: 400gDrag: 15kgCapacidade: 0.24mm-300mRolamentos: 12\",\"breadcrumb\":{\"@id\":\"https:\/\/nautipescas.pt\/produto\/carreto-daiwa-saltiga\/#breadcrumb\"},\"inLanguage\":\"fr-FR\",\"potentialAction\":[{\"@type\":\"ReadAction\",\"target\":[\"https:\/\/nautipescas.pt\/produto\/carreto-daiwa-saltiga\/\"]}]},{\"@type\":\"BreadcrumbList\",\"@id\":\"https:\/\/nautipescas.pt\/produto\/carreto-daiwa-saltiga\/#breadcrumb\",\"itemListElement\":[{\"@type\":\"ListItem\",\"position\":1,\"name\":\"In\u00edcio\",\"item\":\"https:\/\/nautipescas.pt\/fr\/\"},{\"@type\":\"ListItem\",\"position\":2,\"name\":\"Boutique\",\"item\":\"https:\/\/nautipescas.pt\/fr\/boutique-magasin-de-peche-a-proximite\/\"},{\"@type\":\"ListItem\",\"position\":3,\"name\":\"CARRETO DAIWA SALTIGA 23 6000H\"}]}]}<\/script>\n<!-- \/ Yoast SEO plugin. -->","yoast_head_json":{"title":"CARRETO DAIWA SALTIGA 23 6000H - Nautipescas","description":"Drag com tecnologia ATDRolamentos : 12 sendo 7 CRBBCorpo Monocoque em alum\u00ednio e \"Air Rotor\" em ZAIONTough DigigearAir Drive DesignEspecifica\u00e7\u00f5es T\u00e9cnicas:Saltiga 23 SW 6000 HRVP: 101cmRatio: 5.7:1Peso: 400gDrag: 15kgCapacidade: 0.24mm-300mRolamentos: 12","robots":{"index":"index","follow":"follow","max-snippet":"max-snippet:-1","max-image-preview":"max-image-preview:large","max-video-preview":"max-video-preview:-1"},"canonical":"https:\/\/nautipescas.pt\/produto\/carreto-daiwa-saltiga\/","og_locale":"fr_FR","og_type":"article","og_title":"CARRETO DAIWA SALTIGA 23 6000H - Nautipescas","og_description":"Drag com tecnologia ATDRolamentos : 12 sendo 7 CRBBCorpo Monocoque em alum\u00ednio e \"Air Rotor\" em ZAIONTough DigigearAir Drive DesignEspecifica\u00e7\u00f5es T\u00e9cnicas:Saltiga 23 SW 6000 HRVP: 101cmRatio: 5.7:1Peso: 400gDrag: 15kgCapacidade: 0.24mm-300mRolamentos: 12","og_url":"https:\/\/nautipescas.pt\/produto\/carreto-daiwa-saltiga\/","og_site_name":"Nautipescas","article_modified_time":"2026-04-21T13:31:33+00:00","og_image":[{"width":1000,"height":1000,"url":"https:\/\/nautipescas.pt\/wp-content\/uploads\/2025\/02\/carreto-daiwa-saltiga-23-6000-xh.jpg","type":"image\/jpeg"}],"author":"Paulo Chaves","twitter_card":"summary_large_image","twitter_misc":{"Dur\u00e9e de lecture estim\u00e9e":"2 minutes"},"schema":{"@context":"https:\/\/schema.org","@graph":[{"@type":"WebSite","@id":"https:\/\/nautipescas.pt\/#website","url":"https:\/\/nautipescas.pt\/","name":"Nautipescas","description":"","potentialAction":[{"@type":"SearchAction","target":{"@type":"EntryPoint","urlTemplate":"https:\/\/nautipescas.pt\/?s={search_term_string}"},"query-input":"required name=search_term_string"}],"inLanguage":"fr-FR"},{"@type":"ImageObject","inLanguage":"fr-FR","@id":"https:\/\/nautipescas.pt\/produto\/carreto-daiwa-saltiga\/#primaryimage","url":"https:\/\/nautipescas.pt\/wp-content\/uploads\/2025\/02\/carreto-daiwa-saltiga-23-6000-xh.jpg","contentUrl":"https:\/\/nautipescas.pt\/wp-content\/uploads\/2025\/02\/carreto-daiwa-saltiga-23-6000-xh.jpg","width":1000,"height":1000},{"@type":"WebPage","@id":"https:\/\/nautipescas.pt\/produto\/carreto-daiwa-saltiga\/#webpage","url":"https:\/\/nautipescas.pt\/produto\/carreto-daiwa-saltiga\/","name":"CARRETO DAIWA SALTIGA 23 6000H - Nautipescas","isPartOf":{"@id":"https:\/\/nautipescas.pt\/#website"},"primaryImageOfPage":{"@id":"https:\/\/nautipescas.pt\/produto\/carreto-daiwa-saltiga\/#primaryimage"},"datePublished":"2025-02-03T15:52:23+00:00","dateModified":"2026-04-21T13:31:33+00:00","description":"Drag com tecnologia ATDRolamentos : 12 sendo 7 CRBBCorpo Monocoque em alum\u00ednio e \"Air Rotor\" em ZAIONTough DigigearAir Drive DesignEspecifica\u00e7\u00f5es T\u00e9cnicas:Saltiga 23 SW 6000 HRVP: 101cmRatio: 5.7:1Peso: 400gDrag: 15kgCapacidade: 0.24mm-300mRolamentos: 12","breadcrumb":{"@id":"https:\/\/nautipescas.pt\/produto\/carreto-daiwa-saltiga\/#breadcrumb"},"inLanguage":"fr-FR","potentialAction":[{"@type":"ReadAction","target":["https:\/\/nautipescas.pt\/produto\/carreto-daiwa-saltiga\/"]}]},{"@type":"BreadcrumbList","@id":"https:\/\/nautipescas.pt\/produto\/carreto-daiwa-saltiga\/#breadcrumb","itemListElement":[{"@type":"ListItem","position":1,"name":"In\u00edcio","item":"https:\/\/nautipescas.pt\/fr\/"},{"@type":"ListItem","position":2,"name":"Boutique","item":"https:\/\/nautipescas.pt\/fr\/boutique-magasin-de-peche-a-proximite\/"},{"@type":"ListItem","position":3,"name":"CARRETO DAIWA SALTIGA 23 6000H"}]}]}},"_links":{"self":[{"href":"https:\/\/nautipescas.pt\/fr\/wp-json\/wp\/v2\/product\/7891","targetHints":{"allow":["GET"]}}],"collection":[{"href":"https:\/\/nautipescas.pt\/fr\/wp-json\/wp\/v2\/product"}],"about":[{"href":"https:\/\/nautipescas.pt\/fr\/wp-json\/wp\/v2\/types\/product"}],"wp:featuredmedia":[{"embeddable":true,"href":"https:\/\/nautipescas.pt\/fr\/wp-json\/wp\/v2\/media\/7892"}],"wp:attachment":[{"href":"https:\/\/nautipescas.pt\/fr\/wp-json\/wp\/v2\/media?parent=7891"}],"wp:term":[{"taxonomy":"product_cat","embeddable":true,"href":"https:\/\/nautipescas.pt\/fr\/wp-json\/wp\/v2\/product_cat?post=7891"},{"taxonomy":"product_tag","embeddable":true,"href":"https:\/\/nautipescas.pt\/fr\/wp-json\/wp\/v2\/product_tag?post=7891"},{"taxonomy":"marcas","embeddable":true,"href":"https:\/\/nautipescas.pt\/fr\/wp-json\/wp\/v2\/marcas?post=7891"}],"curies":[{"name":"wp","href":"https:\/\/api.w.org\/{rel}","templated":true}]}}