{"id":8051,"date":"2025-02-14T14:54:48","date_gmt":"2025-02-14T14:54:48","guid":{"rendered":"https:\/\/nautipescas.pt\/?post_type=product&#038;p=8051"},"modified":"2025-02-14T15:50:36","modified_gmt":"2025-02-14T15:50:36","slug":"carreto-maxel-sealion-osl08dl-light-gray-silver","status":"publish","type":"product","link":"https:\/\/nautipescas.pt\/fr\/produto\/carreto-maxel-sealion-osl08dl-light-gray-silver\/","title":{"rendered":"CARRETO MAXEL SEALION OSL08DL LIGHT GRAY\/SILVER"},"content":{"rendered":"<p>Entre as principais caracter\u00edsticas do <strong>carretel de pesca Maxel Sealion<\/strong> est\u00e3o:<\/p>\n<ul>\n<li><strong>Estrutura de alum\u00ednio temperado<\/strong> de <strong>uma<\/strong> pe\u00e7a, r\u00edgida, usinagem com precis\u00e3o.<\/li>\n<li>Placas laterais de alum\u00ednio forjadas a frio e super-resistentes.<\/li>\n<li><strong>Engrenagens de a\u00e7o inoxid\u00e1vel<\/strong> de alta precis\u00e3o, tratadas termicamente.<\/li>\n<li><strong>Rolamentos<\/strong> de <strong>esferas de a\u00e7o<\/strong> inoxid\u00e1vel <strong>blindadas<\/strong>, grandes e superprecisas.<\/li>\n<li>O <strong>freio de carbono<\/strong> oferece uma ampla gama e desempenho suave, mesmo quando est\u00e1 molhado.<\/li>\n<li>Alta al\u00e7a alavancada com bot\u00e3o de contrapeso<\/li>\n<li>Arraste duplo suave e poderoso.<\/li>\n<li><strong>Rolamentos de<\/strong> <strong>a\u00e7o inoxid\u00e1vel<\/strong> \u00e0 prova de corros\u00e3o.<\/li>\n<\/ul>\n","protected":false},"excerpt":{"rendered":"<p>Entre as principais caracter\u00edsticas do carretel de pesca Maxel Sealion est\u00e3o: Estrutura de alum\u00ednio temperado de uma pe\u00e7a, r\u00edgida, usinagem com precis\u00e3o. Placas laterais de alum\u00ednio forjadas a frio e super-resistentes. Engrenagens de a\u00e7o inoxid\u00e1vel de alta precis\u00e3o, tratadas termicamente. Rolamentos de esferas de a\u00e7o inoxid\u00e1vel blindadas, grandes e superprecisas. O freio de carbono oferece &hellip; <\/p>\n<p class=\"more-link-wrap\"><a href=\"https:\/\/nautipescas.pt\/fr\/produto\/carreto-maxel-sealion-osl08dl-light-gray-silver\/\" class=\"more-link\"><span>Read More<span class=\"screen-reader-text\"> \u00ab\u00a0CARRETO MAXEL SEALION OSL08DL LIGHT GRAY\/SILVER\u00a0\u00bb<\/span><\/span><\/a><\/p>\n","protected":false},"featured_media":8043,"template":"","meta":{"inline_featured_image":false},"product_cat":[199,148],"product_tag":[],"marcas":[544],"class_list":["post-8051","product","type-product","status-publish","has-post-thumbnail","hentry","product_cat-carretos-casting","product_cat-pesca","marcas-maxel"],"acf":[],"yoast_head":"<!-- This site is optimized with the Yoast SEO plugin v19.2 - https:\/\/yoast.com\/wordpress\/plugins\/seo\/ -->\n<title>CARRETO MAXEL SEALION OSL08DL LIGHT GRAY\/SILVER - Nautipescas<\/title>\n<meta name=\"robots\" content=\"index, follow, max-snippet:-1, max-image-preview:large, max-video-preview:-1\" \/>\n<link rel=\"canonical\" href=\"https:\/\/nautipescas.pt\/produto\/carreto-maxel-sealion-osl08dl-light-gray-silver\/\" \/>\n<meta property=\"og:locale\" content=\"fr_FR\" \/>\n<meta property=\"og:type\" content=\"article\" \/>\n<meta property=\"og:title\" content=\"CARRETO MAXEL SEALION OSL08DL LIGHT GRAY\/SILVER - Nautipescas\" \/>\n<meta property=\"og:description\" content=\"Entre as principais caracter\u00edsticas do carretel de pesca Maxel Sealion est\u00e3o: Estrutura de alum\u00ednio temperado de uma pe\u00e7a, r\u00edgida, usinagem com precis\u00e3o. Placas laterais de alum\u00ednio forjadas a frio e super-resistentes. Engrenagens de a\u00e7o inoxid\u00e1vel de alta precis\u00e3o, tratadas termicamente. Rolamentos de esferas de a\u00e7o inoxid\u00e1vel blindadas, grandes e superprecisas. O freio de carbono oferece &hellip; Read More &quot;CARRETO MAXEL SEALION OSL08DL LIGHT GRAY\/SILVER&quot;\" \/>\n<meta property=\"og:url\" content=\"https:\/\/nautipescas.pt\/produto\/carreto-maxel-sealion-osl08dl-light-gray-silver\/\" \/>\n<meta property=\"og:site_name\" content=\"Nautipescas\" \/>\n<meta property=\"article:modified_time\" content=\"2025-02-14T15:50:36+00:00\" \/>\n<meta property=\"og:image\" content=\"https:\/\/nautipescas.pt\/wp-content\/uploads\/2025\/02\/carrete-maxel-sealion.jpg\" \/>\n\t<meta property=\"og:image:width\" content=\"381\" \/>\n\t<meta property=\"og:image:height\" content=\"492\" \/>\n\t<meta property=\"og:image:type\" content=\"image\/jpeg\" \/>\n<meta name=\"author\" content=\"Paulo Chaves\" \/>\n<meta name=\"twitter:card\" content=\"summary_large_image\" \/>\n<meta name=\"twitter:label1\" content=\"Dur\u00e9e de lecture estim\u00e9e\" \/>\n\t<meta name=\"twitter:data1\" content=\"1 minute\" \/>\n<script type=\"application\/ld+json\" class=\"yoast-schema-graph\">{\"@context\":\"https:\/\/schema.org\",\"@graph\":[{\"@type\":\"WebSite\",\"@id\":\"https:\/\/nautipescas.pt\/#website\",\"url\":\"https:\/\/nautipescas.pt\/\",\"name\":\"Nautipescas\",\"description\":\"\",\"potentialAction\":[{\"@type\":\"SearchAction\",\"target\":{\"@type\":\"EntryPoint\",\"urlTemplate\":\"https:\/\/nautipescas.pt\/?s={search_term_string}\"},\"query-input\":\"required name=search_term_string\"}],\"inLanguage\":\"fr-FR\"},{\"@type\":\"ImageObject\",\"inLanguage\":\"fr-FR\",\"@id\":\"https:\/\/nautipescas.pt\/produto\/carreto-maxel-sealion-osl08dl-light-gray-silver\/#primaryimage\",\"url\":\"https:\/\/nautipescas.pt\/wp-content\/uploads\/2025\/02\/carrete-maxel-sealion.jpg\",\"contentUrl\":\"https:\/\/nautipescas.pt\/wp-content\/uploads\/2025\/02\/carrete-maxel-sealion.jpg\",\"width\":381,\"height\":492},{\"@type\":\"WebPage\",\"@id\":\"https:\/\/nautipescas.pt\/produto\/carreto-maxel-sealion-osl08dl-light-gray-silver\/#webpage\",\"url\":\"https:\/\/nautipescas.pt\/produto\/carreto-maxel-sealion-osl08dl-light-gray-silver\/\",\"name\":\"CARRETO MAXEL SEALION OSL08DL LIGHT GRAY\/SILVER - Nautipescas\",\"isPartOf\":{\"@id\":\"https:\/\/nautipescas.pt\/#website\"},\"primaryImageOfPage\":{\"@id\":\"https:\/\/nautipescas.pt\/produto\/carreto-maxel-sealion-osl08dl-light-gray-silver\/#primaryimage\"},\"datePublished\":\"2025-02-14T14:54:48+00:00\",\"dateModified\":\"2025-02-14T15:50:36+00:00\",\"breadcrumb\":{\"@id\":\"https:\/\/nautipescas.pt\/produto\/carreto-maxel-sealion-osl08dl-light-gray-silver\/#breadcrumb\"},\"inLanguage\":\"fr-FR\",\"potentialAction\":[{\"@type\":\"ReadAction\",\"target\":[\"https:\/\/nautipescas.pt\/produto\/carreto-maxel-sealion-osl08dl-light-gray-silver\/\"]}]},{\"@type\":\"BreadcrumbList\",\"@id\":\"https:\/\/nautipescas.pt\/produto\/carreto-maxel-sealion-osl08dl-light-gray-silver\/#breadcrumb\",\"itemListElement\":[{\"@type\":\"ListItem\",\"position\":1,\"name\":\"In\u00edcio\",\"item\":\"https:\/\/nautipescas.pt\/fr\/\"},{\"@type\":\"ListItem\",\"position\":2,\"name\":\"Boutique\",\"item\":\"https:\/\/nautipescas.pt\/fr\/boutique-magasin-de-peche-a-proximite\/\"},{\"@type\":\"ListItem\",\"position\":3,\"name\":\"CARRETO MAXEL SEALION OSL08DL LIGHT GRAY\/SILVER\"}]}]}<\/script>\n<!-- \/ Yoast SEO plugin. -->","yoast_head_json":{"title":"CARRETO MAXEL SEALION OSL08DL LIGHT GRAY\/SILVER - Nautipescas","robots":{"index":"index","follow":"follow","max-snippet":"max-snippet:-1","max-image-preview":"max-image-preview:large","max-video-preview":"max-video-preview:-1"},"canonical":"https:\/\/nautipescas.pt\/produto\/carreto-maxel-sealion-osl08dl-light-gray-silver\/","og_locale":"fr_FR","og_type":"article","og_title":"CARRETO MAXEL SEALION OSL08DL LIGHT GRAY\/SILVER - Nautipescas","og_description":"Entre as principais caracter\u00edsticas do carretel de pesca Maxel Sealion est\u00e3o: Estrutura de alum\u00ednio temperado de uma pe\u00e7a, r\u00edgida, usinagem com precis\u00e3o. Placas laterais de alum\u00ednio forjadas a frio e super-resistentes. Engrenagens de a\u00e7o inoxid\u00e1vel de alta precis\u00e3o, tratadas termicamente. Rolamentos de esferas de a\u00e7o inoxid\u00e1vel blindadas, grandes e superprecisas. O freio de carbono oferece &hellip; Read More \"CARRETO MAXEL SEALION OSL08DL LIGHT GRAY\/SILVER\"","og_url":"https:\/\/nautipescas.pt\/produto\/carreto-maxel-sealion-osl08dl-light-gray-silver\/","og_site_name":"Nautipescas","article_modified_time":"2025-02-14T15:50:36+00:00","og_image":[{"width":381,"height":492,"url":"https:\/\/nautipescas.pt\/wp-content\/uploads\/2025\/02\/carrete-maxel-sealion.jpg","type":"image\/jpeg"}],"author":"Paulo Chaves","twitter_card":"summary_large_image","twitter_misc":{"Dur\u00e9e de lecture estim\u00e9e":"1 minute"},"schema":{"@context":"https:\/\/schema.org","@graph":[{"@type":"WebSite","@id":"https:\/\/nautipescas.pt\/#website","url":"https:\/\/nautipescas.pt\/","name":"Nautipescas","description":"","potentialAction":[{"@type":"SearchAction","target":{"@type":"EntryPoint","urlTemplate":"https:\/\/nautipescas.pt\/?s={search_term_string}"},"query-input":"required name=search_term_string"}],"inLanguage":"fr-FR"},{"@type":"ImageObject","inLanguage":"fr-FR","@id":"https:\/\/nautipescas.pt\/produto\/carreto-maxel-sealion-osl08dl-light-gray-silver\/#primaryimage","url":"https:\/\/nautipescas.pt\/wp-content\/uploads\/2025\/02\/carrete-maxel-sealion.jpg","contentUrl":"https:\/\/nautipescas.pt\/wp-content\/uploads\/2025\/02\/carrete-maxel-sealion.jpg","width":381,"height":492},{"@type":"WebPage","@id":"https:\/\/nautipescas.pt\/produto\/carreto-maxel-sealion-osl08dl-light-gray-silver\/#webpage","url":"https:\/\/nautipescas.pt\/produto\/carreto-maxel-sealion-osl08dl-light-gray-silver\/","name":"CARRETO MAXEL SEALION OSL08DL LIGHT GRAY\/SILVER - Nautipescas","isPartOf":{"@id":"https:\/\/nautipescas.pt\/#website"},"primaryImageOfPage":{"@id":"https:\/\/nautipescas.pt\/produto\/carreto-maxel-sealion-osl08dl-light-gray-silver\/#primaryimage"},"datePublished":"2025-02-14T14:54:48+00:00","dateModified":"2025-02-14T15:50:36+00:00","breadcrumb":{"@id":"https:\/\/nautipescas.pt\/produto\/carreto-maxel-sealion-osl08dl-light-gray-silver\/#breadcrumb"},"inLanguage":"fr-FR","potentialAction":[{"@type":"ReadAction","target":["https:\/\/nautipescas.pt\/produto\/carreto-maxel-sealion-osl08dl-light-gray-silver\/"]}]},{"@type":"BreadcrumbList","@id":"https:\/\/nautipescas.pt\/produto\/carreto-maxel-sealion-osl08dl-light-gray-silver\/#breadcrumb","itemListElement":[{"@type":"ListItem","position":1,"name":"In\u00edcio","item":"https:\/\/nautipescas.pt\/fr\/"},{"@type":"ListItem","position":2,"name":"Boutique","item":"https:\/\/nautipescas.pt\/fr\/boutique-magasin-de-peche-a-proximite\/"},{"@type":"ListItem","position":3,"name":"CARRETO MAXEL SEALION OSL08DL LIGHT GRAY\/SILVER"}]}]}},"_links":{"self":[{"href":"https:\/\/nautipescas.pt\/fr\/wp-json\/wp\/v2\/product\/8051","targetHints":{"allow":["GET"]}}],"collection":[{"href":"https:\/\/nautipescas.pt\/fr\/wp-json\/wp\/v2\/product"}],"about":[{"href":"https:\/\/nautipescas.pt\/fr\/wp-json\/wp\/v2\/types\/product"}],"wp:featuredmedia":[{"embeddable":true,"href":"https:\/\/nautipescas.pt\/fr\/wp-json\/wp\/v2\/media\/8043"}],"wp:attachment":[{"href":"https:\/\/nautipescas.pt\/fr\/wp-json\/wp\/v2\/media?parent=8051"}],"wp:term":[{"taxonomy":"product_cat","embeddable":true,"href":"https:\/\/nautipescas.pt\/fr\/wp-json\/wp\/v2\/product_cat?post=8051"},{"taxonomy":"product_tag","embeddable":true,"href":"https:\/\/nautipescas.pt\/fr\/wp-json\/wp\/v2\/product_tag?post=8051"},{"taxonomy":"marcas","embeddable":true,"href":"https:\/\/nautipescas.pt\/fr\/wp-json\/wp\/v2\/marcas?post=8051"}],"curies":[{"name":"wp","href":"https:\/\/api.w.org\/{rel}","templated":true}]}}