{"id":8298,"date":"2025-10-22T11:12:51","date_gmt":"2025-10-22T11:12:51","guid":{"rendered":"https:\/\/nautipescas.pt\/?post_type=product&#038;p=8298"},"modified":"2025-10-22T11:12:51","modified_gmt":"2025-10-22T11:12:51","slug":"carreto-shimano-saragosa-sw-a-20000-pg","status":"publish","type":"product","link":"https:\/\/nautipescas.pt\/fr\/produto\/carreto-shimano-saragosa-sw-a-20000-pg\/","title":{"rendered":"CARRETO SHIMANO SARAGOSA SW A 20000 PG"},"content":{"rendered":"<div id=\"description\" class=\"tab-pane fade in active  show\" role=\"tabpanel\">\n<div class=\"product-description\">\n<p>O SARAGOSA SW construiu uma reputa\u00e7\u00e3o incr\u00edvel de valor, desempenho e fiabilidade desde o seu lan\u00e7amento. Este cavalo de batalha de pre\u00e7o m\u00e9dio pega muitas das principais caracter\u00edsticas da SHIMANO e as coloca \u00e0 disposi\u00e7\u00e3o de uma ampla gama de pescadores de \u00e1gua salgada, s\u00e9rios e ocasionais.<\/p>\n<p>Se os carretos STELLA SW ou TWIN POWER SW est\u00e3o fora do seu or\u00e7amento, o Saragossa \u00e9 a melhor op\u00e7\u00e3o. Ou talvez queira um backup mais barato ou um carreto de tamanho diferente para ter op\u00e7\u00f5es. Seja qual for a sua motiva\u00e7\u00e3o, o Saragossa \u00e9 uma excelente escolha e cont\u00e9m grande parte da tecnologia encontrada nos seus irm\u00e3os mais caros. Dispon\u00edvel numa ampla gama de tamanhos, desde o compacto 5000 at\u00e9 ao enorme 25000, certamente h\u00e1 um modelo que se adapta ao seu estilo de pesca e, com a qualidade de constru\u00e7\u00e3o e a tecnologia avan\u00e7ada da SHIMANO, um novo Saragossa proporcionar\u00e1 anos de servi\u00e7o e divers\u00e3o.<\/p>\n<h3><span id=\"result_box\" class=\"\" lang=\"pt\">O\u00a0Saragosa SW\u00a0\u00e9 um carreto de \u00e1gua salgada de pre\u00e7o m\u00e9dio, dur\u00e1vel, poderoso e leve. Um carreto ultra potente para pescas exigentes, constru\u00eddo em XGT-7.<\/span><\/h3>\n<h3><span id=\"result_box\" class=\"\" lang=\"pt\">Este novo modelo permitiu uma melhoria na durabilidade do carreto devido ao aprimoramento da engrenagem HAGANE e pela adi\u00e7\u00e3o de X Protect (classifica\u00e7\u00e3o IPX-8). Al\u00e9m da durabilidade, o Saragosa SW oferece alto poder de acionamento por meio do novo recurso Infinity Drive.<\/span><\/h3>\n<p>&nbsp;<\/p>\n<\/div>\n<\/div>\n","protected":false},"excerpt":{"rendered":"<p>O SARAGOSA SW construiu uma reputa\u00e7\u00e3o incr\u00edvel de valor, desempenho e fiabilidade desde o seu lan\u00e7amento. Este cavalo de batalha de pre\u00e7o m\u00e9dio pega muitas das principais caracter\u00edsticas da SHIMANO e as coloca \u00e0 disposi\u00e7\u00e3o de uma ampla gama de pescadores de \u00e1gua salgada, s\u00e9rios e ocasionais. Se os carretos STELLA SW ou TWIN POWER &hellip; <\/p>\n<p class=\"more-link-wrap\"><a href=\"https:\/\/nautipescas.pt\/fr\/produto\/carreto-shimano-saragosa-sw-a-20000-pg\/\" class=\"more-link\"><span>Read More<span class=\"screen-reader-text\"> \u00ab\u00a0CARRETO SHIMANO SARAGOSA SW A 20000 PG\u00a0\u00bb<\/span><\/span><\/a><\/p>\n","protected":false},"featured_media":8303,"template":"","meta":{"inline_featured_image":false},"product_cat":[195,168,148],"product_tag":[],"marcas":[132],"class_list":["post-8298","product","type-product","status-publish","has-post-thumbnail","hentry","product_cat-carretos","product_cat-carretos-spinning","product_cat-pesca","marcas-shimano"],"acf":[],"yoast_head":"<!-- This site is optimized with the Yoast SEO plugin v19.2 - https:\/\/yoast.com\/wordpress\/plugins\/seo\/ -->\n<title>CARRETO SHIMANO SARAGOSA SW A 20000 PG - Nautipescas<\/title>\n<meta name=\"description\" content=\"O SARAGOSA SW construiu uma reputa\u00e7\u00e3o incr\u00edvel de valor, desempenho e fiabilidade desde o seu lan\u00e7amento. Este cavalo de batalha de pre\u00e7o m\u00e9dio pega muitas das principais caracter\u00edsticas da SHIMANO e as coloca \u00e0 disposi\u00e7\u00e3o de uma ampla gama de pescadores de \u00e1gua salgada, s\u00e9rios e ocasionais.\" \/>\n<meta name=\"robots\" content=\"index, follow, max-snippet:-1, max-image-preview:large, max-video-preview:-1\" \/>\n<link rel=\"canonical\" href=\"https:\/\/nautipescas.pt\/produto\/carreto-shimano-saragosa-sw-a-20000-pg\/\" \/>\n<meta property=\"og:locale\" content=\"fr_FR\" \/>\n<meta property=\"og:type\" content=\"article\" \/>\n<meta property=\"og:title\" content=\"CARRETO SHIMANO SARAGOSA SW A 20000 PG - Nautipescas\" \/>\n<meta property=\"og:description\" content=\"O SARAGOSA SW construiu uma reputa\u00e7\u00e3o incr\u00edvel de valor, desempenho e fiabilidade desde o seu lan\u00e7amento. Este cavalo de batalha de pre\u00e7o m\u00e9dio pega muitas das principais caracter\u00edsticas da SHIMANO e as coloca \u00e0 disposi\u00e7\u00e3o de uma ampla gama de pescadores de \u00e1gua salgada, s\u00e9rios e ocasionais.\" \/>\n<meta property=\"og:url\" content=\"https:\/\/nautipescas.pt\/produto\/carreto-shimano-saragosa-sw-a-20000-pg\/\" \/>\n<meta property=\"og:site_name\" content=\"Nautipescas\" \/>\n<meta property=\"og:image\" content=\"https:\/\/nautipescas.pt\/wp-content\/uploads\/2025\/10\/carreto-shimano-saragosa-sw-a-20000.jpg\" \/>\n\t<meta property=\"og:image:width\" content=\"1000\" \/>\n\t<meta property=\"og:image:height\" content=\"1000\" \/>\n\t<meta property=\"og:image:type\" content=\"image\/jpeg\" \/>\n<meta name=\"author\" content=\"Paulo Chaves\" \/>\n<meta name=\"twitter:card\" content=\"summary_large_image\" \/>\n<meta name=\"twitter:label1\" content=\"Dur\u00e9e de lecture estim\u00e9e\" \/>\n\t<meta name=\"twitter:data1\" content=\"1 minute\" \/>\n<script type=\"application\/ld+json\" class=\"yoast-schema-graph\">{\"@context\":\"https:\/\/schema.org\",\"@graph\":[{\"@type\":\"WebSite\",\"@id\":\"https:\/\/nautipescas.pt\/#website\",\"url\":\"https:\/\/nautipescas.pt\/\",\"name\":\"Nautipescas\",\"description\":\"\",\"potentialAction\":[{\"@type\":\"SearchAction\",\"target\":{\"@type\":\"EntryPoint\",\"urlTemplate\":\"https:\/\/nautipescas.pt\/?s={search_term_string}\"},\"query-input\":\"required name=search_term_string\"}],\"inLanguage\":\"fr-FR\"},{\"@type\":\"ImageObject\",\"inLanguage\":\"fr-FR\",\"@id\":\"https:\/\/nautipescas.pt\/produto\/carreto-shimano-saragosa-sw-a-20000-pg\/#primaryimage\",\"url\":\"https:\/\/nautipescas.pt\/wp-content\/uploads\/2025\/10\/carreto-shimano-saragosa-sw-a-20000.jpg\",\"contentUrl\":\"https:\/\/nautipescas.pt\/wp-content\/uploads\/2025\/10\/carreto-shimano-saragosa-sw-a-20000.jpg\",\"width\":1000,\"height\":1000},{\"@type\":\"WebPage\",\"@id\":\"https:\/\/nautipescas.pt\/produto\/carreto-shimano-saragosa-sw-a-20000-pg\/#webpage\",\"url\":\"https:\/\/nautipescas.pt\/produto\/carreto-shimano-saragosa-sw-a-20000-pg\/\",\"name\":\"CARRETO SHIMANO SARAGOSA SW A 20000 PG - Nautipescas\",\"isPartOf\":{\"@id\":\"https:\/\/nautipescas.pt\/#website\"},\"primaryImageOfPage\":{\"@id\":\"https:\/\/nautipescas.pt\/produto\/carreto-shimano-saragosa-sw-a-20000-pg\/#primaryimage\"},\"datePublished\":\"2025-10-22T11:12:51+00:00\",\"dateModified\":\"2025-10-22T11:12:51+00:00\",\"description\":\"O SARAGOSA SW construiu uma reputa\u00e7\u00e3o incr\u00edvel de valor, desempenho e fiabilidade desde o seu lan\u00e7amento. Este cavalo de batalha de pre\u00e7o m\u00e9dio pega muitas das principais caracter\u00edsticas da SHIMANO e as coloca \u00e0 disposi\u00e7\u00e3o de uma ampla gama de pescadores de \u00e1gua salgada, s\u00e9rios e ocasionais.\",\"breadcrumb\":{\"@id\":\"https:\/\/nautipescas.pt\/produto\/carreto-shimano-saragosa-sw-a-20000-pg\/#breadcrumb\"},\"inLanguage\":\"fr-FR\",\"potentialAction\":[{\"@type\":\"ReadAction\",\"target\":[\"https:\/\/nautipescas.pt\/produto\/carreto-shimano-saragosa-sw-a-20000-pg\/\"]}]},{\"@type\":\"BreadcrumbList\",\"@id\":\"https:\/\/nautipescas.pt\/produto\/carreto-shimano-saragosa-sw-a-20000-pg\/#breadcrumb\",\"itemListElement\":[{\"@type\":\"ListItem\",\"position\":1,\"name\":\"In\u00edcio\",\"item\":\"https:\/\/nautipescas.pt\/fr\/\"},{\"@type\":\"ListItem\",\"position\":2,\"name\":\"Boutique\",\"item\":\"https:\/\/nautipescas.pt\/fr\/boutique-magasin-de-peche-a-proximite\/\"},{\"@type\":\"ListItem\",\"position\":3,\"name\":\"CARRETO SHIMANO SARAGOSA SW A 20000 PG\"}]}]}<\/script>\n<!-- \/ Yoast SEO plugin. -->","yoast_head_json":{"title":"CARRETO SHIMANO SARAGOSA SW A 20000 PG - Nautipescas","description":"O SARAGOSA SW construiu uma reputa\u00e7\u00e3o incr\u00edvel de valor, desempenho e fiabilidade desde o seu lan\u00e7amento. Este cavalo de batalha de pre\u00e7o m\u00e9dio pega muitas das principais caracter\u00edsticas da SHIMANO e as coloca \u00e0 disposi\u00e7\u00e3o de uma ampla gama de pescadores de \u00e1gua salgada, s\u00e9rios e ocasionais.","robots":{"index":"index","follow":"follow","max-snippet":"max-snippet:-1","max-image-preview":"max-image-preview:large","max-video-preview":"max-video-preview:-1"},"canonical":"https:\/\/nautipescas.pt\/produto\/carreto-shimano-saragosa-sw-a-20000-pg\/","og_locale":"fr_FR","og_type":"article","og_title":"CARRETO SHIMANO SARAGOSA SW A 20000 PG - Nautipescas","og_description":"O SARAGOSA SW construiu uma reputa\u00e7\u00e3o incr\u00edvel de valor, desempenho e fiabilidade desde o seu lan\u00e7amento. Este cavalo de batalha de pre\u00e7o m\u00e9dio pega muitas das principais caracter\u00edsticas da SHIMANO e as coloca \u00e0 disposi\u00e7\u00e3o de uma ampla gama de pescadores de \u00e1gua salgada, s\u00e9rios e ocasionais.","og_url":"https:\/\/nautipescas.pt\/produto\/carreto-shimano-saragosa-sw-a-20000-pg\/","og_site_name":"Nautipescas","og_image":[{"width":1000,"height":1000,"url":"https:\/\/nautipescas.pt\/wp-content\/uploads\/2025\/10\/carreto-shimano-saragosa-sw-a-20000.jpg","type":"image\/jpeg"}],"author":"Paulo Chaves","twitter_card":"summary_large_image","twitter_misc":{"Dur\u00e9e de lecture estim\u00e9e":"1 minute"},"schema":{"@context":"https:\/\/schema.org","@graph":[{"@type":"WebSite","@id":"https:\/\/nautipescas.pt\/#website","url":"https:\/\/nautipescas.pt\/","name":"Nautipescas","description":"","potentialAction":[{"@type":"SearchAction","target":{"@type":"EntryPoint","urlTemplate":"https:\/\/nautipescas.pt\/?s={search_term_string}"},"query-input":"required name=search_term_string"}],"inLanguage":"fr-FR"},{"@type":"ImageObject","inLanguage":"fr-FR","@id":"https:\/\/nautipescas.pt\/produto\/carreto-shimano-saragosa-sw-a-20000-pg\/#primaryimage","url":"https:\/\/nautipescas.pt\/wp-content\/uploads\/2025\/10\/carreto-shimano-saragosa-sw-a-20000.jpg","contentUrl":"https:\/\/nautipescas.pt\/wp-content\/uploads\/2025\/10\/carreto-shimano-saragosa-sw-a-20000.jpg","width":1000,"height":1000},{"@type":"WebPage","@id":"https:\/\/nautipescas.pt\/produto\/carreto-shimano-saragosa-sw-a-20000-pg\/#webpage","url":"https:\/\/nautipescas.pt\/produto\/carreto-shimano-saragosa-sw-a-20000-pg\/","name":"CARRETO SHIMANO SARAGOSA SW A 20000 PG - Nautipescas","isPartOf":{"@id":"https:\/\/nautipescas.pt\/#website"},"primaryImageOfPage":{"@id":"https:\/\/nautipescas.pt\/produto\/carreto-shimano-saragosa-sw-a-20000-pg\/#primaryimage"},"datePublished":"2025-10-22T11:12:51+00:00","dateModified":"2025-10-22T11:12:51+00:00","description":"O SARAGOSA SW construiu uma reputa\u00e7\u00e3o incr\u00edvel de valor, desempenho e fiabilidade desde o seu lan\u00e7amento. Este cavalo de batalha de pre\u00e7o m\u00e9dio pega muitas das principais caracter\u00edsticas da SHIMANO e as coloca \u00e0 disposi\u00e7\u00e3o de uma ampla gama de pescadores de \u00e1gua salgada, s\u00e9rios e ocasionais.","breadcrumb":{"@id":"https:\/\/nautipescas.pt\/produto\/carreto-shimano-saragosa-sw-a-20000-pg\/#breadcrumb"},"inLanguage":"fr-FR","potentialAction":[{"@type":"ReadAction","target":["https:\/\/nautipescas.pt\/produto\/carreto-shimano-saragosa-sw-a-20000-pg\/"]}]},{"@type":"BreadcrumbList","@id":"https:\/\/nautipescas.pt\/produto\/carreto-shimano-saragosa-sw-a-20000-pg\/#breadcrumb","itemListElement":[{"@type":"ListItem","position":1,"name":"In\u00edcio","item":"https:\/\/nautipescas.pt\/fr\/"},{"@type":"ListItem","position":2,"name":"Boutique","item":"https:\/\/nautipescas.pt\/fr\/boutique-magasin-de-peche-a-proximite\/"},{"@type":"ListItem","position":3,"name":"CARRETO SHIMANO SARAGOSA SW A 20000 PG"}]}]}},"_links":{"self":[{"href":"https:\/\/nautipescas.pt\/fr\/wp-json\/wp\/v2\/product\/8298","targetHints":{"allow":["GET"]}}],"collection":[{"href":"https:\/\/nautipescas.pt\/fr\/wp-json\/wp\/v2\/product"}],"about":[{"href":"https:\/\/nautipescas.pt\/fr\/wp-json\/wp\/v2\/types\/product"}],"wp:featuredmedia":[{"embeddable":true,"href":"https:\/\/nautipescas.pt\/fr\/wp-json\/wp\/v2\/media\/8303"}],"wp:attachment":[{"href":"https:\/\/nautipescas.pt\/fr\/wp-json\/wp\/v2\/media?parent=8298"}],"wp:term":[{"taxonomy":"product_cat","embeddable":true,"href":"https:\/\/nautipescas.pt\/fr\/wp-json\/wp\/v2\/product_cat?post=8298"},{"taxonomy":"product_tag","embeddable":true,"href":"https:\/\/nautipescas.pt\/fr\/wp-json\/wp\/v2\/product_tag?post=8298"},{"taxonomy":"marcas","embeddable":true,"href":"https:\/\/nautipescas.pt\/fr\/wp-json\/wp\/v2\/marcas?post=8298"}],"curies":[{"name":"wp","href":"https:\/\/api.w.org\/{rel}","templated":true}]}}